{"id":60,"date":"2024-02-07T16:43:45","date_gmt":"2024-02-07T15:43:45","guid":{"rendered":"https:\/\/blogs.univ-jfc.fr\/hydrogene\/?page_id=60"},"modified":"2024-12-09T11:26:10","modified_gmt":"2024-12-09T10:26:10","slug":"h2-virtual-training","status":"publish","type":"page","link":"https:\/\/blogs.univ-jfc.fr\/hydrogene\/h2-virtual-training\/","title":{"rendered":"H2 Virtual Training"},"content":{"rendered":"\n<div class=\"wp-block-media-text alignwide is-stacked-on-mobile\" style=\"grid-template-columns:33% auto\"><figure class=\"wp-block-media-text__media\"><img loading=\"lazy\" width=\"300\" height=\"218\" src=\"https:\/\/blogs.univ-jfc.fr\/hydrogene\/wp-content\/uploads\/sites\/126\/2024\/10\/logo_SGRL-300x218.png\" alt=\"\" class=\"wp-image-350 size-full\" srcset=\"https:\/\/blogs.univ-jfc.fr\/hydrogene\/wp-content\/uploads\/sites\/126\/2024\/10\/logo_SGRL-300x218.png 300w, https:\/\/blogs.univ-jfc.fr\/hydrogene\/wp-content\/uploads\/sites\/126\/2024\/10\/logo_SGRL-1024x745.png 1024w, https:\/\/blogs.univ-jfc.fr\/hydrogene\/wp-content\/uploads\/sites\/126\/2024\/10\/logo_SGRL-768x558.png 768w, https:\/\/blogs.univ-jfc.fr\/hydrogene\/wp-content\/uploads\/sites\/126\/2024\/10\/logo_SGRL-413x300.png 413w, https:\/\/blogs.univ-jfc.fr\/hydrogene\/wp-content\/uploads\/sites\/126\/2024\/10\/logo_SGRL.png 1481w\" sizes=\"(max-width: 300px) 100vw, 300px\" \/><\/figure><div class=\"wp-block-media-text__content\">\n<p style=\"font-size:30px\">     Pr\u00e9sente :<\/p>\n<\/div><\/div>\n\n\n\n<div class=\"wp-block-image is-style-default\"><figure class=\"aligncenter size-large is-resized\"><img loading=\"lazy\" src=\"https:\/\/blogs.univ-jfc.fr\/hydrogene\/wp-content\/uploads\/sites\/126\/2024\/10\/H2-Virtual-Training_Logo.blanc_-1.jpg\" alt=\"\" class=\"wp-image-308\" width=\"235\" height=\"96\" \/><\/figure><\/div>\n\n\n\n<figure class=\"wp-block-embed is-type-video is-provider-youtube wp-block-embed-youtube wp-embed-aspect-16-9 wp-has-aspect-ratio\"><div class=\"wp-block-embed__wrapper\">\n<iframe title=\"VideoH2VT Fr\" width=\"584\" height=\"329\" src=\"https:\/\/www.youtube.com\/embed\/yIiA_hnZ1zo?feature=oembed\" frameborder=\"0\" allow=\"accelerometer; autoplay; clipboard-write; encrypted-media; gyroscope; picture-in-picture; web-share\" referrerpolicy=\"strict-origin-when-cross-origin\" allowfullscreen><\/iframe>\n<\/div><\/figure>\n\n\n\n<p class=\"has-text-color\" style=\"color:#343284\"><strong>H2 VIRTUAL TRAINING<\/strong> est programme de formation num\u00e9rique destin\u00e9 aux enjeux de s\u00e9curit\u00e9 dans les zones de travail ATEX hydrog\u00e8ne.<\/p>\n\n\n\n<p class=\"has-text-color\" style=\"color:#343284\">Le programme a \u00e9t\u00e9 con\u00e7u par le <strong>SGRL<\/strong> en partenariat avec les experts m\u00e9tiers :<\/p>\n\n\n\n<figure class=\"wp-block-image size-large\"><img loading=\"lazy\" width=\"1024\" height=\"93\" src=\"http:\/\/blogs.univ-jfc.fr\/hydrogene\/wp-content\/uploads\/sites\/126\/2024\/12\/logos_partenaires-1024x93.png\" alt=\"\" class=\"wp-image-423\" srcset=\"https:\/\/blogs.univ-jfc.fr\/hydrogene\/wp-content\/uploads\/sites\/126\/2024\/12\/logos_partenaires-1024x93.png 1024w, https:\/\/blogs.univ-jfc.fr\/hydrogene\/wp-content\/uploads\/sites\/126\/2024\/12\/logos_partenaires-300x27.png 300w, https:\/\/blogs.univ-jfc.fr\/hydrogene\/wp-content\/uploads\/sites\/126\/2024\/12\/logos_partenaires-768x70.png 768w, https:\/\/blogs.univ-jfc.fr\/hydrogene\/wp-content\/uploads\/sites\/126\/2024\/12\/logos_partenaires-1536x139.png 1536w, https:\/\/blogs.univ-jfc.fr\/hydrogene\/wp-content\/uploads\/sites\/126\/2024\/12\/logos_partenaires-2048x186.png 2048w, https:\/\/blogs.univ-jfc.fr\/hydrogene\/wp-content\/uploads\/sites\/126\/2024\/12\/logos_partenaires-500x45.png 500w\" sizes=\"(max-width: 1024px) 100vw, 1024px\" \/><\/figure>\n\n\n\n<p class=\"has-text-align-left has-text-color\" style=\"color:#343284\">Le programme comporte deux volets :<\/p>\n\n\n\n<p class=\"has-text-align-left has-text-color\" style=\"color:#343284\">Un volet <strong><a href=\"#Formation\" data-type=\"internal\" data-id=\"#Formation\" target=\"_blank\" rel=\"noreferrer noopener\">FORMATION<\/a> <\/strong>et un volet <strong><a rel=\"noreferrer noopener\" href=\"#Com\" target=\"_blank\">COMMUNICATION <\/a><\/strong><\/p>\n\n\n\n<div class=\"wp-block-group\"><div class=\"wp-block-group__inner-container\"><\/div><\/div>\n\n\n\n<p class=\"has-text-align-left has-white-color has-text-color has-medium-font-size\" id=\"Formation\"><strong>VOLET FORMATION <\/strong><\/p>\n\n\n\n<p class=\"has-text-color has-medium-font-size\" style=\"color:#393284\"><strong>VOLET FORMATION<\/strong><\/p>\n\n\n\n<p class=\"has-text-color\" style=\"color:#393284\">Le volet <strong>\u00ab\u00a0formation aux r\u00e8gles de s\u00e9curit\u00e9\u00a0\u00bb <\/strong>s&rsquo;articule autour de diff\u00e9rents modules d&rsquo;entrainement compl\u00e9mentaires : e-learning, vid\u00e9os, immersion 360\u00b0, exp\u00e9rience virtuelle. Ce programme transmet dans un premier temps les connaissances relatives \u00e0 l&rsquo;hydrog\u00e8ne et \u00e0 ses propri\u00e9t\u00e9s explosives, puis encourage \u00e0 d\u00e9velopper les r\u00e9flexes de mise en s\u00e9curit\u00e9 gr\u00e2ce aux modules d&rsquo;entrainement virtuels.<\/p>\n\n\n\n<p class=\"has-text-align-left has-text-color has-medium-font-size\" style=\"color:#393284\">1. LES COURS et VIDEOS<\/p>\n\n\n\n<ul class=\"has-text-color\" style=\"color:#393284\"><li>Ce qu&rsquo;il faut savoir sur le gaz hydrog\u00e8ne <\/li><\/ul>\n\n\n\n<div class=\"wp-block-image is-style-default\"><figure class=\"aligncenter size-large is-resized\"><img loading=\"lazy\" src=\"https:\/\/blogs.univ-jfc.fr\/hydrogene\/wp-content\/uploads\/sites\/126\/2024\/05\/image-1.png\" alt=\"\" class=\"wp-image-162\" width=\"318\" height=\"147\" srcset=\"https:\/\/blogs.univ-jfc.fr\/hydrogene\/wp-content\/uploads\/sites\/126\/2024\/05\/image-1.png 455w, https:\/\/blogs.univ-jfc.fr\/hydrogene\/wp-content\/uploads\/sites\/126\/2024\/05\/image-1-300x138.png 300w\" sizes=\"(max-width: 318px) 100vw, 318px\" \/><figcaption><a href=\"https:\/\/blogs.univ-jfc.fr\/hydrogene\/fiche-memo-hydrogene\/\" target=\"_blank\" rel=\"noreferrer noopener\">Cliquez ici<\/a><\/figcaption><\/figure><\/div>\n\n\n\n<ul class=\"has-text-color\" style=\"color:#393284\"><li>Connaitre les r\u00e8gles de s\u00e9curit\u00e9 dans une zone de travail ATEX hydrog\u00e8ne  <\/li><\/ul>\n\n\n\n<div class=\"wp-block-group\"><div class=\"wp-block-group__inner-container\">\n<div class=\"wp-block-image is-style-default\"><figure class=\"aligncenter size-large\"><img loading=\"lazy\" width=\"100\" height=\"215\" src=\"http:\/\/blogs.univ-jfc.fr\/hydrogene\/wp-content\/uploads\/sites\/126\/2024\/10\/portable-cours.jpg\" alt=\"\" class=\"wp-image-292\" \/><figcaption><a href=\"https:\/\/hebergement.univ-jfc.fr\/~dpanzoli\/H2VirtualTraining\/ATEX\/\" target=\"_blank\" rel=\"noreferrer noopener\">Cliquez ici<\/a><\/figcaption><\/figure><\/div>\n<\/div><\/div>\n\n\n\n<ul class=\"has-text-color\" style=\"color:#393284\"><li>Se mettre en s\u00e9curit\u00e9 et consigner un v\u00e9hicule (\u00e9lectrique et hydrog\u00e8ne) <\/li><\/ul>\n\n\n\n<figure class=\"wp-block-gallery columns-2 is-cropped\"><ul class=\"blocks-gallery-grid\"><li class=\"blocks-gallery-item\"><figure><img loading=\"lazy\" width=\"952\" height=\"539\" src=\"http:\/\/blogs.univ-jfc.fr\/hydrogene\/wp-content\/uploads\/sites\/126\/2024\/10\/branchement.png\" alt=\"\" data-id=\"319\" data-full-url=\"http:\/\/blogs.univ-jfc.fr\/hydrogene\/wp-content\/uploads\/sites\/126\/2024\/10\/branchement.png\" data-link=\"https:\/\/blogs.univ-jfc.fr\/hydrogene\/h2-virtual-training\/branchement\/\" class=\"wp-image-319\" srcset=\"https:\/\/blogs.univ-jfc.fr\/hydrogene\/wp-content\/uploads\/sites\/126\/2024\/10\/branchement.png 952w, https:\/\/blogs.univ-jfc.fr\/hydrogene\/wp-content\/uploads\/sites\/126\/2024\/10\/branchement-300x170.png 300w, https:\/\/blogs.univ-jfc.fr\/hydrogene\/wp-content\/uploads\/sites\/126\/2024\/10\/branchement-768x435.png 768w, https:\/\/blogs.univ-jfc.fr\/hydrogene\/wp-content\/uploads\/sites\/126\/2024\/10\/branchement-500x283.png 500w\" sizes=\"(max-width: 952px) 100vw, 952px\" \/><\/figure><\/li><li class=\"blocks-gallery-item\"><figure><img loading=\"lazy\" width=\"913\" height=\"475\" src=\"http:\/\/blogs.univ-jfc.fr\/hydrogene\/wp-content\/uploads\/sites\/126\/2024\/05\/image-2.png\" alt=\"\" data-id=\"164\" data-full-url=\"http:\/\/blogs.univ-jfc.fr\/hydrogene\/wp-content\/uploads\/sites\/126\/2024\/05\/image-2.png\" data-link=\"https:\/\/blogs.univ-jfc.fr\/hydrogene\/h2-virtual-training\/image-2\/\" class=\"wp-image-164\" srcset=\"https:\/\/blogs.univ-jfc.fr\/hydrogene\/wp-content\/uploads\/sites\/126\/2024\/05\/image-2.png 913w, https:\/\/blogs.univ-jfc.fr\/hydrogene\/wp-content\/uploads\/sites\/126\/2024\/05\/image-2-300x156.png 300w, https:\/\/blogs.univ-jfc.fr\/hydrogene\/wp-content\/uploads\/sites\/126\/2024\/05\/image-2-768x400.png 768w\" sizes=\"(max-width: 913px) 100vw, 913px\" \/><\/figure><\/li><\/ul><figcaption class=\"blocks-gallery-caption\"><a href=\"https:\/\/drive.google.com\/file\/d\/1DNJfnihflCDfPiYGBnA2LklKNQCF5ROc\/view?usp=drive_link\" target=\"_blank\" rel=\"noreferrer noopener\">cliquez ici<\/a><\/figcaption><\/figure>\n\n\n\n<p><\/p>\n\n\n\n<p class=\"has-text-align-left has-text-color has-medium-font-size\" style=\"color:#393284\">2. LES ENTRAINEMENTS EN REALITE VIRTUELLE<\/p>\n\n\n\n<ul class=\"has-text-color\" style=\"color:#393284\"><li>Identifier les \u00e9l\u00e9ments de s\u00e9curit\u00e9 et rep\u00e9rer les \u00e9l\u00e9ments \u00e0 risque dans un environnement ATEX Hydrog\u00e8ne<\/li><\/ul>\n\n\n\n<figure class=\"wp-block-gallery aligncenter columns-2 is-cropped\"><ul class=\"blocks-gallery-grid\"><li class=\"blocks-gallery-item\"><figure><img loading=\"lazy\" width=\"1024\" height=\"628\" src=\"https:\/\/blogs.univ-jfc.fr\/hydrogene\/wp-content\/uploads\/sites\/126\/2024\/10\/360\u00b0immersion2-1024x628.png\" alt=\"\" data-id=\"340\" data-link=\"https:\/\/blogs.univ-jfc.fr\/hydrogene\/h2-virtual-training\/360immersion2\/\" class=\"wp-image-340\" srcset=\"https:\/\/blogs.univ-jfc.fr\/hydrogene\/wp-content\/uploads\/sites\/126\/2024\/10\/360\u00b0immersion2-1024x628.png 1024w, https:\/\/blogs.univ-jfc.fr\/hydrogene\/wp-content\/uploads\/sites\/126\/2024\/10\/360\u00b0immersion2-300x184.png 300w, https:\/\/blogs.univ-jfc.fr\/hydrogene\/wp-content\/uploads\/sites\/126\/2024\/10\/360\u00b0immersion2-768x471.png 768w, https:\/\/blogs.univ-jfc.fr\/hydrogene\/wp-content\/uploads\/sites\/126\/2024\/10\/360\u00b0immersion2-489x300.png 489w, https:\/\/blogs.univ-jfc.fr\/hydrogene\/wp-content\/uploads\/sites\/126\/2024\/10\/360\u00b0immersion2.png 1284w\" sizes=\"(max-width: 1024px) 100vw, 1024px\" \/><\/figure><\/li><li class=\"blocks-gallery-item\"><figure><img loading=\"lazy\" width=\"1024\" height=\"1024\" src=\"https:\/\/blogs.univ-jfc.fr\/hydrogene\/wp-content\/uploads\/sites\/126\/2024\/10\/Hydrogene-360-1024x1024.jpg\" alt=\"\" data-id=\"355\" data-full-url=\"https:\/\/blogs.univ-jfc.fr\/hydrogene\/wp-content\/uploads\/sites\/126\/2024\/10\/Hydrogene-360.jpg\" data-link=\"https:\/\/blogs.univ-jfc.fr\/hydrogene\/h2-virtual-training\/hydrogene-360\/\" class=\"wp-image-355\" srcset=\"https:\/\/blogs.univ-jfc.fr\/hydrogene\/wp-content\/uploads\/sites\/126\/2024\/10\/Hydrogene-360-1024x1024.jpg 1024w, https:\/\/blogs.univ-jfc.fr\/hydrogene\/wp-content\/uploads\/sites\/126\/2024\/10\/Hydrogene-360-300x300.jpg 300w, https:\/\/blogs.univ-jfc.fr\/hydrogene\/wp-content\/uploads\/sites\/126\/2024\/10\/Hydrogene-360-150x150.jpg 150w, https:\/\/blogs.univ-jfc.fr\/hydrogene\/wp-content\/uploads\/sites\/126\/2024\/10\/Hydrogene-360-768x768.jpg 768w, https:\/\/blogs.univ-jfc.fr\/hydrogene\/wp-content\/uploads\/sites\/126\/2024\/10\/Hydrogene-360.jpg 1440w\" sizes=\"(max-width: 1024px) 100vw, 1024px\" \/><\/figure><\/li><\/ul><figcaption class=\"blocks-gallery-caption\"><strong>Mission<\/strong> <strong>H2 360\u00b0<\/strong><\/figcaption><\/figure>\n\n\n\n<ul class=\"has-text-color\" style=\"color:#393284\"><li>Vivre une exp\u00e9rience virtuelle de maintenance de premier niveau sur un v\u00e9hicule hydrog\u00e8ne et appliquer les r\u00e8gles de mise en s\u00e9curit\u00e9 pour travailler en toute suret\u00e9.<\/li><\/ul>\n\n\n\n<figure class=\"wp-block-gallery columns-1 is-cropped\"><ul class=\"blocks-gallery-grid\"><li class=\"blocks-gallery-item\"><figure><img loading=\"lazy\" width=\"1024\" height=\"628\" src=\"https:\/\/blogs.univ-jfc.fr\/hydrogene\/wp-content\/uploads\/sites\/126\/2024\/10\/Atelier-H2VT-1024x628.png\" alt=\"\" data-id=\"339\" data-full-url=\"https:\/\/blogs.univ-jfc.fr\/hydrogene\/wp-content\/uploads\/sites\/126\/2024\/10\/Atelier-H2VT.png\" data-link=\"https:\/\/blogs.univ-jfc.fr\/hydrogene\/h2-virtual-training\/atelier-h2vt\/\" class=\"wp-image-339\" srcset=\"https:\/\/blogs.univ-jfc.fr\/hydrogene\/wp-content\/uploads\/sites\/126\/2024\/10\/Atelier-H2VT-1024x628.png 1024w, https:\/\/blogs.univ-jfc.fr\/hydrogene\/wp-content\/uploads\/sites\/126\/2024\/10\/Atelier-H2VT-300x184.png 300w, https:\/\/blogs.univ-jfc.fr\/hydrogene\/wp-content\/uploads\/sites\/126\/2024\/10\/Atelier-H2VT-768x471.png 768w, https:\/\/blogs.univ-jfc.fr\/hydrogene\/wp-content\/uploads\/sites\/126\/2024\/10\/Atelier-H2VT-489x300.png 489w, https:\/\/blogs.univ-jfc.fr\/hydrogene\/wp-content\/uploads\/sites\/126\/2024\/10\/Atelier-H2VT.png 1284w\" sizes=\"(max-width: 1024px) 100vw, 1024px\" \/><\/figure><\/li><\/ul><figcaption class=\"blocks-gallery-caption\"><strong>H2VT Garage Virtuel<\/strong><\/figcaption><\/figure>\n\n\n\n<p><\/p>\n\n\n\n<p class=\"has-text-align-left has-white-color has-text-color has-medium-font-size\" id=\"Com\"><strong>VOLET COMMUNICATION <\/strong><\/p>\n\n\n\n<p class=\"has-text-color has-medium-font-size\" style=\"color:#393284\"><strong>VOLET COMMUNICATION<\/strong> : <\/p>\n\n\n\n<p class=\"has-text-color\" style=\"color:#343284\">Deux programmes compl\u00e9mentaires ont par ailleurs \u00e9t\u00e9 r\u00e9alis\u00e9s pour servir des objectifs de communication : <strong>\u00ab\u00a0Mission hydrog\u00e8ne\u00a0\u00bb<\/strong> et  <strong>\u00ab\u00a0Chassez les robots\u00a0\u00bb<\/strong>. Ces deux exp\u00e9riences sont destin\u00e9es \u00e0 \u00eatre d\u00e9ploy\u00e9s sur des salons professionnels pour des objectifs d&rsquo;attractivit\u00e9 et de recrutement dans la fili\u00e8re Hydrog\u00e8ne.<\/p>\n\n\n\n<ul class=\"has-text-color\" style=\"color:#343284\"><li><strong>Mission Hydrog\u00e8ne<\/strong> propose une immersion dans un garage virtuel afin de d\u00e9couvrir les diff\u00e9rents \u00e9l\u00e9ments de s\u00e9curit\u00e9 et les r\u00e8gles \u00e0 respecter pour travailler en toute suret\u00e9 en zone ATEX hydrog\u00e8ne.<\/li><\/ul>\n\n\n\n<div class=\"wp-block-image is-style-default\"><figure class=\"aligncenter size-large is-resized\"><a href=\"https:\/\/www.youtube.com\/watch?v=HfsMePSghFs\"><img loading=\"lazy\" src=\"https:\/\/blogs.univ-jfc.fr\/hydrogene\/wp-content\/uploads\/sites\/126\/2024\/11\/mission-hydrogene.png\" alt=\"\" class=\"wp-image-396\" width=\"545\" height=\"323\" srcset=\"https:\/\/blogs.univ-jfc.fr\/hydrogene\/wp-content\/uploads\/sites\/126\/2024\/11\/mission-hydrogene.png 898w, https:\/\/blogs.univ-jfc.fr\/hydrogene\/wp-content\/uploads\/sites\/126\/2024\/11\/mission-hydrogene-300x178.png 300w, https:\/\/blogs.univ-jfc.fr\/hydrogene\/wp-content\/uploads\/sites\/126\/2024\/11\/mission-hydrogene-768x457.png 768w, https:\/\/blogs.univ-jfc.fr\/hydrogene\/wp-content\/uploads\/sites\/126\/2024\/11\/mission-hydrogene-500x297.png 500w\" sizes=\"(max-width: 545px) 100vw, 545px\" \/><\/a><figcaption><a href=\"https:\/\/www.youtube.com\/watch?v=HfsMePSghFs\">Cliquez ici<\/a><\/figcaption><\/figure><\/div>\n\n\n\n<ul class=\"has-text-color\" style=\"color:#343284\"><li><strong>Chassez les robots ! <\/strong>est un jeu \u00e0 vis\u00e9e p\u00e9dagogique : les robots de surveillance de la zone ATEX se sont fait hacker et les syst\u00e8mes de s\u00e9curit\u00e9 sont neutralis\u00e9s les uns apr\u00e8s les autres. Parviendrez vous \u00e0 \u00e9viter l&rsquo;explosion imminente ?<em> (\u00e0 venir)<\/em><\/li><\/ul>\n\n\n\n<div class=\"wp-block-image is-style-rounded\"><figure class=\"aligncenter size-large is-resized\"><img loading=\"lazy\" src=\"https:\/\/blogs.univ-jfc.fr\/hydrogene\/wp-content\/uploads\/sites\/126\/2024\/11\/Capture-decran-bonus_light-1-1024x822.jpg\" alt=\"\" class=\"wp-image-416\" width=\"512\" height=\"363\" \/><figcaption>\u00ab\u00a0Chassez les robots !\u00a0\u00bb (\u00e0 venir)<\/figcaption><\/figure><\/div>\n\n\n\n<p><\/p>\n\n\n\n<p><\/p>\n\n\n\n<p><\/p>\n\n\n\n<p><\/p>\n\n\n\n<p>Nous remercions nos partenaires de production pour leur participation active dans la r\u00e9alisation de ce projet<\/p>\n\n\n\n<figure class=\"wp-block-image size-large is-style-default\"><img loading=\"lazy\" width=\"1024\" height=\"163\" src=\"http:\/\/blogs.univ-jfc.fr\/hydrogene\/wp-content\/uploads\/sites\/126\/2024\/10\/logo_indus-1024x163.png\" alt=\"\" class=\"wp-image-303\" srcset=\"https:\/\/blogs.univ-jfc.fr\/hydrogene\/wp-content\/uploads\/sites\/126\/2024\/10\/logo_indus-1024x163.png 1024w, https:\/\/blogs.univ-jfc.fr\/hydrogene\/wp-content\/uploads\/sites\/126\/2024\/10\/logo_indus-300x48.png 300w, https:\/\/blogs.univ-jfc.fr\/hydrogene\/wp-content\/uploads\/sites\/126\/2024\/10\/logo_indus-768x122.png 768w, https:\/\/blogs.univ-jfc.fr\/hydrogene\/wp-content\/uploads\/sites\/126\/2024\/10\/logo_indus-500x80.png 500w, https:\/\/blogs.univ-jfc.fr\/hydrogene\/wp-content\/uploads\/sites\/126\/2024\/10\/logo_indus.png 1281w\" sizes=\"(max-width: 1024px) 100vw, 1024px\" \/><\/figure>\n\n\n\n<p>Nous remercions \u00e9galement la mairie d&rsquo;Albi pour son aide, ainsi que la r\u00e9gion Occitanie pour son soutien financier.<\/p>\n\n\n\n<div class=\"wp-block-columns\">\n<div class=\"wp-block-column\" style=\"flex-basis:100%\">\n<div class=\"wp-block-image is-style-default\"><figure class=\"aligncenter size-large is-resized\"><img loading=\"lazy\" src=\"https:\/\/blogs.univ-jfc.fr\/hydrogene\/wp-content\/uploads\/sites\/126\/2024\/06\/albi-campus.png\" alt=\"\" class=\"wp-image-271\" width=\"285\" height=\"67\" srcset=\"https:\/\/blogs.univ-jfc.fr\/hydrogene\/wp-content\/uploads\/sites\/126\/2024\/06\/albi-campus.png 602w, https:\/\/blogs.univ-jfc.fr\/hydrogene\/wp-content\/uploads\/sites\/126\/2024\/06\/albi-campus-300x71.png 300w, https:\/\/blogs.univ-jfc.fr\/hydrogene\/wp-content\/uploads\/sites\/126\/2024\/06\/albi-campus-500x119.png 500w\" sizes=\"(max-width: 285px) 100vw, 285px\" \/><\/figure><\/div>\n<\/div>\n<\/div>\n\n\n\n<div class=\"wp-block-columns\">\n<div class=\"wp-block-column\" style=\"flex-basis:100%\">\n<div class=\"wp-block-image is-style-default\"><figure class=\"aligncenter size-large is-resized\"><img loading=\"lazy\" src=\"https:\/\/blogs.univ-jfc.fr\/hydrogene\/wp-content\/uploads\/sites\/126\/2024\/06\/campus-H2-Albi-1-1024x301.png\" alt=\"\" class=\"wp-image-274\" width=\"187\" height=\"55\" srcset=\"https:\/\/blogs.univ-jfc.fr\/hydrogene\/wp-content\/uploads\/sites\/126\/2024\/06\/campus-H2-Albi-1-1024x301.png 1024w, https:\/\/blogs.univ-jfc.fr\/hydrogene\/wp-content\/uploads\/sites\/126\/2024\/06\/campus-H2-Albi-1-300x88.png 300w, https:\/\/blogs.univ-jfc.fr\/hydrogene\/wp-content\/uploads\/sites\/126\/2024\/06\/campus-H2-Albi-1-768x226.png 768w, https:\/\/blogs.univ-jfc.fr\/hydrogene\/wp-content\/uploads\/sites\/126\/2024\/06\/campus-H2-Albi-1-1536x451.png 1536w, https:\/\/blogs.univ-jfc.fr\/hydrogene\/wp-content\/uploads\/sites\/126\/2024\/06\/campus-H2-Albi-1-1000x288.png 1000w, https:\/\/blogs.univ-jfc.fr\/hydrogene\/wp-content\/uploads\/sites\/126\/2024\/06\/campus-H2-Albi-1-500x147.png 500w, https:\/\/blogs.univ-jfc.fr\/hydrogene\/wp-content\/uploads\/sites\/126\/2024\/06\/campus-H2-Albi-1.png 1920w\" sizes=\"(max-width: 187px) 100vw, 187px\" \/><\/figure><\/div>\n<\/div>\n<\/div>\n\n\n\n<div class=\"wp-block-image is-style-default\"><figure class=\"aligncenter size-large is-resized\"><img loading=\"lazy\" src=\"https:\/\/blogs.univ-jfc.fr\/hydrogene\/wp-content\/uploads\/sites\/126\/2024\/06\/bandeau-GENHYO-oct23-1024x531.png\" alt=\"\" class=\"wp-image-272\" width=\"330\" height=\"170\" srcset=\"https:\/\/blogs.univ-jfc.fr\/hydrogene\/wp-content\/uploads\/sites\/126\/2024\/06\/bandeau-GENHYO-oct23-1024x531.png 1024w, https:\/\/blogs.univ-jfc.fr\/hydrogene\/wp-content\/uploads\/sites\/126\/2024\/06\/bandeau-GENHYO-oct23-300x156.png 300w, https:\/\/blogs.univ-jfc.fr\/hydrogene\/wp-content\/uploads\/sites\/126\/2024\/06\/bandeau-GENHYO-oct23-768x399.png 768w, https:\/\/blogs.univ-jfc.fr\/hydrogene\/wp-content\/uploads\/sites\/126\/2024\/06\/bandeau-GENHYO-oct23-1536x797.png 1536w, https:\/\/blogs.univ-jfc.fr\/hydrogene\/wp-content\/uploads\/sites\/126\/2024\/06\/bandeau-GENHYO-oct23-500x259.png 500w, https:\/\/blogs.univ-jfc.fr\/hydrogene\/wp-content\/uploads\/sites\/126\/2024\/06\/bandeau-GENHYO-oct23.png 1694w\" sizes=\"(max-width: 330px) 100vw, 330px\" \/><\/figure><\/div>\n","protected":false},"excerpt":{"rendered":"<p>Pr\u00e9sente : H2 VIRTUAL TRAINING est programme de formation num\u00e9rique destin\u00e9 aux enjeux de s\u00e9curit\u00e9 dans les zones de travail ATEX hydrog\u00e8ne. Le programme a \u00e9t\u00e9 con\u00e7u par le SGRL en partenariat avec les experts m\u00e9tiers : Le programme comporte &hellip; <a href=\"https:\/\/blogs.univ-jfc.fr\/hydrogene\/h2-virtual-training\/\">Lire la suite <span class=\"meta-nav\">&rarr;<\/span><\/a><\/p>\n","protected":false},"author":548,"featured_media":0,"parent":0,"menu_order":0,"comment_status":"closed","ping_status":"closed","template":"","meta":[],"_links":{"self":[{"href":"https:\/\/blogs.univ-jfc.fr\/hydrogene\/wp-json\/wp\/v2\/pages\/60"}],"collection":[{"href":"https:\/\/blogs.univ-jfc.fr\/hydrogene\/wp-json\/wp\/v2\/pages"}],"about":[{"href":"https:\/\/blogs.univ-jfc.fr\/hydrogene\/wp-json\/wp\/v2\/types\/page"}],"author":[{"embeddable":true,"href":"https:\/\/blogs.univ-jfc.fr\/hydrogene\/wp-json\/wp\/v2\/users\/548"}],"replies":[{"embeddable":true,"href":"https:\/\/blogs.univ-jfc.fr\/hydrogene\/wp-json\/wp\/v2\/comments?post=60"}],"version-history":[{"count":95,"href":"https:\/\/blogs.univ-jfc.fr\/hydrogene\/wp-json\/wp\/v2\/pages\/60\/revisions"}],"predecessor-version":[{"id":425,"href":"https:\/\/blogs.univ-jfc.fr\/hydrogene\/wp-json\/wp\/v2\/pages\/60\/revisions\/425"}],"wp:attachment":[{"href":"https:\/\/blogs.univ-jfc.fr\/hydrogene\/wp-json\/wp\/v2\/media?parent=60"}],"curies":[{"name":"wp","href":"https:\/\/api.w.org\/{rel}","templated":true}]}}