{"id":18,"date":"2023-04-03T11:06:35","date_gmt":"2023-04-03T09:06:35","guid":{"rendered":"http:\/\/blogs.univ-jfc.fr\/inscriptions-rodez\/?page_id=18"},"modified":"2025-06-13T15:03:17","modified_gmt":"2025-06-13T13:03:17","slug":"reinscription","status":"publish","type":"page","link":"https:\/\/blogs.univ-jfc.fr\/inscriptions-rodez\/reinscription\/","title":{"rendered":"J&rsquo;ai d\u00e9j\u00e0 \u00e9t\u00e9 inscrit\u22c5e"},"content":{"rendered":"\n<p class=\"lien-epais\"><a href=\"http:\/\/blogs.univ-jfc.fr\/inscriptions-rodez\/?page_id=322\">Je passe dans l&rsquo;ann\u00e9e sup\u00e9rieure<\/a><\/p>\n\n\n\n<p class=\"lien-epais\"><a href=\"https:\/\/blogs.univ-jfc.fr\/inscriptions-rodez\/reinscription\/je-suis-en-reorientation-parcoursup-l1\/\">Je suis en r\u00e9orientation Parcoursup L1<\/a><\/p>\n\n\n\n<p class=\"lien-epais\"><a href=\"https:\/\/blogs.univ-jfc.fr\/inscriptions-rodez\/reinscription\/je-redouble-je-suis-en-enjambement-ou-je-passe-dans-lannee-superieure\/\">Je redouble ou je suis en enjambement<\/a><\/p>\n\n\n\n<p class=\"lien-epais\"><a href=\"https:\/\/blogs.univ-jfc.fr\/inscriptions-rodez\/reinscription\/jai-ete-admis-via-la-plateforme-e-candidature-aria\/\">J&rsquo;ai \u00e9t\u00e9 admis via la plateforme e-candidature (ARIA)<\/a><br><\/p>\n\n\n\n<p class=\"lien-epais\"><a href=\"https:\/\/blogs.univ-jfc.fr\/inscriptions-rodez\/reinscription\/je-suis-etudiant-etranger-hors-union-europeenne\/\">Je suis \u00e9tudiant \u00e9tranger hors Union europ\u00e9enne<\/a><\/p>\n\n\n\n<p class=\"lien-epais\"><a href=\"https:\/\/blogs.univ-jfc.fr\/inscriptions-rodez\/reinscription\/je-suis-redoublant-en-licence-professionnelle-ou-en-master\/\">Je suis redoublant en licence professionnelle<\/a><\/p>\n\n\n\n<p class=\"lien-epais\"><a href=\"https:\/\/blogs.univ-jfc.fr\/inscriptions-rodez\/reinscription\/je-suis-en-formation-continue-ou-en-alternance\/\">Je suis en formation continue ou en alternance<\/a><br><\/p>\n\n\n\n<p class=\"lien-epais\"><br><br><br><\/p>\n\n\n\n<p><\/p>\n","protected":false},"excerpt":{"rendered":"<p>Je passe dans l&rsquo;ann\u00e9e sup\u00e9rieure Je suis en r\u00e9orientation Parcoursup L1 Je redouble ou je suis en enjambement J&rsquo;ai \u00e9t\u00e9 admis via la plateforme e-candidature (ARIA) Je suis \u00e9tudiant \u00e9tranger hors Union europ\u00e9enne Je suis redoublant en licence professionnelle Je suis en formation continue ou en alternance<\/p>\n","protected":false},"author":242,"featured_media":0,"parent":0,"menu_order":0,"comment_status":"closed","ping_status":"closed","template":"","meta":[],"_links":{"self":[{"href":"https:\/\/blogs.univ-jfc.fr\/inscriptions-rodez\/wp-json\/wp\/v2\/pages\/18"}],"collection":[{"href":"https:\/\/blogs.univ-jfc.fr\/inscriptions-rodez\/wp-json\/wp\/v2\/pages"}],"about":[{"href":"https:\/\/blogs.univ-jfc.fr\/inscriptions-rodez\/wp-json\/wp\/v2\/types\/page"}],"author":[{"embeddable":true,"href":"https:\/\/blogs.univ-jfc.fr\/inscriptions-rodez\/wp-json\/wp\/v2\/users\/242"}],"replies":[{"embeddable":true,"href":"https:\/\/blogs.univ-jfc.fr\/inscriptions-rodez\/wp-json\/wp\/v2\/comments?post=18"}],"version-history":[{"count":11,"href":"https:\/\/blogs.univ-jfc.fr\/inscriptions-rodez\/wp-json\/wp\/v2\/pages\/18\/revisions"}],"predecessor-version":[{"id":340,"href":"https:\/\/blogs.univ-jfc.fr\/inscriptions-rodez\/wp-json\/wp\/v2\/pages\/18\/revisions\/340"}],"wp:attachment":[{"href":"https:\/\/blogs.univ-jfc.fr\/inscriptions-rodez\/wp-json\/wp\/v2\/media?parent=18"}],"curies":[{"name":"wp","href":"https:\/\/api.w.org\/{rel}","templated":true}]}}