{"id":21,"date":"2023-04-03T11:20:31","date_gmt":"2023-04-03T09:20:31","guid":{"rendered":"http:\/\/blogs.univ-jfc.fr\/inscriptions-rodez\/?page_id=21"},"modified":"2025-07-18T15:43:09","modified_gmt":"2025-07-18T13:43:09","slug":"je-suis-en-reorientation-parcoursup-l1","status":"publish","type":"page","link":"https:\/\/blogs.univ-jfc.fr\/inscriptions-rodez\/reinscription\/je-suis-en-reorientation-parcoursup-l1\/","title":{"rendered":"Je suis en r\u00e9orientation Parcoursup L1"},"content":{"rendered":"\n<p class=\"exergue\">Nos services sont actuellement ferm\u00e9s, les dossiers en attente seront trait\u00e9s \u00e0 partir du 28 ao\u00fbt 2025. L&rsquo;acc\u00e8s \u00e0 l&rsquo;application d&rsquo;inscription est possible pendant la fermeture de l&rsquo;\u00e9tablissement mais la hotline ne sera joignable qu&rsquo;\u00e0 partir du 28 ao\u00fbt.<\/p>\n\n\n\n<p><span class=\"has-inline-color has-luminous-vivid-orange-color\">Attention, si vous \u00eates \u00e9tudiant \u00e9tranger (de nationalit\u00e9 hors UE), vous devez suivre la proc\u00e9dure suivante:<a href=\"https:\/\/blogs.univ-jfc.fr\/inscriptions\/premiere-fois\/je-suis-etudiant-etranger-hors-union-europeenne\/\"> https:\/\/blogs.univ-jfc.fr\/inscriptions\/premiere-fois\/je-suis-etudiant-etranger-hors-union-europeenne\/<\/a><\/span><\/p>\n\n\n\n<p>Vous ne pourrez acc\u00e9der \u00e0 l&rsquo;application d&rsquo;inscription que lorsque vous aurez accept\u00e9 la proposition de votre v\u0153u sur Parcoursup. Votre acc\u00e8s \u00e0 l&rsquo;inscription en ligne est soumis \u00e0 la remont\u00e9e des donn\u00e9es de Parcoursup qui se fera 2 fois par jour, du lundi au vendredi.<\/p>\n\n\n\n<ol><li><p>Consulter le tutoriel (voir ci-dessous)<\/p><\/li><li><p>T\u00e9l\u00e9charger la CVEC sur le site <a rel=\"noreferrer noopener\" href=\"https:\/\/cvec.etudiant.gouv.fr\" target=\"_blank\">https:\/\/cvec.etudiant.gouv.fr<\/a><\/p><\/li><li><p>Proc\u00e9dez \u00e0 votre r\u00e9inscription en ligne.<\/p><\/li><li><p>Une fois votre pr\u00e9inscription en ligne termin\u00e9e, elle sera trait\u00e9e par nos services, un mail de confirmation de r\u00e9inscription vous sera envoy\u00e9 sur votre adresse mail universitaire ou des mails de relance sur votre adresse personnelle si l\u2019inscription est incompl\u00e8te.<\/p><\/li><\/ol>\n\n\n\n<p class=\"fleche\"><\/p>\n\n\n\n<p class=\"fleche\" id=\"fleche\"><\/p>\n\n\n\n<p><strong><strong><strong><span class=\"has-inline-color has-vivid-red-color\"><strong>Derni\u00e8re \u00e9tape: vous devez choisir vos mati\u00e8res d\u2019enseignement en suivant la proc\u00e9dure d\u00e9crite dans le mail de confirmation d\u2019inscription<\/strong> <strong>(uniquement pour les \u00e9tudiants en STAPS)<\/strong><\/span><\/strong><\/strong><\/strong><\/p>\n\n\n\n<p><strong>Pour le Parcours Licence Acc\u00e8s Sant\u00e9 (LAS)<\/strong>, il est normal que l\u2019acc\u00e8s sant\u00e9 n\u2019apparaisse pas lors de votre inscription administrative, il vous faudra l\u2019indiquer lors de votre inscription p\u00e9dagogique<\/p>\n\n\n\n<p class=\"fleche\"><strong>C\u00c9SURE : <\/strong>pour les \u00e9tudiants qui s&rsquo;inscrivent en ann\u00e9e de c\u00e9sure, pensez lors de l&rsquo;inscription en ligne \u00e0 cocher \u00ab\u00a0c\u00e9sure annuelle\u00a0\u00bb ou \u00ab\u00a0c\u00e9sure semestrielle\u00a0\u00bb.<\/p>\n\n\n\n<p class=\"fleche\" id=\"fleche\"><\/p>\n\n\n\n<ul class=\"liens-boites-carrees\"><li><a href=\"https:\/\/blogs.univ-jfc.fr\/inscriptions-rodez\/reinscription\/tutoriel-application\/\" data-type=\"URL\" data-id=\"https:\/\/blogs.univ-jfc.fr\/inscriptions-rodez\/reinscription\/tutoriel-application\/\">Acc\u00e9der au tutoriel<\/a><\/li><li><a rel=\"noreferrer noopener\" href=\"https:\/\/ins.univ-jfc.pc-scol.fr\/accueil\" data-type=\"URL\" data-id=\"https:\/\/ins.univ-jfc.pc-scol.fr\/accueil\" target=\"_blank\">Vous inscrire<\/a><\/li><li><a href=\"https:\/\/blogs.univ-jfc.fr\/inscriptions-rodez\/reinscription\/je-suis-en-reorientation-parcoursup-l1\/pieces-justificatives\/\" data-type=\"page\" data-id=\"25\">Documents \u00e0 fournir<\/a><\/li><\/ul>\n\n\n\n<p><\/p>\n","protected":false},"excerpt":{"rendered":"<p>Nos services sont actuellement ferm\u00e9s, les dossiers en attente seront trait\u00e9s \u00e0 partir du 28 ao\u00fbt 2025. L&rsquo;acc\u00e8s \u00e0 l&rsquo;application d&rsquo;inscription est possible pendant la fermeture de l&rsquo;\u00e9tablissement mais la hotline ne sera joignable qu&rsquo;\u00e0 partir du 28 ao\u00fbt. Attention, si vous \u00eates \u00e9tudiant \u00e9tranger (de nationalit\u00e9 hors UE), vous devez suivre la proc\u00e9dure suivante: [&hellip;]<\/p>\n","protected":false},"author":242,"featured_media":0,"parent":18,"menu_order":1,"comment_status":"closed","ping_status":"closed","template":"","meta":[],"_links":{"self":[{"href":"https:\/\/blogs.univ-jfc.fr\/inscriptions-rodez\/wp-json\/wp\/v2\/pages\/21"}],"collection":[{"href":"https:\/\/blogs.univ-jfc.fr\/inscriptions-rodez\/wp-json\/wp\/v2\/pages"}],"about":[{"href":"https:\/\/blogs.univ-jfc.fr\/inscriptions-rodez\/wp-json\/wp\/v2\/types\/page"}],"author":[{"embeddable":true,"href":"https:\/\/blogs.univ-jfc.fr\/inscriptions-rodez\/wp-json\/wp\/v2\/users\/242"}],"replies":[{"embeddable":true,"href":"https:\/\/blogs.univ-jfc.fr\/inscriptions-rodez\/wp-json\/wp\/v2\/comments?post=21"}],"version-history":[{"count":19,"href":"https:\/\/blogs.univ-jfc.fr\/inscriptions-rodez\/wp-json\/wp\/v2\/pages\/21\/revisions"}],"predecessor-version":[{"id":430,"href":"https:\/\/blogs.univ-jfc.fr\/inscriptions-rodez\/wp-json\/wp\/v2\/pages\/21\/revisions\/430"}],"up":[{"embeddable":true,"href":"https:\/\/blogs.univ-jfc.fr\/inscriptions-rodez\/wp-json\/wp\/v2\/pages\/18"}],"wp:attachment":[{"href":"https:\/\/blogs.univ-jfc.fr\/inscriptions-rodez\/wp-json\/wp\/v2\/media?parent=21"}],"curies":[{"name":"wp","href":"https:\/\/api.w.org\/{rel}","templated":true}]}}