{"id":25,"date":"2023-04-03T11:25:51","date_gmt":"2023-04-03T09:25:51","guid":{"rendered":"http:\/\/blogs.univ-jfc.fr\/inscriptions-rodez\/?page_id=25"},"modified":"2025-06-13T15:22:14","modified_gmt":"2025-06-13T13:22:14","slug":"pieces-justificatives","status":"publish","type":"page","link":"https:\/\/blogs.univ-jfc.fr\/inscriptions-rodez\/reinscription\/je-suis-en-reorientation-parcoursup-l1\/pieces-justificatives\/","title":{"rendered":"Documents \u00e0 fournir"},"content":{"rendered":"\n<div class=\"wp-block-group\"><div class=\"wp-block-group__inner-container\">\n<p>Ces documents sont \u00e0 d\u00e9poser en ligne (merci de num\u00e9riser vos documents et de ne pas les prendre en photo)<\/p>\n\n\n\n<figure class=\"wp-block-table\"><table><tbody><tr><td><\/td><\/tr><\/tbody><\/table><\/figure>\n\n\n\n<p><strong>Documents obligatoires<\/strong><\/p>\n\n\n\n<p class=\"fleche\">Contribution Vie \u00c9tudiante et de Campus (Attestation de paiement ou d\u2019exon\u00e9ration CVEC \u00e0 t\u00e9l\u00e9charger sur <a rel=\"noreferrer noopener\" href=\"https:\/\/cvec.etudiant.gouv.fr\/\" target=\"_blank\">https:\/\/cvec.etudiant.gouv.fr<\/a>).<\/p>\n\n\n\n<p class=\"fleche\">Responsabilit\u00e9 civile&nbsp;: attestation d\u2019assurance couvrant l\u2019ann\u00e9e universitaire 2025\/2026.<\/p>\n\n\n\n<p class=\"fleche\">Paiement de <span class=\"has-inline-color has-vivid-red-color\">178 \u20ac<\/span> par carte bancaire \u00e0 r\u00e9gler directement sur l&rsquo;application d&rsquo;inscription <strong>(si vous n\u2019\u00eates pas en mesure de nous fournir votre notification de bourse)<\/strong><\/p>\n\n\n\n<p class=\"fleche\">Photo r\u00e9cente officielle:<\/p>\n\n\n\n<div class=\"wp-block-image\"><figure class=\"aligncenter\"><img src=\"https:\/\/blogs.univ-jfc.fr\/inscriptions\/wp-content\/uploads\/sites\/88\/2023\/03\/image-2.png\" alt=\"L\u2019attribut alt de cette image est vide, son nom de fichier est image-2.png.\" \/><\/figure><\/div>\n\n\n\n<p class=\"fleche\"><strong>Selon votre cas<\/strong> <\/p>\n\n\n\n<ul><li>Boursier ou boursier du Gouvernement Fran\u00e7ais : notification de bourse 2025\/2026<\/li><li>\u00c9tudiant mineur : autorisation parentale d\u2019inscription d\u2019un \u00e9tudiant mineur \u00e9crite sur papier libre accompagn\u00e9e de la pi\u00e8ce d\u2019identit\u00e9 du responsable l\u00e9gal<\/li><li>Titre de s\u00e9jour (en cours de validit\u00e9)<\/li><li>Sportif de haut niveau : attestation 2025\/2026 d\u00e9livr\u00e9e par le Minist\u00e8re des sports.<\/li><li>Certificat de l\u2019OFPRA (r\u00e9fugi\u00e9 politique et demandeur d\u2019asile).<\/li><li>Pupille de la nation&nbsp;: attestation de la D.R.J.S.C.S de moins de 3 mois.<\/li><\/ul>\n\n\n\n<p><\/p>\n<\/div><\/div>\n","protected":false},"excerpt":{"rendered":"","protected":false},"author":242,"featured_media":0,"parent":21,"menu_order":1,"comment_status":"closed","ping_status":"closed","template":"","meta":[],"_links":{"self":[{"href":"https:\/\/blogs.univ-jfc.fr\/inscriptions-rodez\/wp-json\/wp\/v2\/pages\/25"}],"collection":[{"href":"https:\/\/blogs.univ-jfc.fr\/inscriptions-rodez\/wp-json\/wp\/v2\/pages"}],"about":[{"href":"https:\/\/blogs.univ-jfc.fr\/inscriptions-rodez\/wp-json\/wp\/v2\/types\/page"}],"author":[{"embeddable":true,"href":"https:\/\/blogs.univ-jfc.fr\/inscriptions-rodez\/wp-json\/wp\/v2\/users\/242"}],"replies":[{"embeddable":true,"href":"https:\/\/blogs.univ-jfc.fr\/inscriptions-rodez\/wp-json\/wp\/v2\/comments?post=25"}],"version-history":[{"count":17,"href":"https:\/\/blogs.univ-jfc.fr\/inscriptions-rodez\/wp-json\/wp\/v2\/pages\/25\/revisions"}],"predecessor-version":[{"id":398,"href":"https:\/\/blogs.univ-jfc.fr\/inscriptions-rodez\/wp-json\/wp\/v2\/pages\/25\/revisions\/398"}],"up":[{"embeddable":true,"href":"https:\/\/blogs.univ-jfc.fr\/inscriptions-rodez\/wp-json\/wp\/v2\/pages\/21"}],"wp:attachment":[{"href":"https:\/\/blogs.univ-jfc.fr\/inscriptions-rodez\/wp-json\/wp\/v2\/media?parent=25"}],"curies":[{"name":"wp","href":"https:\/\/api.w.org\/{rel}","templated":true}]}}