{"id":29,"date":"2023-04-03T11:28:50","date_gmt":"2023-04-03T09:28:50","guid":{"rendered":"http:\/\/blogs.univ-jfc.fr\/inscriptions-rodez\/?page_id=29"},"modified":"2025-07-18T15:43:33","modified_gmt":"2025-07-18T13:43:33","slug":"jai-ete-admis-via-la-plateforme-e-candidature-aria","status":"publish","type":"page","link":"https:\/\/blogs.univ-jfc.fr\/inscriptions-rodez\/reinscription\/jai-ete-admis-via-la-plateforme-e-candidature-aria\/","title":{"rendered":"J&rsquo;ai \u00e9t\u00e9 admis via la plateforme e-candidature (ARIA)"},"content":{"rendered":"\n<p class=\"exergue\">Nos services sont actuellement ferm\u00e9s, les dossiers en attente seront trait\u00e9s \u00e0 partir du 28 ao\u00fbt 2025. L&rsquo;acc\u00e8s \u00e0 l&rsquo;application d&rsquo;inscription est possible pendant la fermeture de l&rsquo;\u00e9tablissement mais la hotline ne sera joignable qu&rsquo;\u00e0 partir du 28 ao\u00fbt. (SAUF POUR LES ALTERNANTS).<\/p>\n\n\n\n<p><span class=\"has-inline-color has-luminous-vivid-orange-color\">Attention, si vous \u00eates \u00e9tudiant \u00e9tranger (de nationalit\u00e9 hors UE), vous devez suivre la proc\u00e9dure suivante:<a href=\"https:\/\/blogs.univ-jfc.fr\/inscriptions\/premiere-fois\/je-suis-etudiant-etranger-hors-union-europeenne\/\"> https:\/\/blogs.univ-jfc.fr\/inscriptions\/premiere-fois\/je-suis-etudiant-etranger-hors-union-europeenne\/<\/a><\/span><\/p>\n\n\n\n<ol><li>T\u00e9l\u00e9chargez la CVEC sur le site <a rel=\"noreferrer noopener\" href=\"https:\/\/cvec.etudiant.gouv.fr\" target=\"_blank\">https:\/\/cvec.etudiant.gouv.fr<\/a><\/li><li>Ouvrez le tutoriel (voir ci-dessous) et gardez le actif pour le consulter pendant votre inscription.<\/li><li>Proc\u00e9dez \u00e0 votre r\u00e9inscription en ligne.<\/li><li>Une fois votre pr\u00e9inscription en ligne termin\u00e9e, elle sera trait\u00e9e par nos services, un mail de confirmation de r\u00e9inscription vous sera envoy\u00e9 sur votre adresse mail universitaire ou des mails de relance sur votre adresse personnelle si l\u2019inscription est incompl\u00e8te.<\/li><\/ol>\n\n\n\n<p><strong><span class=\"has-inline-color has-vivid-red-color\"><strong>Derni\u00e8re \u00e9tape: vous devez choisir vos mati\u00e8res d\u2019enseignement en suivant la proc\u00e9dure d\u00e9crite dans le mail de confirmation d\u2019inscription<\/strong> <strong>(uniquement pour les \u00e9tudiants en STAPS)<\/strong><\/span><\/strong><\/p>\n\n\n\n<p class=\"fleche\"><strong>C\u00c9SURE : <\/strong>pour les \u00e9tudiants qui s&rsquo;inscrivent en ann\u00e9e de c\u00e9sure, pensez lors de l&rsquo;inscription en ligne \u00e0 cocher \u00ab\u00a0c\u00e9sure annuelle\u00a0\u00bb ou \u00ab\u00a0c\u00e9sure semestrielle\u00a0\u00bb et joindre aux documents \u00e0 fournir votre contrat de c\u00e9sure valid\u00e9 par l&rsquo;\u00e9tablissement.<\/p>\n\n\n\n<p class=\"fleche\">Attention : si vous n\u2019\u00eates pas boursier, vous devrez r\u00e9gler les frais d\u2019inscription par carte bancaire sur l\u2019application.<\/p>\n\n\n\n<p class=\"fleche\"><\/p>\n\n\n\n<ul class=\"liens-boites-carrees\"><li><a href=\"https:\/\/blogs.univ-jfc.fr\/inscriptions-rodez\/reinscription\/tutoriel-application\/\" data-type=\"page\" data-id=\"23\">Acc\u00e9der au tutoriel<\/a><\/li><li><a rel=\"noreferrer noopener\" href=\"https:\/\/ins.univ-jfc.pc-scol.fr\/accueil\" data-type=\"URL\" data-id=\"https:\/\/ins.univ-jfc.pc-scol.fr\/accueil\" target=\"_blank\">Vous inscrire<\/a><\/li><li><a href=\"https:\/\/blogs.univ-jfc.fr\/inscriptions-rodez\/reinscription\/jai-ete-admis-via-la-plateforme-e-candidature-aria\/pieces-justificatives\/\" data-type=\"page\" data-id=\"31\">Documents \u00e0 fournir<\/a><\/li><\/ul>\n\n\n\n<p><\/p>\n","protected":false},"excerpt":{"rendered":"<p>Nos services sont actuellement ferm\u00e9s, les dossiers en attente seront trait\u00e9s \u00e0 partir du 28 ao\u00fbt 2025. L&rsquo;acc\u00e8s \u00e0 l&rsquo;application d&rsquo;inscription est possible pendant la fermeture de l&rsquo;\u00e9tablissement mais la hotline ne sera joignable qu&rsquo;\u00e0 partir du 28 ao\u00fbt. (SAUF POUR LES ALTERNANTS). Attention, si vous \u00eates \u00e9tudiant \u00e9tranger (de nationalit\u00e9 hors UE), vous devez [&hellip;]<\/p>\n","protected":false},"author":242,"featured_media":0,"parent":18,"menu_order":3,"comment_status":"closed","ping_status":"closed","template":"","meta":[],"_links":{"self":[{"href":"https:\/\/blogs.univ-jfc.fr\/inscriptions-rodez\/wp-json\/wp\/v2\/pages\/29"}],"collection":[{"href":"https:\/\/blogs.univ-jfc.fr\/inscriptions-rodez\/wp-json\/wp\/v2\/pages"}],"about":[{"href":"https:\/\/blogs.univ-jfc.fr\/inscriptions-rodez\/wp-json\/wp\/v2\/types\/page"}],"author":[{"embeddable":true,"href":"https:\/\/blogs.univ-jfc.fr\/inscriptions-rodez\/wp-json\/wp\/v2\/users\/242"}],"replies":[{"embeddable":true,"href":"https:\/\/blogs.univ-jfc.fr\/inscriptions-rodez\/wp-json\/wp\/v2\/comments?post=29"}],"version-history":[{"count":13,"href":"https:\/\/blogs.univ-jfc.fr\/inscriptions-rodez\/wp-json\/wp\/v2\/pages\/29\/revisions"}],"predecessor-version":[{"id":432,"href":"https:\/\/blogs.univ-jfc.fr\/inscriptions-rodez\/wp-json\/wp\/v2\/pages\/29\/revisions\/432"}],"up":[{"embeddable":true,"href":"https:\/\/blogs.univ-jfc.fr\/inscriptions-rodez\/wp-json\/wp\/v2\/pages\/18"}],"wp:attachment":[{"href":"https:\/\/blogs.univ-jfc.fr\/inscriptions-rodez\/wp-json\/wp\/v2\/media?parent=29"}],"curies":[{"name":"wp","href":"https:\/\/api.w.org\/{rel}","templated":true}]}}