{"id":31,"date":"2023-04-03T11:32:58","date_gmt":"2023-04-03T09:32:58","guid":{"rendered":"http:\/\/blogs.univ-jfc.fr\/inscriptions-rodez\/?page_id=31"},"modified":"2025-06-13T15:12:17","modified_gmt":"2025-06-13T13:12:17","slug":"pieces-justificatives","status":"publish","type":"page","link":"https:\/\/blogs.univ-jfc.fr\/inscriptions-rodez\/reinscription\/jai-ete-admis-via-la-plateforme-e-candidature-aria\/pieces-justificatives\/","title":{"rendered":"Documents \u00e0 fournir"},"content":{"rendered":"\n<p>Ces documents sont \u00e0 d\u00e9poser en ligne sur le logiciel d\u2019inscription P\u00e9gase (merci de num\u00e9riser vos documents et de ne pas les prendre en photo)<\/p>\n\n\n\n<figure class=\"wp-block-table\"><table><tbody><tr><td><\/td><\/tr><\/tbody><\/table><\/figure>\n\n\n\n<p class=\"fleche\">Contribution Vie \u00c9tudiante et de Campus (Attestation de paiement ou d\u2019exon\u00e9ration CVEC \u00e0 t\u00e9l\u00e9charger sur <a rel=\"noreferrer noopener\" href=\"https:\/\/cvec.etudiant.gouv.fr\/\" target=\"_blank\">https:\/\/cvec.etudiant.gouv.fr\/<\/a>)<\/p>\n\n\n\n<p class=\"fleche\">Dipl\u00f4me, attestation de r\u00e9ussite ou relev\u00e9 de note du dernier dipl\u00f4me obtenu (bac +2, bac +3)<\/p>\n\n\n\n<p class=\"fleche\">Responsabilit\u00e9 civile&nbsp;: attestation d\u2019assurance couvrant l\u2019ann\u00e9e universitaire 2025\/2026<\/p>\n\n\n\n<p class=\"fleche\">Photo d\u2019identit\u00e9 r\u00e9cente officielle.<\/p>\n\n\n\n<p class=\"fleche\">Paiement de <span class=\"has-inline-color has-vivid-red-color\">178 \u20ac<\/span> par carte bancaire \u00e0 r\u00e9gler (inscription en licence), directement sur l&rsquo;application d&rsquo;inscription <strong>(si vous n\u2019\u00eates pas en mesure de nous fournir votre notification de bourse)<\/strong><\/p>\n\n\n\n<p class=\"fleche\"><\/p>\n\n\n\n<p><strong>SELON VOTRE CAS<\/strong><\/p>\n\n\n\n<ul><li>Boursier ou boursier du Gouvernement Fran\u00e7ais&nbsp;: notification de bourse 2025\/2026<\/li><li>\u00c9tudiant mineur : autorisation parentale d\u2019inscription d\u2019un \u00e9tudiant mineur \u00e9crite sur papier libre accompagn\u00e9e de la pi\u00e8ce d\u2019identit\u00e9 du responsable l\u00e9gal<\/li><li>Titre de s\u00e9jour (en cours de validit\u00e9)<\/li><li>Sportif de haut niveau&nbsp;: attestation 2025\/2026 d\u00e9livr\u00e9e par le Minist\u00e8re des sports<\/li><li>Certificat de l\u2019OFPRA (r\u00e9fugi\u00e9 politique et demandeur d\u2019asile)<\/li><li>Pupille de la nation&nbsp;: attestation de la D.R.J.S.C.S de moins de 3 mois<\/li><\/ul>\n","protected":false},"excerpt":{"rendered":"<p>Ces documents sont \u00e0 d\u00e9poser en ligne sur le logiciel d\u2019inscription P\u00e9gase (merci de num\u00e9riser vos documents et de ne pas les prendre en photo) Contribution Vie \u00c9tudiante et de Campus (Attestation de paiement ou d\u2019exon\u00e9ration CVEC \u00e0 t\u00e9l\u00e9charger sur https:\/\/cvec.etudiant.gouv.fr\/) Dipl\u00f4me, attestation de r\u00e9ussite ou relev\u00e9 de note du dernier dipl\u00f4me obtenu (bac +2, [&hellip;]<\/p>\n","protected":false},"author":242,"featured_media":0,"parent":29,"menu_order":1,"comment_status":"closed","ping_status":"closed","template":"","meta":[],"_links":{"self":[{"href":"https:\/\/blogs.univ-jfc.fr\/inscriptions-rodez\/wp-json\/wp\/v2\/pages\/31"}],"collection":[{"href":"https:\/\/blogs.univ-jfc.fr\/inscriptions-rodez\/wp-json\/wp\/v2\/pages"}],"about":[{"href":"https:\/\/blogs.univ-jfc.fr\/inscriptions-rodez\/wp-json\/wp\/v2\/types\/page"}],"author":[{"embeddable":true,"href":"https:\/\/blogs.univ-jfc.fr\/inscriptions-rodez\/wp-json\/wp\/v2\/users\/242"}],"replies":[{"embeddable":true,"href":"https:\/\/blogs.univ-jfc.fr\/inscriptions-rodez\/wp-json\/wp\/v2\/comments?post=31"}],"version-history":[{"count":17,"href":"https:\/\/blogs.univ-jfc.fr\/inscriptions-rodez\/wp-json\/wp\/v2\/pages\/31\/revisions"}],"predecessor-version":[{"id":390,"href":"https:\/\/blogs.univ-jfc.fr\/inscriptions-rodez\/wp-json\/wp\/v2\/pages\/31\/revisions\/390"}],"up":[{"embeddable":true,"href":"https:\/\/blogs.univ-jfc.fr\/inscriptions-rodez\/wp-json\/wp\/v2\/pages\/29"}],"wp:attachment":[{"href":"https:\/\/blogs.univ-jfc.fr\/inscriptions-rodez\/wp-json\/wp\/v2\/media?parent=31"}],"curies":[{"name":"wp","href":"https:\/\/api.w.org\/{rel}","templated":true}]}}