{"id":33,"date":"2023-04-03T11:34:04","date_gmt":"2023-04-03T09:34:04","guid":{"rendered":"http:\/\/blogs.univ-jfc.fr\/inscriptions-rodez\/?page_id=33"},"modified":"2025-06-13T15:03:17","modified_gmt":"2025-06-13T13:03:17","slug":"je-suis-etudiant-etranger-hors-union-europeenne","status":"publish","type":"page","link":"https:\/\/blogs.univ-jfc.fr\/inscriptions-rodez\/reinscription\/je-suis-etudiant-etranger-hors-union-europeenne\/","title":{"rendered":"Je suis \u00e9tudiant \u00e9tranger hors Union europ\u00e9enne"},"content":{"rendered":"\n<p>Merci de prendre contact avec le service de scolarit\u00e9 g\u00e9n\u00e9rale afin de r\u00e9cup\u00e9rer le dossier d&rsquo;inscription ou de r\u00e9inscription \u00e0 compl\u00e9ter.<\/p>\n\n\n\n<p>Vous devrez le d\u00e9poser aupr\u00e8s de la scolarit\u00e9 g\u00e9n\u00e9rale avec les pi\u00e8ces demand\u00e9es.<\/p>\n\n\n\n<p>Campus de Rodez<br><a href=\"mailto:ri-etudiants@univ-jfc.fr\">scolarite-generale-rodez@univ-jfc.fr<\/a><br>05 65 73 36 57<br><br><\/p>\n","protected":false},"excerpt":{"rendered":"<p>Merci de prendre contact avec le service de scolarit\u00e9 g\u00e9n\u00e9rale afin de r\u00e9cup\u00e9rer le dossier d&rsquo;inscription ou de r\u00e9inscription \u00e0 compl\u00e9ter. Vous devrez le d\u00e9poser aupr\u00e8s de la scolarit\u00e9 g\u00e9n\u00e9rale avec les pi\u00e8ces demand\u00e9es. Campus de Rodezscolarite-generale-rodez@univ-jfc.fr05 65 73 36 57<\/p>\n","protected":false},"author":242,"featured_media":0,"parent":18,"menu_order":4,"comment_status":"closed","ping_status":"closed","template":"","meta":[],"_links":{"self":[{"href":"https:\/\/blogs.univ-jfc.fr\/inscriptions-rodez\/wp-json\/wp\/v2\/pages\/33"}],"collection":[{"href":"https:\/\/blogs.univ-jfc.fr\/inscriptions-rodez\/wp-json\/wp\/v2\/pages"}],"about":[{"href":"https:\/\/blogs.univ-jfc.fr\/inscriptions-rodez\/wp-json\/wp\/v2\/types\/page"}],"author":[{"embeddable":true,"href":"https:\/\/blogs.univ-jfc.fr\/inscriptions-rodez\/wp-json\/wp\/v2\/users\/242"}],"replies":[{"embeddable":true,"href":"https:\/\/blogs.univ-jfc.fr\/inscriptions-rodez\/wp-json\/wp\/v2\/comments?post=33"}],"version-history":[{"count":3,"href":"https:\/\/blogs.univ-jfc.fr\/inscriptions-rodez\/wp-json\/wp\/v2\/pages\/33\/revisions"}],"predecessor-version":[{"id":224,"href":"https:\/\/blogs.univ-jfc.fr\/inscriptions-rodez\/wp-json\/wp\/v2\/pages\/33\/revisions\/224"}],"up":[{"embeddable":true,"href":"https:\/\/blogs.univ-jfc.fr\/inscriptions-rodez\/wp-json\/wp\/v2\/pages\/18"}],"wp:attachment":[{"href":"https:\/\/blogs.univ-jfc.fr\/inscriptions-rodez\/wp-json\/wp\/v2\/media?parent=33"}],"curies":[{"name":"wp","href":"https:\/\/api.w.org\/{rel}","templated":true}]}}