{"id":39,"date":"2023-04-03T11:39:50","date_gmt":"2023-04-03T09:39:50","guid":{"rendered":"http:\/\/blogs.univ-jfc.fr\/inscriptions-rodez\/?page_id=39"},"modified":"2025-07-11T12:36:50","modified_gmt":"2025-07-11T10:36:50","slug":"je-suis-redoublant-en-licence-professionnelle-ou-en-master","status":"publish","type":"page","link":"https:\/\/blogs.univ-jfc.fr\/inscriptions-rodez\/reinscription\/je-suis-redoublant-en-licence-professionnelle-ou-en-master\/","title":{"rendered":"Je suis redoublant en licence professionnelle"},"content":{"rendered":"\n<p><em><strong>Pour information<\/strong> : <strong>pour effectuer votre demande de redoublement, merci de vous adresser \u00e0 votre scolarit\u00e9 p\u00e9dagogique.<\/strong><\/em><\/p>\n\n\n\n<p>Attention, si vous \u00eates \u00e9tudiant \u00e9tranger (de nationalit\u00e9 hors UE), vous devez suivre la proc\u00e9dure suivante:<a href=\"https:\/\/blogs.univ-jfc.fr\/inscriptions\/premiere-fois\/je-suis-etudiant-etranger-hors-union-europeenne\/\"> https:\/\/blogs.univ-jfc.fr\/inscriptions\/premiere-fois\/je-suis-etudiant-etranger-hors-union-europeenne\/<\/a><\/p>\n\n\n\n<p>D\u00e8s r\u00e9ception de votre acceptation de redoublement sign\u00e9e, la scolarit\u00e9 p\u00e9dagogique vous donnera l\u2019acc\u00e8s \u00e0 la plateforme pour vous r\u00e9inscrire. Vous pourrez donc suivre les \u00e9tapes suivantes:<\/p>\n\n\n\n<ol><li>T\u00e9l\u00e9chargez la CVEC sur le site <a rel=\"noreferrer noopener\" href=\"https:\/\/cvec.etudiant.gouv.fr\" target=\"_blank\">https:\/\/cvec.etudiant.gouv.fr<\/a><\/li><li>Ouvrez le tutoriel (voir ci-dessous) et gardez le actif pour le consulter pendant votre inscription.<\/li><li>Proc\u00e9dez \u00e0 votre r\u00e9inscription en ligne.<\/li><li>Une fois votre pr\u00e9inscription en ligne termin\u00e9e, elle sera trait\u00e9e par nos services, un mail de confirmation de r\u00e9inscription vous sera envoy\u00e9 sur votre adresse mail universitaire ou des mails de relance sur votre adresse personnelle si l\u2019inscription est incompl\u00e8te.<\/li><\/ol>\n\n\n\n<p class=\"fleche\"><strong>C\u00c9SURE : <\/strong>pour les \u00e9tudiants qui s\u2019inscrivent en ann\u00e9e de c\u00e9sure, pensez lors de l\u2019inscription en ligne \u00e0 cocher \u00ab&nbsp;c\u00e9sure annuelle&nbsp;\u00bb ou \u00ab&nbsp;c\u00e9sure semestrielle&nbsp;\u00bb.<\/p>\n\n\n\n<p class=\"fleche\"><em>Attention, si vous n\u2019\u00eates pas boursier, vous devrez r\u00e9gler les frais d\u2019inscription par carte bancaire sur l\u2019application.<\/em><\/p>\n\n\n\n<ul class=\"liens-boites-carrees\"><li><a href=\"http:\/\/blogs.univ-jfc.fr\/inscriptions-rodez\/?page_id=23\">Acc\u00e9der au tutoriel<\/a><\/li><li><a href=\"https:\/\/ins.univ-jfc.pc-scol.fr\/accueil\">Vous inscrire<\/a><\/li><li><a href=\"http:\/\/blogs.univ-jfc.fr\/inscriptions-rodez\/?page_id=37\">Document \u00e0 fournir<\/a><\/li><\/ul>\n\n\n\n<p><\/p>\n","protected":false},"excerpt":{"rendered":"<p>Pour information : pour effectuer votre demande de redoublement, merci de vous adresser \u00e0 votre scolarit\u00e9 p\u00e9dagogique. Attention, si vous \u00eates \u00e9tudiant \u00e9tranger (de nationalit\u00e9 hors UE), vous devez suivre la proc\u00e9dure suivante: https:\/\/blogs.univ-jfc.fr\/inscriptions\/premiere-fois\/je-suis-etudiant-etranger-hors-union-europeenne\/ D\u00e8s r\u00e9ception de votre acceptation de redoublement sign\u00e9e, la scolarit\u00e9 p\u00e9dagogique vous donnera l\u2019acc\u00e8s \u00e0 la plateforme pour vous r\u00e9inscrire. Vous [&hellip;]<\/p>\n","protected":false},"author":242,"featured_media":0,"parent":18,"menu_order":6,"comment_status":"closed","ping_status":"closed","template":"","meta":[],"_links":{"self":[{"href":"https:\/\/blogs.univ-jfc.fr\/inscriptions-rodez\/wp-json\/wp\/v2\/pages\/39"}],"collection":[{"href":"https:\/\/blogs.univ-jfc.fr\/inscriptions-rodez\/wp-json\/wp\/v2\/pages"}],"about":[{"href":"https:\/\/blogs.univ-jfc.fr\/inscriptions-rodez\/wp-json\/wp\/v2\/types\/page"}],"author":[{"embeddable":true,"href":"https:\/\/blogs.univ-jfc.fr\/inscriptions-rodez\/wp-json\/wp\/v2\/users\/242"}],"replies":[{"embeddable":true,"href":"https:\/\/blogs.univ-jfc.fr\/inscriptions-rodez\/wp-json\/wp\/v2\/comments?post=39"}],"version-history":[{"count":9,"href":"https:\/\/blogs.univ-jfc.fr\/inscriptions-rodez\/wp-json\/wp\/v2\/pages\/39\/revisions"}],"predecessor-version":[{"id":412,"href":"https:\/\/blogs.univ-jfc.fr\/inscriptions-rodez\/wp-json\/wp\/v2\/pages\/39\/revisions\/412"}],"up":[{"embeddable":true,"href":"https:\/\/blogs.univ-jfc.fr\/inscriptions-rodez\/wp-json\/wp\/v2\/pages\/18"}],"wp:attachment":[{"href":"https:\/\/blogs.univ-jfc.fr\/inscriptions-rodez\/wp-json\/wp\/v2\/media?parent=39"}],"curies":[{"name":"wp","href":"https:\/\/api.w.org\/{rel}","templated":true}]}}