{"id":9,"date":"2023-04-03T10:56:22","date_gmt":"2023-04-03T08:56:22","guid":{"rendered":"http:\/\/blogs.univ-jfc.fr\/inscriptions-rodez\/?page_id=9"},"modified":"2025-07-18T15:44:19","modified_gmt":"2025-07-18T13:44:19","slug":"contact","status":"publish","type":"page","link":"https:\/\/blogs.univ-jfc.fr\/inscriptions-rodez\/contact\/","title":{"rendered":"Contact"},"content":{"rendered":"\n<p>Si vous avez des questions, vous pouvez contacter la hotline :<\/p>\n\n\n\n<p class=\"fleche\"><strong>Campus de Rodez<\/strong>: hotline ouverte du 28 ao\u00fbt au 4 septembre de 9h \u00e0 16h30 non stop (jours ouvr\u00e9s).<\/p>\n\n\n\n<ul><li>Hotline : 05 65 73 36 53<\/li><\/ul>\n\n\n\n<p><\/p>\n","protected":false},"excerpt":{"rendered":"<p>Si vous avez des questions, vous pouvez contacter la hotline : Campus de Rodez: hotline ouverte du 28 ao\u00fbt au 4 septembre de 9h \u00e0 16h30 non stop (jours ouvr\u00e9s). Hotline : 05 65 73 36 53<\/p>\n","protected":false},"author":242,"featured_media":0,"parent":0,"menu_order":0,"comment_status":"closed","ping_status":"closed","template":"","meta":[],"_links":{"self":[{"href":"https:\/\/blogs.univ-jfc.fr\/inscriptions-rodez\/wp-json\/wp\/v2\/pages\/9"}],"collection":[{"href":"https:\/\/blogs.univ-jfc.fr\/inscriptions-rodez\/wp-json\/wp\/v2\/pages"}],"about":[{"href":"https:\/\/blogs.univ-jfc.fr\/inscriptions-rodez\/wp-json\/wp\/v2\/types\/page"}],"author":[{"embeddable":true,"href":"https:\/\/blogs.univ-jfc.fr\/inscriptions-rodez\/wp-json\/wp\/v2\/users\/242"}],"replies":[{"embeddable":true,"href":"https:\/\/blogs.univ-jfc.fr\/inscriptions-rodez\/wp-json\/wp\/v2\/comments?post=9"}],"version-history":[{"count":12,"href":"https:\/\/blogs.univ-jfc.fr\/inscriptions-rodez\/wp-json\/wp\/v2\/pages\/9\/revisions"}],"predecessor-version":[{"id":433,"href":"https:\/\/blogs.univ-jfc.fr\/inscriptions-rodez\/wp-json\/wp\/v2\/pages\/9\/revisions\/433"}],"wp:attachment":[{"href":"https:\/\/blogs.univ-jfc.fr\/inscriptions-rodez\/wp-json\/wp\/v2\/media?parent=9"}],"curies":[{"name":"wp","href":"https:\/\/api.w.org\/{rel}","templated":true}]}}