{"id":10,"date":"2021-05-21T15:36:23","date_gmt":"2021-05-21T13:36:23","guid":{"rendered":"https:\/\/blogs.univ-jfc.fr\/inscriptions\/?page_id=10"},"modified":"2025-09-05T08:37:56","modified_gmt":"2025-09-05T06:37:56","slug":"accueil","status":"publish","type":"page","link":"https:\/\/blogs.univ-jfc.fr\/inscriptions\/","title":{"rendered":"Guide des inscriptions 2025"},"content":{"rendered":"\n<p>Pour toute demande concernant les inscriptions administratives, merci de contacter le service scolarit\u00e9 g\u00e9n\u00e9rale par mail: scolarite-generale-albi@univ-jfc.fr<\/p>\n\n\n\n<p><\/p>\n\n\n\n<p><\/p>\n","protected":false},"excerpt":{"rendered":"<p>Pour toute demande concernant les inscriptions administratives, merci de contacter le service scolarit\u00e9 g\u00e9n\u00e9rale par mail: scolarite-generale-albi@univ-jfc.fr<\/p>\n","protected":false},"author":242,"featured_media":0,"parent":0,"menu_order":0,"comment_status":"closed","ping_status":"closed","template":"","meta":[],"_links":{"self":[{"href":"https:\/\/blogs.univ-jfc.fr\/inscriptions\/wp-json\/wp\/v2\/pages\/10"}],"collection":[{"href":"https:\/\/blogs.univ-jfc.fr\/inscriptions\/wp-json\/wp\/v2\/pages"}],"about":[{"href":"https:\/\/blogs.univ-jfc.fr\/inscriptions\/wp-json\/wp\/v2\/types\/page"}],"author":[{"embeddable":true,"href":"https:\/\/blogs.univ-jfc.fr\/inscriptions\/wp-json\/wp\/v2\/users\/242"}],"replies":[{"embeddable":true,"href":"https:\/\/blogs.univ-jfc.fr\/inscriptions\/wp-json\/wp\/v2\/comments?post=10"}],"version-history":[{"count":27,"href":"https:\/\/blogs.univ-jfc.fr\/inscriptions\/wp-json\/wp\/v2\/pages\/10\/revisions"}],"predecessor-version":[{"id":1780,"href":"https:\/\/blogs.univ-jfc.fr\/inscriptions\/wp-json\/wp\/v2\/pages\/10\/revisions\/1780"}],"wp:attachment":[{"href":"https:\/\/blogs.univ-jfc.fr\/inscriptions\/wp-json\/wp\/v2\/media?parent=10"}],"curies":[{"name":"wp","href":"https:\/\/api.w.org\/{rel}","templated":true}]}}