{"id":1305,"date":"2023-06-14T15:40:07","date_gmt":"2023-06-14T13:40:07","guid":{"rendered":"https:\/\/blogs.univ-jfc.fr\/inscriptions\/?page_id=1305"},"modified":"2025-06-10T09:43:03","modified_gmt":"2025-06-10T07:43:03","slug":"etudiante-en-situation-de-handicap-ou-ayant-besoin-damenagements","status":"publish","type":"page","link":"https:\/\/blogs.univ-jfc.fr\/inscriptions\/etudiante-en-situation-de-handicap-ou-ayant-besoin-damenagements\/","title":{"rendered":"\u00c9TUDIANT(E) EN SITUATION DE HANDICAP OU AYANT BESOIN D&rsquo;AM\u00c9NAGEMENTS"},"content":{"rendered":"\n<p>Si vous \u00eates en situation de handicap, porteur d&rsquo;une maladie invalidante ou si vous pr\u00e9sentez un trouble, vous pouvez contacter le service de la Vie \u00c9tudiante qui prendra en charge votre demande d&rsquo;am\u00e9nagement de cursus.<\/p>\n\n\n\n<p>Si vous ne l&rsquo;avez pas d\u00e9j\u00e0 fait, merci de remplir le document intitul\u00e9 \u00ab\u00a0\u00c9tudiant(e) \u00e0 besoins particuliers\u00a0\u00bb (qui vous indique la proc\u00e9dure \u00e0 suivre) que vous trouverez <a href=\"http:\/\/blogs.univ-jfc.fr\/inscriptions\/wp-content\/uploads\/sites\/88\/2025\/06\/Etudiante-a-besoins-particuliers-2025-2026-version-numerique.pdf\">ici<\/a>.<br><\/p>\n\n\n\n<p>05 63 48 17 86<\/p>\n\n\n\n<p><a href=\"mailto:vie-etudiante-albi@univ-jfc.fr\">vie-etudiante-albi@univ-jfc.fr<\/a><\/p>\n","protected":false},"excerpt":{"rendered":"<p>Si vous \u00eates en situation de handicap, porteur d&rsquo;une maladie invalidante ou si vous pr\u00e9sentez un trouble, vous pouvez contacter le service de la Vie \u00c9tudiante qui prendra en charge votre demande d&rsquo;am\u00e9nagement de cursus. Si vous ne l&rsquo;avez pas d\u00e9j\u00e0 fait, merci de remplir le document intitul\u00e9 \u00ab\u00a0\u00c9tudiant(e) \u00e0 besoins particuliers\u00a0\u00bb (qui vous indique [&hellip;]<\/p>\n","protected":false},"author":816,"featured_media":0,"parent":0,"menu_order":0,"comment_status":"closed","ping_status":"closed","template":"","meta":[],"_links":{"self":[{"href":"https:\/\/blogs.univ-jfc.fr\/inscriptions\/wp-json\/wp\/v2\/pages\/1305"}],"collection":[{"href":"https:\/\/blogs.univ-jfc.fr\/inscriptions\/wp-json\/wp\/v2\/pages"}],"about":[{"href":"https:\/\/blogs.univ-jfc.fr\/inscriptions\/wp-json\/wp\/v2\/types\/page"}],"author":[{"embeddable":true,"href":"https:\/\/blogs.univ-jfc.fr\/inscriptions\/wp-json\/wp\/v2\/users\/816"}],"replies":[{"embeddable":true,"href":"https:\/\/blogs.univ-jfc.fr\/inscriptions\/wp-json\/wp\/v2\/comments?post=1305"}],"version-history":[{"count":8,"href":"https:\/\/blogs.univ-jfc.fr\/inscriptions\/wp-json\/wp\/v2\/pages\/1305\/revisions"}],"predecessor-version":[{"id":1706,"href":"https:\/\/blogs.univ-jfc.fr\/inscriptions\/wp-json\/wp\/v2\/pages\/1305\/revisions\/1706"}],"wp:attachment":[{"href":"https:\/\/blogs.univ-jfc.fr\/inscriptions\/wp-json\/wp\/v2\/media?parent=1305"}],"curies":[{"name":"wp","href":"https:\/\/api.w.org\/{rel}","templated":true}]}}