{"id":438,"date":"2021-06-18T14:18:56","date_gmt":"2021-06-18T12:18:56","guid":{"rendered":"https:\/\/blogs.univ-jfc.fr\/inscriptions\/?page_id=438"},"modified":"2025-05-27T11:00:01","modified_gmt":"2025-05-27T09:00:01","slug":"protection-de-vos-donnees-a-caractere-personnel","status":"publish","type":"page","link":"https:\/\/blogs.univ-jfc.fr\/inscriptions\/protection-de-vos-donnees-a-caractere-personnel\/","title":{"rendered":"Protection de vos donn\u00e9es \u00e0 caract\u00e8re personnel"},"content":{"rendered":"\n<p>La pr\u00e9sente d\u00e9claration fournit des informations sur les traitements de donn\u00e9es personnelles qui accompagnent votre inscription \u00e0 l\u2019\u00ab&nbsp;INU Champollion&nbsp;\u00bb ainsi que sur les mesures de protection qui accompagnent ces traitements.<\/p>\n\n\n\n<h3>Introduction<\/h3>\n\n\n\n<p>L\u2019 \u00ab INU Champollion&nbsp;\u00bb est r\u00e9solu \u00e0 prot\u00e9ger vos donn\u00e9es \u00e0 caract\u00e8re personnel et \u00e0 respecter vos droits, en particulier en ce qui concerne votre vie priv\u00e9e. L\u2019\u00ab&nbsp;INU Champollion&nbsp;\u00bb recueille et traite vos donn\u00e9es dans le cadre du r\u00e8glement (UE) 2016\/679 du Parlement europ\u00e9en et du Conseil du 27 avril 2016, de la directive (UE) 2016\/680 du Parlement europ\u00e9en et du Conseil du 27 avril 2016 et de la Loi n\u00b0 78-17 du 6 janvier 1978 relative \u00e0 l&rsquo;informatique, aux fichiers et aux libert\u00e9s.<\/p>\n\n\n\n<p>La pr\u00e9sente d\u00e9claration explique les raisons des traitements de vos donn\u00e9es \u00e0 caract\u00e8re personnel, la fa\u00e7on dont toutes les donn\u00e9es \u00e0 caract\u00e8re personnel fournies sont recueillies, trait\u00e9es et prot\u00e9g\u00e9es par l\u2019\u00ab&nbsp;INU Champollion&nbsp;\u00bb ou ses partenaires institutionnels, l&rsquo;usage qui en est fait et les droits que vous pouvez exercer les concernant. Elle indique les coordonn\u00e9es du responsable du traitement des donn\u00e9es avec qui prendre contact pour exercer vos droits, du d\u00e9l\u00e9gu\u00e9 \u00e0 la protection des donn\u00e9es et de l\u2019autorit\u00e9 fran\u00e7aise de protection des donn\u00e9es.<\/p>\n\n\n\n<h3>Responsable du traitement<\/h3>\n\n\n\n<p>Pour l\u2019ensemble des traitements de donn\u00e9es pr\u00e9sent\u00e9s ci-dessous, le responsable des traitements est l\u2019\u00ab&nbsp;Institut National Universitaire Champollion&nbsp;\u00bb (\u00ab&nbsp;INU Champollion&nbsp;\u00bb) repr\u00e9sent\u00e9 par sa directrice, Mme C. Farenc.<\/p>\n\n\n\n<h3>D\u00e9signation des traitements<\/h3>\n\n\n\n<p>Les traitements ci-dessous sont n\u00e9cessaires \u00e0 la r\u00e9alisation des activit\u00e9s p\u00e9dagogiques ou p\u00e9ri-universitaires des \u00e9tudiants de l\u2019\u00ab&nbsp;INU Champollion&nbsp;\u00bb, au suivi de ces activit\u00e9s et \u00e0 la r\u00e9alisation des actes administratifs aff\u00e9rents. L\u2019\u00ab&nbsp;INU Champollion&nbsp;\u00bb traite ces donn\u00e9es dans les limites de la mission de service public d\u2019enseignement sup\u00e9rieur et de recherche qui lui est d\u00e9volue.<\/p>\n\n\n\n<h3>Personnes concern\u00e9es<\/h3>\n\n\n\n<p>Les personnes concern\u00e9es par les traitements sont les \u00e9tudiants b\u00e9n\u00e9ficiant d\u2019une inscription administrative \u00e0 l\u2019\u00ab&nbsp;INU Champollion&nbsp;\u00bb, quelque soit leur r\u00e9gime d\u2019inscription \u2013 formation initiale, formation continue ou formation d\u2019apprentis \u2013 et ind\u00e9pendamment de leur nationalit\u00e9 ou de leur lieu de r\u00e9sidence.<\/p>\n\n\n\n<h3>Quels sont vos droits et comment les exercer&nbsp;?<\/h3>\n\n\n\n<p>Toute personne concern\u00e9e par les traitement peut, \u00e0 tout moment, exercer les droits suivants&nbsp;:<\/p>\n\n\n\n<ul><li>obtenir des informations sur les donn\u00e9es \u00e0 caract\u00e8res personnels la concernant que l\u2019\u00ab&nbsp;INU Champollion&nbsp;\u00bb traite ou stocke ainsi que les finalit\u00e9s de ces traitements ou de ces stockages&nbsp;;<\/li><li>acc\u00e9der aux donn\u00e9es \u00e0 caract\u00e8re personnel qui la concerne&nbsp;;<\/li><li>rectifier ou faire rectifier, le cas \u00e9ch\u00e9ant, les donn\u00e9es \u00e0 caract\u00e8re personnel erron\u00e9es&nbsp;;<\/li><li>demander \u00e0 l\u2019\u00ab&nbsp;INU Champollion&nbsp;\u00bb l\u2019exercice de ses droits et introduire une r\u00e9clamation aupr\u00e8s de l\u2019autorit\u00e9 de protection de donn\u00e9es en cas de non-r\u00e9ponse \u00e0 l\u2019expiration d\u2019un d\u00e9lai d\u2019un mois&nbsp;;<\/li><li>introduire une r\u00e9clamation aupr\u00e8s de l\u2019autorit\u00e9 de protection de donn\u00e9es en cas de constat de manquement de l\u2019\u00ab&nbsp;INU Champollion&nbsp;\u00bb \u00e0 la l\u00e9gislation ou la r\u00e9glementation applicable.<\/li><\/ul>\n\n\n\n<p><strong>Contacts<\/strong><\/p>\n\n\n\n<p>Afin d\u2019exercer ses droits toute personne concern\u00e9e peut s\u2019adresser au service de la scolarit\u00e9 g\u00e9n\u00e9rale (\u00ab<a href=\"mailto:scolarite.generale@univ-fc.fr\">scolarite.generale@univ-fc.fr<\/a>\u00bb) ou, en cas de conflit, au d\u00e9l\u00e9gu\u00e9 \u00e0 la protection des donn\u00e9es de l\u2019\u00e9tablissement (\u00ab<a href=\"mailto:dpo@univ-fc.fr\">dpo@univ-fc.fr<\/a>\u00bb).<\/p>\n\n\n\n<p>Le site de l\u2019autorit\u00e9 de protection des donn\u00e9es fran\u00e7aise est accessible \u00e0 l\u2019adresse \u00ab&nbsp;<a href=\"https:\/\/www.cnil.fr\/\">https:\/\/www.cnil.fr<\/a>&nbsp;\u00bb.<\/p>\n\n\n\n<h3>Combien de temps conserverons-nous vos donn\u00e9es&nbsp;?<\/h3>\n\n\n\n<p>Les donn\u00e9es \u00e0 caract\u00e8re personnel trait\u00e9es concernent l\u2019\u00e9tudiant ainsi que ses activit\u00e9s durant sa formation au sein de l\u2019\u00ab&nbsp;INU Champollion&nbsp;\u00bb, ces donn\u00e9es peuvent \u00eatre trait\u00e9es ou stock\u00e9es sous forme num\u00e9rique ou sous forme papier.<\/p>\n\n\n\n<p>Sous forme papier, les donn\u00e9es stock\u00e9es seront conserv\u00e9es 3 ann\u00e9es \u00e0 disposition directe des personnels habilit\u00e9s. Ces documents papiers seront archiv\u00e9s 7 ann\u00e9es apr\u00e8s la derni\u00e8re inscription de l\u2019\u00e9tudiant.<\/p>\n\n\n\n<p>Sous forme num\u00e9rique, les donn\u00e9es stock\u00e9es seront conserv\u00e9es 3 ann\u00e9es en base active, directement accessible par l\u2019ensemble des personnes habilit\u00e9es, elles seront ensuite vers\u00e9es dans une base d\u2019archivage o\u00f9 elle seront conserv\u00e9es durant 7 ann\u00e9es avant d\u2019\u00eatre effac\u00e9es&nbsp;;<\/p>\n\n\n\n<p>Un r\u00e9capitulatif de votre situation administrative et p\u00e9dagogique sera conserv\u00e9 50 ans \u00e0 compter de la date de votre derni\u00e8re inscription dans l&rsquo;\u00e9tablissement.<\/p>\n\n\n\n<h3>Pourquoi et comment traitons-nous vos donn\u00e9es&nbsp;?<\/h3>\n\n\n\n<p>Les donn\u00e9es sont collect\u00e9es pour les finalit\u00e9s d\u00e9termin\u00e9es et explicites suivantes&nbsp;:<\/p>\n\n\n\n<ul><li>gestion administrative et p\u00e9dagogique des \u00e9tudiants de l\u2019\u00ab&nbsp;INU Champollion&nbsp;\u00bb afin d\u2019assurer les activit\u00e9s suivantes&nbsp;:<\/li><\/ul>\n\n\n\n<ul><li>gestion des inscription administrative et p\u00e9dagogique des \u00e9tudiants&nbsp;;<\/li><li>gestion des paiements et des remboursements de droits&nbsp;;<\/li><li>pr\u00e9paration des sessions d\u2019examens&nbsp;;<\/li><li>gestion des \u00e9preuves et de l&rsquo;ensemble des activit\u00e9s d&rsquo;\u00e9valuation&nbsp;;<\/li><li>gestion des travaux de recherche des \u00e9tudiants (th\u00e8ses, m\u00e9moires, autres travaux) et leur exploitation, des habilitations \u00e0 diriger des recherches&nbsp;;<\/li><li>mise en \u0153uvre d\u2019un pilotage administratif et p\u00e9dagogique \u00e0 partir d&rsquo;un outil de requ\u00eates ou d&rsquo;\u00e9dition de bases de donn\u00e9es&nbsp;;<\/li><li>mise \u00e0 disposition d\u2019un espace num\u00e9rique de travail (\u00ab&nbsp;ent&nbsp;\u00bb) fournissant un point d\u2019entr\u00e9e mutualis\u00e9 \u00e0 un ensemble de services num\u00e9riques <sup><a href=\"#sdfootnote1sym\"><sup>1<\/sup><\/a><\/sup>&nbsp;;<\/li><li>r\u00e9alisation de remont\u00e9es d\u2019informations nominatives aux services habilit\u00e9s du minist\u00e8re de tutelle, charg\u00e9 de l\u2019enseignement sup\u00e9rieur&nbsp;;<\/li><li>mise en \u0153uvre d\u2019enqu\u00eates sur les conditions de vie des \u00e9tudiants, d&rsquo;une part, sur leur parcours et leur insertion, d&rsquo;autre part, conform\u00e9ment aux textes l\u00e9gislatifs et r\u00e9glementaires en vigueur&nbsp;;<\/li><li>r\u00e9alisation d\u2019une carte d\u2018\u00e9tudiant incluant les services de paiement d\u00e9mat\u00e9rialis\u00e9s du crous (base l\u00e9gale&nbsp;: int\u00e9r\u00eat l\u00e9gitime)&nbsp;;<\/li><li>organisation des \u00e9lections statutaires au sein de l&rsquo;\u00e9tablissement ou de la \u00ab&nbsp;comue universit\u00e9 f\u00e9d\u00e9rale de Toulouse Midi-Pyr\u00e9n\u00e9es&nbsp;\u00bb&nbsp;;<\/li><li>r\u00e9alisation de remont\u00e9es d\u2019informations nominatives \u00e0 la \u00ab&nbsp;comue universit\u00e9 f\u00e9d\u00e9rale de Toulouse Midi-Pyr\u00e9n\u00e9es\u00bb.<\/li><\/ul>\n\n\n\n<h3>Quelles sont les bases juridiques du traitement de vos donn\u00e9es&nbsp;?<\/h3>\n\n\n\n<p>Nous traitons vos donn\u00e9es \u00e0 caract\u00e8re personnel, car&nbsp;:<\/p>\n\n\n\n<ul><li>le traitement est n\u00e9cessaire \u00e0 l\u2019ex\u00e9cution d\u2019une mission d\u2019int\u00e9r\u00eat public ou relevant de l\u2019autorit\u00e9 publique dont est investi l\u2019\u00ab&nbsp;INU Champollion&nbsp;\u00bb&nbsp;;<\/li><li>le traitement est une obligation l\u00e9gale \u00e0 laquelle l\u2019\u00ab&nbsp;INU Champollion&nbsp;\u00bb doit se conformer.<\/li><\/ul>\n\n\n\n<h3>Cat\u00e9gories de donn\u00e9es \u00e0 caract\u00e8re personnel trait\u00e9es&nbsp;:<\/h3>\n\n\n\n<p><strong>Doonn\u00e9es relatives \u00e0 l\u2019\u00e9tudiant&nbsp;<\/strong>:<\/p>\n\n\n\n<ul><li>identifiant national \u00e9l\u00e8ve, \u00e9tudiant ou apprenti (ine)&nbsp;;<\/li><li>identit\u00e9 (nom, pr\u00e9noms)&nbsp;;<\/li><li>civilit\u00e9, sexe, date et lieu de naissance, nationalit\u00e9 ;<\/li><li>adresse, num\u00e9ro de t\u00e9l\u00e9phone fixe ou mobile, adresse de courrier \u00e9lectronique&nbsp;;<\/li><li>photographie (sous r\u00e9serve d&rsquo;un consentement expr\u00e8s)&nbsp;;<\/li><li>situation sociale, situation familiale, situation militaire, logement, vie professionnelle&nbsp;;<\/li><li>situation financi\u00e8re (salari\u00e9, boursier), professions et cat\u00e9gories socioprofessionnelles ;<\/li><li>notes obtenues par l&rsquo;\u00e9tudiant : toute note obtenue par l&rsquo;\u00e9tudiant au cours de son cursus quelle que soit la discipline, et que seuls les enseignants concern\u00e9s sont habilit\u00e9s \u00e0 conna\u00eetre&nbsp;;<\/li><li>nature des \u00e9quipements et des services n\u00e9cessaires \u00e0 la prise en charge d&rsquo;un handicap \u00e9ventuel.<\/li><\/ul>\n\n\n\n<p><strong>Donn\u00e9es relative aux parents<\/strong>&nbsp;:<\/p>\n\n\n\n<ul><li>professions et cat\u00e9gories socioprofessionnelles des parents.<\/li><\/ul>\n\n\n\n<p><strong>Donn\u00e9es relative aux modalit\u00e9s d\u2019entr\u00e9e dans l\u2019enseignement sup\u00e9rieur<\/strong>, l\u2019inscription \u00e0 une formation ou \u00e0 un dipl\u00f4me&nbsp;:<\/p>\n\n\n\n<ul><li>justificatif n\u00e9cessaire \u00e0 l\u2019inscription en premi\u00e8re ann\u00e9e&nbsp;;<\/li><li>justificatif n\u00e9cessaire \u00e0 l\u2019inscription \u00e0 un autre dipl\u00f4me ou dans une autre ann\u00e9e d\u2019\u00e9tude.<\/li><\/ul>\n\n\n\n<h3>Personnels de l\u2019\u00e9tablissement habilit\u00e9s \u00e0 acc\u00e9der aux donn\u00e9es<\/h3>\n\n\n\n<ul><li>agents habilit\u00e9s des services de la direction ou de l\u2019agence comptable de l\u2019\u00e9tablissement&nbsp;;<\/li><li>agents habilit\u00e9s des services de la scolarit\u00e9 centrale, des composantes et services communs tels qu&rsquo;ils sont d\u00e9finis aux articles L. 713-1 et L. 714-1 du code de l&rsquo;\u00e9ducation&nbsp;;<\/li><li>agents habilit\u00e9s de tout autre service universitaire ou interuniversitaire de gestion des enseignements et activit\u00e9s p\u00e9riscolaires propos\u00e9s \u00e0 l&rsquo;\u00e9tudiant&nbsp;;<\/li><li>agents habilit\u00e9s du corps professoral susceptible d&rsquo;acc\u00e9der aux informations relatives \u00e0 la saisie des notes&nbsp;;<\/li><li>agents habilit\u00e9s du service en charge de la gestion des bases de donn\u00e9es de l\u2019\u00e9tablissement<\/li><li>agent habilit\u00e9s du service en charge de l\u2019exploitation des ressources informatiques en ce qui concerne les traces d\u2019activit\u00e9s num\u00e9riques (journalisation d\u2019activit\u00e9 des services num\u00e9riques).<\/li><\/ul>\n\n\n\n<h3>Organismes ext\u00e9rieurs destinataires des donn\u00e9es&nbsp;:<\/h3>\n\n\n\n<p><strong>Organismes publics ext\u00e9rieurs&nbsp;dans le cadre de la structure interuniversitaire \u00ab&nbsp;COMUE universit\u00e9 f\u00e9d\u00e9rale de Toulouse&nbsp;\u00bb, de la gestion des ressources documentaires ou des centres des \u0153uvres universitaires et scolaires<\/strong><\/p>\n\n\n\n<ul><li>agent habilit\u00e9s du cnous ou du \u00ab&nbsp;crous Toulouse Occitanie&nbsp;\u00bb&nbsp;;<\/li><li>agents habilit\u00e9s de la \u00ab&nbsp;comue universit\u00e9 f\u00e9d\u00e9rale de Toulouse&nbsp;\u00bb en ce qui concerne les traitements relatifs aux inscriptions et aux r\u00e9sultats des \u00e9tudiants de l\u2019\u00ab&nbsp;INU Champollion&nbsp;\u00bb&nbsp;;<\/li><li>agents habilit\u00e9s de la \u00ab&nbsp;comue universit\u00e9 f\u00e9d\u00e9rale de Toulouse&nbsp;\u00bb en ce qui concerne la teneur des \u00e9changes num\u00e9riques r\u00e9alis\u00e9s au travers de la plate-forme \u00ab&nbsp;scout&nbsp;\u00bb&nbsp;;<\/li><li>agents habilit\u00e9s du service interuniversitaire de coop\u00e9ration documentaire (sicd).<\/li><\/ul>\n\n\n\n<p><strong>Organismes publics ou priv\u00e9s ext\u00e9rieurs partenaires de l\u2019\u00e9tablissement <\/strong><em><strong>uniquement<\/strong><\/em><strong> dans le cadre de conventions de formation ou bien d\u2019accueil de stagiaires.<\/strong><\/p>\n\n\n\n<p><strong>Organismes public ext\u00e9rieurs dans le cadre de la f\u00e9d\u00e9ration d\u2019identit\u00e9<\/strong><\/p>\n\n\n\n<ul><li>agents habilit\u00e9s de \u00ab&nbsp;renater&nbsp;\u00bb en ce qui concerne la journalisation des activit\u00e9s de la \u00ab&nbsp;f\u00e9d\u00e9ration d\u2019identit\u00e9 enseignement recherche&nbsp;\u00bb.<\/li><\/ul>\n\n\n\n<p><strong>Autres organismes ext\u00e9rieurs de droit priv\u00e9 ou de droit publi<\/strong>c, fournisseurs de services num\u00e9riques dans le cadre de la \u00ab&nbsp;f\u00e9d\u00e9ration d\u2019identit\u00e9 enseignement recherche&nbsp;\u00bb, uniquement pour fournir les services num\u00e9riques en ligne d\u00e9finis par cette f\u00e9d\u00e9ration<\/p>\n\n\n\n<p><strong>Autres organismes publics destinataires des donn\u00e9es<\/strong>&nbsp;:<\/p>\n\n\n\n<ul><li>agents habilit\u00e9s de l\u2019\u00ab&nbsp;Observatoire de la vie \u00e9tudiante&nbsp;\u00bb&nbsp;;<\/li><li>agents habilit\u00e9s du \u00ab&nbsp;Cereq ou tout autre service statistique public&nbsp;\u00bb conform\u00e9ment \u00e0 la loi n\u00b0 51-711 du 7 juin 1951 sur l&rsquo;obligation, la coordination et le secret en mati\u00e8re de statistiques ;<\/li><li>agents habilit\u00e9s de la tr\u00e9sorerie g\u00e9n\u00e9rale&nbsp;;<\/li><li>agents habilit\u00e9s de l\u2019agence bibliographique de l\u2019enseignement sup\u00e9rieur&nbsp;;<\/li><li>agents habilit\u00e9s du service Parcoursup.<\/li><\/ul>\n\n\n\n<h3>Autorit\u00e9s judiciaires<\/h3>\n\n\n\n<p>Conform\u00e9ment \u00e0 la loi, les autorit\u00e9s judiciaires requises par le procureur de la r\u00e9publique pourront obtenir les renseignements \u00e0 caract\u00e8re personnel mentionn\u00e9es par l\u2019ordre de r\u00e9quisition.<\/p>\n\n\n\n<h3>Conventions de formation<\/h3>\n\n\n\n<p>Les conventions de formation qui d\u00e9terminent des traitements de donn\u00e9es personnelles par des organismes ext\u00e9rieurs \u00e0 l\u2019\u00ab&nbsp;INU Champollion&nbsp;\u00bb d\u00e9pendent de la formation pour laquelle vous demandez une inscription administrative.<\/p>\n\n\n\n<p>Les donn\u00e9es personnelles vous concernant qui sont trait\u00e9es dans le cadre de cette convention de formation peuvent vous \u00eatre fournies par le service de scolarit\u00e9 administrative en charge de votre inscription (\u00ab<a href=\"mailto:scolarite.generale@univ-fc.fr\">scolarite.generale@univ-fc.fr<\/a>\u00bb). Vous pouvez aussi doubler, pour suivi, votre demande au d\u00e9l\u00e9gu\u00e9 \u00e0 la protection des donn\u00e9es de l\u2019\u00e9tablissement (\u00ab<a href=\"mailto:dpo@univ-fc.fr\">dpo@univ-jfc.fr<\/a>\u00bb).<\/p>\n\n\n\n<h3>Convention d\u2019accueil de stagiaires<\/h3>\n\n\n\n<p>Les conventions d\u2019accueil de stagiaires qui d\u00e9terminent des traitements de donn\u00e9es personnelles par des organismes ext\u00e9rieurs \u00e0 l\u2019\u00ab&nbsp;INU Champollion&nbsp;\u00bb d\u00e9pendent de l\u2019organisme qui vous accueille dans le cadre d\u2019un stage.<\/p>\n\n\n\n<p>Les donn\u00e9es personnelles vous concernant qui sont trait\u00e9es dans le cadre de cette convention de stage vous seront fournie par le service administratif en charge du suivi de votre stage (\u00ab<a href=\"mailto:scolarite.generale@univ-fc.fr\">guichet-unique@univ-fc.fr<\/a>\u00bb). Vous pouvez aussi doubler, pour suivi, votre demande au d\u00e9l\u00e9gu\u00e9 \u00e0 la protection des donn\u00e9es de l\u2019\u00e9tablissement (\u00ab<a href=\"mailto:dpo@univ-fc.fr\">dpo@univ-jfc.fr<\/a>\u00bb).<\/p>\n\n\n\n<h3>Textes et r\u00e8glements applicables&nbsp;:<\/h3>\n\n\n\n<ul><li><a href=\"https:\/\/www.cnil.fr\/fr\/la-loi-informatique-et-libertes\">Loi informatique et libert\u00e9s<\/a> modifi\u00e9e int\u00e9grant le r\u00e8glement g\u00e9n\u00e9ral UE sur la protection des donn\u00e9es (RGPD 2016) et transposant la directive (ePrivacy 2002)&nbsp;;<ul><li>Directive 2002\/58\/CE du Parlement europ\u00e9en et du Conseil du 12 juillet 2002 concernant le traitement des donn\u00e9es \u00e0 caract\u00e8re personnel et la protection de la vie priv\u00e9e dans le secteur des communications \u00e9lectroniques, modifi\u00e9e par la directive 2009\/136\/CE&nbsp;;<\/li><li>R\u00e8glement (ue) 2016\/679 du Parlement Europ\u00e9en et du Conseil du 27 avril 2016 relatif \u00e0 la protection des personnes physiques \u00e0 l&rsquo;\u00e9gard du traitement des donn\u00e9es \u00e0 caract\u00e8re personnel et \u00e0 la libre circulation de ces donn\u00e9es&nbsp;;<\/li><\/ul><\/li><li><a href=\"https:\/\/www.legifrance.gouv.fr\/codes\/texte_lc\/LEGITEXT000006071191\">Code de l\u2019\u00e9ducation<\/a>, en particulier <a href=\"https:\/\/www.legifrance.gouv.fr\/codes\/section_lc\/LEGITEXT000006071191\/LEGISCTA000006120391\/#LEGISCTA000042813280\">sa troisi\u00e8me partie<\/a>, relative \u00e0 l\u2019enseignement sup\u00e9rieur et la recherche&nbsp;;<\/li><li><a href=\"https:\/\/www.legifrance.gouv.fr\/loda\/id\/LEGITEXT000006054889\/\">Arr\u00eat\u00e9 du 30 novembre 2006<\/a> portant cr\u00e9ation, au sein du minist\u00e8re de l&rsquo;\u00e9ducation nationale, de l&rsquo;enseignement sup\u00e9rieur et de la recherche, d&rsquo;un traitement de donn\u00e9es \u00e0 caract\u00e8re personnel relatif aux espaces num\u00e9riques de travail (ent)&nbsp;;<\/li><li><a href=\"https:\/\/www.legifrance.gouv.fr\/loda\/id\/JORFTEXT000025554438\/\">Arr\u00eat\u00e9 du 16 f\u00e9vrier 2012<\/a> portant cr\u00e9ation d&rsquo;un traitement d\u00e9nomm\u00e9 \u00ab r\u00e9pertoire national des identifiants \u00e9l\u00e8ves, \u00e9tudiants et apprentis \u00bb (ine) &nbsp;;<\/li><li><a href=\"https:\/\/www.legifrance.gouv.fr\/loda\/id\/JORFTEXT000037359616\/\">Arr\u00eat\u00e9 du 30 juillet 2018<\/a> portant cr\u00e9ation par le minist\u00e8re de l&rsquo;enseignement sup\u00e9rieur, de la recherche et de l&rsquo;innovation d&rsquo;un traitement automatis\u00e9 de donn\u00e9es \u00e0 caract\u00e8re personnel d\u00e9nomm\u00e9 \u00ab Syst\u00e8me d&rsquo;information sur le suivi des \u00e9tudiants \u00bb (sise)&nbsp;;<\/li><li><a href=\"https:\/\/www.legifrance.gouv.fr\/loda\/id\/JORFTEXT000030717234\/2021-06-14\/\">D\u00e9cret du 10 juin 2015<\/a> portant approbation des statuts de la comue \u00ab Universit\u00e9 f\u00e9d\u00e9rale de Toulouse Midi-Pyr\u00e9n\u00e9es \u00bb (uftmip).<\/li><\/ul>\n\n\n\n<p><a href=\"#sdfootnote1anc\">1<\/a>Certains de ces services pouvant \u00eatre accessibles directement, sans passage oblig\u00e9 par l\u2019\u00ab&nbsp;ent&nbsp;\u00bb.<\/p>\n","protected":false},"excerpt":{"rendered":"<p>La pr\u00e9sente d\u00e9claration fournit des informations sur les traitements de donn\u00e9es personnelles qui accompagnent votre inscription \u00e0 l\u2019\u00ab&nbsp;INU Champollion&nbsp;\u00bb ainsi que sur les mesures de protection qui accompagnent ces traitements. Introduction L\u2019 \u00ab INU Champollion&nbsp;\u00bb est r\u00e9solu \u00e0 prot\u00e9ger vos donn\u00e9es \u00e0 caract\u00e8re personnel et \u00e0 respecter vos droits, en particulier en ce qui concerne [&hellip;]<\/p>\n","protected":false},"author":242,"featured_media":0,"parent":0,"menu_order":0,"comment_status":"closed","ping_status":"closed","template":"","meta":[],"_links":{"self":[{"href":"https:\/\/blogs.univ-jfc.fr\/inscriptions\/wp-json\/wp\/v2\/pages\/438"}],"collection":[{"href":"https:\/\/blogs.univ-jfc.fr\/inscriptions\/wp-json\/wp\/v2\/pages"}],"about":[{"href":"https:\/\/blogs.univ-jfc.fr\/inscriptions\/wp-json\/wp\/v2\/types\/page"}],"author":[{"embeddable":true,"href":"https:\/\/blogs.univ-jfc.fr\/inscriptions\/wp-json\/wp\/v2\/users\/242"}],"replies":[{"embeddable":true,"href":"https:\/\/blogs.univ-jfc.fr\/inscriptions\/wp-json\/wp\/v2\/comments?post=438"}],"version-history":[{"count":13,"href":"https:\/\/blogs.univ-jfc.fr\/inscriptions\/wp-json\/wp\/v2\/pages\/438\/revisions"}],"predecessor-version":[{"id":1681,"href":"https:\/\/blogs.univ-jfc.fr\/inscriptions\/wp-json\/wp\/v2\/pages\/438\/revisions\/1681"}],"wp:attachment":[{"href":"https:\/\/blogs.univ-jfc.fr\/inscriptions\/wp-json\/wp\/v2\/media?parent=438"}],"curies":[{"name":"wp","href":"https:\/\/api.w.org\/{rel}","templated":true}]}}