{"id":63,"date":"2022-11-22T14:17:43","date_gmt":"2022-11-22T13:17:43","guid":{"rendered":"https:\/\/blogs.univ-jfc.fr\/jeffchampo\/?page_id=63"},"modified":"2024-11-14T12:34:34","modified_gmt":"2024-11-14T11:34:34","slug":"jeff-champo","status":"publish","type":"page","link":"https:\/\/blogs.univ-jfc.fr\/jeffchampo\/","title":{"rendered":"Jeff Champo"},"content":{"rendered":"\n<h2>Jeff Champo on ze Web<\/h2>\n\n\n\n<p class=\"has-drop-cap has-black-color has-red-background-color has-text-color has-background\">Apr\u00e8s avoir publi\u00e9 <a href=\"https:\/\/www.univ-jfc.fr\/culture\/latelier-decriture-jeff-champo\">17 ouvrages<\/a> imprim\u00e9s depuis 2006 (toujours en vente), Jeff Champo exp\u00e9rimente d\u00e9sormais le blog pour la diffusion de ses textes, r\u00e9dig\u00e9s par les \u00e9tudiant-e-s de l\u2019Atelier d\u2019\u00e9criture. Chaque semaine sont donc mises en ligne quelques <a href=\"https:\/\/blogs.univ-jfc.fr\/jeffchampo\/category\/chroniques-du-campus\/\">chroniques d\u00e9cal\u00e9es du campus d\u2019Albi<\/a>&nbsp;: son quotidien, ses espaces, ses rituels, ses visages, ses \u00e9nigmes, ses silhouettes famili\u00e8res ou inconnues. La fac telle qu\u2019on la voit, telle qu\u2019on la vit, ou telle qu\u2019on la r\u00eave.<\/p>\n\n\n\n<p class=\"has-drop-cap has-purple-background-color has-background\">Parall\u00e8lement, les auteurs de Jeff Champo \u0153uvrent quotidiennement \u00e0 diss\u00e9miner plus ou moins clandestinement les ouvrages invendus de leurs pr\u00e9d\u00e9cesseurs, en laissant un exemplaire dans des lieux anonymes et passants \u2013 lavomatique, photomaton ou ascenseur \u2013 ou en le donnant \u00e0 quelqu&rsquo;un, en le glissant dans sa bo\u00eete aux lettres ou dans son panier un jour de march\u00e9. Tel un vol \u00e0 l&rsquo;envers. Comme on jette une bouteille \u00e0 la mer, pr\u00e9f\u00e9rant les al\u00e9as du large au confinement du stock. C&rsquo;est <em><a href=\"https:\/\/blogs.univ-jfc.fr\/jeffchampo\/category\/ladieu-au-papier\/\">l&rsquo;adieu au papier<\/a><\/em>. Pour que ces livres soient lus. Parce qu&rsquo;ils le m\u00e9ritent. A charge, pour les distributeurs et les semeuses, d&rsquo;immortaliser ce l\u00e2cher de livres, par une photo, par un nouveau texte. Parce que l&rsquo;aventure continue. Parce que l&rsquo;adieu au papier n&rsquo;est pas la fin de l&rsquo;\u00e9criture.<\/p>\n\n\n\n<p class=\"has-drop-cap has-red-background-color has-background\">Jeff Champo aime aussi \u00e0 \u00e9crire en prenant comme <a href=\"https:\/\/fr.wikipedia.org\/wiki\/Hypotexte\" data-type=\"URL\" data-id=\"https:\/\/fr.wikipedia.org\/wiki\/Hypotexte\"><em>hypotexte<\/em> <\/a>&#8211; c&rsquo;est-\u00e0-dire comme point de d\u00e9part, comme mod\u00e8le, ou comme victime &#8211; un texte c\u00e9l\u00e8bre, po\u00e8me classique ou tube de l&rsquo;\u00e9t\u00e9, pour le d\u00e9tourner, l&rsquo;actualiser, le tourner en d\u00e9rision ou lui rendre un hommage ambigu. C&rsquo;est la <a href=\"https:\/\/blogs.univ-jfc.fr\/jeffchampo\/category\/parodies\/\" data-type=\"URL\" data-id=\"https:\/\/blogs.univ-jfc.fr\/jeffchampo\/category\/parodies\/\">parodie<\/a>. <\/p>\n\n\n\n<p class=\"has-drop-cap has-purple-background-color has-background\">La rubrique intitul\u00e9e Objets introuvables est inspir\u00e9e par le <a href=\"https:\/\/www.dicopathe.com\/les-catalogues-de-labsurde-de-jacques-carelman\/\" data-type=\"URL\" data-id=\"https:\/\/www.dicopathe.com\/les-catalogues-de-labsurde-de-jacques-carelman\/\"><em>Catalogue d&rsquo;objets introuvables<\/em><\/a> de Jacques Carelman (Balland, 1975), parodie du catalogue de Manufrance, fac\u00e9tieuse, cocasse, absurde. <\/p>\n\n\n\n<p class=\"has-drop-cap has-red-background-color has-background\">Enfin, une derni\u00e8re rubrique permet de r\u00e9unir les textes personnels et inclassables, dans toute leur diversit\u00e9, collection de voix singuli\u00e8res, de sujets intimes ou d\u00e9cal\u00e9s. C&rsquo;est notre <a href=\"https:\/\/blogs.univ-jfc.fr\/jeffchampo\/category\/le-cabinet-de-curiosites\/\" data-type=\"URL\" data-id=\"https:\/\/blogs.univ-jfc.fr\/jeffchampo\/category\/le-cabinet-de-curiosites\/\">cabinet de curiosit\u00e9s<\/a>. Et toi, lecteur, lectrice, seras-tu curieux, ou curieuse, \u00e0 ta guise ?<\/p>\n\n\n\n<p class=\"has-drop-cap has-black-color has-purple-background-color has-text-color has-background\">Outre les cinq rubriques susnomm\u00e9es, vous pouvez aussi vous balader dans ce blog en utilisant les <strong>\u00e9tiquettes <\/strong>figurant en bas de chaque texte : en cliquant sur une \u00e9tiquette, vous avez acc\u00e8s \u00e0 l&rsquo;ensemble des textes ayant la m\u00eame \u00e9tiquette. Une \u00e9tiquette peut identifier : <\/p>\n\n\n\n<ul class=\"has-purple-background-color has-background\"><li>un \u00e9l\u00e9ment de la vie du campus : examens, restau U, carte Izly, distributeurs, culture, atelier d&rsquo;\u00e9criture, Roger le robot-tondeuse, et moult \u00ab\u00a0communiqu\u00e9s officiels\u00a0\u00bb de premi\u00e8re importance ;<\/li><li>la contrainte qui, dans certains cas, est \u00e0 la source de l&rsquo;\u00e9criture : <a href=\"https:\/\/fr.wikipedia.org\/wiki\/Lipogramme\">lipogramme<\/a> ; <a href=\"https:\/\/fr.wikipedia.org\/wiki\/Tautogramme\">tautogramme<\/a> ; <a href=\"https:\/\/fr.wikipedia.org\/wiki\/Ha%C3%AFku\">ha\u00efku<\/a> ; d\u00e9figement de <a href=\"https:\/\/fr.wiktionary.org\/wiki\/locution_fig%C3%A9e\">locutions fig\u00e9es<\/a> ; <em><a href=\"https:\/\/fr.wikipedia.org\/wiki\/Dorica_castra\">dorica castra<\/a><\/em> (autrement dit, <a href=\"https:\/\/fr.wikipedia.org\/wiki\/Anadiplose\">anadiplose<\/a>, ou marabout de ficelle) ; logo-rallye (texte comprenant une s\u00e9rie de mots impos\u00e9s) ; etc. ;<\/li><li>tel titre d&rsquo;un pr\u00e9c\u00e9dent ouvrage imprim\u00e9 de Jeff Champo, objet d&rsquo;une op\u00e9ration d&rsquo;adieu au papier ;<\/li><li>la signature du texte (la<strong> loupe de recherche<\/strong>,<strong> <\/strong>tout en haut \u00e0 droite de cette page, vous permet elle aussi de r\u00e9unir les textes issus de la m\u00eame plume).<\/li><\/ul>\n","protected":false},"excerpt":{"rendered":"<p>Jeff Champo on ze Web Apr\u00e8s avoir publi\u00e9 17 ouvrages imprim\u00e9s depuis 2006 (toujours en vente), Jeff Champo exp\u00e9rimente d\u00e9sormais le blog pour la diffusion de ses textes, r\u00e9dig\u00e9s par les \u00e9tudiant-e-s de l\u2019Atelier d\u2019\u00e9criture. Chaque semaine sont donc mises en ligne quelques chroniques d\u00e9cal\u00e9es du campus d\u2019Albi&nbsp;: son quotidien, ses espaces, ses rituels, ses&hellip; <a class=\"more-link\" href=\"https:\/\/blogs.univ-jfc.fr\/jeffchampo\/\">Poursuivre la lecture <span class=\"screen-reader-text\">Jeff Champo<\/span><\/a><\/p>\n","protected":false},"author":877,"featured_media":0,"parent":65,"menu_order":1,"comment_status":"open","ping_status":"closed","template":"","meta":[],"_links":{"self":[{"href":"https:\/\/blogs.univ-jfc.fr\/jeffchampo\/wp-json\/wp\/v2\/pages\/63"}],"collection":[{"href":"https:\/\/blogs.univ-jfc.fr\/jeffchampo\/wp-json\/wp\/v2\/pages"}],"about":[{"href":"https:\/\/blogs.univ-jfc.fr\/jeffchampo\/wp-json\/wp\/v2\/types\/page"}],"author":[{"embeddable":true,"href":"https:\/\/blogs.univ-jfc.fr\/jeffchampo\/wp-json\/wp\/v2\/users\/877"}],"replies":[{"embeddable":true,"href":"https:\/\/blogs.univ-jfc.fr\/jeffchampo\/wp-json\/wp\/v2\/comments?post=63"}],"version-history":[{"count":26,"href":"https:\/\/blogs.univ-jfc.fr\/jeffchampo\/wp-json\/wp\/v2\/pages\/63\/revisions"}],"predecessor-version":[{"id":527,"href":"https:\/\/blogs.univ-jfc.fr\/jeffchampo\/wp-json\/wp\/v2\/pages\/63\/revisions\/527"}],"up":[{"embeddable":true,"href":"https:\/\/blogs.univ-jfc.fr\/jeffchampo\/wp-json\/wp\/v2\/pages\/65"}],"wp:attachment":[{"href":"https:\/\/blogs.univ-jfc.fr\/jeffchampo\/wp-json\/wp\/v2\/media?parent=63"}],"curies":[{"name":"wp","href":"https:\/\/api.w.org\/{rel}","templated":true}]}}