{"id":10,"date":"2020-01-27T16:08:00","date_gmt":"2020-01-27T15:08:00","guid":{"rendered":"http:\/\/blogs.univ-jfc.fr\/licencelettres\/?page_id=10"},"modified":"2022-01-26T07:55:10","modified_gmt":"2022-01-26T06:55:10","slug":"performances-poetiques","status":"publish","type":"page","link":"https:\/\/blogs.univ-jfc.fr\/licencelettres\/travaux-encadres-de-recherche\/performances-poetiques\/","title":{"rendered":"TER Performances po\u00e9tiques"},"content":{"rendered":"<p>Au cours du semestre 6, les \u00e9tudiants de troisi\u00e8me ann\u00e9e con\u00e7oivent une\/des performance(s) pr\u00e9sent\u00e9e(s) dans la ville, dans des \u00e9tablissements scolaires et sur le campus dans le cadre de la Semaine de lutte contre le racisme et les discrimination.<\/p>\n<figure id=\"attachment_97\" aria-describedby=\"caption-attachment-97\" style=\"width: 1127px\" class=\"wp-caption alignnone\"><img loading=\"lazy\" class=\"wp-image-97 size-full\" src=\"http:\/\/blogs.univ-jfc.fr\/licencelettres\/wp-content\/uploads\/sites\/80\/2020\/01\/Perfpo-2016.jpg\" alt=\"\" width=\"1127\" height=\"370\" srcset=\"https:\/\/blogs.univ-jfc.fr\/licencelettres\/wp-content\/uploads\/sites\/80\/2020\/01\/Perfpo-2016.jpg 1127w, https:\/\/blogs.univ-jfc.fr\/licencelettres\/wp-content\/uploads\/sites\/80\/2020\/01\/Perfpo-2016-300x98.jpg 300w, https:\/\/blogs.univ-jfc.fr\/licencelettres\/wp-content\/uploads\/sites\/80\/2020\/01\/Perfpo-2016-768x252.jpg 768w, https:\/\/blogs.univ-jfc.fr\/licencelettres\/wp-content\/uploads\/sites\/80\/2020\/01\/Perfpo-2016-1024x336.jpg 1024w\" sizes=\"(max-width: 1127px) 100vw, 1127px\" \/><figcaption id=\"caption-attachment-97\" class=\"wp-caption-text\">Performances po\u00e9tiques 2016<\/figcaption><\/figure>\n<p>&nbsp;<\/p>\n","protected":false},"excerpt":{"rendered":"<p>Au cours du semestre 6, les \u00e9tudiants de troisi\u00e8me ann\u00e9e con\u00e7oivent une\/des performance(s) pr\u00e9sent\u00e9e(s) dans la ville, dans des \u00e9tablissements scolaires et sur le campus dans le cadre de la Semaine de lutte contre le racisme et les discrimination. &nbsp;<\/p>\n","protected":false},"author":729,"featured_media":0,"parent":134,"menu_order":5,"comment_status":"closed","ping_status":"closed","template":"","meta":[],"_links":{"self":[{"href":"https:\/\/blogs.univ-jfc.fr\/licencelettres\/wp-json\/wp\/v2\/pages\/10"}],"collection":[{"href":"https:\/\/blogs.univ-jfc.fr\/licencelettres\/wp-json\/wp\/v2\/pages"}],"about":[{"href":"https:\/\/blogs.univ-jfc.fr\/licencelettres\/wp-json\/wp\/v2\/types\/page"}],"author":[{"embeddable":true,"href":"https:\/\/blogs.univ-jfc.fr\/licencelettres\/wp-json\/wp\/v2\/users\/729"}],"replies":[{"embeddable":true,"href":"https:\/\/blogs.univ-jfc.fr\/licencelettres\/wp-json\/wp\/v2\/comments?post=10"}],"version-history":[{"count":4,"href":"https:\/\/blogs.univ-jfc.fr\/licencelettres\/wp-json\/wp\/v2\/pages\/10\/revisions"}],"predecessor-version":[{"id":315,"href":"https:\/\/blogs.univ-jfc.fr\/licencelettres\/wp-json\/wp\/v2\/pages\/10\/revisions\/315"}],"up":[{"embeddable":true,"href":"https:\/\/blogs.univ-jfc.fr\/licencelettres\/wp-json\/wp\/v2\/pages\/134"}],"wp:attachment":[{"href":"https:\/\/blogs.univ-jfc.fr\/licencelettres\/wp-json\/wp\/v2\/media?parent=10"}],"curies":[{"name":"wp","href":"https:\/\/api.w.org\/{rel}","templated":true}]}}