{"id":111,"date":"2020-01-31T07:41:13","date_gmt":"2020-01-31T06:41:13","guid":{"rendered":"http:\/\/blogs.univ-jfc.fr\/licencelettres\/?page_id=111"},"modified":"2021-06-17T18:17:32","modified_gmt":"2021-06-17T16:17:32","slug":"ter-ecriture-creative","status":"publish","type":"page","link":"https:\/\/blogs.univ-jfc.fr\/licencelettres\/travaux-encadres-de-recherche\/ter-ecriture-creative\/","title":{"rendered":"TER Ecriture cr\u00e9ative"},"content":{"rendered":"<p><img loading=\"lazy\" class=\"alignnone wp-image-112 size-medium\" src=\"http:\/\/blogs.univ-jfc.fr\/licencelettres\/wp-content\/uploads\/sites\/80\/2020\/01\/image-\u00e9criture-cr\u00e9a-300x200.jpg\" alt=\"\" width=\"300\" height=\"200\" srcset=\"https:\/\/blogs.univ-jfc.fr\/licencelettres\/wp-content\/uploads\/sites\/80\/2020\/01\/image-\u00e9criture-cr\u00e9a-300x200.jpg 300w, https:\/\/blogs.univ-jfc.fr\/licencelettres\/wp-content\/uploads\/sites\/80\/2020\/01\/image-\u00e9criture-cr\u00e9a-768x512.jpg 768w, https:\/\/blogs.univ-jfc.fr\/licencelettres\/wp-content\/uploads\/sites\/80\/2020\/01\/image-\u00e9criture-cr\u00e9a.jpg 960w\" sizes=\"(max-width: 300px) 100vw, 300px\" \/><\/p>\n<p>Les Archives d\u00e9partementales du Tarn ouvrent leurs portes aux \u00e9tudiants de troisi\u00e8me ann\u00e9e. Ceux-ci choisissent une archive (document, objet) comme point de d\u00e9part d&rsquo;un projet d&rsquo;\u00e9criture fictionnelle.<\/p>\n<p>Confin\u00e9s \u00e0 l&rsquo;automne 2020, les \u00e9tudiants de L3 ont rencontr\u00e9\u00a0 \u00e0 distance Agn\u00e8s Gros, directrice et programmatrice du festival Lettres d&rsquo;automne et ont cr\u00e9\u00e9 un ouvrage hommage au festival et aux artistes invit\u00e9s : le recueil collecte des \u00e9crits cr\u00e9atifs et critiques inspir\u00e9s par les autrices et auteurs priv\u00e9s, comme nous, de festival.<\/p>\n<p><a href=\"https:\/\/www.confluences.org\/wp-content\/uploads\/2021\/01\/Point-de-rencontres.pdf\"><img src=\"https:\/\/blogs.univ-jfc.fr\/licencelettres\/wp-content\/uploads\/sites\/80\/2020\/01\/Couverture-Pt-de-rencontres-212x300.jpg\" alt=\"https:\/\/blogs.univ-jfc.fr\/licencelettres\/wp-content\/uploads\/sites\/80\/2020\/01\/Couverture-Pt-de-rencontres-212x300.jpg\" \/> \u00a0\u00a0\u00a0\u00a0\u00a0\u00a0\u00a0\u00a0\u00a0\u00a0\u00a0\u00a0\u00a0 D\u00e9couvrez ce travail en cliquant ici.<\/a><\/p>\n\n\n<p><\/p>\n","protected":false},"excerpt":{"rendered":"<p>Les Archives d\u00e9partementales du Tarn ouvrent leurs portes aux \u00e9tudiants de troisi\u00e8me ann\u00e9e. Ceux-ci choisissent une archive (document, objet) comme point de d\u00e9part d&rsquo;un projet d&rsquo;\u00e9criture fictionnelle. Confin\u00e9s \u00e0 l&rsquo;automne 2020, les \u00e9tudiants de L3 ont rencontr\u00e9\u00a0 \u00e0 distance Agn\u00e8s Gros, directrice et programmatrice du festival Lettres d&rsquo;automne et ont cr\u00e9\u00e9 un ouvrage hommage au &hellip; <a href=\"https:\/\/blogs.univ-jfc.fr\/licencelettres\/travaux-encadres-de-recherche\/ter-ecriture-creative\/\" class=\"more-link\">Continuer la lecture de <span class=\"screen-reader-text\">TER Ecriture cr\u00e9ative<\/span> <span class=\"meta-nav\">&rarr;<\/span><\/a><\/p>\n","protected":false},"author":729,"featured_media":0,"parent":134,"menu_order":0,"comment_status":"closed","ping_status":"closed","template":"","meta":[],"_links":{"self":[{"href":"https:\/\/blogs.univ-jfc.fr\/licencelettres\/wp-json\/wp\/v2\/pages\/111"}],"collection":[{"href":"https:\/\/blogs.univ-jfc.fr\/licencelettres\/wp-json\/wp\/v2\/pages"}],"about":[{"href":"https:\/\/blogs.univ-jfc.fr\/licencelettres\/wp-json\/wp\/v2\/types\/page"}],"author":[{"embeddable":true,"href":"https:\/\/blogs.univ-jfc.fr\/licencelettres\/wp-json\/wp\/v2\/users\/729"}],"replies":[{"embeddable":true,"href":"https:\/\/blogs.univ-jfc.fr\/licencelettres\/wp-json\/wp\/v2\/comments?post=111"}],"version-history":[{"count":6,"href":"https:\/\/blogs.univ-jfc.fr\/licencelettres\/wp-json\/wp\/v2\/pages\/111\/revisions"}],"predecessor-version":[{"id":369,"href":"https:\/\/blogs.univ-jfc.fr\/licencelettres\/wp-json\/wp\/v2\/pages\/111\/revisions\/369"}],"up":[{"embeddable":true,"href":"https:\/\/blogs.univ-jfc.fr\/licencelettres\/wp-json\/wp\/v2\/pages\/134"}],"wp:attachment":[{"href":"https:\/\/blogs.univ-jfc.fr\/licencelettres\/wp-json\/wp\/v2\/media?parent=111"}],"curies":[{"name":"wp","href":"https:\/\/api.w.org\/{rel}","templated":true}]}}