{"id":116,"date":"2020-01-31T08:15:29","date_gmt":"2020-01-31T07:15:29","guid":{"rendered":"http:\/\/blogs.univ-jfc.fr\/licencelettres\/?page_id=116"},"modified":"2022-01-26T07:47:35","modified_gmt":"2022-01-26T06:47:35","slug":"ter-diffusion-et-valorisation-de-la-litterature-de-jeunesse","status":"publish","type":"page","link":"https:\/\/blogs.univ-jfc.fr\/licencelettres\/travaux-encadres-de-recherche\/ter-diffusion-et-valorisation-de-la-litterature-de-jeunesse\/","title":{"rendered":"TER Diffusion et valorisation de la litt\u00e9rature de jeunesse"},"content":{"rendered":"<p>Les \u00e9tudiants de deuxi\u00e8me ann\u00e9e se familiarisent avec la production jeunesse et d\u00e9couvrent les structures et les \u00e9v\u00e9nements destin\u00e9s \u00e0 promouvoir le livre et la lecture : ils vont \u00e0 la rencontre d&rsquo;organisatrices\/organisateurs de salons et festivals litt\u00e9raires, de m\u00e9diath\u00e9caires, d&rsquo;\u00e9diteurs et de libraires sp\u00e9cialis\u00e9s, etc. <span style=\"color: #000000\">Ils r\u00e9alisent un ou plusieurs projets collectifs : recherche sur une question touchant \u00e0 l&rsquo;\u00e9dition ou \u00e0 la promotion du livre, enqu\u00eate de<\/span> terrain, conception et r\u00e9alisation d&rsquo;une action de m\u00e9diation. Ils en rendent compte dans un \u00e9crit au format d&rsquo;un mini-m\u00e9moire ou d&rsquo;un publication (journal, blog).<\/p>\n<p style=\"padding-left: 60px\"><span style=\"color: #666699\"><em>T\u00e9moignage d&rsquo;\u00e9tudiantes \u00e0 l&rsquo;issue d&rsquo;un travail d&rsquo;enqu\u00eate sur les coulisses d&rsquo;un festival de BD au cours duquel elles ont \u00e9galement perform\u00e9 une lecture musicale.<\/em><\/span><\/p>\n<p style=\"padding-left: 60px\"><span style=\"color: #666699\"><em> \u00ab\u00a0<span class=\"fontstyle0\">Ce festival propose, en plus des d\u00e9dicaces, diff\u00e9rentes expositions qui traitent, de mani\u00e8re singuli\u00e8re, le th\u00e8me de la bande dessin\u00e9e. <\/span><\/em><span class=\"fontstyle0\"><em>Les membres de l\u2019association nous ont r\u00e9serv\u00e9 un accueil m\u00e9morable en nous mettant sur un pied d\u2019\u00e9galit\u00e9 avec les auteurs convi\u00e9s au festival. C\u2019est ainsi que nous avons pu porter un badge \u00aborganisation \u00bb pour \u00eatre au plus proche des b\u00e9d\u00e9istes. Nous avons pu p\u00e9n\u00e9trer dans les coulisses du festival en demandant au pr\u00e9sident des informations sur les sponsors ainsi que sur les donn\u00e9es des ann\u00e9es pr\u00e9c\u00e9dentes. Les auteurs nous ont \u00e9t\u00e9 d\u2019une grande aide pour r\u00e9aliser ce dossier, puisqu\u2019ils ont tous r\u00e9pondu positivement \u00e0 nos demandes d\u2019interview. Le maire de Cajarc a, lui aussi, accept\u00e9 de s\u2019entretenir avec nous. Les membres de l\u2019association ainsi que l\u2019\u00e9quipe technique ont \u00e9t\u00e9 d\u2019une gentillesse remarquable puisqu\u2019ils nous ont donn\u00e9 les moyens de r\u00e9aliser notre animation. Le dimanche, ils nous ont m\u00eame demand\u00e9 si nous souhaitions int\u00e9grer l\u2019association pour participer \u00e0 l\u2019organisation du festival afin d\u2019y apporter de nouvelles id\u00e9es\u00a0\u00bb<\/em> (A. Ram\u00e8s, A. Ferchaud, J. Paquet, 2019).<\/span> <\/span><\/p>\n<p style=\"padding-left: 60px\"><span style=\"color: #000000\">\u00a0<\/span><\/p>\n","protected":false},"excerpt":{"rendered":"<p>Les \u00e9tudiants de deuxi\u00e8me ann\u00e9e se familiarisent avec la production jeunesse et d\u00e9couvrent les structures et les \u00e9v\u00e9nements destin\u00e9s \u00e0 promouvoir le livre et la lecture : ils vont \u00e0 la rencontre d&rsquo;organisatrices\/organisateurs de salons et festivals litt\u00e9raires, de m\u00e9diath\u00e9caires, d&rsquo;\u00e9diteurs et de libraires sp\u00e9cialis\u00e9s, etc. Ils r\u00e9alisent un ou plusieurs projets collectifs : recherche &hellip; <a href=\"https:\/\/blogs.univ-jfc.fr\/licencelettres\/travaux-encadres-de-recherche\/ter-diffusion-et-valorisation-de-la-litterature-de-jeunesse\/\" class=\"more-link\">Continuer la lecture de <span class=\"screen-reader-text\">TER Diffusion et valorisation de la litt\u00e9rature de jeunesse<\/span> <span class=\"meta-nav\">&rarr;<\/span><\/a><\/p>\n","protected":false},"author":729,"featured_media":0,"parent":134,"menu_order":0,"comment_status":"closed","ping_status":"closed","template":"","meta":[],"_links":{"self":[{"href":"https:\/\/blogs.univ-jfc.fr\/licencelettres\/wp-json\/wp\/v2\/pages\/116"}],"collection":[{"href":"https:\/\/blogs.univ-jfc.fr\/licencelettres\/wp-json\/wp\/v2\/pages"}],"about":[{"href":"https:\/\/blogs.univ-jfc.fr\/licencelettres\/wp-json\/wp\/v2\/types\/page"}],"author":[{"embeddable":true,"href":"https:\/\/blogs.univ-jfc.fr\/licencelettres\/wp-json\/wp\/v2\/users\/729"}],"replies":[{"embeddable":true,"href":"https:\/\/blogs.univ-jfc.fr\/licencelettres\/wp-json\/wp\/v2\/comments?post=116"}],"version-history":[{"count":5,"href":"https:\/\/blogs.univ-jfc.fr\/licencelettres\/wp-json\/wp\/v2\/pages\/116\/revisions"}],"predecessor-version":[{"id":313,"href":"https:\/\/blogs.univ-jfc.fr\/licencelettres\/wp-json\/wp\/v2\/pages\/116\/revisions\/313"}],"up":[{"embeddable":true,"href":"https:\/\/blogs.univ-jfc.fr\/licencelettres\/wp-json\/wp\/v2\/pages\/134"}],"wp:attachment":[{"href":"https:\/\/blogs.univ-jfc.fr\/licencelettres\/wp-json\/wp\/v2\/media?parent=116"}],"curies":[{"name":"wp","href":"https:\/\/api.w.org\/{rel}","templated":true}]}}