{"id":134,"date":"2020-01-31T08:51:20","date_gmt":"2020-01-31T07:51:20","guid":{"rendered":"http:\/\/blogs.univ-jfc.fr\/licencelettres\/?page_id=134"},"modified":"2021-02-03T06:52:52","modified_gmt":"2021-02-03T05:52:52","slug":"travaux-encadres-de-recherche","status":"publish","type":"page","link":"https:\/\/blogs.univ-jfc.fr\/licencelettres\/travaux-encadres-de-recherche\/","title":{"rendered":"D\u00e9couvrir des m\u00e9tiers"},"content":{"rendered":"<p>La d\u00e9couverte des diff\u00e9rents d\u00e9bouch\u00e9s de la formation se fait au fur et \u00e0 mesure de la licence. D\u00e8s le premier semestre, le module de Construction de son parcours de formation (\u00ab\u00a0PPP\u00a0\u00bb) permet aux \u00e9tudiants de s\u2019informer sur les m\u00e9tiers qui les int\u00e9ressent.<\/p>\n<p>En fin de L1, les m\u00e9tiers accessibles apr\u00e8s une licence de Lettres et \u00e9ventuellement un master sont pr\u00e9sent\u00e9s aux \u00e9tudiants et une r\u00e9union d\u2019information sur la poursuite d\u2019\u00e9tudes en master est organis\u00e9e en L3, \u00ab\u00a0La garden des parti.e.s\u00a0\u00bb pour que les \u00e9tudiants rencontrent des \u00ab\u00a0anciens\u00a0\u00bb venus pr\u00e9senter leurs diff\u00e9rents cursus post-licence. Et un atelier \u00ab\u00a0Poursuite d&rsquo;\u00e9tudes\u00a0\u00bb est organis\u00e9 par le SUIoP pour apprendre \u00e0 r\u00e9diger des lettres de motivation afin d\u2019int\u00e9grer un Master.<\/p>\n<p>Les \u00e9tudiants d\u00e9couvrent donc la diversit\u00e9 des carri\u00e8res et des masters envisageables.<\/p>\n<p><strong>M\u00e9tiers de l\u2019enseignement<\/strong>\u00a0: pr\u00e9paration aux concours de l\u2019enseignement dans le cadre d\u2019un master MEEF 1<sup>er<\/sup> ou 2<sup>nd<\/sup> degr\u00e9\u00a0; Master didactique des langues et Sciences de l\u2019\u00e9ducation\u00a0; Master FLE.<\/p>\n<p><strong>M\u00e9tiers de la recherche<\/strong>\u00a0: Master Litt\u00e9rature g\u00e9n\u00e9rale et compar\u00e9e\u00a0; Lettres (et humanit\u00e9s)\u00a0; Arts, arts du spectacle et \u00e9tudes th\u00e9\u00e2trales ; Humanit\u00e9s num\u00e9riques\u00a0; Sciences du langage.<\/p>\n<p><strong>M\u00e9tiers du livre<\/strong>\u00a0: Master ou Licence professionnelle M\u00e9tiers du livre et de l\u2019\u00e9dition<\/p>\n<p><strong>M\u00e9tiers de la documentation<\/strong>\u00a0: Master Information et Documentation.<\/p>\n<p><strong>M\u00e9tiers de l\u2019\u00e9criture litt\u00e9raire<\/strong>\u00a0: Master Cr\u00e9ation litt\u00e9raire ou Master Humanit\u00e9s et industries cr\u00e9atives.<\/p>\n<p><strong>M\u00e9tiers de la m\u00e9diation et du spectacle<\/strong> : Master Culture et communication, Master Valorisation des Patrimoines\u00a0; Master Etudes Europ\u00e9ennes et Internationales (parcours Strat\u00e9gies culturelles internationales)\u00a0; Licence professionnelle GPSAC (Albi), M\u00e9tiers de la m\u00e9diation\u00a0; M\u00e9diation et action culturelle.<\/p>\n<p><strong>M\u00e9tiers de la traduction ou du tourisme\u00a0: Master Etudes Europ\u00e9ennes ou LEA ou LLCER.<\/strong><\/p>\n<p>Au fil de l\u2019ann\u00e9e, des rencontres sont organis\u00e9es avec des professionnels de diff\u00e9rents horizons : m\u00e9tiers du livre, de la culture et de la m\u00e9diation, de la cr\u00e9ation et du spectacle &#8230;<\/p>\n","protected":false},"excerpt":{"rendered":"<p>La d\u00e9couverte des diff\u00e9rents d\u00e9bouch\u00e9s de la formation se fait au fur et \u00e0 mesure de la licence. D\u00e8s le premier semestre, le module de Construction de son parcours de formation (\u00ab\u00a0PPP\u00a0\u00bb) permet aux \u00e9tudiants de s\u2019informer sur les m\u00e9tiers qui les int\u00e9ressent. En fin de L1, les m\u00e9tiers accessibles apr\u00e8s une licence de Lettres &hellip; <a href=\"https:\/\/blogs.univ-jfc.fr\/licencelettres\/travaux-encadres-de-recherche\/\" class=\"more-link\">Continuer la lecture de <span class=\"screen-reader-text\">D\u00e9couvrir des m\u00e9tiers<\/span> <span class=\"meta-nav\">&rarr;<\/span><\/a><\/p>\n","protected":false},"author":729,"featured_media":0,"parent":0,"menu_order":0,"comment_status":"closed","ping_status":"closed","template":"","meta":[],"_links":{"self":[{"href":"https:\/\/blogs.univ-jfc.fr\/licencelettres\/wp-json\/wp\/v2\/pages\/134"}],"collection":[{"href":"https:\/\/blogs.univ-jfc.fr\/licencelettres\/wp-json\/wp\/v2\/pages"}],"about":[{"href":"https:\/\/blogs.univ-jfc.fr\/licencelettres\/wp-json\/wp\/v2\/types\/page"}],"author":[{"embeddable":true,"href":"https:\/\/blogs.univ-jfc.fr\/licencelettres\/wp-json\/wp\/v2\/users\/729"}],"replies":[{"embeddable":true,"href":"https:\/\/blogs.univ-jfc.fr\/licencelettres\/wp-json\/wp\/v2\/comments?post=134"}],"version-history":[{"count":4,"href":"https:\/\/blogs.univ-jfc.fr\/licencelettres\/wp-json\/wp\/v2\/pages\/134\/revisions"}],"predecessor-version":[{"id":239,"href":"https:\/\/blogs.univ-jfc.fr\/licencelettres\/wp-json\/wp\/v2\/pages\/134\/revisions\/239"}],"wp:attachment":[{"href":"https:\/\/blogs.univ-jfc.fr\/licencelettres\/wp-json\/wp\/v2\/media?parent=134"}],"curies":[{"name":"wp","href":"https:\/\/api.w.org\/{rel}","templated":true}]}}