{"id":156,"date":"2020-01-31T11:26:00","date_gmt":"2020-01-31T10:26:00","guid":{"rendered":"http:\/\/blogs.univ-jfc.fr\/licencelettres\/?page_id=156"},"modified":"2021-06-17T17:50:03","modified_gmt":"2021-06-17T15:50:03","slug":"nos-partenaires","status":"publish","type":"page","link":"https:\/\/blogs.univ-jfc.fr\/licencelettres\/nos-partenaires\/","title":{"rendered":"Nos partenaires"},"content":{"rendered":"<p>Occasionnellement ou de fa\u00e7on r\u00e9guli\u00e8re, des projets p\u00e9dagogiques sont mis en oeuvre avec plusieurs structures partenaires du d\u00e9partement.<\/p>\n<p><img loading=\"lazy\" class=\"alignnone size-full wp-image-157\" src=\"http:\/\/blogs.univ-jfc.fr\/licencelettres\/wp-content\/uploads\/sites\/80\/2020\/01\/Archives.jpg\" alt=\"\" width=\"245\" height=\"92\" \/>\u00a0\u00a0\u00a0\u00a0\u00a0\u00a0\u00a0\u00a0\u00a0\u00a0\u00a0\u00a0\u00a0\u00a0\u00a0\u00a0\u00a0\u00a0\u00a0\u00a0\u00a0\u00a0\u00a0\u00a0\u00a0\u00a0\u00a0\u00a0\u00a0\u00a0\u00a0\u00a0\u00a0 <img loading=\"lazy\" class=\"alignnone  wp-image-160\" src=\"http:\/\/blogs.univ-jfc.fr\/licencelettres\/wp-content\/uploads\/sites\/80\/2020\/01\/Le-Lait.jpg\" alt=\"\" width=\"167\" height=\"107\" \/><\/p>\n<p><img loading=\"lazy\" class=\"alignnone  wp-image-158\" src=\"http:\/\/blogs.univ-jfc.fr\/licencelettres\/wp-content\/uploads\/sites\/80\/2020\/01\/Dikelitu-300x38.jpg\" alt=\"\" width=\"339\" height=\"43\" srcset=\"https:\/\/blogs.univ-jfc.fr\/licencelettres\/wp-content\/uploads\/sites\/80\/2020\/01\/Dikelitu-300x38.jpg 300w, https:\/\/blogs.univ-jfc.fr\/licencelettres\/wp-content\/uploads\/sites\/80\/2020\/01\/Dikelitu.jpg 700w\" sizes=\"(max-width: 339px) 100vw, 339px\" \/>\u00a0\u00a0\u00a0\u00a0\u00a0\u00a0\u00a0\u00a0\u00a0\u00a0\u00a0\u00a0\u00a0 <img loading=\"lazy\" class=\"alignnone  wp-image-161\" src=\"http:\/\/blogs.univ-jfc.fr\/licencelettres\/wp-content\/uploads\/sites\/80\/2020\/01\/logo-sna-def-noir-typo-transparente-300x300.jpg\" alt=\"\" width=\"127\" height=\"127\" srcset=\"https:\/\/blogs.univ-jfc.fr\/licencelettres\/wp-content\/uploads\/sites\/80\/2020\/01\/logo-sna-def-noir-typo-transparente-300x300.jpg 300w, https:\/\/blogs.univ-jfc.fr\/licencelettres\/wp-content\/uploads\/sites\/80\/2020\/01\/logo-sna-def-noir-typo-transparente-150x150.jpg 150w, https:\/\/blogs.univ-jfc.fr\/licencelettres\/wp-content\/uploads\/sites\/80\/2020\/01\/logo-sna-def-noir-typo-transparente-768x768.jpg 768w, https:\/\/blogs.univ-jfc.fr\/licencelettres\/wp-content\/uploads\/sites\/80\/2020\/01\/logo-sna-def-noir-typo-transparente-1024x1024.jpg 1024w, https:\/\/blogs.univ-jfc.fr\/licencelettres\/wp-content\/uploads\/sites\/80\/2020\/01\/logo-sna-def-noir-typo-transparente.jpg 1181w\" sizes=\"(max-width: 127px) 100vw, 127px\" \/><\/p>\n<p><img loading=\"lazy\" class=\"alignnone  wp-image-159\" src=\"http:\/\/blogs.univ-jfc.fr\/licencelettres\/wp-content\/uploads\/sites\/80\/2020\/01\/GMEA-300x115.jpg\" alt=\"\" width=\"230\" height=\"88\" srcset=\"https:\/\/blogs.univ-jfc.fr\/licencelettres\/wp-content\/uploads\/sites\/80\/2020\/01\/GMEA-300x115.jpg 300w, https:\/\/blogs.univ-jfc.fr\/licencelettres\/wp-content\/uploads\/sites\/80\/2020\/01\/GMEA.jpg 334w\" sizes=\"(max-width: 230px) 100vw, 230px\" \/>\u00a0\u00a0\u00a0\u00a0\u00a0\u00a0\u00a0 <img loading=\"lazy\" class=\"alignnone wp-image-162 size-medium\" src=\"http:\/\/blogs.univ-jfc.fr\/licencelettres\/wp-content\/uploads\/sites\/80\/2020\/01\/M\u00e9diath\u00e9k-300x52.jpg\" alt=\"\" width=\"300\" height=\"52\" srcset=\"https:\/\/blogs.univ-jfc.fr\/licencelettres\/wp-content\/uploads\/sites\/80\/2020\/01\/M\u00e9diath\u00e9k-300x52.jpg 300w, https:\/\/blogs.univ-jfc.fr\/licencelettres\/wp-content\/uploads\/sites\/80\/2020\/01\/M\u00e9diath\u00e9k.jpg 568w\" sizes=\"(max-width: 300px) 100vw, 300px\" \/>\u00a0 <img loading=\"lazy\" class=\"alignnone  wp-image-163\" src=\"http:\/\/blogs.univ-jfc.fr\/licencelettres\/wp-content\/uploads\/sites\/80\/2020\/01\/MEL-300x154.jpg\" alt=\"\" width=\"240\" height=\"123\" srcset=\"https:\/\/blogs.univ-jfc.fr\/licencelettres\/wp-content\/uploads\/sites\/80\/2020\/01\/MEL-300x154.jpg 300w, https:\/\/blogs.univ-jfc.fr\/licencelettres\/wp-content\/uploads\/sites\/80\/2020\/01\/MEL-768x394.jpg 768w, https:\/\/blogs.univ-jfc.fr\/licencelettres\/wp-content\/uploads\/sites\/80\/2020\/01\/MEL.jpg 786w\" sizes=\"(max-width: 240px) 100vw, 240px\" \/>\u00a0\u00a0\u00a0\u00a0\u00a0\u00a0 <img loading=\"lazy\" class=\"alignnone wp-image-164\" src=\"http:\/\/blogs.univ-jfc.fr\/licencelettres\/wp-content\/uploads\/sites\/80\/2020\/01\/MJC.jpg\" alt=\"\" width=\"134\" height=\"135\" \/> \u00a0 \u00a0 \u00a0 \u00a0 \u00a0 \u00a0 \u00a0 <img loading=\"lazy\" class=\"alignnone size-medium wp-image-165\" src=\"http:\/\/blogs.univ-jfc.fr\/licencelettres\/wp-content\/uploads\/sites\/80\/2020\/01\/Oeillades.jpg\" alt=\"\" width=\"135\" height=\"147\" \/><\/p>\n\n\n<figure class=\"wp-block-image size-large\"><img loading=\"lazy\" width=\"261\" height=\"83\" src=\"https:\/\/blogs.univ-jfc.fr\/licencelettres\/wp-content\/uploads\/sites\/80\/2021\/06\/Confluences.jpg\" alt=\"\" class=\"wp-image-259\" \/><\/figure>\n\n\n\n<figure class=\"wp-block-image size-large is-resized\"><img loading=\"lazy\" src=\"https:\/\/blogs.univ-jfc.fr\/licencelettres\/wp-content\/uploads\/sites\/80\/2021\/06\/Festival-du-livre-de-Gaillac-1.jpg\" alt=\"\" class=\"wp-image-263\" width=\"189\" height=\"106\" \/><\/figure>\n","protected":false},"excerpt":{"rendered":"<p>Occasionnellement ou de fa\u00e7on r\u00e9guli\u00e8re, des projets p\u00e9dagogiques sont mis en oeuvre avec plusieurs structures partenaires du d\u00e9partement. \u00a0\u00a0\u00a0\u00a0\u00a0\u00a0\u00a0\u00a0\u00a0\u00a0\u00a0\u00a0\u00a0\u00a0\u00a0\u00a0\u00a0\u00a0\u00a0\u00a0\u00a0\u00a0\u00a0\u00a0\u00a0\u00a0\u00a0\u00a0\u00a0\u00a0\u00a0\u00a0\u00a0 \u00a0\u00a0\u00a0\u00a0\u00a0\u00a0\u00a0\u00a0\u00a0\u00a0\u00a0\u00a0\u00a0 \u00a0\u00a0\u00a0\u00a0\u00a0\u00a0\u00a0 \u00a0 \u00a0\u00a0\u00a0\u00a0\u00a0\u00a0 \u00a0 \u00a0 \u00a0 \u00a0 \u00a0 \u00a0 \u00a0<\/p>\n","protected":false},"author":729,"featured_media":0,"parent":0,"menu_order":0,"comment_status":"closed","ping_status":"closed","template":"","meta":[],"_links":{"self":[{"href":"https:\/\/blogs.univ-jfc.fr\/licencelettres\/wp-json\/wp\/v2\/pages\/156"}],"collection":[{"href":"https:\/\/blogs.univ-jfc.fr\/licencelettres\/wp-json\/wp\/v2\/pages"}],"about":[{"href":"https:\/\/blogs.univ-jfc.fr\/licencelettres\/wp-json\/wp\/v2\/types\/page"}],"author":[{"embeddable":true,"href":"https:\/\/blogs.univ-jfc.fr\/licencelettres\/wp-json\/wp\/v2\/users\/729"}],"replies":[{"embeddable":true,"href":"https:\/\/blogs.univ-jfc.fr\/licencelettres\/wp-json\/wp\/v2\/comments?post=156"}],"version-history":[{"count":5,"href":"https:\/\/blogs.univ-jfc.fr\/licencelettres\/wp-json\/wp\/v2\/pages\/156\/revisions"}],"predecessor-version":[{"id":265,"href":"https:\/\/blogs.univ-jfc.fr\/licencelettres\/wp-json\/wp\/v2\/pages\/156\/revisions\/265"}],"wp:attachment":[{"href":"https:\/\/blogs.univ-jfc.fr\/licencelettres\/wp-json\/wp\/v2\/media?parent=156"}],"curies":[{"name":"wp","href":"https:\/\/api.w.org\/{rel}","templated":true}]}}