{"id":169,"date":"2020-01-31T11:32:38","date_gmt":"2020-01-31T10:32:38","guid":{"rendered":"http:\/\/blogs.univ-jfc.fr\/licencelettres\/?page_id=169"},"modified":"2023-01-03T10:43:14","modified_gmt":"2023-01-03T09:43:14","slug":"jeff-champo","status":"publish","type":"page","link":"https:\/\/blogs.univ-jfc.fr\/licencelettres\/jeff-champo\/","title":{"rendered":"Jeff Champo"},"content":{"rendered":"<section id=\"block-views-block-affichage-des-noeuds-block-5\" class=\"views-element-container block block-views block-views-blockaffichage-des-noeuds-block-5 clearfix\">\n<div class=\"form-group\">\n<div class=\"chapeau view view-affichage-des-noeuds view-id-affichage_des_noeuds view-display-id-block_5 js-view-dom-id-79dc59924ededb997f93e29d88e9cc058d7172515751bf19ed898e2e947a7bd8\">\n<div class=\"view-content\">\n<div class=\"views-row\">\n<div class=\"views-field views-field-field-chapeau\">\n<div class=\"field-content\">\n<p>Jeff Champo c&rsquo;est le nom de plume du collectif de jeunes auteurs de l&rsquo;atelier d&rsquo;\u00e9criture de l&rsquo;universit\u00e9 Champollion. Chaque ann\u00e9e, et ce depuis 2006, Jeff Champo publie une \u0153uvre litt\u00e9raire, vendue \u00e0 prix co\u00fbtant.<\/p>\n<\/div>\n<\/div>\n<\/div>\n<\/div>\n<\/div>\n<\/div>\n<\/section>\n<article class=\"page full clearfix\">\n<div class=\"content\">\n<div class=\"field field--name-body field--type-text-with-summary field--label-hidden field--item\">\n<p>Vous pouvez vous procurer les livres \u00e0 la librairie Le Point de la Sc\u00e8ne Nationale d&rsquo;Albi, au Foyer Pascal(e) Ambic et au bureau de l&rsquo;action culturelle. En dehors du plaisir que vous prendrez \u00e0 lire ces \u0153uvre, vous soutiendrez, en les achetant, l&rsquo;association qui valorise ces jeunes talents, et \u00e0 travers eux, la naissance d&rsquo;une culture originale et sinc\u00e8re.<\/p>\n<p class=\"exergue\">L&rsquo;atelier d&rsquo;\u00e9criture est anim\u00e9 par J\u00e9r\u00f4me Cabot, ma\u00eetre de conf\u00e9rences en Litt\u00e9rature, et par l&rsquo;association Jeff Champo. La participation \u00e0 l&rsquo;atelier s&rsquo;effectue dans le cadre des Unit\u00e9s d&rsquo;Enseignement d&rsquo;Ouverture. Retrouvez-les aussi lors des nombreuses sc\u00e8nes slam organis\u00e9es tout au long de l&rsquo;ann\u00e9e.<\/p>\n<p>Le blog de Jeff Champo : <a href=\"https:\/\/blogs.univ-jfc.fr\/jeffchampo\/\">https:\/\/blogs.univ-jfc.fr\/jeffchampo\/<\/a><\/p>\n<\/div>\n<div class=\"field field--name-field-paragraphe field--type-entity-reference-revisions field--label-hidden field--items\">\n<div class=\"field--item\">\n<div class=\"paragraph paragraph--type--titre-de-niveau-2-h2- paragraph--view-mode--default\">\n<div class=\"field field--name-field-h2 field--type-string field--label-hidden field--item\">Les publications papier de Jeff Champo<\/div>\n<\/div>\n<\/div>\n<div class=\"field--item\">\n<div class=\"paragraph paragraph--type--_-col-image-puis-texte paragraph--view-mode--default clearfix\">\n<div class=\"col-sm-12\">\n<div class=\"col-sm-3\">\n<div class=\"field field--name-field-vignette-paragraph field--type-image field--label-hidden field--item\"><img loading=\"lazy\" class=\"img-responsive\" src=\"https:\/\/www.univ-jfc.fr\/sites\/default\/files\/styles\/vignette_paragraph_2_col_style\/public\/paragraph-vignette-2019-09\/14_d%C3%A9combres%20alg%C3%A9briques%20et%20fifres%20romains_0.png?itok=gbwQzW4c\" alt=\"\" width=\"112\" height=\"180\" \/>\u00a0\u00a0 <strong>2019 &#8211; <em>D\u00e9combres alg\u00e9briques et fifres romains<\/em><\/strong><\/div>\n<\/div>\n<div class=\"col-sm-9\">\n<div class=\"field field--name-field-texte field--type-text-long field--label-hidden field--item\">\n<p>C\u2019est l\u2019histoire des chiffres et des lettres. Au commencement \u00e9tait le nombre. Et le verbe l\u2019a vite aval\u00e9. Car la po\u00e9sie fait feu de tout bois. M\u00eame du ch\u00eane num\u00e9rique. M\u00eame de l\u2019\u00e9b\u00e8ne math\u00e9matique. La po\u00e9sie fleurit partout. Y\u00a0 compris dans les ruines des nombres alg\u00e9briques, parmi les vestiges des chiffres romains, ou arabes. Elle d\u00e9lire au milieu des nombres irrationnels. Elle s\u2019enivre des chiffres ronds. Elle go\u00fbte au vertige du z\u00e9ro absolu. Elle se penche sur \u03c0. Elle entend la complainte du 13. Elle s\u2019affronte aux nombres maudits, 1942, 666 ou les douze coups de minuit. Elle c\u00e9l\u00e8bre les mille feuilles d\u2019une vie, les cinq doigts de la main, les sept couleurs de l\u2019arc-en-ciel ou nos 65\u00a0% d\u2019eau. Depuis \u2013 10\u00a0994, au fond de la fosse des Mariannes, jusqu\u2019aux trois cents sixillions d\u2019\u00e9toiles au-dessus de nos t\u00eates\u2026 Car elle sait que l\u2019infini n\u2019est qu\u2019un grand huit avachi. .<\/p>\n<div class=\"col-sm-3\">\n<div class=\"field field--name-field-vignette-paragraph field--type-image field--label-hidden field--item\"><img loading=\"lazy\" class=\"img-responsive\" src=\"https:\/\/www.univ-jfc.fr\/sites\/default\/files\/styles\/vignette_paragraph_2_col_style\/public\/paragraph-vignette-2018-12\/couvANAdef%20web_1.jpg?itok=fBY-eyUJ\" alt=\"\" width=\"94\" height=\"131\" \/>\u00a0\u00a0\u00a0\u00a0 <strong>2018 &#8211; ANA<\/strong><\/div>\n<\/div>\n<\/div>\n<\/div>\n<\/div>\n<\/div>\n<\/div>\n<div class=\"field--item\">\n<div class=\"paragraph paragraph--type--_-col-image-puis-texte paragraph--view-mode--default clearfix\">\n<div class=\"col-sm-12\">\n<div class=\"col-sm-9\">\n<div class=\"field field--name-field-texte field--type-text-long field--label-hidden field--item\">\n<p>ANA [ana] Substantif masculin (invariable au pluriel)\u00a0: Recueil d&rsquo;anecdotes, de traits attribu\u00e9s \u00e0 un auteur c\u00e9l\u00e8bre.<br \/>\nEx.\u00a0: \u00ab\u00a0Pascal(e) Ambic est l\u2019auteur de plusieurs ana m\u00e9morables.\u00bb<\/p>\n<p>Cet <em>ana<\/em> de Jeff Champo regroupe un ensemble de textes fantasque et \u00e9clectique\u00a0: une ode aux consonnes, un ha\u00efku sous la pluie, un po\u00e8me en vrac, une lettre exp\u00e9di\u00e9e du placard, mille jetaimes, et d\u2019autres p\u00e9pites en vers, et d\u2019autres perles en prose.<\/p>\n<\/div>\n<\/div>\n<\/div>\n<\/div>\n<\/div>\n<div class=\"field--item\">\n<div class=\"paragraph paragraph--type--_-col-image-puis-texte paragraph--view-mode--default clearfix\">\n<div class=\"col-sm-12\">\n<div class=\"col-sm-9\">\n<div class=\"field field--name-field-texte field--type-text-long field--label-hidden field--item\">\n<div class=\"col-sm-3\">\n<div class=\"field field--name-field-vignette-paragraph field--type-image field--label-hidden field--item\"><img loading=\"lazy\" class=\"img-responsive\" src=\"https:\/\/www.univ-jfc.fr\/sites\/default\/files\/styles\/vignette_paragraph_2_col_style\/public\/paragraph-vignette-2017-11\/hic%20et%20nunc_0.png?itok=VJkhoW5V\" alt=\"\" width=\"126\" height=\"186\" \/>\u00a0\u00a0\u00a0 <strong>2017 &#8211; Hic et Nunc, chroniques instantan\u00e9es<\/strong><\/div>\n<\/div>\n<p>Hic et nunc est le douzi\u00e8me ouvrage de Jeff Champo, l\u2019auteur aux deux cent visages. Un texte, un lieu, un moment. Chaque texte de ce recueil a \u00e9t\u00e9 \u00e9crit hic et nunc. C\u2019est-\u00e0-dire ici et maintenant. \u00c9tant entendu que ici et maintenant sont des notions relatives et changeantes. Ici, \u00e7a peut \u00eatre quelque part, un banc public, une librairie, rue Serieyssols, un h\u00f4pital, entre Albi et Carmaux, une salle de classe, le quartier de la gare, Paris XIIIe, le tribunal, un fast-food, le Pont Vieux, un cimeti\u00e8re, ailleurs, ou l\u2019horizon. C\u2019est selon. Maintenant, \u00e7a peut \u00eatre les vacances de P\u00e2ques, mardi matin sept heures p\u00e9tantes, un jour de giboul\u00e9es, 7 h 26, la fin de l&rsquo;\u00e9t\u00e9, de temps \u00e0 autre, une journ\u00e9e de balade, il y a bien longtemps, dans la nuit, ou le 30 f\u00e9vrier 26 h 44. \u00c7a d\u00e9pend. Car la vie est chose terriblement changeante. Ces chroniques tentent d\u2019en fixer quelques instantan\u00e9s. Instants damn\u00e9s ou moments de gr\u00e2ce. Puisqu\u2019on est vivants, hic et nunc.<\/p>\n<\/div>\n<\/div>\n<\/div>\n<\/div>\n<\/div>\n<div class=\"field--item\">\n<div class=\"paragraph paragraph--type--_-col-image-puis-texte paragraph--view-mode--default clearfix\">\n<div class=\"col-sm-12\">\n<div class=\"col-sm-3\">\n<div class=\"field field--name-field-vignette-paragraph field--type-image field--label-hidden field--item\"><img loading=\"lazy\" class=\"img-responsive\" src=\"https:\/\/www.univ-jfc.fr\/sites\/default\/files\/styles\/vignette_paragraph_2_col_style\/public\/paragraph-vignette-2017-11\/achluophiles.jpg?itok=arNk0B1x\" alt=\"\" width=\"121\" height=\"176\" \/>\u00a0\u00a0\u00a0 <strong>2016 &#8211; Achluophiles &amp; Leucophobes &#8211; D\u00e9lyrismes monochromes<\/strong><\/div>\n<\/div>\n<div class=\"col-sm-9\">\n<div class=\"field field--name-field-texte field--type-text-long field--label-hidden field--item\">\n<p>Le d\u00e9lyrisme est ce qu&rsquo;on appelle un mot-valise : en un seul vocable, il fusionne l&rsquo;hallucination maniaque et la verve po\u00e9tique. C&rsquo;est commode. Le d\u00e9lyrisme allie la divagation et le texte. Le d\u00e9lyrisme r\u00e9sume l&rsquo;extravagance du po\u00e8me, les phrases en folie. Une sorte de transe verbale. C&rsquo;est, en un mot, la lettre et le d\u00e9ment. Bref, le d\u00e9lyrisme est un truc de ouf. Mais pourquoi le d\u00e9lyrisme est-il un truc de ouf monochrome ? Parce qu&rsquo;il est l&rsquo;\u0153uvre d&rsquo;achluophiles et de leucophobes. \u00c0 l&rsquo;inverse de l&rsquo;apopathodiaphulatophobe, qui est rong\u00e9 par la crainte pathologique d&rsquo;\u00eatre constip\u00e9, le leucophobe, lui, abhorre maladivement le blanc. Et l&rsquo;achluophile \u00e9prouve, quant \u00e0 lui, un amour immod\u00e9r\u00e9 pour le noir &#8211; \u00e0 la diff\u00e9rence de l&rsquo;h\u00e9mophile, qui est enclin \u00e0 saigner sans retenue. Car c&rsquo;est d&rsquo;un sang d&rsquo;encre que Jeff Champo a \u00e9crit ce recueil achluophile, avec dix-huit plumes, et toutes les couleurs du noir. Nu\u00e9es d&rsquo;orage, vendredis 13, chants de p\u00e9trole&#8230; Ici, point d&rsquo;aquarelles, pas de pastels. C&rsquo;est sombre, c&rsquo;est noir &#8211; et \u00e7a tache. C&rsquo;est de la po\u00e9sie salissante.<\/p>\n<\/div>\n<\/div>\n<\/div>\n<\/div>\n<\/div>\n<div class=\"field--item\">\n<div class=\"paragraph paragraph--type--_-col-image-puis-texte paragraph--view-mode--default clearfix\">\n<div class=\"col-sm-12\">\n<div class=\"col-sm-3\">\n<div class=\"field field--name-field-vignette-paragraph field--type-image field--label-hidden field--item\"><img loading=\"lazy\" class=\"img-responsive\" src=\"https:\/\/www.univ-jfc.fr\/sites\/default\/files\/styles\/vignette_paragraph_2_col_style\/public\/paragraph-vignette-2017-11\/pro%C3%A9sie.jpg?itok=8C6tdjlC\" alt=\"\" width=\"145\" height=\"199\" \/>\u00a0\u00a0 <strong>2015 &#8211; Pro\u00e9sies chaophoniques<\/strong><\/div>\n<\/div>\n<div class=\"col-sm-9\">\n<div class=\"field field--name-field-texte field--type-text-long field--label-hidden field--item\">\n<p><em>Pro\u00e9sie chaophoniques, la 10\u00e8me publication de Jeff Champo, l&rsquo;atelier d&rsquo;\u00e9criture du centre universitaire, est sortie des presses. Il s&rsquo;agit d&rsquo;un recueil de textes brefs, en vers ou en prose, drolatiques ou sombres, richement illustr\u00e9s par Themoe. Vous pourrez y lire un sonnet impertinent ou quelques ha\u00efkus, y croiser Monsieur l\u2019Hiver ou un vagabond, y observer un homme statue ou un corbeau blanc, y rencontrer ma bichette ou la Kanak, y esquisser la danse du singe ou un dernier tango, y suivre une bulle de savon ou un cours magistral d\u2019analyse linguistique des pratiques vestimentaires.<\/em><\/p>\n<\/div>\n<\/div>\n<\/div>\n<\/div>\n<\/div>\n<div class=\"field--item\">\n<div class=\"paragraph paragraph--type--_-col-image-puis-texte paragraph--view-mode--default clearfix\">\n<div class=\"col-sm-12\">\n<div class=\"col-sm-3\">\n<div class=\"field field--name-field-vignette-paragraph field--type-image field--label-hidden field--item\"><img loading=\"lazy\" class=\"img-responsive\" src=\"https:\/\/www.univ-jfc.fr\/sites\/default\/files\/styles\/vignette_paragraph_2_col_style\/public\/paragraph-vignette-2017-11\/les%20trois%20r%C3%A8gnes.jpg?itok=PZLIzZFo\" alt=\"\" width=\"160\" height=\"200\" \/> <strong>2014 &#8211; Les trois r\u00e8gnes &#8211; Bestioles, Verdures &amp; autres P\u00e9pites<\/strong><\/div>\n<\/div>\n<div class=\"col-sm-9\">\n<div class=\"field field--name-field-texte field--type-text-long field--label-hidden field--item\">\n<p><em>J\u2019ai observ\u00e9 la Faune \u2013 ses bestioles, ses pr\u00e9dateurs, ses monstres et ses cr\u00e9atures l\u00e9gendaires \u2013 \u00e0 poils, \u00e0 \u00e9cailles ou \u00e0\u00a0plumes \u2013 marins, rampants ou a\u00e9riens \u2013 du cloporte au dahu, de l\u2019\u00e9l\u00e9phant \u00e0 la sir\u00e8ne \u2013 et j\u2019en ai tir\u00e9 un Bestiaire. J\u2019ai observ\u00e9 la Flore \u2013 arbres, fleurs et fruits \u2013 bucolique ou v\u00e9n\u00e9neuse \u2013 bouleaux et tournesols \u2013 et j\u2019en ai tir\u00e9 un Herbier. J\u2019ai observ\u00e9 les Pierres \u2013 des gemmes rares jusqu\u2019aux caillasses \u2013 l\u2019\u00e9meraude comme le caillou \u2013 et j\u2019en ai tir\u00e9 un Lapidaire. J\u2019ai explor\u00e9 le r\u00e8gne animal, le r\u00e8gne v\u00e9g\u00e9tal, le r\u00e8gne min\u00e9ral. Moi qui ne r\u00e8gne que sur les mots\u2026 Jeff Champo.<\/em><\/p>\n<\/div>\n<\/div>\n<\/div>\n<\/div>\n<\/div>\n<div class=\"field--item\">\n<div class=\"paragraph paragraph--type--_-col-image-puis-texte paragraph--view-mode--default clearfix\">\n<div class=\"col-sm-12\">\n<div class=\"col-sm-3\">\n<div class=\"field field--name-field-vignette-paragraph field--type-image field--label-hidden field--item\"><img loading=\"lazy\" class=\"img-responsive\" src=\"https:\/\/www.univ-jfc.fr\/sites\/default\/files\/styles\/vignette_paragraph_2_col_style\/public\/paragraph-vignette-2017-11\/harobase.jpg?itok=I71A3CJw\" alt=\"\" width=\"146\" height=\"223\" \/>\u00a0 <strong>2013 &#8211; Harobase &#8211; Roman melpistolaire<\/strong><\/div>\n<\/div>\n<div class=\"col-sm-9\">\n<div class=\"field field--name-field-texte field--type-text-long field--label-hidden field--item\">\n<p><em>Harobase. Ce n&rsquo;est ni une faute d&rsquo;orthographe, ni une faute de go\u00fbt. Mais un cyber-collectif myst\u00e9rieux, tapi dans les recoins de la Grande Toile. Un c\u00e9nacle anonyme o\u00f9 s&rsquo;\u00e9changent par mails po\u00e8mes, pamphlets et confidences. Une confr\u00e9rie po\u00e9tique et r\u00e9volt\u00e9e. Une conjuration qui complote contre les auteurs de pacotille et les cr\u00e9atures m\u00e9diatico-litt\u00e9raires. Une base qui crie haro sur leur strass, leurs paillettes, leur fatuit\u00e9, et leurs \u00e9crits plats comme un trottoir de rue, o\u00f9 les id\u00e9es de tout le monde d\u00e9filent dans leur costume ordinaire, sans exciter d&rsquo;\u00e9motion, de rire ou de r\u00eaverie. Un club virtuel, insolent et jubilatoire. Une tribune. Un confessionnal. Un exutoire. Un terrain de jeu&#8230;<\/em><\/p>\n<\/div>\n<\/div>\n<\/div>\n<\/div>\n<\/div>\n<div class=\"field--item\">\n<div class=\"paragraph paragraph--type--_-col-image-puis-texte paragraph--view-mode--default clearfix\">\n<div class=\"col-sm-12\">\n<div class=\"col-sm-3\">\n<div class=\"field field--name-field-vignette-paragraph field--type-image field--label-hidden field--item\"><img loading=\"lazy\" class=\"img-responsive\" src=\"https:\/\/www.univ-jfc.fr\/sites\/default\/files\/styles\/vignette_paragraph_2_col_style\/public\/paragraph-vignette-2017-11\/autopsst%20couv.jpg?itok=fd3CHH7J\" alt=\"\" width=\"120\" height=\"161\" \/>\u00a0\u00a0 <strong>2012 &#8211; Autopsst &#8211; Dissection des bruits qui courent,<\/strong><\/div>\n<\/div>\n<div class=\"col-sm-9\">\n<div class=\"field field--name-field-texte field--type-text-long field--label-hidden field--item\">\n<p><em>Le 7\u00e8me ouvrage de Jeff Champo est le fruit de la collaboration entre l&rsquo;atelier d&rsquo;\u00e9criture de l&rsquo;Universit\u00e9 Champollion, la photographe Ariane Ruebrecht, la Sc\u00e8ne Nationale d&rsquo;Albi et le GMEA-Centre national de cr\u00e9ation musicale.<br \/>\nIl comprend 144 pages, avec des photos noir et blanc et un CD audio des textes lus par leurs auteurs.<\/em><\/p>\n<\/div>\n<\/div>\n<\/div>\n<\/div>\n<\/div>\n<div class=\"field--item\">\n<div class=\"paragraph paragraph--type--_-col-image-puis-texte paragraph--view-mode--default clearfix\">\n<div class=\"col-sm-12\">\n<div class=\"col-sm-3\">\n<div class=\"field field--name-field-vignette-paragraph field--type-image field--label-hidden field--item\"><img loading=\"lazy\" class=\"img-responsive\" src=\"https:\/\/www.univ-jfc.fr\/sites\/default\/files\/styles\/vignette_paragraph_2_col_style\/public\/paragraph-vignette-2017-11\/couv%20zedyxcedaire.jpg?itok=3sh0dFKw\" alt=\"\" width=\"149\" height=\"155\" \/>\u00a0\u00a0 <strong>2011 &#8211; Z\u00e8dyxc\u00e9daire<\/strong><\/div>\n<\/div>\n<div class=\"col-sm-9\">\n<div class=\"field field--name-field-texte field--type-text-long field--label-hidden field--item\">\n<p><em>Ouvrage litt\u00e9raire\u00a0n\u00e9 de la rencontre entre l\u2019atelier d\u2019\u00e9criture, la sc\u00e8ne slam albigeoise, et la photographe Ariane Ruebrecht.\u00a0Compos\u00e9 de 132 pages, dans un format carr\u00e9 de 21 centim\u00e8tres de c\u00f4t\u00e9, Le Z\u00e8dyxc\u00e9daire r\u00e9unit les textes, brefs et vari\u00e9s, d\u2019une vingtaine d\u2019auteurs, organis\u00e9s en un ab\u00e9c\u00e9daire \u00e0 rebours, chaque lettre \u00e9tant par ailleurs librement illustr\u00e9e en pleine page par une photographie couleurs d\u2019Ariane Ruebrecht.<br \/>\nLe Z\u00e8dyxc\u00e9daire comprend \u00e9galement l\u2019enregistrement audio de 20 textes du recueil interpr\u00e9t\u00e9s par leurs auteurs, De vives voix, sur un CD inclus dans l\u2019ouvrage.<\/em><\/p>\n<\/div>\n<\/div>\n<\/div>\n<\/div>\n<\/div>\n<div class=\"field--item\">\n<div class=\"paragraph paragraph--type--_-col-image-puis-texte paragraph--view-mode--default clearfix\">\n<div class=\"col-sm-12\">\n<div class=\"col-sm-3\">\n<div class=\"field field--name-field-vignette-paragraph field--type-image field--label-hidden field--item\"><img loading=\"lazy\" class=\"img-responsive\" src=\"https:\/\/www.univ-jfc.fr\/sites\/default\/files\/styles\/vignette_paragraph_2_col_style\/public\/paragraph-vignette-2017-11\/capharnaum.jpg?itok=tYJMU2UE\" alt=\"\" width=\"168\" height=\"174\" \/>\u00a0\u00a0 <strong>2010 &#8211; Capharna\u00fcm sweet ohm<\/strong><\/div>\n<\/div>\n<div class=\"col-sm-9\">\n<div class=\"field field--name-field-texte field--type-text-long field--label-hidden field--item\">\n<p><em>\u0152uvre \u00e0 la fois photographique, litt\u00e9raire et graphique, le recueil est compos\u00e9 de textes, en vers ou en prose, po\u00e9tiques ou satiriques, alternant avec 29 photographies noir et blanc d&rsquo;Ariane Ruebrecht, prises lors des diverses sc\u00e8nes slam d&rsquo;Albi.<\/em><\/p>\n<\/div>\n<\/div>\n<\/div>\n<\/div>\n<\/div>\n<div class=\"field--item\">\n<div class=\"paragraph paragraph--type--_-col-image-puis-texte paragraph--view-mode--default clearfix\">\n<div class=\"col-sm-12\">\n<div class=\"col-sm-3\">\n<div class=\"field field--name-field-vignette-paragraph field--type-image field--label-hidden field--item\"><img loading=\"lazy\" class=\"img-responsive\" src=\"https:\/\/www.univ-jfc.fr\/sites\/default\/files\/styles\/vignette_paragraph_2_col_style\/public\/paragraph-vignette-2017-11\/couv%20ambic_0.JPG?itok=xAZ6Jvmp\" alt=\"\" width=\"163\" height=\"228\" \/> <strong>2009 &#8211; Pascal(e) Ambic, ses vies, ses \u0153uvres<\/strong><\/div>\n<\/div>\n<div class=\"col-sm-9\">\n<div class=\"field field--name-field-texte field--type-text-long field--label-hidden field--item\">\n<p><em>Personnalit\u00e9 tarnaise haute en couleurs, aux talents multiples et aux engagements courageux, ayant travers\u00e9 son si\u00e8cle et sillon\u00e9 notre plan\u00e8te, surgissant l\u00e0 ou on ne l\u2019attendait pas, Pascal(e) Ambic (Carmaux, 1909 \u2013 Saint-Marcel-Campes, 2005) ne b\u00e9n\u00e9ficie pourtant pas de la notori\u00e9t\u00e9 et de la re<\/em><em>connaissance qui qui lui sont dues. <\/em><em>C\u2019est pourquoi Jeff Champo s\u2019est attel\u00e9 \u00e0 un v\u00e9ritable travail de biographe et d\u2019enqu\u00eateur : recherche d\u2019archives, interviews de t\u00e9moins, compilation d\u2019\u0153uvres in\u00e9dites, r\u00e9daction de la biographie. Ces recherches ont d\u00e9bouch\u00e9s sur la publication de la somme Pascal(e) Ambic, ses vies, ses \u0153uvres, comprenant des textes in\u00e9dits.<\/em><\/p>\n<\/div>\n<\/div>\n<\/div>\n<\/div>\n<\/div>\n<div class=\"field--item\">\n<div class=\"paragraph paragraph--type--_-col-image-puis-texte paragraph--view-mode--default clearfix\">\n<div class=\"col-sm-12\">\n<div class=\"col-sm-3\">\n<div class=\"field field--name-field-vignette-paragraph field--type-image field--label-hidden field--item\"><img loading=\"lazy\" class=\"img-responsive\" src=\"https:\/\/www.univ-jfc.fr\/sites\/default\/files\/styles\/vignette_paragraph_2_col_style\/public\/paragraph-vignette-2017-11\/couv%20oqo.jpg?itok=2ZzZnVgh\" alt=\"\" width=\"196\" height=\"143\" \/>\u00a0 <strong>2008 &#8211; OqO, Encyclop\u00e9die Fasoqosaf\u00a0<\/strong><\/div>\n<\/div>\n<div class=\"col-sm-9\">\n<div class=\"field field--name-field-texte field--type-text-long field--label-hidden field--item\">\n<p><em>Vous voulez vous former \u00e0 l&rsquo;oqologie ? Vous d\u00e9sirez en savoir plus sur les Fasoqosafs, cr\u00e9atures attachantes et fantasques ? Vous aspirez \u00e0 tout conna\u00eetre de leurs moeurs, leurs l\u00e9gendes, leur alimentation, leur sexualit\u00e9, leur organisation sociale ? Vous ignorez ce qu&rsquo;est un zabam, un kinawax, un l\u00e9j\u00e9w\u00e8j\u00e8l ? Plongez-vous dans OqO, encyclop\u00e9die fasoqosaf, le premier ouvrage oqologique vraiment s\u00e9rieux, comprenant des contes fasoqosafs, des recettes de cuisine fasoqosafs, des chansons fasoqosafs, et beaucoup d&rsquo;autres documents in\u00e9dits.<\/em><\/p>\n<\/div>\n<\/div>\n<\/div>\n<\/div>\n<\/div>\n<div class=\"field--item\">\n<div class=\"paragraph paragraph--type--_-col-image-puis-texte paragraph--view-mode--default clearfix\">\n<div class=\"col-sm-12\">\n<div class=\"col-sm-3\">\n<div class=\"field field--name-field-vignette-paragraph field--type-image field--label-hidden field--item\"><img loading=\"lazy\" class=\"img-responsive\" src=\"https:\/\/www.univ-jfc.fr\/sites\/default\/files\/styles\/vignette_paragraph_2_col_style\/public\/paragraph-vignette-2017-11\/couv%20ultima.JPG?itok=i2QnZK6Z\" alt=\"\" width=\"161\" height=\"240\" \/> <strong>2007 &#8211; Ultima Verba (Albi sous les bombes)\u00a0<\/strong><\/div>\n<\/div>\n<div class=\"col-sm-9\">\n<div class=\"field field--name-field-texte field--type-text-long field--label-hidden field--item\">\n<p><em>Polar po\u00e9tico-loufoque. Tr\u00e9pidant. Avant-gardiste. Irr\u00e9v\u00e9rencieux. Subversif. \u00ab\u00a0Un polar comme on les aime!\u00a0\u00bb (Le Bondidou) <\/em><\/p>\n<\/div>\n<\/div>\n<\/div>\n<\/div>\n<\/div>\n<div class=\"field--item\">\n<div class=\"paragraph paragraph--type--_-col-image-puis-texte paragraph--view-mode--default clearfix\">\n<div class=\"col-sm-12\">\n<div class=\"col-sm-3\">\n<div class=\"field field--name-field-vignette-paragraph field--type-image field--label-hidden field--item\"><img loading=\"lazy\" class=\"img-responsive\" src=\"https:\/\/www.univ-jfc.fr\/sites\/default\/files\/styles\/vignette_paragraph_2_col_style\/public\/paragraph-vignette-2017-11\/miscellan%C3%A9es_1.png?itok=RAdFT9Ew\" alt=\"\" width=\"136\" height=\"189\" \/> <strong>2006 &#8211; Miscellan\u00e9es Kif-Kif<\/strong><\/div>\n<\/div>\n<div class=\"col-sm-9\">\n<div class=\"field field--name-field-texte field--type-text-long field--label-hidden field--item\">\n<p><em>Recueil de textes bruts et po\u00e9tiques.<\/em><\/p>\n<p><em><strong>\u00a0<\/strong><\/em><\/p>\n<\/div>\n<\/div>\n<\/div>\n<\/div>\n<\/div>\n<\/div>\n<\/div>\n<\/article>\n","protected":false},"excerpt":{"rendered":"<p>Jeff Champo c&rsquo;est le nom de plume du collectif de jeunes auteurs de l&rsquo;atelier d&rsquo;\u00e9criture de l&rsquo;universit\u00e9 Champollion. Chaque ann\u00e9e, et ce depuis 2006, Jeff Champo publie une \u0153uvre litt\u00e9raire, vendue \u00e0 prix co\u00fbtant. Vous pouvez vous procurer les livres \u00e0 la librairie Le Point de la Sc\u00e8ne Nationale d&rsquo;Albi, au Foyer Pascal(e) Ambic et &hellip; <a href=\"https:\/\/blogs.univ-jfc.fr\/licencelettres\/jeff-champo\/\" class=\"more-link\">Continuer la lecture de <span class=\"screen-reader-text\">Jeff Champo<\/span> <span class=\"meta-nav\">&rarr;<\/span><\/a><\/p>\n","protected":false},"author":729,"featured_media":0,"parent":0,"menu_order":0,"comment_status":"closed","ping_status":"closed","template":"","meta":[],"_links":{"self":[{"href":"https:\/\/blogs.univ-jfc.fr\/licencelettres\/wp-json\/wp\/v2\/pages\/169"}],"collection":[{"href":"https:\/\/blogs.univ-jfc.fr\/licencelettres\/wp-json\/wp\/v2\/pages"}],"about":[{"href":"https:\/\/blogs.univ-jfc.fr\/licencelettres\/wp-json\/wp\/v2\/types\/page"}],"author":[{"embeddable":true,"href":"https:\/\/blogs.univ-jfc.fr\/licencelettres\/wp-json\/wp\/v2\/users\/729"}],"replies":[{"embeddable":true,"href":"https:\/\/blogs.univ-jfc.fr\/licencelettres\/wp-json\/wp\/v2\/comments?post=169"}],"version-history":[{"count":3,"href":"https:\/\/blogs.univ-jfc.fr\/licencelettres\/wp-json\/wp\/v2\/pages\/169\/revisions"}],"predecessor-version":[{"id":372,"href":"https:\/\/blogs.univ-jfc.fr\/licencelettres\/wp-json\/wp\/v2\/pages\/169\/revisions\/372"}],"wp:attachment":[{"href":"https:\/\/blogs.univ-jfc.fr\/licencelettres\/wp-json\/wp\/v2\/media?parent=169"}],"curies":[{"name":"wp","href":"https:\/\/api.w.org\/{rel}","templated":true}]}}