{"id":180,"date":"2020-02-01T09:17:54","date_gmt":"2020-02-01T08:17:54","guid":{"rendered":"http:\/\/blogs.univ-jfc.fr\/licencelettres\/?page_id=180"},"modified":"2022-06-29T17:15:49","modified_gmt":"2022-06-29T15:15:49","slug":"premiere-annee","status":"publish","type":"page","link":"https:\/\/blogs.univ-jfc.fr\/licencelettres\/presentation\/maquette-des-enseignements\/premiere-annee\/","title":{"rendered":"Premi\u00e8re ann\u00e9e"},"content":{"rendered":"\n<h2>Semestre 1<\/h2>\n\n\n\n<p>UE1 Litt\u00e9rature et soci\u00e9t\u00e9 : Litt\u00e9rature du XX\u00e8 si\u00e8cle et Litt\u00e9rature francophone<\/p>\n\n\n\n<p>UE2 Litt\u00e9rature compar\u00e9e<\/p>\n\n\n\n<p>UE3 Linguistique (initiation aux sciences du langage)<\/p>\n\n\n\n<p>UE4 Rep\u00e8res culturels pour l\u2019\u0153uvre litt\u00e9raire<\/p>\n\n\n\n<p>UE5 Ma\u00eetriser l&rsquo;oral<\/p>\n\n\n\n<p>UE6 D\u00e9couverte des arts<\/p>\n\n\n\n<p>UE7 Langue et culture : italien ou espagnol ou anglais<\/p>\n\n\n\n<p>UE8 DICE (Documentation, Information, Communication, Expression)<\/p>\n\n\n\n<p>UE9 Construire un parcours de formation<\/p>\n\n\n\n<div class=\"wp-block-image\"><figure class=\"alignright size-large is-resized\"><img loading=\"lazy\" src=\"http:\/\/blogs.univ-jfc.fr\/licencelettres\/wp-content\/uploads\/sites\/80\/2021\/11\/Lait-2021.jpg\" alt=\"\" class=\"wp-image-283\" width=\"458\" height=\"312\" srcset=\"https:\/\/blogs.univ-jfc.fr\/licencelettres\/wp-content\/uploads\/sites\/80\/2021\/11\/Lait-2021.jpg 805w, https:\/\/blogs.univ-jfc.fr\/licencelettres\/wp-content\/uploads\/sites\/80\/2021\/11\/Lait-2021-300x205.jpg 300w, https:\/\/blogs.univ-jfc.fr\/licencelettres\/wp-content\/uploads\/sites\/80\/2021\/11\/Lait-2021-768x525.jpg 768w\" sizes=\"(max-width: 458px) 100vw, 458px\" \/><figcaption>\u00ab\u00a0D\u00e9couverte des arts\u00a0\u00bb, s\u00e9ance au Centre d&rsquo;art Le Lait (2021)<\/figcaption><\/figure><\/div>\n\n\n\n<h2>Semestre 2<\/h2>\n\n\n\n<p>UE1 Litt\u00e9rature du pass\u00e9 au pr\u00e9sent : Litt\u00e9rature du XVIII\u00e8 si\u00e8cle et Histoire et th\u00e9ories des genres litt\u00e9raires<\/p>\n\n\n\n<p>UE2 Litt\u00e9rature compar\u00e9e et litt\u00e9rature \u00e9trang\u00e8re<\/p>\n\n\n\n<p>UE3 Latin et Linguistique (morphologie et s\u00e9mantique lexicale)<\/p>\n\n\n\n<p>UE4 M\u00e9thodologie des exercices universitaires en litt\u00e9rature<\/p>\n\n\n\n<ul><li style=\"padding-left: 60px\">commentaire litt\u00e9raire<\/li><li style=\"padding-left: 60px\">dissertation<\/li><\/ul>\n\n\n\n<p>UE5 Questions de soci\u00e9t\u00e9 : domaines anglophone et hispanophone<strong><br><\/strong><\/p>\n\n\n\n<p>UE6 Langue et culture : espagnol ou anglais ou italien<\/p>\n\n\n\n<p>UE7 Bureautique et outils informatiques<\/p>\n\n\n\n<p><span style=\"color: #339966\"><strong>&gt;&gt; A l&rsquo;issue du deuxi\u00e8me semestre, choix d\u2019une orientation pour la deuxi\u00e8me et la troisi\u00e8me ann\u00e9e :<\/strong><\/span><\/p>\n\n\n\n<ul><li><span style=\"color: #339966\"><strong>Vers les m\u00e9tiers de l&rsquo;\u00e9crit<br><\/strong><\/span><\/li><li><span style=\"color: #339966\"><strong>Vers les m\u00e9tiers de l&rsquo;art<\/strong><\/span><\/li><li><strong><span style=\"color: #008000\"><span style=\"color: #339966\">Vers le professorat des \u00e9coles<\/span><br><\/span><\/strong><\/li><li><span style=\"color: #339966\"><strong>Anglais<\/strong><\/span><\/li><\/ul>\n","protected":false},"excerpt":{"rendered":"<p>Semestre 1 UE1 Litt\u00e9rature et soci\u00e9t\u00e9 : Litt\u00e9rature du XX\u00e8 si\u00e8cle et Litt\u00e9rature francophone UE2 Litt\u00e9rature compar\u00e9e UE3 Linguistique (initiation aux sciences du langage) UE4 Rep\u00e8res culturels pour l\u2019\u0153uvre litt\u00e9raire UE5 Ma\u00eetriser l&rsquo;oral UE6 D\u00e9couverte des arts UE7 Langue et culture : italien ou espagnol ou anglais UE8 DICE (Documentation, Information, Communication, Expression) UE9 Construire &hellip; <a href=\"https:\/\/blogs.univ-jfc.fr\/licencelettres\/presentation\/maquette-des-enseignements\/premiere-annee\/\" class=\"more-link\">Continuer la lecture de <span class=\"screen-reader-text\">Premi\u00e8re ann\u00e9e<\/span> <span class=\"meta-nav\">&rarr;<\/span><\/a><\/p>\n","protected":false},"author":729,"featured_media":0,"parent":45,"menu_order":0,"comment_status":"closed","ping_status":"closed","template":"","meta":[],"_links":{"self":[{"href":"https:\/\/blogs.univ-jfc.fr\/licencelettres\/wp-json\/wp\/v2\/pages\/180"}],"collection":[{"href":"https:\/\/blogs.univ-jfc.fr\/licencelettres\/wp-json\/wp\/v2\/pages"}],"about":[{"href":"https:\/\/blogs.univ-jfc.fr\/licencelettres\/wp-json\/wp\/v2\/types\/page"}],"author":[{"embeddable":true,"href":"https:\/\/blogs.univ-jfc.fr\/licencelettres\/wp-json\/wp\/v2\/users\/729"}],"replies":[{"embeddable":true,"href":"https:\/\/blogs.univ-jfc.fr\/licencelettres\/wp-json\/wp\/v2\/comments?post=180"}],"version-history":[{"count":6,"href":"https:\/\/blogs.univ-jfc.fr\/licencelettres\/wp-json\/wp\/v2\/pages\/180\/revisions"}],"predecessor-version":[{"id":305,"href":"https:\/\/blogs.univ-jfc.fr\/licencelettres\/wp-json\/wp\/v2\/pages\/180\/revisions\/305"}],"up":[{"embeddable":true,"href":"https:\/\/blogs.univ-jfc.fr\/licencelettres\/wp-json\/wp\/v2\/pages\/45"}],"wp:attachment":[{"href":"https:\/\/blogs.univ-jfc.fr\/licencelettres\/wp-json\/wp\/v2\/media?parent=180"}],"curies":[{"name":"wp","href":"https:\/\/api.w.org\/{rel}","templated":true}]}}