{"id":184,"date":"2020-02-01T09:21:06","date_gmt":"2020-02-01T08:21:06","guid":{"rendered":"http:\/\/blogs.univ-jfc.fr\/licencelettres\/?page_id=184"},"modified":"2021-06-17T16:49:16","modified_gmt":"2021-06-17T14:49:16","slug":"troisieme-annee","status":"publish","type":"page","link":"https:\/\/blogs.univ-jfc.fr\/licencelettres\/presentation\/maquette-des-enseignements\/troisieme-annee\/","title":{"rendered":"Troisi\u00e8me ann\u00e9e"},"content":{"rendered":"<h2>Semestre 5<\/h2>\n<p>UE1 Litt\u00e9rature g\u00e9n\u00e9rale (Litt\u00e9rature m\u00e9di\u00e9vale et Lectures critiques)<\/p>\n<p>UE2 Litt\u00e9rature compar\u00e9e<\/p>\n<p>UE3 Linguistique<\/p>\n<p>UE4 Figures de lecteur et th\u00e9ories de la lecture<\/p>\n<p>UE5 STAGE<\/p>\n<p><strong>UE6 VME<\/strong><\/p>\n<ul>\n<li>TER \u00e9criture cr\u00e9ative er critique<\/li>\n<li>Stylistique<\/li>\n<\/ul>\n<p><strong>UE6 Parcours anglais<\/strong><\/p>\n<ul>\n<li>Expression orale<\/li>\n<li>Traduction<\/li>\n<\/ul>\n<p><strong>UE6 VPE<br \/>\n<\/strong><\/p>\n<ul>\n<li>D\u00e9veloppement de l&rsquo;enfant et de l&rsquo;adolescent<\/li>\n<li>Langue fran\u00e7aise et didactique<\/li>\n<\/ul>\n<p>UE7 Langue et culture : anglais ou espagnol ou italien<\/p>\n<p>UE8 Ouverture sur les arts : au choix<\/p>\n<ul>\n<li>atelier d\u2019\u00e9criture<\/li>\n<li>litt\u00e9rature de jeunesse<\/li>\n<li>cin\u00e9ma italien<\/li>\n<li>cin\u00e9ma d&rsquo;Am\u00e9rique latine<\/li>\n<li>langue des signes fran\u00e7aise<\/li>\n<li>\u00e9gyptologie<\/li>\n<\/ul>\n<h2>Semestre 6<\/h2>\n<p>UE1 Litt\u00e9rature g\u00e9n\u00e9rale (Litt\u00e9rature du XVII\u00e8 si\u00e8cle et Litt\u00e9rature et musique)<\/p>\n<p>UE2 Litt\u00e9rature compar\u00e9e<\/p>\n<p>UE3 Figures et postures d&rsquo;auteur<\/p>\n<p>UE4 TER\u00a0 Projets culturels<\/p>\n<p><strong>UE5 VME<\/strong><\/p>\n<ul>\n<li>Analyse de l\u2019image et du spectacle<\/li>\n<li>Linguistique diachronique<\/li>\n<\/ul>\n<p><strong>UE5 Parcours anglais<\/strong><\/p>\n<ul>\n<li>Expression orale<\/li>\n<li>Traduction<\/li>\n<\/ul>\n<p><strong>UE5 VPE<br \/>\n<\/strong><\/p>\n<ul>\n<li>Stage<\/li>\n<li>ou participation \u00e0 un projet scientifique au long cours en \u00e9cole \u00e9l\u00e9mentaire<\/li>\n<\/ul>\n<p>UE6 Langue et culture : anglais ou espagnol ou italien<\/p>\n<p>UE7 Ouverture sur les arts : au choix<\/p>\n<ul>\n<li>atelier d\u2019\u00e9criture<\/li>\n<li>litt\u00e9rature de jeunesse<\/li>\n<li>cin\u00e9ma italien<\/li>\n<li>peinture hispanique<\/li>\n<li>langue des signes fran\u00e7aise<\/li>\n<\/ul>\n","protected":false},"excerpt":{"rendered":"<p>Semestre 5 UE1 Litt\u00e9rature g\u00e9n\u00e9rale (Litt\u00e9rature m\u00e9di\u00e9vale et Lectures critiques) UE2 Litt\u00e9rature compar\u00e9e UE3 Linguistique UE4 Figures de lecteur et th\u00e9ories de la lecture UE5 STAGE UE6 VME TER \u00e9criture cr\u00e9ative er critique Stylistique UE6 Parcours anglais Expression orale Traduction UE6 VPE D\u00e9veloppement de l&rsquo;enfant et de l&rsquo;adolescent Langue fran\u00e7aise et didactique UE7 Langue et &hellip; <a href=\"https:\/\/blogs.univ-jfc.fr\/licencelettres\/presentation\/maquette-des-enseignements\/troisieme-annee\/\" class=\"more-link\">Continuer la lecture de <span class=\"screen-reader-text\">Troisi\u00e8me ann\u00e9e<\/span> <span class=\"meta-nav\">&rarr;<\/span><\/a><\/p>\n","protected":false},"author":729,"featured_media":0,"parent":45,"menu_order":0,"comment_status":"closed","ping_status":"closed","template":"","meta":[],"_links":{"self":[{"href":"https:\/\/blogs.univ-jfc.fr\/licencelettres\/wp-json\/wp\/v2\/pages\/184"}],"collection":[{"href":"https:\/\/blogs.univ-jfc.fr\/licencelettres\/wp-json\/wp\/v2\/pages"}],"about":[{"href":"https:\/\/blogs.univ-jfc.fr\/licencelettres\/wp-json\/wp\/v2\/types\/page"}],"author":[{"embeddable":true,"href":"https:\/\/blogs.univ-jfc.fr\/licencelettres\/wp-json\/wp\/v2\/users\/729"}],"replies":[{"embeddable":true,"href":"https:\/\/blogs.univ-jfc.fr\/licencelettres\/wp-json\/wp\/v2\/comments?post=184"}],"version-history":[{"count":3,"href":"https:\/\/blogs.univ-jfc.fr\/licencelettres\/wp-json\/wp\/v2\/pages\/184\/revisions"}],"predecessor-version":[{"id":254,"href":"https:\/\/blogs.univ-jfc.fr\/licencelettres\/wp-json\/wp\/v2\/pages\/184\/revisions\/254"}],"up":[{"embeddable":true,"href":"https:\/\/blogs.univ-jfc.fr\/licencelettres\/wp-json\/wp\/v2\/pages\/45"}],"wp:attachment":[{"href":"https:\/\/blogs.univ-jfc.fr\/licencelettres\/wp-json\/wp\/v2\/media?parent=184"}],"curies":[{"name":"wp","href":"https:\/\/api.w.org\/{rel}","templated":true}]}}