{"id":26,"date":"2020-01-27T16:41:44","date_gmt":"2020-01-27T15:41:44","guid":{"rendered":"http:\/\/blogs.univ-jfc.fr\/licencelettres\/?page_id=26"},"modified":"2023-11-26T17:56:18","modified_gmt":"2023-11-26T16:56:18","slug":"rencontres-dauteur-e-s-animees-par-les-etudiants","status":"publish","type":"page","link":"https:\/\/blogs.univ-jfc.fr\/licencelettres\/rencontres-dauteur-e-s-animees-par-les-etudiants\/","title":{"rendered":"Rencontrer des auteur.e.s"},"content":{"rendered":"\n<p><strong><span style=\"color:#53172c\" class=\"has-inline-color\">Elles et ils sont venus \u00e0 la rencontre des \u00e9tudiants&#8230;<\/span><\/strong><\/p>\n\n\n\n<div class=\"wp-block-image\"><figure class=\"alignright size-large is-resized\"><img loading=\"lazy\" src=\"https:\/\/blogs.univ-jfc.fr\/licencelettres\/wp-content\/uploads\/sites\/80\/2021\/11\/IMG_1405-1024x548.png\" alt=\"\" class=\"wp-image-299\" width=\"356\" height=\"190\" srcset=\"https:\/\/blogs.univ-jfc.fr\/licencelettres\/wp-content\/uploads\/sites\/80\/2021\/11\/IMG_1405-1024x548.png 1024w, https:\/\/blogs.univ-jfc.fr\/licencelettres\/wp-content\/uploads\/sites\/80\/2021\/11\/IMG_1405-300x161.png 300w, https:\/\/blogs.univ-jfc.fr\/licencelettres\/wp-content\/uploads\/sites\/80\/2021\/11\/IMG_1405-768x411.png 768w, https:\/\/blogs.univ-jfc.fr\/licencelettres\/wp-content\/uploads\/sites\/80\/2021\/11\/IMG_1405-1536x823.png 1536w, https:\/\/blogs.univ-jfc.fr\/licencelettres\/wp-content\/uploads\/sites\/80\/2021\/11\/IMG_1405.png 1559w\" sizes=\"(max-width: 356px) 100vw, 356px\" \/><figcaption>mars 2018<\/figcaption><\/figure><\/div>\n\n\n\n<p>Sandrine Roche, 15 mars 2018<\/p>\n\n\n\n<p>Fr\u00e9d\u00e9ric Cl\u00e9ment, 5 avril 2018<\/p>\n\n\n\n<p>Val\u00e9rie Rouzeau, 14 f\u00e9vrier 2019<\/p>\n\n\n\n<p>Philippe Malone, 28 mars 2019<\/p>\n\n\n\n<p>Judith Gueyfier, 4 avril 2019<\/p>\n\n\n\n<div class=\"wp-block-image\"><figure class=\"alignleft size-large is-resized\"><img loading=\"lazy\" src=\"https:\/\/blogs.univ-jfc.fr\/licencelettres\/wp-content\/uploads\/sites\/80\/2021\/11\/Rouzeau.jpg\" alt=\"\" class=\"wp-image-300\" width=\"318\" height=\"238\" srcset=\"https:\/\/blogs.univ-jfc.fr\/licencelettres\/wp-content\/uploads\/sites\/80\/2021\/11\/Rouzeau.jpg 535w, https:\/\/blogs.univ-jfc.fr\/licencelettres\/wp-content\/uploads\/sites\/80\/2021\/11\/Rouzeau-300x225.jpg 300w\" sizes=\"(max-width: 318px) 100vw, 318px\" \/><figcaption>f\u00e9vrier 2019<\/figcaption><\/figure><\/div>\n\n\n\n<p>Fr\u00e9d\u00e9ric Dumond, 26 janvier 2022<\/p>\n\n\n\n<p>Arno Bertina, 9 f\u00e9vrier 2022<\/p>\n\n\n\n<p>Pierre Soletti, 28 novembre 2022<\/p>\n\n\n\n<p>Pauline Picot, 29 novembre 2023<\/p>\n\n\n\n<p> <\/p>\n","protected":false},"excerpt":{"rendered":"<p>Elles et ils sont venus \u00e0 la rencontre des \u00e9tudiants&#8230; Sandrine Roche, 15 mars 2018 Fr\u00e9d\u00e9ric Cl\u00e9ment, 5 avril 2018 Val\u00e9rie Rouzeau, 14 f\u00e9vrier 2019 Philippe Malone, 28 mars 2019 Judith Gueyfier, 4 avril 2019 Fr\u00e9d\u00e9ric Dumond, 26 janvier 2022 Arno Bertina, 9 f\u00e9vrier 2022 Pierre Soletti, 28 novembre 2022 Pauline Picot, 29 novembre 2023<\/p>\n","protected":false},"author":729,"featured_media":0,"parent":0,"menu_order":0,"comment_status":"closed","ping_status":"closed","template":"","meta":[],"_links":{"self":[{"href":"https:\/\/blogs.univ-jfc.fr\/licencelettres\/wp-json\/wp\/v2\/pages\/26"}],"collection":[{"href":"https:\/\/blogs.univ-jfc.fr\/licencelettres\/wp-json\/wp\/v2\/pages"}],"about":[{"href":"https:\/\/blogs.univ-jfc.fr\/licencelettres\/wp-json\/wp\/v2\/types\/page"}],"author":[{"embeddable":true,"href":"https:\/\/blogs.univ-jfc.fr\/licencelettres\/wp-json\/wp\/v2\/users\/729"}],"replies":[{"embeddable":true,"href":"https:\/\/blogs.univ-jfc.fr\/licencelettres\/wp-json\/wp\/v2\/comments?post=26"}],"version-history":[{"count":7,"href":"https:\/\/blogs.univ-jfc.fr\/licencelettres\/wp-json\/wp\/v2\/pages\/26\/revisions"}],"predecessor-version":[{"id":385,"href":"https:\/\/blogs.univ-jfc.fr\/licencelettres\/wp-json\/wp\/v2\/pages\/26\/revisions\/385"}],"wp:attachment":[{"href":"https:\/\/blogs.univ-jfc.fr\/licencelettres\/wp-json\/wp\/v2\/media?parent=26"}],"curies":[{"name":"wp","href":"https:\/\/api.w.org\/{rel}","templated":true}]}}