{"id":341,"date":"2022-03-24T17:30:21","date_gmt":"2022-03-24T16:30:21","guid":{"rendered":"http:\/\/blogs.univ-jfc.fr\/licencelettres\/?page_id=341"},"modified":"2022-03-24T17:30:21","modified_gmt":"2022-03-24T16:30:21","slug":"conference-editeurs-et-engagement-par-mathilde-bonazzi","status":"publish","type":"page","link":"https:\/\/blogs.univ-jfc.fr\/licencelettres\/seminaire-la-forge-des-langues-fictions-et-sciences-du-langage\/conference-editeurs-et-engagement-par-mathilde-bonazzi\/","title":{"rendered":"Conf\u00e9rence. Editeurs et engagement, par Mathilde Bonazzi"},"content":{"rendered":"\n<p>Mercredi 9 mars 2022<\/p>\n\n\n\n<figure class=\"wp-block-video\"><video controls src=\"https:\/\/media.univ-jfc.fr\/videos\/MEDIA220322161254493\/multimedia\/MEDIA220322161254493.mp4\"><\/video><\/figure>\n\n\n\n<p><\/p>\n\n\n\n<p><\/p>\n\n\n\n<p><strong>R\u00e9sum\u00e9 de la communication \u00ab\u00a0L\u2019\u00e9diteur en son catalogue \u2013 mythologie de l\u2019engagement et actions directes\u00a0\u00bb<\/strong><\/p>\n\n\n\n<p>Quelles sont les origines de ce mythe critique selon lequel les \u00e9diteurs.trices, leurs go\u00fbts litt\u00e9raires et leurs convictions politiques, infuseraient naturellement dans leur catalogue&nbsp;? Un catalogue peut-il raisonnablement \u00eatre envisag\u00e9 comme la parfaite d\u00e9calcomanie d\u2019un style d\u2019\u00e9diteur.trice ? Nous interrogerons cette mythologie, son \u00e9laboration et ses enjeux, avant de d\u00e9gager quelques moyens efficients dont un.e \u00e9diteur.trice dispose pour d\u00e9montrer son engagement \u2013 tenir parole dans l\u2019espace social.&nbsp;<\/p>\n\n\n\n<p><strong>Pr\u00e9sentation de la contributrice&nbsp;<\/strong><\/p>\n\n\n\n<p>Docteure \u00e8s lettres et stylisticienne, sp\u00e9cialiste de l\u2019\u00e9dition et de la critique litt\u00e9raire, Mathilde Bonazzi est l\u2019autrice de l\u2019essai <em>Mythologies d&rsquo;un style&nbsp;: les \u00c9ditions de Minuit <\/em>(La Baconni\u00e8re, 2019). Elle a codirig\u00e9 le premier ouvrage enti\u00e8rement consacr\u00e9 \u00e0 Maylis de Kerangal&nbsp;: <em>La Langue de Maylis de Kerangal, \u00ab&nbsp;\u00e9tirer le temps, allonger l\u2019espace&nbsp;\u00bb<\/em> (\u00c9ditions Universitaires de Dijon, 2017, Mathilde Bonazzi, C\u00e9cile Narjoux et Isabelle Ser\u00e7a) et a contribu\u00e9, aux c\u00f4t\u00e9s de Christian Authier, Magyd Cherfy, Marie Didier et d\u2019autres plumes, au <em>Lexique amoureux de Toulouse<\/em> (Cairn, 2016, sous la direction de Dominique Porte). Dans cet ab\u00e9c\u00e9daire d\u00e9routant et buissonnier, po\u00e9tique et polyphonique, ponctu\u00e9 de photos in\u00e9dites de Jean Dieuzaide, on lui doit notamment les notices documentaires et les microfictions \u00ab&nbsp;ciel (lumi\u00e8res du)&nbsp;\u00bb, \u00ab&nbsp;rue de l\u2019ouest&nbsp;\u00bb, \u00ab&nbsp;terrain vague&nbsp;\u00bb, \u00ab&nbsp;v\u00e9lo&nbsp;\u00bb.<\/p>\n\n\n\n<p>En 2012, Mathilde Bonazzi a contribu\u00e9 \u00e0 la cr\u00e9ation du premier Master de Cr\u00e9ation litt\u00e9raire fran\u00e7ais \u00e0 l\u2019Universit\u00e9 Toulouse II \u2013 Jean Jaur\u00e8s. Dans cette universit\u00e9, elle enseigne aujourd\u2019hui les \u00e9critures mus\u00e9ales et la grammaire fran\u00e7aise (Master \u00ab M\u00e9tiers de l\u2019art \u00bb et CEntre de Traduction, d\u2019Interpr\u00e9tation et de M\u00e9diation linguistique, cetim). Au lyc\u00e9e Rive Gauche de Toulouse, elle enseigne les lettres dans des fili\u00e8res pionni\u00e8res en communication et arts appliqu\u00e9s, o\u00f9 elle con\u00e7oit et anime des ateliers d\u2019\u00e9criture cr\u00e9ative et professionnelle. Elle accompagne les \u00e9tudiants dans la micro\u00e9dition de fanzine, catalogue d\u2019exposition ou livre d\u2019artiste, et les engage au dialogue avec des \u00e9crivains aux pratiques diverses (Zeina Abirached, \u00c9ric Arlix, Olivier Douzou, Fabcaro, Laurent Mauvignier, Antoine Volodine, etc.), dans le cadre de partenariat avec les principaux acteurs du livre (Maison des \u00c9crivains et de la Litt\u00e9rature, Occitanie Livre et Lecture, Biblioth\u00e8que de Toulouse, librairies L\u2019Autre Rive et Terra Nova, la Cave Po\u00e9sie, Nuits de la lecture, Banquet de Lagrasse, etc.).<\/p>\n","protected":false},"excerpt":{"rendered":"<p>Mercredi 9 mars 2022 R\u00e9sum\u00e9 de la communication \u00ab\u00a0L\u2019\u00e9diteur en son catalogue \u2013 mythologie de l\u2019engagement et actions directes\u00a0\u00bb Quelles sont les origines de ce mythe critique selon lequel les \u00e9diteurs.trices, leurs go\u00fbts litt\u00e9raires et leurs convictions politiques, infuseraient naturellement dans leur catalogue&nbsp;? Un catalogue peut-il raisonnablement \u00eatre envisag\u00e9 comme la parfaite d\u00e9calcomanie d\u2019un style &hellip; <a href=\"https:\/\/blogs.univ-jfc.fr\/licencelettres\/seminaire-la-forge-des-langues-fictions-et-sciences-du-langage\/conference-editeurs-et-engagement-par-mathilde-bonazzi\/\" class=\"more-link\">Continuer la lecture de <span class=\"screen-reader-text\">Conf\u00e9rence. Editeurs et engagement, par Mathilde Bonazzi<\/span> <span class=\"meta-nav\">&rarr;<\/span><\/a><\/p>\n","protected":false},"author":729,"featured_media":0,"parent":67,"menu_order":1,"comment_status":"closed","ping_status":"closed","template":"","meta":[],"_links":{"self":[{"href":"https:\/\/blogs.univ-jfc.fr\/licencelettres\/wp-json\/wp\/v2\/pages\/341"}],"collection":[{"href":"https:\/\/blogs.univ-jfc.fr\/licencelettres\/wp-json\/wp\/v2\/pages"}],"about":[{"href":"https:\/\/blogs.univ-jfc.fr\/licencelettres\/wp-json\/wp\/v2\/types\/page"}],"author":[{"embeddable":true,"href":"https:\/\/blogs.univ-jfc.fr\/licencelettres\/wp-json\/wp\/v2\/users\/729"}],"replies":[{"embeddable":true,"href":"https:\/\/blogs.univ-jfc.fr\/licencelettres\/wp-json\/wp\/v2\/comments?post=341"}],"version-history":[{"count":3,"href":"https:\/\/blogs.univ-jfc.fr\/licencelettres\/wp-json\/wp\/v2\/pages\/341\/revisions"}],"predecessor-version":[{"id":344,"href":"https:\/\/blogs.univ-jfc.fr\/licencelettres\/wp-json\/wp\/v2\/pages\/341\/revisions\/344"}],"up":[{"embeddable":true,"href":"https:\/\/blogs.univ-jfc.fr\/licencelettres\/wp-json\/wp\/v2\/pages\/67"}],"wp:attachment":[{"href":"https:\/\/blogs.univ-jfc.fr\/licencelettres\/wp-json\/wp\/v2\/media?parent=341"}],"curies":[{"name":"wp","href":"https:\/\/api.w.org\/{rel}","templated":true}]}}