{"id":42,"date":"2020-01-29T09:12:18","date_gmt":"2020-01-29T08:12:18","guid":{"rendered":"http:\/\/blogs.univ-jfc.fr\/licencelettres\/?page_id=42"},"modified":"2022-03-11T19:03:53","modified_gmt":"2022-03-11T18:03:53","slug":"maquette-des-enseignements-et-bibliographie","status":"publish","type":"page","link":"https:\/\/blogs.univ-jfc.fr\/licencelettres\/maquette-des-enseignements-et-bibliographie\/","title":{"rendered":"La formation"},"content":{"rendered":"\n<p><\/p>\n\n\n<p>La Licence de Lettres modernes a pour objectif principal de doter l\u2019\u00e9tudiant.e d\u2019une solide culture g\u00e9n\u00e9rale et d\u2019une connaissance intime des textes qui composent le patrimoine de la litt\u00e9rature, dans des travers\u00e9es comparatistes ou g\u00e9n\u00e9rales. Elle lui permet d\u2019acqu\u00e9rir des comp\u00e9tences m\u00e9thodologiques propres \u00e0 l&rsquo;analyse des discours et des textes, et une ma\u00eetrise de la r\u00e9daction et de la communication, \u00e0 l&rsquo;\u00e9crit comme \u00e0 l&rsquo;oral.<\/p>\n<p>Les comp\u00e9tences acquises au cours de la licence sont pr\u00e9sent\u00e9es sur le site de l&rsquo;INU (<a href=\"https:\/\/www.univ-jfc.fr\/licences\/lettres\">https:\/\/www.univ-jfc.fr\/licences\/lettres<\/a>).<\/p>\n<p>\u00c0 partir de la L2, l\u2019\u00e9tudiant.e va pouvoir se sp\u00e9cialiser en choisissant un des quatre parcours propos\u00e9s :<\/p>\n<ul>\n<li>le <strong>parcours Vers les m\u00e9tiers de l&rsquo;\u00e9crit (VME) <\/strong>comporte des enseignements de litt\u00e9rature et de linguistique pour les \u00e9tudiants qui se destinent \u00e0 l&rsquo;enseignement en coll\u00e8ge ou lyc\u00e9e, ou aux m\u00e9tiers du livre, du journalisme, de la communication;<\/li>\n<li>le <strong>parcours Vers les m\u00e9tiers de l&rsquo;art (VMA) <\/strong>permet de d\u00e9couvrir les m\u00e9tiers de la m\u00e9diation et de la cr\u00e9ation, ainsi que les structures culturelles locales (ce parcours d&rsquo;un an permet de suivre ensuite une licence professionnelle ou de revenir en parcours VME);<\/li>\n<li>le <strong>parcours VPE<\/strong> (Vers le Professorat des \u00c9coles) comporte des enseignements de didactique des disciplines enseign\u00e9es en primaire, des cours li\u00e9s aux sciences de l\u2019\u00e9ducation et \u00e0 la psychologie de l\u2019enfant et un stage obligatoire en \u00e9cole\u00a0;<\/li>\n<li>le <strong>parcours Anglais <\/strong>permet \u00e0 l\u2019\u00e9tudiant.e d\u2019acqu\u00e9rir de fines connaissances dans la langue choisie, ainsi qu\u2019en litt\u00e9rature et en civilisation de ce m\u00eame domaine linguistique.<\/li>\n<\/ul>\n<p>Une large part de la formation est consacr\u00e9e \u00e0 la d\u00e9couverte des m\u00e9tiers de l\u2019\u00e9crit\u00a0dans les UE intitul\u00e9es \u00ab\u00a0Travaux encadr\u00e9s de recherche\u00a0\u00bb (<strong>TER<\/strong>). Cela situe la formation \u00e0 la crois\u00e9e des licences g\u00e9n\u00e9ralistes et des licences professionnelles et constitue un \u00e9l\u00e9ment appr\u00e9ci\u00e9. Le travail sous forme de projets collectifs men\u00e9s en autonomie ou semi-autonomie est favoris\u00e9 dans les TER, mais de plus en plus d\u2019\u00e9tudiants s\u2019investissent \u00e9galement dans des projets collectifs ou individuels non \u00e9valu\u00e9s, initi\u00e9s et accompagn\u00e9s par les enseignantes\u00a0:<\/p>\n<ul>\n<li>cr\u00e9ation du journal bimestriel de valorisation du fonds de la B.U.\u00a0(\u00ab\u00a0Les bibliovores\u00a0\u00bb)<\/li>\n<li>participation \u00e0 la Nuit de la lecture \u00e0 la M\u00e9diath\u00e8que Amalric d\u2019Albi<\/li>\n<li>b\u00e9n\u00e9volat sur le Salon du livre jeunesse d\u2019Albi<\/li>\n<li>participation au concours de nouvelles de la Biblioth\u00e8que universitaire<\/li>\n<li>engagement dans l\u2019organisation des \u00ab\u00a0masterclass\u00a0\u00bb (tables rondes autour d\u2019un auteur invit\u00e9 \u00e0 l\u2019INU et conception de lectures perform\u00e9es de ses textes)<\/li>\n<li>engagement dans la communication aupr\u00e8s des lyc\u00e9ens pour pr\u00e9senter la formation.<\/li>\n<\/ul>\n<p>Pour d\u00e9couvrir l&rsquo;univers de la recherche en litt\u00e9rature et en sciences du langage, tous les \u00e9tudiants participent au s\u00e9minaire \u00ab\u00a0La Forge des langues\u00a0\u00bb o\u00f9 se confrontent les travaux de cr\u00e9ateurs et de chercheuses et chercheurs de diff\u00e9rentes disciplines.<\/p>\n<figure id=\"attachment_85\" aria-describedby=\"caption-attachment-85\" style=\"width: 814px\" class=\"wp-caption alignnone\"><img loading=\"lazy\" class=\"wp-image-85 size-full\" src=\"http:\/\/blogs.univ-jfc.fr\/licencelettres\/wp-content\/uploads\/sites\/80\/2020\/01\/Nuit-de-la-lecture.jpg\" alt=\"\" width=\"814\" height=\"495\" srcset=\"https:\/\/blogs.univ-jfc.fr\/licencelettres\/wp-content\/uploads\/sites\/80\/2020\/01\/Nuit-de-la-lecture.jpg 814w, https:\/\/blogs.univ-jfc.fr\/licencelettres\/wp-content\/uploads\/sites\/80\/2020\/01\/Nuit-de-la-lecture-300x182.jpg 300w, https:\/\/blogs.univ-jfc.fr\/licencelettres\/wp-content\/uploads\/sites\/80\/2020\/01\/Nuit-de-la-lecture-768x467.jpg 768w\" sizes=\"(max-width: 814px) 100vw, 814px\" \/><figcaption id=\"caption-attachment-85\" class=\"wp-caption-text\">Nuit de la lecture &#8211; M\u00e9diath\u00e8que Amalric d&rsquo;Albi, janvier 2019<\/figcaption><\/figure>\n<p>\u00a0<\/p>","protected":false},"excerpt":{"rendered":"<p>La Licence de Lettres modernes a pour objectif principal de doter l\u2019\u00e9tudiant.e d\u2019une solide culture g\u00e9n\u00e9rale et d\u2019une connaissance intime des textes qui composent le patrimoine de la litt\u00e9rature, dans des travers\u00e9es comparatistes ou g\u00e9n\u00e9rales. Elle lui permet d\u2019acqu\u00e9rir des comp\u00e9tences m\u00e9thodologiques propres \u00e0 l&rsquo;analyse des discours et des textes, et une ma\u00eetrise de la &hellip; <a href=\"https:\/\/blogs.univ-jfc.fr\/licencelettres\/maquette-des-enseignements-et-bibliographie\/\" class=\"more-link\">Continuer la lecture de <span class=\"screen-reader-text\">La formation<\/span> <span class=\"meta-nav\">&rarr;<\/span><\/a><\/p>\n","protected":false},"author":729,"featured_media":0,"parent":0,"menu_order":0,"comment_status":"closed","ping_status":"closed","template":"","meta":[],"_links":{"self":[{"href":"https:\/\/blogs.univ-jfc.fr\/licencelettres\/wp-json\/wp\/v2\/pages\/42"}],"collection":[{"href":"https:\/\/blogs.univ-jfc.fr\/licencelettres\/wp-json\/wp\/v2\/pages"}],"about":[{"href":"https:\/\/blogs.univ-jfc.fr\/licencelettres\/wp-json\/wp\/v2\/types\/page"}],"author":[{"embeddable":true,"href":"https:\/\/blogs.univ-jfc.fr\/licencelettres\/wp-json\/wp\/v2\/users\/729"}],"replies":[{"embeddable":true,"href":"https:\/\/blogs.univ-jfc.fr\/licencelettres\/wp-json\/wp\/v2\/comments?post=42"}],"version-history":[{"count":10,"href":"https:\/\/blogs.univ-jfc.fr\/licencelettres\/wp-json\/wp\/v2\/pages\/42\/revisions"}],"predecessor-version":[{"id":317,"href":"https:\/\/blogs.univ-jfc.fr\/licencelettres\/wp-json\/wp\/v2\/pages\/42\/revisions\/317"}],"wp:attachment":[{"href":"https:\/\/blogs.univ-jfc.fr\/licencelettres\/wp-json\/wp\/v2\/media?parent=42"}],"curies":[{"name":"wp","href":"https:\/\/api.w.org\/{rel}","templated":true}]}}