{"id":52,"date":"2020-01-29T10:53:58","date_gmt":"2020-01-29T09:53:58","guid":{"rendered":"http:\/\/blogs.univ-jfc.fr\/licencelettres\/?page_id=52"},"modified":"2020-01-29T11:01:40","modified_gmt":"2020-01-29T10:01:40","slug":"rencontre-avec-valerie-rouzeau","status":"publish","type":"page","link":"https:\/\/blogs.univ-jfc.fr\/licencelettres\/rencontres-dauteur-e-s-animees-par-les-etudiants\/rencontre-avec-valerie-rouzeau\/","title":{"rendered":"Rencontre avec Val\u00e9rie Rouzeau &#8211; 14 f\u00e9vrier 2019"},"content":{"rendered":"<p>La po\u00e9sie contemporaine est comme la belle endormie au fond des bois\u00a0: rang\u00e9e sur l\u2019\u00e9tag\u00e8re du bas dans les librairies, ignor\u00e9e des media \u2013 pas \u00e9tonnant qu\u2019elle reste m\u00e9connue du public. Par chance, quelques auteurs comme Val\u00e9rie Rouzeau savent piquer au vif l\u2019int\u00e9r\u00eat des lecteurs. Trente ans qu\u2019elle se consacre \u00e0 l\u2019\u00e9criture po\u00e9tique et autant de recueils publi\u00e9s, auxquels s\u2019ajoutent les traductions de Sylvia Plath et William Carlos Williams, entre autres. \u00ab\u00a0Une des figures les plus importantes de la po\u00e9sie fran\u00e7aise\u00a0\u00bb, la lire \u00ab\u00a0donne envie de crier de joie\u00a0\u00bb s\u2019enthousiasme la presse \u00e0 la sortie du recueil <em>Vrouz <\/em>(Prix Apollinaire 2012). C\u2019est vrai, la po\u00e9tique de Val\u00e9rie Rouzeau est fondamentalement ludique, l\u2019humour en note de fond. Pourtant la l\u00e9g\u00e8ret\u00e9 de l\u2019(auto-)d\u00e9rision, la virtuosit\u00e9 des jeux de mots ne font pas tout\u00a0: pr\u00e9cise, sensible, la parole qu\u2019elle nous confie refl\u00e8te des maux de vivre, la solitude, le besoin de simplicit\u00e9, des incertitudes, des perplexit\u00e9s, l\u2019affrontement de choix difficiles. Mais elle dit aussi le bonheur d\u2019\u00e9crire et lire de beaux textes, la joie, le r\u00e9confort, la force, l\u2019humanit\u00e9 que nous peut procurer la po\u00e9sie aujourd\u2019hui.<\/p>\n<p>Val\u00e9rie Rouzeau a pass\u00e9 la journ\u00e9e du 14 f\u00e9vrier 2019 \u00e0 l\u2019INU avec les \u00e9tudiants de la licence de Lettres modernes. Table ronde anim\u00e9e par les \u00e9tudiants et ponctu\u00e9e de lectures de 10h \u00e0 12h, amphi Cohou\u00a0; atelier d\u2019\u00e9criture de 14h \u00e0 16h.<\/p>\n<p>Voir la vid\u00e9o : <a href=\"https:\/\/media.univ-jfc.fr\/channelcatmedia\/28\/MEDIA190307093845561\" target=\"_blank\" rel=\"noopener noreferrer\">https:\/\/media.univ-jfc.fr\/channelcatmedia\/28\/MEDIA190307093845561<\/a><\/p>\n<figure id=\"attachment_57\" aria-describedby=\"caption-attachment-57\" style=\"width: 300px\" class=\"wp-caption alignnone\"><img loading=\"lazy\" class=\"size-medium wp-image-57\" src=\"http:\/\/blogs.univ-jfc.fr\/licencelettres\/wp-content\/uploads\/sites\/80\/2020\/01\/Portrait-ROuzeau-300x169.jpg\" alt=\"\" width=\"300\" height=\"169\" srcset=\"https:\/\/blogs.univ-jfc.fr\/licencelettres\/wp-content\/uploads\/sites\/80\/2020\/01\/Portrait-ROuzeau-300x169.jpg 300w, https:\/\/blogs.univ-jfc.fr\/licencelettres\/wp-content\/uploads\/sites\/80\/2020\/01\/Portrait-ROuzeau.jpg 680w\" sizes=\"(max-width: 300px) 100vw, 300px\" \/><figcaption id=\"caption-attachment-57\" class=\"wp-caption-text\">Val\u00e9rie Rouzeau<br \/>Paris Mars 2018<\/figcaption><\/figure>\n","protected":false},"excerpt":{"rendered":"<p>La po\u00e9sie contemporaine est comme la belle endormie au fond des bois\u00a0: rang\u00e9e sur l\u2019\u00e9tag\u00e8re du bas dans les librairies, ignor\u00e9e des media \u2013 pas \u00e9tonnant qu\u2019elle reste m\u00e9connue du public. Par chance, quelques auteurs comme Val\u00e9rie Rouzeau savent piquer au vif l\u2019int\u00e9r\u00eat des lecteurs. Trente ans qu\u2019elle se consacre \u00e0 l\u2019\u00e9criture po\u00e9tique et autant &hellip; <a href=\"https:\/\/blogs.univ-jfc.fr\/licencelettres\/rencontres-dauteur-e-s-animees-par-les-etudiants\/rencontre-avec-valerie-rouzeau\/\" class=\"more-link\">Continuer la lecture de <span class=\"screen-reader-text\">Rencontre avec Val\u00e9rie Rouzeau &#8211; 14 f\u00e9vrier 2019<\/span> <span class=\"meta-nav\">&rarr;<\/span><\/a><\/p>\n","protected":false},"author":729,"featured_media":0,"parent":26,"menu_order":0,"comment_status":"closed","ping_status":"closed","template":"","meta":[],"_links":{"self":[{"href":"https:\/\/blogs.univ-jfc.fr\/licencelettres\/wp-json\/wp\/v2\/pages\/52"}],"collection":[{"href":"https:\/\/blogs.univ-jfc.fr\/licencelettres\/wp-json\/wp\/v2\/pages"}],"about":[{"href":"https:\/\/blogs.univ-jfc.fr\/licencelettres\/wp-json\/wp\/v2\/types\/page"}],"author":[{"embeddable":true,"href":"https:\/\/blogs.univ-jfc.fr\/licencelettres\/wp-json\/wp\/v2\/users\/729"}],"replies":[{"embeddable":true,"href":"https:\/\/blogs.univ-jfc.fr\/licencelettres\/wp-json\/wp\/v2\/comments?post=52"}],"version-history":[{"count":4,"href":"https:\/\/blogs.univ-jfc.fr\/licencelettres\/wp-json\/wp\/v2\/pages\/52\/revisions"}],"predecessor-version":[{"id":66,"href":"https:\/\/blogs.univ-jfc.fr\/licencelettres\/wp-json\/wp\/v2\/pages\/52\/revisions\/66"}],"up":[{"embeddable":true,"href":"https:\/\/blogs.univ-jfc.fr\/licencelettres\/wp-json\/wp\/v2\/pages\/26"}],"wp:attachment":[{"href":"https:\/\/blogs.univ-jfc.fr\/licencelettres\/wp-json\/wp\/v2\/media?parent=52"}],"curies":[{"name":"wp","href":"https:\/\/api.w.org\/{rel}","templated":true}]}}