{"id":70,"date":"2020-01-29T11:07:04","date_gmt":"2020-01-29T10:07:04","guid":{"rendered":"http:\/\/blogs.univ-jfc.fr\/licencelettres\/?page_id=70"},"modified":"2020-01-29T11:10:26","modified_gmt":"2020-01-29T10:10:26","slug":"conference-comment-parler-a-un-alien-frederic-landragin","status":"publish","type":"page","link":"https:\/\/blogs.univ-jfc.fr\/licencelettres\/seminaire-la-forge-des-langues-fictions-et-sciences-du-langage\/conference-comment-parler-a-un-alien-frederic-landragin\/","title":{"rendered":"Conf\u00e9rence. Comment parler \u00e0 un alien ? Fr\u00e9d\u00e9ric Landragin"},"content":{"rendered":"<p>Mercredi 6 novembre de 9h \u00e0 11h<\/p>\n<p>\u00ab\u00a0Comment parler \u00e0 un alien\u00a0? La linguistique \u00e0 l\u2019\u00e9preuve de la fiction\u00a0\u00bb par Fr\u00e9d\u00e9ric Landragin, directeur de recherche au CNRS (Laboratoire Lattice-ENS).<\/p>\n<p>&nbsp;<\/p>\n<p>Imaginez\u00a0: les extraterrestres sont l\u00e0 ! Sur Terre. \u00c0 c\u00f4t\u00e9 de chez vous\u2026 Et d\u2019embl\u00e9e se pose la question cruciale qui accompagne l\u2019extraordinaire \u00e9v\u00e9nement\u00a0: comment leur parler\u00a0? Comment s\u2019en faire comprendre\u00a0? <strong>Fr\u00e9d\u00e9ric Landragin<\/strong>, docteur en informatique-linguistique, directeur de recherche au CNRS, fait dialoguer science-fiction et linguistique\u00a0: exposant les bases des sciences du langage, il questionne la nature des langues et s\u2019interroge sur les modalit\u00e9s d\u2019un premier contact. Car apr\u00e8s tout, comme nous l\u2019apprend souvent la science-fiction, l\u2019alien n\u2019est pas toujours celui que l\u2019on croit, et apprendre \u00e0 parler \u00e0 l\u2019autre, c\u2019est aussi savoir se parler \u00e0 soi-m\u00eame\u2026<\/p>\n<p>Voir la conf\u00e9rence : <a href=\"https:\/\/media.univ-jfc.fr\/channelcatmedia\/28\/MEDIA191114163851218\" target=\"_blank\" rel=\"noopener noreferrer\">https:\/\/media.univ-jfc.fr\/channelcatmedia\/28\/MEDIA191114163851218<\/a><\/p>\n","protected":false},"excerpt":{"rendered":"<p>Mercredi 6 novembre de 9h \u00e0 11h \u00ab\u00a0Comment parler \u00e0 un alien\u00a0? La linguistique \u00e0 l\u2019\u00e9preuve de la fiction\u00a0\u00bb par Fr\u00e9d\u00e9ric Landragin, directeur de recherche au CNRS (Laboratoire Lattice-ENS). &nbsp; Imaginez\u00a0: les extraterrestres sont l\u00e0 ! Sur Terre. \u00c0 c\u00f4t\u00e9 de chez vous\u2026 Et d\u2019embl\u00e9e se pose la question cruciale qui accompagne l\u2019extraordinaire \u00e9v\u00e9nement\u00a0: comment &hellip; <a href=\"https:\/\/blogs.univ-jfc.fr\/licencelettres\/seminaire-la-forge-des-langues-fictions-et-sciences-du-langage\/conference-comment-parler-a-un-alien-frederic-landragin\/\" class=\"more-link\">Continuer la lecture de <span class=\"screen-reader-text\">Conf\u00e9rence. Comment parler \u00e0 un alien ? Fr\u00e9d\u00e9ric Landragin<\/span> <span class=\"meta-nav\">&rarr;<\/span><\/a><\/p>\n","protected":false},"author":729,"featured_media":0,"parent":67,"menu_order":0,"comment_status":"closed","ping_status":"closed","template":"","meta":[],"_links":{"self":[{"href":"https:\/\/blogs.univ-jfc.fr\/licencelettres\/wp-json\/wp\/v2\/pages\/70"}],"collection":[{"href":"https:\/\/blogs.univ-jfc.fr\/licencelettres\/wp-json\/wp\/v2\/pages"}],"about":[{"href":"https:\/\/blogs.univ-jfc.fr\/licencelettres\/wp-json\/wp\/v2\/types\/page"}],"author":[{"embeddable":true,"href":"https:\/\/blogs.univ-jfc.fr\/licencelettres\/wp-json\/wp\/v2\/users\/729"}],"replies":[{"embeddable":true,"href":"https:\/\/blogs.univ-jfc.fr\/licencelettres\/wp-json\/wp\/v2\/comments?post=70"}],"version-history":[{"count":3,"href":"https:\/\/blogs.univ-jfc.fr\/licencelettres\/wp-json\/wp\/v2\/pages\/70\/revisions"}],"predecessor-version":[{"id":74,"href":"https:\/\/blogs.univ-jfc.fr\/licencelettres\/wp-json\/wp\/v2\/pages\/70\/revisions\/74"}],"up":[{"embeddable":true,"href":"https:\/\/blogs.univ-jfc.fr\/licencelettres\/wp-json\/wp\/v2\/pages\/67"}],"wp:attachment":[{"href":"https:\/\/blogs.univ-jfc.fr\/licencelettres\/wp-json\/wp\/v2\/media?parent=70"}],"curies":[{"name":"wp","href":"https:\/\/api.w.org\/{rel}","templated":true}]}}