{"id":8,"date":"2020-01-27T16:07:39","date_gmt":"2020-01-27T15:07:39","guid":{"rendered":"http:\/\/blogs.univ-jfc.fr\/licencelettres\/?page_id=8"},"modified":"2021-11-21T08:48:23","modified_gmt":"2021-11-21T07:48:23","slug":"ter","status":"publish","type":"page","link":"https:\/\/blogs.univ-jfc.fr\/licencelettres\/travaux-encadres-de-recherche\/ter\/","title":{"rendered":"Un TER, qu&rsquo;est-ce que c&rsquo;est?"},"content":{"rendered":"\n<p>L&rsquo;UE <strong>TER<\/strong> (Travaux encadr\u00e9s de recherche) permet aux \u00e9tudiants de d\u00e9couvrir les m\u00e9tiers de l&rsquo;\u00e9crit et de la m\u00e9diation culturelle en allant \u00e0 la rencontre de professionnels. Le travail en groupe et en autonomie est privil\u00e9gi\u00e9.<\/p>\n\n\n\n<ul><li>L2 semestre 3 <strong>TER \u00c9dition <\/strong>: d\u00e9couverte de la cha\u00eene \u00e9ditoriale &#8211; depuis le choix du manuscrit jusqu&rsquo;au plan de communication &#8211; avec un \u00e9diteur professionnel.<\/li><li>L2 semestre 4 <strong>TER : Valorisation et diffusion de la litt\u00e9rature <\/strong>: enqu\u00eate de terrain ou r\u00e9alisation d&rsquo;un projet autour de la diffusion et de la m\u00e9diation du livre.<\/li><li>L3 semestre 5<br> <ul><li><strong>TER \u00c9criture cr\u00e9ative <\/strong>: production d&rsquo;un dossier de textes litt\u00e9raires.<\/li><li>ou <strong>TER \u00c9criture critique <\/strong>: conception et r\u00e9alisation des cinq num\u00e9ros de <em>L&rsquo;Oeilleton<\/em>, le journal quotidien du Festival des Oeillades. <\/li><\/ul><\/li><li>L3 semestre 6 <strong>TER Suivi d&rsquo;un projet culturel <\/strong> : d\u00e9couverte d&rsquo;une structure culturelle et conception d&rsquo;un document de m\u00e9diation autour d&rsquo;un \u00e9v\u00e9nement. <\/li><\/ul>\n\n\n\n<p><span style=\"color: #333399\"><strong>Pendant le confinement, les TER continuent : partenariat avec le Festival Lettres d&rsquo;automne de Montauban (2020-21)<\/strong><\/span><\/p>\n\n\n\n<p><img loading=\"lazy\" class=\"alignnone size-medium wp-image-236\" src=\"http:\/\/blogs.univ-jfc.fr\/licencelettres\/wp-content\/uploads\/sites\/80\/2020\/01\/Couverture-Pt-de-rencontres-212x300.jpg\" alt=\"\" width=\"212\" height=\"300\" srcset=\"https:\/\/blogs.univ-jfc.fr\/licencelettres\/wp-content\/uploads\/sites\/80\/2020\/01\/Couverture-Pt-de-rencontres-212x300.jpg 212w, https:\/\/blogs.univ-jfc.fr\/licencelettres\/wp-content\/uploads\/sites\/80\/2020\/01\/Couverture-Pt-de-rencontres.jpg 397w\" sizes=\"(max-width: 212px) 100vw, 212px\" \/> &nbsp;&nbsp;&nbsp;&nbsp;&nbsp;&nbsp; Cliquez <a href=\"https:\/\/www.confluences.org\/wp-content\/uploads\/2021\/01\/Point-de-rencontres.pdf\">ici pour acc\u00e9der au recueil de textes cr\u00e9atifs et critiques<\/a><\/p>\n","protected":false},"excerpt":{"rendered":"<p>L&rsquo;UE TER (Travaux encadr\u00e9s de recherche) permet aux \u00e9tudiants de d\u00e9couvrir les m\u00e9tiers de l&rsquo;\u00e9crit et de la m\u00e9diation culturelle en allant \u00e0 la rencontre de professionnels. Le travail en groupe et en autonomie est privil\u00e9gi\u00e9. L2 semestre 3 TER \u00c9dition : d\u00e9couverte de la cha\u00eene \u00e9ditoriale &#8211; depuis le choix du manuscrit jusqu&rsquo;au plan &hellip; <a href=\"https:\/\/blogs.univ-jfc.fr\/licencelettres\/travaux-encadres-de-recherche\/ter\/\" class=\"more-link\">Continuer la lecture de <span class=\"screen-reader-text\">Un TER, qu&rsquo;est-ce que c&rsquo;est?<\/span> <span class=\"meta-nav\">&rarr;<\/span><\/a><\/p>\n","protected":false},"author":729,"featured_media":0,"parent":134,"menu_order":0,"comment_status":"closed","ping_status":"closed","template":"","meta":[],"_links":{"self":[{"href":"https:\/\/blogs.univ-jfc.fr\/licencelettres\/wp-json\/wp\/v2\/pages\/8"}],"collection":[{"href":"https:\/\/blogs.univ-jfc.fr\/licencelettres\/wp-json\/wp\/v2\/pages"}],"about":[{"href":"https:\/\/blogs.univ-jfc.fr\/licencelettres\/wp-json\/wp\/v2\/types\/page"}],"author":[{"embeddable":true,"href":"https:\/\/blogs.univ-jfc.fr\/licencelettres\/wp-json\/wp\/v2\/users\/729"}],"replies":[{"embeddable":true,"href":"https:\/\/blogs.univ-jfc.fr\/licencelettres\/wp-json\/wp\/v2\/comments?post=8"}],"version-history":[{"count":11,"href":"https:\/\/blogs.univ-jfc.fr\/licencelettres\/wp-json\/wp\/v2\/pages\/8\/revisions"}],"predecessor-version":[{"id":293,"href":"https:\/\/blogs.univ-jfc.fr\/licencelettres\/wp-json\/wp\/v2\/pages\/8\/revisions\/293"}],"up":[{"embeddable":true,"href":"https:\/\/blogs.univ-jfc.fr\/licencelettres\/wp-json\/wp\/v2\/pages\/134"}],"wp:attachment":[{"href":"https:\/\/blogs.univ-jfc.fr\/licencelettres\/wp-json\/wp\/v2\/media?parent=8"}],"curies":[{"name":"wp","href":"https:\/\/api.w.org\/{rel}","templated":true}]}}