{"id":87,"date":"2020-01-29T12:32:53","date_gmt":"2020-01-29T11:32:53","guid":{"rendered":"http:\/\/blogs.univ-jfc.fr\/licencelettres\/?page_id=87"},"modified":"2020-03-16T15:07:56","modified_gmt":"2020-03-16T14:07:56","slug":"table-ronde-christophe-ruhles","status":"publish","type":"page","link":"https:\/\/blogs.univ-jfc.fr\/licencelettres\/seminaire-la-forge-des-langues-fictions-et-sciences-du-langage\/table-ronde-christophe-ruhles\/","title":{"rendered":"Table ronde. Christophe Ruhles"},"content":{"rendered":"<ul>\n<li><u>Mercredi 22 janvier de 10h \u00e0 12h<\/u><\/li>\n<\/ul>\n<p>Anthropologue, auteur et metteur en sc\u00e8ne de la compagnie GdRA, <strong>Christophe Ruhles<\/strong>, pr\u00e9sentera <em>SELVE<\/em>, une coproduction de la Sc\u00e8ne Nationale d\u2019Albi, second volet d\u2019une r\u00e9flexion sur la diversit\u00e9 des langues au croisement de la cr\u00e9ation artistique et de l\u2019enqu\u00eate scientifique de terrain.<\/p>\n<h3>\u00c0\u00a0propos de Christophe Rulhes<\/h3>\n<p>Originaire d&rsquo;une famille paysanne et occitane de l\u2019Aveyron, il pratique\u2028 la musique et le chant d\u00e8s le plus jeune \u00e2ge. Dipl\u00f4m\u00e9 en communication, en sociologie et en anthropologie \u00e0 l\u2019\u00c9cole des Hautes \u00c9tudes en Sciences Sociales de Paris, il multiplie les exp\u00e9riences artistiques \u00e0 la crois\u00e9e de plusieurs disciplines dont la mise en sc\u00e8ne th\u00e9\u00e2trale, la musique, l\u2019\u00e9criture, la sc\u00e9nographie, l\u2019image, le son et les sciences humaines. Depuis 2007 et le premier spectacle du GdRA <em>Singularit\u00e9s ordinaires<\/em>, son travail questionne une articulation potentielle entre les arts et les humanit\u00e9s, au c\u0153ur d\u2019un th\u00e9\u00e2tre physique, narratif, pluriel. Il invente et d\u00e9fend un th\u00e9\u00e2tre des humanit\u00e9s, \u00e0 partir du public, adress\u00e9 \u00e0 tout un chacun, se voulant ludique et libre, engag\u00e9 dans le pr\u00e9sent.<\/p>\n<h3><em>Selve<\/em> : th\u00e9\u00e2tre anthropologique, arts crois\u00e9s<\/h3>\n<p>\u00ab <em>SELVE<\/em> porte au th\u00e9\u00e2tre des paroles d\u2019Amazonie collect\u00e9es en for\u00eat guyanaise et br\u00e9silienne. La pi\u00e8ce fait le portrait d\u2019une femme wayana sur le fleuve Litany, qui parle de sa vie entre humains, et non-humains, de Kuluwajak la chenille que seuls les chamans comprennent, du r\u00eave des chiens la nuit, de la pens\u00e9e des arbres et des tamanoirs, de la condition tropicale. \u00c0 travers elle, se posent les questions de l\u2019habitabilit\u00e9 et de la transmission des mondes, lorsque l\u2019\u00e9cosyst\u00e8me s\u2019\u00e9croule et que faillit la d\u00e9mocratie occidentale, notamment pour les \u00ab natifs \u00bb, \u00ab am\u00e9rindiens \u00bb ou \u00ab autochtones \u00bb. Au plateau, \u00e0 partir du r\u00e9el, textes, t\u00e9moignages, danses, sons, photographies et dessins nous font ressentir la selve, \u00e9quinoxiale et profonde. \u00bb<\/p>\n<p>Voir la vid\u00e9o de la rencontre : <a href=\"https:\/\/ent.univ-jfc.fr\/uPortal\/f\/services-perso-tab\/p\/app-launcher-media.u29l1n3731\/detached\/render.uP?pCm=view\" target=\"_blank\" rel=\"noopener noreferrer\">https:\/\/ent.univ-jfc.fr\/uPortal\/f\/services-perso-tab\/p\/app-launcher-media.u29l1n3731\/detached\/render.uP?pCm=view<\/a><\/p>\n<p><img loading=\"lazy\" class=\"aligncenter\" src=\"https:\/\/www.univ-jfc.fr\/sites\/default\/files\/agenda-2019-11\/SELVEvignettesite_H435L290_S128C000000T127R0.png\" alt=\"https:\/\/www.univ-jfc.fr\/sites\/default\/files\/agenda-2019-11\/SELVEvignettesite_H435L290_S128C000000T127R0.png\" width=\"290\" height=\"435\" \/><\/p>\n","protected":false},"excerpt":{"rendered":"<p>Mercredi 22 janvier de 10h \u00e0 12h Anthropologue, auteur et metteur en sc\u00e8ne de la compagnie GdRA, Christophe Ruhles, pr\u00e9sentera SELVE, une coproduction de la Sc\u00e8ne Nationale d\u2019Albi, second volet d\u2019une r\u00e9flexion sur la diversit\u00e9 des langues au croisement de la cr\u00e9ation artistique et de l\u2019enqu\u00eate scientifique de terrain. \u00c0\u00a0propos de Christophe Rulhes Originaire d&rsquo;une &hellip; <a href=\"https:\/\/blogs.univ-jfc.fr\/licencelettres\/seminaire-la-forge-des-langues-fictions-et-sciences-du-langage\/table-ronde-christophe-ruhles\/\" class=\"more-link\">Continuer la lecture de <span class=\"screen-reader-text\">Table ronde. Christophe Ruhles<\/span> <span class=\"meta-nav\">&rarr;<\/span><\/a><\/p>\n","protected":false},"author":729,"featured_media":0,"parent":67,"menu_order":0,"comment_status":"closed","ping_status":"closed","template":"","meta":[],"_links":{"self":[{"href":"https:\/\/blogs.univ-jfc.fr\/licencelettres\/wp-json\/wp\/v2\/pages\/87"}],"collection":[{"href":"https:\/\/blogs.univ-jfc.fr\/licencelettres\/wp-json\/wp\/v2\/pages"}],"about":[{"href":"https:\/\/blogs.univ-jfc.fr\/licencelettres\/wp-json\/wp\/v2\/types\/page"}],"author":[{"embeddable":true,"href":"https:\/\/blogs.univ-jfc.fr\/licencelettres\/wp-json\/wp\/v2\/users\/729"}],"replies":[{"embeddable":true,"href":"https:\/\/blogs.univ-jfc.fr\/licencelettres\/wp-json\/wp\/v2\/comments?post=87"}],"version-history":[{"count":5,"href":"https:\/\/blogs.univ-jfc.fr\/licencelettres\/wp-json\/wp\/v2\/pages\/87\/revisions"}],"predecessor-version":[{"id":225,"href":"https:\/\/blogs.univ-jfc.fr\/licencelettres\/wp-json\/wp\/v2\/pages\/87\/revisions\/225"}],"up":[{"embeddable":true,"href":"https:\/\/blogs.univ-jfc.fr\/licencelettres\/wp-json\/wp\/v2\/pages\/67"}],"wp:attachment":[{"href":"https:\/\/blogs.univ-jfc.fr\/licencelettres\/wp-json\/wp\/v2\/media?parent=87"}],"curies":[{"name":"wp","href":"https:\/\/api.w.org\/{rel}","templated":true}]}}