{"id":77,"date":"2020-03-06T11:48:02","date_gmt":"2020-03-06T10:48:02","guid":{"rendered":"http:\/\/blogs.univ-jfc.fr\/lpmeedd\/?page_id=77"},"modified":"2020-11-10T16:26:10","modified_gmt":"2020-11-10T15:26:10","slug":"accueil","status":"publish","type":"page","link":"https:\/\/blogs.univ-jfc.fr\/lpmeedd\/accueil\/","title":{"rendered":"A propos"},"content":{"rendered":"<p>Bienvenue sur le blog de la Licence Professionnelle\u00a0 \u00ab\u00a0Ma\u00eetrise de l\u2019\u00c9nergie, de l\u2019\u00c9lectricit\u00e9, et du D\u00e9veloppement Durable\u00a0\u00bb parcours \u00ab\u00a0Gestion de projets \u00c9nergie &#8211; Climat\u00a0\u00bb.<\/p>\n<p>Dans ce blog vous trouverez les actualit\u00e9s de la licence et tous les liens utiles pour d\u00e9couvrir les plus de la formation.<\/p>\n<p>Plus d&rsquo;informations sur le contenu de la formation, l&rsquo;origine des \u00e9tudiants, les m\u00e9tiers du secteurs et les modalit\u00e9s d&rsquo;inscription : <a href=\"https:\/\/www.univ-jfc.fr\/licences-professionnelles\/maitrise-de-lenergie-electricite-et-developpement-durable\">https:\/\/www.univ-jfc.fr\/licences-professionnelles\/maitrise-de-lenergie-electricite-et-developpement-durable<\/a><\/p>\n<p>Bonne lecture \u00e0 vous, et soyons tous acteurs de la transition \u00e9nerg\u00e9tiques !<\/p>\n<p>&nbsp;<\/p>\n","protected":false},"excerpt":{"rendered":"<p>Bienvenue sur le blog de la Licence Professionnelle\u00a0 \u00ab\u00a0Ma\u00eetrise de l\u2019\u00c9nergie, de l\u2019\u00c9lectricit\u00e9, et du D\u00e9veloppement Durable\u00a0\u00bb parcours \u00ab\u00a0Gestion de projets \u00c9nergie &#8211; Climat\u00a0\u00bb. Dans ce blog vous trouverez les actualit\u00e9s de la licence et tous les liens utiles pour &hellip; <a href=\"https:\/\/blogs.univ-jfc.fr\/lpmeedd\/accueil\/\">Lire la suite <span class=\"meta-nav\">&rarr;<\/span><\/a><\/p>\n","protected":false},"author":740,"featured_media":0,"parent":0,"menu_order":0,"comment_status":"closed","ping_status":"closed","template":"","meta":[],"_links":{"self":[{"href":"https:\/\/blogs.univ-jfc.fr\/lpmeedd\/wp-json\/wp\/v2\/pages\/77"}],"collection":[{"href":"https:\/\/blogs.univ-jfc.fr\/lpmeedd\/wp-json\/wp\/v2\/pages"}],"about":[{"href":"https:\/\/blogs.univ-jfc.fr\/lpmeedd\/wp-json\/wp\/v2\/types\/page"}],"author":[{"embeddable":true,"href":"https:\/\/blogs.univ-jfc.fr\/lpmeedd\/wp-json\/wp\/v2\/users\/740"}],"replies":[{"embeddable":true,"href":"https:\/\/blogs.univ-jfc.fr\/lpmeedd\/wp-json\/wp\/v2\/comments?post=77"}],"version-history":[{"count":9,"href":"https:\/\/blogs.univ-jfc.fr\/lpmeedd\/wp-json\/wp\/v2\/pages\/77\/revisions"}],"predecessor-version":[{"id":149,"href":"https:\/\/blogs.univ-jfc.fr\/lpmeedd\/wp-json\/wp\/v2\/pages\/77\/revisions\/149"}],"wp:attachment":[{"href":"https:\/\/blogs.univ-jfc.fr\/lpmeedd\/wp-json\/wp\/v2\/media?parent=77"}],"curies":[{"name":"wp","href":"https:\/\/api.w.org\/{rel}","templated":true}]}}