{"id":139,"date":"2015-12-21T21:53:25","date_gmt":"2015-12-21T20:53:25","guid":{"rendered":"http:\/\/blogs.univ-jfc.fr\/lproeauxbouesdechets\/?page_id=139"},"modified":"2017-06-03T17:13:12","modified_gmt":"2017-06-03T16:13:12","slug":"galerie","status":"publish","type":"page","link":"https:\/\/blogs.univ-jfc.fr\/lproeauxbouesdechets\/galerie\/","title":{"rendered":"Galerie"},"content":{"rendered":"<p>&nbsp;<\/p>\n<div id='gallery-1' class='gallery galleryid-139 gallery-columns-3 gallery-size-thumbnail'><figure class='gallery-item'>\n\t\t\t<div class='gallery-icon landscape'>\n\t\t\t\t<a href='https:\/\/blogs.univ-jfc.fr\/lproeauxbouesdechets\/galerie\/le-pilote-epuration\/'><img width=\"150\" height=\"150\" src=\"https:\/\/blogs.univ-jfc.fr\/lproeauxbouesdechets\/wp-content\/uploads\/sites\/47\/2015\/12\/pilot\u00e9pur-150x150.jpg\" class=\"attachment-thumbnail size-thumbnail\" alt=\"\" loading=\"lazy\" aria-describedby=\"gallery-1-140\" \/><\/a>\n\t\t\t<\/div>\n\t\t\t\t<figcaption class='wp-caption-text gallery-caption' id='gallery-1-140'>\n\t\t\t\tPilote station d&rsquo;\u00e9puration \u00e0 boues activ\u00e9es de la Plate-forme technologique du lyc\u00e9e Fonlabour\n\t\t\t\t<\/figcaption><\/figure><figure class='gallery-item'>\n\t\t\t<div class='gallery-icon landscape'>\n\t\t\t\t<a href='https:\/\/blogs.univ-jfc.fr\/lproeauxbouesdechets\/galerie\/site-des-brugues\/'><img width=\"150\" height=\"150\" src=\"https:\/\/blogs.univ-jfc.fr\/lproeauxbouesdechets\/wp-content\/uploads\/sites\/47\/2015\/12\/DSC03506-150x150.jpg\" class=\"attachment-thumbnail size-thumbnail\" alt=\"\" loading=\"lazy\" aria-describedby=\"gallery-1-142\" \/><\/a>\n\t\t\t<\/div>\n\t\t\t\t<figcaption class='wp-caption-text gallery-caption' id='gallery-1-142'>\n\t\t\t\tVisite du centre d&rsquo;enfouissement \u00e0 Lavaur\n\t\t\t\t<\/figcaption><\/figure><figure class='gallery-item'>\n\t\t\t<div class='gallery-icon landscape'>\n\t\t\t\t<a href='https:\/\/blogs.univ-jfc.fr\/lproeauxbouesdechets\/galerie\/dsc04541\/'><img width=\"150\" height=\"150\" src=\"https:\/\/blogs.univ-jfc.fr\/lproeauxbouesdechets\/wp-content\/uploads\/sites\/47\/2015\/12\/DSC04541-150x150.jpg\" class=\"attachment-thumbnail size-thumbnail\" alt=\"\" loading=\"lazy\" \/><\/a>\n\t\t\t<\/div><\/figure><figure class='gallery-item'>\n\t\t\t<div class='gallery-icon landscape'>\n\t\t\t\t<a href='https:\/\/blogs.univ-jfc.fr\/lproeauxbouesdechets\/galerie\/step-albi\/'><img width=\"150\" height=\"150\" src=\"https:\/\/blogs.univ-jfc.fr\/lproeauxbouesdechets\/wp-content\/uploads\/sites\/47\/2015\/12\/DSC07185-150x150.jpg\" class=\"attachment-thumbnail size-thumbnail\" alt=\"\" loading=\"lazy\" aria-describedby=\"gallery-1-146\" \/><\/a>\n\t\t\t<\/div>\n\t\t\t\t<figcaption class='wp-caption-text gallery-caption' id='gallery-1-146'>\n\t\t\t\tLa station d&rsquo;\u00e9puration de la Madeleine, Albi\n\t\t\t\t<\/figcaption><\/figure><figure class='gallery-item'>\n\t\t\t<div class='gallery-icon landscape'>\n\t\t\t\t<a href='https:\/\/blogs.univ-jfc.fr\/lproeauxbouesdechets\/galerie\/dsc07186\/'><img width=\"150\" height=\"150\" src=\"https:\/\/blogs.univ-jfc.fr\/lproeauxbouesdechets\/wp-content\/uploads\/sites\/47\/2015\/12\/DSC07186-150x150.jpg\" class=\"attachment-thumbnail size-thumbnail\" alt=\"\" loading=\"lazy\" aria-describedby=\"gallery-1-147\" \/><\/a>\n\t\t\t<\/div>\n\t\t\t\t<figcaption class='wp-caption-text gallery-caption' id='gallery-1-147'>\n\t\t\t\tLe m\u00e9thaniseur de la station d&rsquo;\u00e9puration d&rsquo;Albi\n\t\t\t\t<\/figcaption><\/figure><figure class='gallery-item'>\n\t\t\t<div class='gallery-icon landscape'>\n\t\t\t\t<a href='https:\/\/blogs.univ-jfc.fr\/lproeauxbouesdechets\/galerie\/dsc09642\/'><img width=\"150\" height=\"150\" src=\"https:\/\/blogs.univ-jfc.fr\/lproeauxbouesdechets\/wp-content\/uploads\/sites\/47\/2015\/12\/DSC09642-150x150.jpg\" class=\"attachment-thumbnail size-thumbnail\" alt=\"\" loading=\"lazy\" aria-describedby=\"gallery-1-148\" \/><\/a>\n\t\t\t<\/div>\n\t\t\t\t<figcaption class='wp-caption-text gallery-caption' id='gallery-1-148'>\n\t\t\t\tRuisseau du Caussels, septembre 2014\n\t\t\t\t<\/figcaption><\/figure><figure class='gallery-item'>\n\t\t\t<div class='gallery-icon landscape'>\n\t\t\t\t<a href='https:\/\/blogs.univ-jfc.fr\/lproeauxbouesdechets\/galerie\/img_0655\/'><img width=\"150\" height=\"150\" src=\"https:\/\/blogs.univ-jfc.fr\/lproeauxbouesdechets\/wp-content\/uploads\/sites\/47\/2015\/12\/IMG_0655-150x150.jpg\" class=\"attachment-thumbnail size-thumbnail\" alt=\"\" loading=\"lazy\" aria-describedby=\"gallery-1-149\" \/><\/a>\n\t\t\t<\/div>\n\t\t\t\t<figcaption class='wp-caption-text gallery-caption' id='gallery-1-149'>\n\t\t\t\tSortie terrain : \u00e9valuation de la qualit\u00e9 des eaux\n\t\t\t\t<\/figcaption><\/figure><figure class='gallery-item'>\n\t\t\t<div class='gallery-icon landscape'>\n\t\t\t\t<a href='https:\/\/blogs.univ-jfc.fr\/lproeauxbouesdechets\/galerie\/p1050628\/'><img width=\"150\" height=\"150\" src=\"https:\/\/blogs.univ-jfc.fr\/lproeauxbouesdechets\/wp-content\/uploads\/sites\/47\/2015\/12\/P1050628-150x150.jpg\" class=\"attachment-thumbnail size-thumbnail\" alt=\"\" loading=\"lazy\" aria-describedby=\"gallery-1-150\" \/><\/a>\n\t\t\t<\/div>\n\t\t\t\t<figcaption class='wp-caption-text gallery-caption' id='gallery-1-150'>\n\t\t\t\tSiphon auto-amor\u00e7ant\n\t\t\t\t<\/figcaption><\/figure><figure class='gallery-item'>\n\t\t\t<div class='gallery-icon portrait'>\n\t\t\t\t<a href='https:\/\/blogs.univ-jfc.fr\/lproeauxbouesdechets\/galerie\/attachment\/153\/'><img width=\"150\" height=\"150\" src=\"https:\/\/blogs.univ-jfc.fr\/lproeauxbouesdechets\/wp-content\/uploads\/sites\/47\/2015\/12\/SDC10219-150x150.jpg\" class=\"attachment-thumbnail size-thumbnail\" alt=\"\" loading=\"lazy\" aria-describedby=\"gallery-1-153\" \/><\/a>\n\t\t\t<\/div>\n\t\t\t\t<figcaption class='wp-caption-text gallery-caption' id='gallery-1-153'>\n\t\t\t\tLev\u00e9s topographique GPS\n\t\t\t\t<\/figcaption><\/figure><figure class='gallery-item'>\n\t\t\t<div class='gallery-icon landscape'>\n\t\t\t\t<a href='https:\/\/blogs.univ-jfc.fr\/lproeauxbouesdechets\/galerie\/attachment\/154\/'><img width=\"150\" height=\"150\" src=\"https:\/\/blogs.univ-jfc.fr\/lproeauxbouesdechets\/wp-content\/uploads\/sites\/47\/2015\/12\/SDC10196-150x150.jpg\" class=\"attachment-thumbnail size-thumbnail\" alt=\"\" loading=\"lazy\" aria-describedby=\"gallery-1-154\" \/><\/a>\n\t\t\t<\/div>\n\t\t\t\t<figcaption class='wp-caption-text gallery-caption' id='gallery-1-154'>\n\t\t\t\tPr\u00e9l\u00e8vement sur cours d&rsquo;eau superficiel\n\t\t\t\t<\/figcaption><\/figure><figure class='gallery-item'>\n\t\t\t<div class='gallery-icon landscape'>\n\t\t\t\t<a href='https:\/\/blogs.univ-jfc.fr\/lproeauxbouesdechets\/galerie\/attachment\/155\/'><img width=\"150\" height=\"150\" src=\"https:\/\/blogs.univ-jfc.fr\/lproeauxbouesdechets\/wp-content\/uploads\/sites\/47\/2015\/12\/SDC10206-150x150.jpg\" class=\"attachment-thumbnail size-thumbnail\" alt=\"\" loading=\"lazy\" aria-describedby=\"gallery-1-155\" \/><\/a>\n\t\t\t<\/div>\n\t\t\t\t<figcaption class='wp-caption-text gallery-caption' id='gallery-1-155'>\n\t\t\t\tPr\u00e9paration du mat\u00e9riel\n\t\t\t\t<\/figcaption><\/figure><figure class='gallery-item'>\n\t\t\t<div class='gallery-icon landscape'>\n\t\t\t\t<a href='https:\/\/blogs.univ-jfc.fr\/lproeauxbouesdechets\/galerie\/attachment\/151\/'><img width=\"150\" height=\"150\" src=\"https:\/\/blogs.univ-jfc.fr\/lproeauxbouesdechets\/wp-content\/uploads\/sites\/47\/2015\/12\/SDC10164-150x150.jpg\" class=\"attachment-thumbnail size-thumbnail\" alt=\"\" loading=\"lazy\" aria-describedby=\"gallery-1-151\" \/><\/a>\n\t\t\t<\/div>\n\t\t\t\t<figcaption class='wp-caption-text gallery-caption' id='gallery-1-151'>\n\t\t\t\tSur une plate-forme de compostage\n\t\t\t\t<\/figcaption><\/figure><figure class='gallery-item'>\n\t\t\t<div class='gallery-icon landscape'>\n\t\t\t\t<a href='https:\/\/blogs.univ-jfc.fr\/lproeauxbouesdechets\/galerie\/20160113_083715\/'><img width=\"150\" height=\"150\" src=\"https:\/\/blogs.univ-jfc.fr\/lproeauxbouesdechets\/wp-content\/uploads\/sites\/47\/2015\/12\/20160113_083715-150x150.jpg\" class=\"attachment-thumbnail size-thumbnail\" alt=\"\" loading=\"lazy\" aria-describedby=\"gallery-1-194\" \/><\/a>\n\t\t\t<\/div>\n\t\t\t\t<figcaption class='wp-caption-text gallery-caption' id='gallery-1-194'>\n\t\t\t\tTP sur la clarification des eaux de surface (coagulation, floculation, d\u00e9cantation et filtration) en vue d&rsquo;une potabilisation.\n\t\t\t\t<\/figcaption><\/figure><figure class='gallery-item'>\n\t\t\t<div class='gallery-icon landscape'>\n\t\t\t\t<a href='https:\/\/blogs.univ-jfc.fr\/lproeauxbouesdechets\/galerie\/p2170746\/'><img width=\"150\" height=\"142\" src=\"https:\/\/blogs.univ-jfc.fr\/lproeauxbouesdechets\/wp-content\/uploads\/sites\/47\/2015\/12\/P2170746-150x142.jpg\" class=\"attachment-thumbnail size-thumbnail\" alt=\"\" loading=\"lazy\" \/><\/a>\n\t\t\t<\/div><\/figure><figure class='gallery-item'>\n\t\t\t<div class='gallery-icon portrait'>\n\t\t\t\t<a href='https:\/\/blogs.univ-jfc.fr\/lproeauxbouesdechets\/galerie\/p2170811\/'><img width=\"142\" height=\"150\" src=\"https:\/\/blogs.univ-jfc.fr\/lproeauxbouesdechets\/wp-content\/uploads\/sites\/47\/2015\/12\/P2170811-142x150.jpg\" class=\"attachment-thumbnail size-thumbnail\" alt=\"\" loading=\"lazy\" \/><\/a>\n\t\t\t<\/div><\/figure><figure class='gallery-item'>\n\t\t\t<div class='gallery-icon landscape'>\n\t\t\t\t<a href='https:\/\/blogs.univ-jfc.fr\/lproeauxbouesdechets\/galerie\/p2170855\/'><img width=\"150\" height=\"142\" src=\"https:\/\/blogs.univ-jfc.fr\/lproeauxbouesdechets\/wp-content\/uploads\/sites\/47\/2015\/12\/P2170855-150x142.jpg\" class=\"attachment-thumbnail size-thumbnail\" alt=\"\" loading=\"lazy\" \/><\/a>\n\t\t\t<\/div><\/figure><figure class='gallery-item'>\n\t\t\t<div class='gallery-icon portrait'>\n\t\t\t\t<a href='https:\/\/blogs.univ-jfc.fr\/lproeauxbouesdechets\/2017\/02\/27\/visite-du-site-deconotre-a-bessieres\/dsc_0223-2\/'><img width=\"150\" height=\"150\" src=\"https:\/\/blogs.univ-jfc.fr\/lproeauxbouesdechets\/wp-content\/uploads\/sites\/47\/2017\/02\/DSC_0223-1-150x150.jpg\" class=\"attachment-thumbnail size-thumbnail\" alt=\"\" loading=\"lazy\" \/><\/a>\n\t\t\t<\/div><\/figure><figure class='gallery-item'>\n\t\t\t<div class='gallery-icon landscape'>\n\t\t\t\t<a href='https:\/\/blogs.univ-jfc.fr\/lproeauxbouesdechets\/2017\/02\/27\/visite-du-site-deconotre-a-bessieres\/20170210_111148\/'><img width=\"150\" height=\"150\" src=\"https:\/\/blogs.univ-jfc.fr\/lproeauxbouesdechets\/wp-content\/uploads\/sites\/47\/2017\/02\/20170210_111148-150x150.jpg\" class=\"attachment-thumbnail size-thumbnail\" alt=\"\" loading=\"lazy\" \/><\/a>\n\t\t\t<\/div><\/figure><figure class='gallery-item'>\n\t\t\t<div class='gallery-icon portrait'>\n\t\t\t\t<a href='https:\/\/blogs.univ-jfc.fr\/lproeauxbouesdechets\/2017\/02\/26\/conference-sur-lassainissement-non-collectif\/20170221_141017\/'><img width=\"150\" height=\"150\" src=\"https:\/\/blogs.univ-jfc.fr\/lproeauxbouesdechets\/wp-content\/uploads\/sites\/47\/2017\/02\/20170221_141017-150x150.jpg\" class=\"attachment-thumbnail size-thumbnail\" alt=\"\" loading=\"lazy\" \/><\/a>\n\t\t\t<\/div><\/figure><figure class='gallery-item'>\n\t\t\t<div class='gallery-icon landscape'>\n\t\t\t\t<a href='https:\/\/blogs.univ-jfc.fr\/lproeauxbouesdechets\/2017\/01\/17\/visite-du-site-de-ranteil\/15896085_10208646360016610_6926527092144684227_o\/'><img width=\"150\" height=\"150\" src=\"https:\/\/blogs.univ-jfc.fr\/lproeauxbouesdechets\/wp-content\/uploads\/sites\/47\/2017\/01\/15896085_10208646360016610_6926527092144684227_o-150x150.jpg\" class=\"attachment-thumbnail size-thumbnail\" alt=\"\" loading=\"lazy\" \/><\/a>\n\t\t\t<\/div><\/figure><figure class='gallery-item'>\n\t\t\t<div class='gallery-icon portrait'>\n\t\t\t\t<a href='https:\/\/blogs.univ-jfc.fr\/lproeauxbouesdechets\/2016\/12\/21\/projets-tuteures\/15497703_1381232418585629_657659770_n\/'><img width=\"150\" height=\"150\" src=\"https:\/\/blogs.univ-jfc.fr\/lproeauxbouesdechets\/wp-content\/uploads\/sites\/47\/2016\/12\/15497703_1381232418585629_657659770_n-150x150.jpg\" class=\"attachment-thumbnail size-thumbnail\" alt=\"\" loading=\"lazy\" \/><\/a>\n\t\t\t<\/div><\/figure><figure class='gallery-item'>\n\t\t\t<div class='gallery-icon portrait'>\n\t\t\t\t<a href='https:\/\/blogs.univ-jfc.fr\/lproeauxbouesdechets\/2017\/01\/05\/projets-tuteures-2016-2017\/20161115_162748-2\/'><img width=\"150\" height=\"150\" src=\"https:\/\/blogs.univ-jfc.fr\/lproeauxbouesdechets\/wp-content\/uploads\/sites\/47\/2017\/01\/20161115_162748-150x150.jpg\" class=\"attachment-thumbnail size-thumbnail\" alt=\"\" loading=\"lazy\" \/><\/a>\n\t\t\t<\/div><\/figure><figure class='gallery-item'>\n\t\t\t<div class='gallery-icon landscape'>\n\t\t\t\t<a href='https:\/\/blogs.univ-jfc.fr\/lproeauxbouesdechets\/2016\/12\/21\/projets-tuteures\/p1130118\/'><img width=\"150\" height=\"150\" src=\"https:\/\/blogs.univ-jfc.fr\/lproeauxbouesdechets\/wp-content\/uploads\/sites\/47\/2016\/12\/P1130118-150x150.jpg\" class=\"attachment-thumbnail size-thumbnail\" alt=\"\" loading=\"lazy\" \/><\/a>\n\t\t\t<\/div><\/figure><figure class='gallery-item'>\n\t\t\t<div class='gallery-icon landscape'>\n\t\t\t\t<a href='https:\/\/blogs.univ-jfc.fr\/lproeauxbouesdechets\/2016\/09\/25\/retour-sur-les-visites-professionnelles\/p1060074\/'><img width=\"150\" height=\"150\" src=\"https:\/\/blogs.univ-jfc.fr\/lproeauxbouesdechets\/wp-content\/uploads\/sites\/47\/2016\/09\/P1060074-150x150.jpg\" class=\"attachment-thumbnail size-thumbnail\" alt=\"\" loading=\"lazy\" \/><\/a>\n\t\t\t<\/div><\/figure><figure class='gallery-item'>\n\t\t\t<div class='gallery-icon landscape'>\n\t\t\t\t<a href='https:\/\/blogs.univ-jfc.fr\/lproeauxbouesdechets\/2016\/05\/06\/seance-de-presentation-de-posters\/20160315_151835\/'><img width=\"150\" height=\"150\" src=\"https:\/\/blogs.univ-jfc.fr\/lproeauxbouesdechets\/wp-content\/uploads\/sites\/47\/2016\/05\/20160315_151835-150x150.jpg\" class=\"attachment-thumbnail size-thumbnail\" alt=\"\" loading=\"lazy\" \/><\/a>\n\t\t\t<\/div><\/figure>\n\t\t<\/div>\n\n","protected":false},"excerpt":{"rendered":"<p>&nbsp;<\/p>\n","protected":false},"author":116,"featured_media":0,"parent":0,"menu_order":12,"comment_status":"closed","ping_status":"closed","template":"","meta":[],"_links":{"self":[{"href":"https:\/\/blogs.univ-jfc.fr\/lproeauxbouesdechets\/wp-json\/wp\/v2\/pages\/139"}],"collection":[{"href":"https:\/\/blogs.univ-jfc.fr\/lproeauxbouesdechets\/wp-json\/wp\/v2\/pages"}],"about":[{"href":"https:\/\/blogs.univ-jfc.fr\/lproeauxbouesdechets\/wp-json\/wp\/v2\/types\/page"}],"author":[{"embeddable":true,"href":"https:\/\/blogs.univ-jfc.fr\/lproeauxbouesdechets\/wp-json\/wp\/v2\/users\/116"}],"replies":[{"embeddable":true,"href":"https:\/\/blogs.univ-jfc.fr\/lproeauxbouesdechets\/wp-json\/wp\/v2\/comments?post=139"}],"version-history":[{"count":12,"href":"https:\/\/blogs.univ-jfc.fr\/lproeauxbouesdechets\/wp-json\/wp\/v2\/pages\/139\/revisions"}],"predecessor-version":[{"id":800,"href":"https:\/\/blogs.univ-jfc.fr\/lproeauxbouesdechets\/wp-json\/wp\/v2\/pages\/139\/revisions\/800"}],"wp:attachment":[{"href":"https:\/\/blogs.univ-jfc.fr\/lproeauxbouesdechets\/wp-json\/wp\/v2\/media?parent=139"}],"curies":[{"name":"wp","href":"https:\/\/api.w.org\/{rel}","templated":true}]}}