{"id":2,"date":"2015-11-14T16:37:36","date_gmt":"2015-11-14T15:37:36","guid":{"rendered":"http:\/\/blogs.univ-jfc.fr\/lproeauxbouesdechets\/?page_id=2"},"modified":"2015-12-14T22:46:34","modified_gmt":"2015-12-14T21:46:34","slug":"page-d-exemple","status":"publish","type":"page","link":"https:\/\/blogs.univ-jfc.fr\/lproeauxbouesdechets\/presentation-de-la-formation\/page-d-exemple\/","title":{"rendered":"Programme"},"content":{"rendered":"<p>La formation dure dix mois, de septembre \u00e0 juin sur les campus albigeois du CUFR JF Champollion et des lyc\u00e9es Fonlabour et Rascol. Elle s&rsquo;articule autour d&rsquo;un enseignement th\u00e9orique et technique de 440 heures, d&rsquo;un projet tuteur\u00e9 de 150 heures et d&rsquo;un stage en immersion professionnelle de 12 semaines.<\/p>\n<p><strong>Unit\u00e9s d&rsquo;enseignement<\/strong> :<\/p>\n<p>UE1- Proc\u00e9d\u00e9s conventionnels de traitement des eaux us\u00e9es (6 ECTS)<\/p>\n<p>UE2- Milieux naturels et \u00e9cotoxicologie (3 ECTS)<\/p>\n<p>UE3- Analyse fonctionnelle des syst\u00e8mes automatis\u00e9s (3 ECTS)<\/p>\n<p>UE4- Aspects r\u00e9glementaires et d\u00e9marche qualit\u00e9 (6 ECTS)<\/p>\n<p>UE5- Principes de la valorisation des boues et des d\u00e9chets (3 ECTS)<\/p>\n<p>UE6- Communication et langues vivantes (6 ECTS)<\/p>\n<p>UE7- Conception et suivi de projet (3 ECTS)<\/p>\n<p>UE<span style=\"text-decoration: underline\">8<\/span> et <span style=\"text-decoration: underline\">9<\/span>&#8211; Comp\u00e9tences professionnelles domaine <span style=\"text-decoration: underline\">Eau <\/span>ou domaine <span style=\"text-decoration: underline\">D\u00e9chets<\/span> (9 ECTS)<\/p>\n<p>UE10- Projet tuteur\u00e9 (9 ECTS)<\/p>\n<p>UE11- Stage en entreprise (12 ECTS)<\/p>\n<p>&nbsp;<\/p>\n","protected":false},"excerpt":{"rendered":"<p>La formation dure dix mois, de septembre \u00e0 juin sur les campus albigeois du CUFR JF Champollion et des lyc\u00e9es Fonlabour et Rascol. Elle s&rsquo;articule autour d&rsquo;un enseignement th\u00e9orique et technique de 440 heures, d&rsquo;un projet tuteur\u00e9 de 150 heures et d&rsquo;un stage en immersion professionnelle de 12 semaines. Unit\u00e9s d&rsquo;enseignement : UE1- Proc\u00e9d\u00e9s conventionnels &hellip; <a href=\"https:\/\/blogs.univ-jfc.fr\/lproeauxbouesdechets\/presentation-de-la-formation\/page-d-exemple\/\" class=\"more-link\">Continuer la lecture de <span class=\"screen-reader-text\">Programme<\/span> <span class=\"meta-nav\">&rarr;<\/span><\/a><\/p>\n","protected":false},"author":116,"featured_media":0,"parent":7,"menu_order":2,"comment_status":"open","ping_status":"closed","template":"","meta":[],"_links":{"self":[{"href":"https:\/\/blogs.univ-jfc.fr\/lproeauxbouesdechets\/wp-json\/wp\/v2\/pages\/2"}],"collection":[{"href":"https:\/\/blogs.univ-jfc.fr\/lproeauxbouesdechets\/wp-json\/wp\/v2\/pages"}],"about":[{"href":"https:\/\/blogs.univ-jfc.fr\/lproeauxbouesdechets\/wp-json\/wp\/v2\/types\/page"}],"author":[{"embeddable":true,"href":"https:\/\/blogs.univ-jfc.fr\/lproeauxbouesdechets\/wp-json\/wp\/v2\/users\/116"}],"replies":[{"embeddable":true,"href":"https:\/\/blogs.univ-jfc.fr\/lproeauxbouesdechets\/wp-json\/wp\/v2\/comments?post=2"}],"version-history":[{"count":4,"href":"https:\/\/blogs.univ-jfc.fr\/lproeauxbouesdechets\/wp-json\/wp\/v2\/pages\/2\/revisions"}],"predecessor-version":[{"id":41,"href":"https:\/\/blogs.univ-jfc.fr\/lproeauxbouesdechets\/wp-json\/wp\/v2\/pages\/2\/revisions\/41"}],"up":[{"embeddable":true,"href":"https:\/\/blogs.univ-jfc.fr\/lproeauxbouesdechets\/wp-json\/wp\/v2\/pages\/7"}],"wp:attachment":[{"href":"https:\/\/blogs.univ-jfc.fr\/lproeauxbouesdechets\/wp-json\/wp\/v2\/media?parent=2"}],"curies":[{"name":"wp","href":"https:\/\/api.w.org\/{rel}","templated":true}]}}