{"id":43,"date":"2015-11-25T14:52:43","date_gmt":"2015-11-25T13:52:43","guid":{"rendered":"http:\/\/blogs.univ-jfc.fr\/lproeauxbouesdechets\/?page_id=43"},"modified":"2015-12-18T17:10:31","modified_gmt":"2015-12-18T16:10:31","slug":"projets","status":"publish","type":"page","link":"https:\/\/blogs.univ-jfc.fr\/lproeauxbouesdechets\/projets\/","title":{"rendered":"Projets"},"content":{"rendered":"<p>La formation comprend de nombreux projets, ce qui permet \u00e0 l\u2019\u00e9tudiant d\u2019acqu\u00e9rir des comp\u00e9tences professionnelles.<\/p>\n<h6><strong><span style=\"color: #000080\">Quelques projets :<\/span> <\/strong><\/h6>\n<p style=\"text-align: justify\"><span style=\"color: #000080\">Projet technique<\/span> : participation \u00e0 l\u2019ing\u00e9nierie de projet dans le domaine de l\u2019eau (UE7 : Conception et suivi de projet). A partir d\u2019une demande de collectivit\u00e9 ou de TPE, les \u00e9tudiants sont amen\u00e9s \u00e0 participer \u00e0 l\u2019ing\u00e9nierie de projet dans le domaine de l\u2019eau.<\/p>\n<p style=\"text-align: justify\">Ce projet consiste \u00e0 l\u2019\u00e9tude de la r\u00e9alisation ou la r\u00e9habilitation de r\u00e9seaux d\u2019assainissement, de stations d\u2019\u00e9puration collectives ou individuelles, l\u2019acc\u00e8s \u00e0 l\u2019eau potable, ou toute autre probl\u00e9matique en lien avec la gestion de l\u2019eau ou la protection des milieux. Les notions utilis\u00e9s dans le cadre de ce module font appel \u00e0 la topographie (g\u00e9olocalisation et lev\u00e9s GPS), la m\u00e9trologie (d\u00e9bitm\u00e9trie, analyses physico-chimiques) et \u00e0 l\u2019hydraulique. Le traitement des donn\u00e9es acquises sur le terrain est r\u00e9alis\u00e9 par des prologiciels (Mensura, Autocad).<\/p>\n<p><a href=\"http:\/\/blogs.univ-jfc.fr\/lproeauxbouesdechets\/wp-content\/uploads\/sites\/47\/2015\/11\/SDC10193-Copie.jpg\"><img loading=\"lazy\" class=\"size-medium wp-image-67\" alt=\"Relev\u00e9s de terrain\" src=\"http:\/\/blogs.univ-jfc.fr\/lproeauxbouesdechets\/wp-content\/uploads\/sites\/47\/2015\/11\/SDC10193-Copie-300x225.jpg\" width=\"275\" height=\"207\" srcset=\"https:\/\/blogs.univ-jfc.fr\/lproeauxbouesdechets\/wp-content\/uploads\/sites\/47\/2015\/11\/SDC10193-Copie-300x225.jpg 300w, https:\/\/blogs.univ-jfc.fr\/lproeauxbouesdechets\/wp-content\/uploads\/sites\/47\/2015\/11\/SDC10193-Copie-1024x768.jpg 1024w, https:\/\/blogs.univ-jfc.fr\/lproeauxbouesdechets\/wp-content\/uploads\/sites\/47\/2015\/11\/SDC10193-Copie.jpg 1728w\" sizes=\"(max-width: 275px) 100vw, 275px\" \/><\/a><a href=\"http:\/\/blogs.univ-jfc.fr\/lproeauxbouesdechets\/wp-content\/uploads\/sites\/47\/2015\/11\/20150309_143208-Copie1.jpg\"><img loading=\"lazy\" class=\"size-medium wp-image-136 alignright\" alt=\"20150309_143208 - Copie\" src=\"http:\/\/blogs.univ-jfc.fr\/lproeauxbouesdechets\/wp-content\/uploads\/sites\/47\/2015\/11\/20150309_143208-Copie1-300x168.jpg\" width=\"300\" height=\"168\" srcset=\"https:\/\/blogs.univ-jfc.fr\/lproeauxbouesdechets\/wp-content\/uploads\/sites\/47\/2015\/11\/20150309_143208-Copie1-300x168.jpg 300w, https:\/\/blogs.univ-jfc.fr\/lproeauxbouesdechets\/wp-content\/uploads\/sites\/47\/2015\/11\/20150309_143208-Copie1-1024x576.jpg 1024w, https:\/\/blogs.univ-jfc.fr\/lproeauxbouesdechets\/wp-content\/uploads\/sites\/47\/2015\/11\/20150309_143208-Copie1.jpg 1063w\" sizes=\"(max-width: 300px) 100vw, 300px\" \/><\/a><\/p>\n<dl class=\"wp-caption alignnone\" id=\"attachment_67\" style=\"width: 310px\">\n<dd class=\"wp-caption-dd\"><\/dd>\n<\/dl>\n<p>\u00a0<span style=\"color: #000080\">Projet de communication<\/span> : organisation de la Journ\u00e9e des M\u00e9tiers de l\u2019eau et du paysage, (Semaine de l\u2019eau 2015, EPL du Tarn) <a href=\"http:\/\/www.ladepeche.fr\/article\/2015\/02\/02\/2041386-8e-semaine-de-l-eau-la-nouvelle-economie-verte.html\">article de presse f\u00e9vrier 2015<\/a><\/p>\n<p>&nbsp;<\/p>\n","protected":false},"excerpt":{"rendered":"<p>La formation comprend de nombreux projets, ce qui permet \u00e0 l\u2019\u00e9tudiant d\u2019acqu\u00e9rir des comp\u00e9tences professionnelles. Quelques projets : Projet technique : participation \u00e0 l\u2019ing\u00e9nierie de projet dans le domaine de l\u2019eau (UE7 : Conception et suivi de projet). A partir d\u2019une demande de collectivit\u00e9 ou de TPE, les \u00e9tudiants sont amen\u00e9s \u00e0 participer \u00e0 l\u2019ing\u00e9nierie &hellip; <a href=\"https:\/\/blogs.univ-jfc.fr\/lproeauxbouesdechets\/projets\/\" class=\"more-link\">Continuer la lecture de <span class=\"screen-reader-text\">Projets<\/span> <span class=\"meta-nav\">&rarr;<\/span><\/a><\/p>\n","protected":false},"author":116,"featured_media":0,"parent":0,"menu_order":3,"comment_status":"closed","ping_status":"open","template":"","meta":[],"_links":{"self":[{"href":"https:\/\/blogs.univ-jfc.fr\/lproeauxbouesdechets\/wp-json\/wp\/v2\/pages\/43"}],"collection":[{"href":"https:\/\/blogs.univ-jfc.fr\/lproeauxbouesdechets\/wp-json\/wp\/v2\/pages"}],"about":[{"href":"https:\/\/blogs.univ-jfc.fr\/lproeauxbouesdechets\/wp-json\/wp\/v2\/types\/page"}],"author":[{"embeddable":true,"href":"https:\/\/blogs.univ-jfc.fr\/lproeauxbouesdechets\/wp-json\/wp\/v2\/users\/116"}],"replies":[{"embeddable":true,"href":"https:\/\/blogs.univ-jfc.fr\/lproeauxbouesdechets\/wp-json\/wp\/v2\/comments?post=43"}],"version-history":[{"count":6,"href":"https:\/\/blogs.univ-jfc.fr\/lproeauxbouesdechets\/wp-json\/wp\/v2\/pages\/43\/revisions"}],"predecessor-version":[{"id":137,"href":"https:\/\/blogs.univ-jfc.fr\/lproeauxbouesdechets\/wp-json\/wp\/v2\/pages\/43\/revisions\/137"}],"wp:attachment":[{"href":"https:\/\/blogs.univ-jfc.fr\/lproeauxbouesdechets\/wp-json\/wp\/v2\/media?parent=43"}],"curies":[{"name":"wp","href":"https:\/\/api.w.org\/{rel}","templated":true}]}}