{"id":51,"date":"2015-11-25T14:56:43","date_gmt":"2015-11-25T13:56:43","guid":{"rendered":"http:\/\/blogs.univ-jfc.fr\/lproeauxbouesdechets\/?page_id=51"},"modified":"2016-10-31T18:18:09","modified_gmt":"2016-10-31T17:18:09","slug":"emplois","status":"publish","type":"page","link":"https:\/\/blogs.univ-jfc.fr\/lproeauxbouesdechets\/emplois-et-stages\/emplois\/","title":{"rendered":"Emplois"},"content":{"rendered":"<p>La licence professionnelle forme aux m\u00e9tiers de la gestion de l\u2019eau, des boues et des d\u00e9chets. Les <strong>employeurs<\/strong> peuvent \u00eatre des <strong>structures publiques<\/strong>\u00a0:<\/p>\n<ul>\n<li>\u00a0Collectivit\u00e9s territoriales\u00a0 : communes, communaut\u00e9s de communes ou d\u2019agglom\u00e9ration (syndicat des eaux), d\u00e9partements (SATESE, syndicats d\u00e9partementaux de d\u00e9chets, laboratoire d\u00e9partemental d\u2019analyses\u2026)<\/li>\n<\/ul>\n<ul>\n<li>Organismes consulaires\u00a0: chambre d\u2019agriculture<\/li>\n<\/ul>\n<p>Et des <strong>structures priv\u00e9es<\/strong>\u00a0:<\/p>\n<ul>\n<li>Grands groupes eau et d\u00e9chets : Veolia, SUEZ, SAUR ;<\/li>\n<li>Industries ayant un service environnement ;<\/li>\n<li>PME et PMI\u00a0: bureaux d\u2019\u00e9tudes, entreprises<\/li>\n<\/ul>\n<p><strong>Les m\u00e9tiers :<\/strong><\/p>\n<p>Exploitant traitement des eaux us\u00e9es \/ assainissement.<\/p>\n<p>Technicien de SPANC.<\/p>\n<p>Technicien maintenance hydraulique.<\/p>\n<p>Exploitant eau potable et qualit\u00e9 (dont laboratoire).<\/p>\n<p>Responsable de syndicat d&rsquo;adduction d&rsquo;eau potable.<\/p>\n<p>Responsable de collecte des d\u00e9chets m\u00e9nagers.<\/p>\n<p>Charg\u00e9 d&rsquo;\u00e9tudes sp\u00e9cialis\u00e9 sur les d\u00e9chets dans un bureau d\u2019\u00e9tudes.<\/p>\n<p>Technicien irrigation.<\/p>\n<p>Charg\u00e9 de la valorisation des boues d\u2019\u00e9puration.<\/p>\n<p>Charg\u00e9 d\u2019\u00e9tudes environnement.<\/p>\n<p>Responsable de service environnement en milieu industriel.<\/p>\n<p>Responsable hygi\u00e8ne et s\u00e9curit\u00e9.<\/p>\n","protected":false},"excerpt":{"rendered":"<p>La licence professionnelle forme aux m\u00e9tiers de la gestion de l\u2019eau, des boues et des d\u00e9chets. Les employeurs peuvent \u00eatre des structures publiques\u00a0: \u00a0Collectivit\u00e9s territoriales\u00a0 : communes, communaut\u00e9s de communes ou d\u2019agglom\u00e9ration (syndicat des eaux), d\u00e9partements (SATESE, syndicats d\u00e9partementaux de d\u00e9chets, laboratoire d\u00e9partemental d\u2019analyses\u2026) Organismes consulaires\u00a0: chambre d\u2019agriculture Et des structures priv\u00e9es\u00a0: Grands groupes eau &hellip; <a href=\"https:\/\/blogs.univ-jfc.fr\/lproeauxbouesdechets\/emplois-et-stages\/emplois\/\" class=\"more-link\">Continuer la lecture de <span class=\"screen-reader-text\">Emplois<\/span> <span class=\"meta-nav\">&rarr;<\/span><\/a><\/p>\n","protected":false},"author":116,"featured_media":0,"parent":45,"menu_order":1,"comment_status":"closed","ping_status":"open","template":"","meta":[],"_links":{"self":[{"href":"https:\/\/blogs.univ-jfc.fr\/lproeauxbouesdechets\/wp-json\/wp\/v2\/pages\/51"}],"collection":[{"href":"https:\/\/blogs.univ-jfc.fr\/lproeauxbouesdechets\/wp-json\/wp\/v2\/pages"}],"about":[{"href":"https:\/\/blogs.univ-jfc.fr\/lproeauxbouesdechets\/wp-json\/wp\/v2\/types\/page"}],"author":[{"embeddable":true,"href":"https:\/\/blogs.univ-jfc.fr\/lproeauxbouesdechets\/wp-json\/wp\/v2\/users\/116"}],"replies":[{"embeddable":true,"href":"https:\/\/blogs.univ-jfc.fr\/lproeauxbouesdechets\/wp-json\/wp\/v2\/comments?post=51"}],"version-history":[{"count":5,"href":"https:\/\/blogs.univ-jfc.fr\/lproeauxbouesdechets\/wp-json\/wp\/v2\/pages\/51\/revisions"}],"predecessor-version":[{"id":165,"href":"https:\/\/blogs.univ-jfc.fr\/lproeauxbouesdechets\/wp-json\/wp\/v2\/pages\/51\/revisions\/165"}],"up":[{"embeddable":true,"href":"https:\/\/blogs.univ-jfc.fr\/lproeauxbouesdechets\/wp-json\/wp\/v2\/pages\/45"}],"wp:attachment":[{"href":"https:\/\/blogs.univ-jfc.fr\/lproeauxbouesdechets\/wp-json\/wp\/v2\/media?parent=51"}],"curies":[{"name":"wp","href":"https:\/\/api.w.org\/{rel}","templated":true}]}}