{"id":7,"date":"2015-11-17T12:16:16","date_gmt":"2015-11-17T11:16:16","guid":{"rendered":"http:\/\/blogs.univ-jfc.fr\/lproeauxbouesdechets\/?page_id=7"},"modified":"2024-05-07T09:05:52","modified_gmt":"2024-05-07T08:05:52","slug":"presentation-de-la-formation","status":"publish","type":"page","link":"https:\/\/blogs.univ-jfc.fr\/lproeauxbouesdechets\/presentation-de-la-formation\/","title":{"rendered":"Pr\u00e9sentation de la formation"},"content":{"rendered":"<p>Cette licence professionnelle a \u00e9t\u00e9 cr\u00e9\u00e9e en 2001 : c&rsquo;est une des plus anciennes propos\u00e9e dans les domaines de la gestion de l&rsquo;eau et des d\u00e9chets. Elle s&rsquo;appuie sur un r\u00e9seau de partenaires, \u00e9tablissements d&rsquo;enseignement et professionnels, reconnus sur le territoire r\u00e9gional.<\/p>\n<p><strong><span style=\"color: #000000\">A la rentr\u00e9e 2016, la licence professionnelle change de nom et devient licence professionnelle mention \u00ab\u00a0G\u00e9nie des proc\u00e9d\u00e9s pour l&rsquo;environnement\u00a0\u00bb, parcours \u00ab\u00a0Gestion et traitement des eaux, des boues et des d\u00e9chets\u00a0\u00bb. <\/span><\/strong><\/p>\n<p>La licence professionnelle forme des techniciens charg\u00e9s de la conception et du pilotage des installations de traitement d&rsquo;eau ou de d\u00e9chets, responsables au sein de structures industrielles ou de collectivit\u00e9s.<br \/>\nLa formation conjugue apports th\u00e9oriques et mises en situation pratiques. Ainsi, les futurs dipl\u00f4m\u00e9s seront capables d&rsquo;analyser les probl\u00e8mes li\u00e9s au traitement des eaux, des boues et des d\u00e9chets, de poser des \u00e9l\u00e9ments de diagnostic pertinents, et de proposer des solutions innovantes en mati\u00e8re de gestion de l&rsquo;eau et de valorisation des boues ou d\u00e9chets.<\/p>\n<p><b>Comp\u00e9tences vis\u00e9es :<br \/>\n<\/b><\/p>\n<p>Les \u00e9tudiants form\u00e9s auront les comp\u00e9tences pour :<\/p>\n<ul>\n<li>Diagnostiquer les probl\u00e8mes rencontr\u00e9s par les exploitants d&rsquo;unit\u00e9s de traitement d&rsquo;eaux et d\u00e9chets<\/li>\n<li>Concevoir des fili\u00e8res de traitement des eaux et des d\u00e9chets<\/li>\n<li>G\u00e9rer des structures d&rsquo;exploitation dans les domaines de l&rsquo;eau et des d\u00e9chets<\/li>\n<\/ul>\n<p><b>Les m\u00e9tiers :<br \/>\n<\/b><\/p>\n<p>Le dipl\u00f4m\u00e9 peut pr\u00e9tendre \u00e0 des emplois comme :<\/p>\n<ul>\n<li>Exploitant d&rsquo;usine de potabilisation d&rsquo;eau ou de station de traitement des eaux us\u00e9es<\/li>\n<li>Responsable SPANC<\/li>\n<li>Responsable de collecte, gestion et traitement des d\u00e9chets<\/li>\n<li>Technicien charg\u00e9 de la valorisation des boues d&rsquo;\u00e9puration (r\u00e9alisation de plan d&rsquo;\u00e9pandage)<\/li>\n<li>Responsable de service environnement en milieu industriel<\/li>\n<li>Charg\u00e9 d&rsquo;\u00e9tudes environnement<\/li>\n<\/ul>\n<p><b><span style=\"text-decoration: underline\">Admission<\/span><\/b><\/p>\n<p><b>Niveau(x) de recrutement<\/b><\/p>\n<p>Bac +2<\/p>\n<p><b>Conditions d&rsquo;admission<\/b><\/p>\n<ul>\n<li><b>Formation Initiale <\/b><\/li>\n<\/ul>\n<p>L2 Sciences de la Vie<br \/>\nBUT G\u00e9nie Biologique<br \/>\nBUT Chimie<br \/>\nBUT G\u00e9nie chimique<br \/>\nBUT G\u00e9nie des proc\u00e9d\u00e9s<\/p>\n<p>BUT HSE (Hygi\u00e8ne S\u00e9curit\u00e9 Environnement)<br \/>\nBTS M\u00e9tiers de l&rsquo;eau<br \/>\nBTS MSE (M\u00e9tiers des Services \u00e0 l&rsquo;Environnement)<br \/>\nBTSA GEMEAU (Gestion et ma\u00eetrise de l\u2019eau)<\/p>\n<ul>\n<li><strong>Formation par alternance<\/strong><\/li>\n<\/ul>\n<p>Contrat d&rsquo;apprentissage<\/p>\n<ul>\n<li><b>Formation continue\u00a0<\/b><\/li>\n<\/ul>\n<p>Salari\u00e9s, non salari\u00e9s et demandeurs d&#8217;emplois titulaires d&rsquo;un niveau BAC+2<br \/>\nContrat de professionnalisation &#8211; VAE possible<\/p>\n","protected":false},"excerpt":{"rendered":"<p>Cette licence professionnelle a \u00e9t\u00e9 cr\u00e9\u00e9e en 2001 : c&rsquo;est une des plus anciennes propos\u00e9e dans les domaines de la gestion de l&rsquo;eau et des d\u00e9chets. Elle s&rsquo;appuie sur un r\u00e9seau de partenaires, \u00e9tablissements d&rsquo;enseignement et professionnels, reconnus sur le territoire r\u00e9gional. A la rentr\u00e9e 2016, la licence professionnelle change de nom et devient licence &hellip; <a href=\"https:\/\/blogs.univ-jfc.fr\/lproeauxbouesdechets\/presentation-de-la-formation\/\" class=\"more-link\">Continuer la lecture de <span class=\"screen-reader-text\">Pr\u00e9sentation de la formation<\/span> <span class=\"meta-nav\">&rarr;<\/span><\/a><\/p>\n","protected":false},"author":116,"featured_media":0,"parent":0,"menu_order":1,"comment_status":"open","ping_status":"closed","template":"","meta":[],"_links":{"self":[{"href":"https:\/\/blogs.univ-jfc.fr\/lproeauxbouesdechets\/wp-json\/wp\/v2\/pages\/7"}],"collection":[{"href":"https:\/\/blogs.univ-jfc.fr\/lproeauxbouesdechets\/wp-json\/wp\/v2\/pages"}],"about":[{"href":"https:\/\/blogs.univ-jfc.fr\/lproeauxbouesdechets\/wp-json\/wp\/v2\/types\/page"}],"author":[{"embeddable":true,"href":"https:\/\/blogs.univ-jfc.fr\/lproeauxbouesdechets\/wp-json\/wp\/v2\/users\/116"}],"replies":[{"embeddable":true,"href":"https:\/\/blogs.univ-jfc.fr\/lproeauxbouesdechets\/wp-json\/wp\/v2\/comments?post=7"}],"version-history":[{"count":11,"href":"https:\/\/blogs.univ-jfc.fr\/lproeauxbouesdechets\/wp-json\/wp\/v2\/pages\/7\/revisions"}],"predecessor-version":[{"id":1131,"href":"https:\/\/blogs.univ-jfc.fr\/lproeauxbouesdechets\/wp-json\/wp\/v2\/pages\/7\/revisions\/1131"}],"wp:attachment":[{"href":"https:\/\/blogs.univ-jfc.fr\/lproeauxbouesdechets\/wp-json\/wp\/v2\/media?parent=7"}],"curies":[{"name":"wp","href":"https:\/\/api.w.org\/{rel}","templated":true}]}}