{"id":11,"date":"2022-04-15T14:16:51","date_gmt":"2022-04-15T12:16:51","guid":{"rendered":"https:\/\/blogs.univ-jfc.fr\/mecagenius\/?page_id=11"},"modified":"2022-12-15T09:48:08","modified_gmt":"2022-12-15T08:48:08","slug":"mecagenius","status":"publish","type":"page","link":"https:\/\/blogs.univ-jfc.fr\/mecagenius\/","title":{"rendered":"Mecagenius"},"content":{"rendered":"\n<h2>Un serious game en g\u00e9nie m\u00e9canique pour d\u00e9couvrir, apprendre, fabriquer<\/h2>\n\n\n\n<h4>Laur\u00e9at des <strong>Troph\u00e9e francophone du num\u00e9rique pour l\u2019\u00e9ducation <\/strong>dans la cat\u00e9gorie<strong> &lsquo;<\/strong><em>D\u00e9veloppement p\u00e9dagogique innovant&rsquo;<\/em><\/h4>\n\n\n\n<p>Troph\u00e9es organis\u00e9s par le Minist\u00e8re de l&rsquo;Enseignement Sup\u00e9rieur et de la Recherche et le Teluq (Qu\u00e9bec) &nbsp;<\/p>\n\n\n\n<p>Mecagenius est un serious game de formation au g\u00e9nie-m\u00e9canique.&nbsp; Il permet de d\u00e9couvrir un atelier de fabrication, d&rsquo;apprendre \u00e0 usiner des pi\u00e8ces en utilisant des machines outil \u00e0 commande num\u00e9riques (MOCN), de g\u00e9rer un projet de fabrication et d&rsquo;optimiser une production.<\/p>\n\n\n\n<p><strong>N\u00e9 \u00e0&nbsp;<a href=\"http:\/\/www.univ-jfc.fr\/\" target=\"_blank\" rel=\"noreferrer noopener\">l&rsquo;universit\u00e9 Champollion<\/a>, MECAGENIUS a \u00e9t\u00e9 retenu parmi les projets pr\u00e9sentant un fort potentiel d&rsquo;innovation technique et d&rsquo;usages suite \u00e0&nbsp; l&rsquo;appel \u00e0&nbsp; projet Serious Gaming lanc\u00e9 par Nathalie Kosciusko-Morizet en mai 2009.<\/strong><\/p>\n\n\n\n<p><strong>Mecagenius est un jeu s\u00e9rieux, en ligne par navigateur, destin\u00e9 aux \u00e9tudiants en formation de g\u00e9nie m\u00e9canique.<\/strong><\/p>\n\n\n\n<p><strong>Utilis\u00e9 comme catalyseur d&rsquo;apprentissage, Mecagenius est un compagnon virtuel d&rsquo;apprentissage par l&rsquo;action.<\/strong><\/p>\n\n\n\n<figure class=\"wp-block-image\"><a href=\"http:\/\/www.ktm-advance.com\/\"><img src=\"http:\/\/www.e-learning-infos.com\/upload\/f84a0dfca7374e4logo3.jpg\" alt=\"\"\/><\/a><\/figure>\n\n\n\n<p><a href=\"http:\/\/www.ktm-advance.com\/\">KTM Advance<\/a>, acteur leader sur le march\u00e9 du e-learning et du Serious Games met en pratique son expertise et son savoir-faire technologique en s&rsquo;associant \u00e0 l&rsquo;Universit\u00e9 Jean-Fran\u00e7ois Champollion et ses partenaires (Institut Cl\u00e9ment ADER, IRIT, UMR EFTS, Ecole de Technologie Sup\u00e9rieure de Montr\u00e9al) sur le projet Mecagenius.<\/p>\n\n\n\n<p><strong>Soutien du p\u00f4le AerospaceValley<\/strong> : P\u00f4le de comp\u00e9titivit\u00e9 mondial Midi-Pyr\u00e9n\u00e9es et Aquitaine (A\u00e9ronautique, Espace, Syst\u00e8mes embarqu\u00e9s) supporte et valide le projet de serious game Mecagenius.<\/p>\n\n\n\n<h3><strong>MECAGENIUS<\/strong><\/h3>\n\n\n\n<h3><strong>Pour enseigner<\/strong><\/h3>\n\n\n\n<p>Cet outil, bas\u00e9 sur les r\u00e9f\u00e9rentiels de comp\u00e9tences acad\u00e9miques et industriels, peut \u00eatre utilis\u00e9 par des enseignants dispensant une formation en g\u00e9nie-m\u00e9canique. Ils peuvent choisir les comp\u00e9tences \u00e0 travailler et peuvent obtenir des informations pr\u00e9cises sur les comp\u00e9tences acquises par leurs \u00e9l\u00e8ves\u00a0\u00bb.<\/p>\n\n\n\n<p>Disponible sur Internet, il peut \u00eatre propos\u00e9 aux \u00e9tudiants dans le cadre de l&rsquo;enseignement en pr\u00e9sentiel, hybride ou \u00e0 distance.<\/p>\n\n\n\n<h3><strong>Pour apprendre<\/strong><\/h3>\n\n\n\n<p>L&rsquo;id\u00e9e est de permettre aux jeunes de d\u00e9couvrir, au travers d&rsquo;activit\u00e9s ludiques, un atelier de fabrication par enl\u00e8vement de mati\u00e8re, de se former \u00e0 l&rsquo;utilisation de machines outils \u00e0 commande num\u00e9rique et d&rsquo;apprendre \u00e0 optimiser une production sur machine outil \u00e0 commande num\u00e9rique.<\/p>\n\n\n\n<p><strong>Cible :<\/strong><\/p>\n\n\n\n<ul><li><strong>\u00c9tudiants en formation initiale,<\/strong><\/li><li><strong>\u00c9l\u00e8ves ing\u00e9nieurs en formation initiale,<\/strong><\/li><li><strong>Professionnels en formation continue<\/strong><\/li><\/ul>\n\n\n\n<iframe scrolling=\"no\" src=\"https:\/\/media.univ-jfc.fr\/videos\/?video=MEDIA170221162526544\" style=\"display: block; margin: auto !important;\" width=\"640\" height=\"360\" frameborder=\"0\"><\/iframe>\n\n\n\n<p> <\/p>\n\n\n\n<iframe scrolling=\"no\" src=\"https:\/\/media.univ-jfc.fr\/videos\/?video=MEDIA170221154147423\" style=\"display: block; margin: auto !important;\" width=\"640\" height=\"360\" frameborder=\"0\"><\/iframe>\n","protected":false},"excerpt":{"rendered":"<p>Un serious game en g\u00e9nie m\u00e9canique pour d\u00e9couvrir, apprendre, fabriquer Laur\u00e9at des Troph\u00e9e francophone du num\u00e9rique pour l\u2019\u00e9ducation dans la cat\u00e9gorie &lsquo;D\u00e9veloppement p\u00e9dagogique innovant&rsquo; Troph\u00e9es organis\u00e9s par le Minist\u00e8re de l&rsquo;Enseignement Sup\u00e9rieur et de la Recherche et le Teluq (Qu\u00e9bec) &hellip; <a href=\"https:\/\/blogs.univ-jfc.fr\/mecagenius\/\">Lire la suite <span class=\"meta-nav\">&rarr;<\/span><\/a><\/p>\n","protected":false},"author":242,"featured_media":0,"parent":0,"menu_order":0,"comment_status":"closed","ping_status":"closed","template":"","meta":[],"_links":{"self":[{"href":"https:\/\/blogs.univ-jfc.fr\/mecagenius\/wp-json\/wp\/v2\/pages\/11"}],"collection":[{"href":"https:\/\/blogs.univ-jfc.fr\/mecagenius\/wp-json\/wp\/v2\/pages"}],"about":[{"href":"https:\/\/blogs.univ-jfc.fr\/mecagenius\/wp-json\/wp\/v2\/types\/page"}],"author":[{"embeddable":true,"href":"https:\/\/blogs.univ-jfc.fr\/mecagenius\/wp-json\/wp\/v2\/users\/242"}],"replies":[{"embeddable":true,"href":"https:\/\/blogs.univ-jfc.fr\/mecagenius\/wp-json\/wp\/v2\/comments?post=11"}],"version-history":[{"count":5,"href":"https:\/\/blogs.univ-jfc.fr\/mecagenius\/wp-json\/wp\/v2\/pages\/11\/revisions"}],"predecessor-version":[{"id":88,"href":"https:\/\/blogs.univ-jfc.fr\/mecagenius\/wp-json\/wp\/v2\/pages\/11\/revisions\/88"}],"wp:attachment":[{"href":"https:\/\/blogs.univ-jfc.fr\/mecagenius\/wp-json\/wp\/v2\/media?parent=11"}],"curies":[{"name":"wp","href":"https:\/\/api.w.org\/{rel}","templated":true}]}}