{"id":31,"date":"2022-04-15T15:06:18","date_gmt":"2022-04-15T13:06:18","guid":{"rendered":"https:\/\/blogs.univ-jfc.fr\/mecagenius\/?page_id=31"},"modified":"2022-04-15T15:52:24","modified_gmt":"2022-04-15T13:52:24","slug":"infos-pratiques","status":"publish","type":"page","link":"https:\/\/blogs.univ-jfc.fr\/mecagenius\/infos-pratiques\/","title":{"rendered":"Infos pratiques"},"content":{"rendered":"\n<h3>Plaquette de pr\u00e9sentation<\/h3>\n\n\n\n<p>La plaquette du jeu est accessible ci-dessous au format pdf.<\/p>\n\n\n\n<div class=\"wp-block-file\"><a href=\"https:\/\/blogs.univ-jfc.fr\/mecagenius\/wp-content\/uploads\/sites\/95\/2022\/04\/plaquette_mecagenius_fr_0.pdf\" target=\"_blank\" rel=\"noreferrer noopener\">plaquette_mecagenius<\/a><a href=\"https:\/\/blogs.univ-jfc.fr\/mecagenius\/wp-content\/uploads\/sites\/95\/2022\/04\/plaquette_mecagenius_fr_0.pdf\" class=\"wp-block-file__button\" download>T\u00e9l\u00e9charger<\/a><\/div>\n\n\n\n<h4>1. Mecagenius, qu&rsquo;est-ce c&rsquo;est ?<\/h4>\n\n\n\n<p>Mecagenius est un outil num\u00e9rique de formation qui se pr\u00e9sente sous la forme d&rsquo;un jeu, ce qui caract\u00e9rise sa particularit\u00e9 \u00e0 c\u00f4t\u00e9 d&rsquo;autres outils num\u00e9riques d\u00e9j\u00e0 disponibles (logiciels de CFAO notamment). Il incorpore deux modes d&rsquo;utilisation diff\u00e9rents : le mode game et le mode training. La soci\u00e9t\u00e9 KTM Advance commercialise et distribue ce logiciel.<\/p>\n\n\n\n<h4>2. Quelle est la diff\u00e9rence entre training mode et game mode ?<\/h4>\n\n\n\n<p>Le game mode permet \u00e0 l&rsquo;apprenant de jouer selon la progression sc\u00e9naristique et ludique du jeu. Par exemple, il devra r\u00e9soudre la premi\u00e8re mission pour d\u00e9bloquer l&rsquo;\u00e9tape suivante, il devra gagner un certain nombre d&rsquo;activit\u00e9 pour pouvoir passer la porte vers la salle suivante. Au contraire, le mode training permet d&rsquo;acc\u00e9der \u00e0 l&rsquo;ensemble des activit\u00e9s du jeu de mani\u00e8re ind\u00e9pendante du d\u00e9roulement du sc\u00e9nario narratif. Chaque mini-jeu est accessible \u00e0 l&rsquo;aide de la touche F8 du clavier de l&rsquo;ordinateur. Il permet d&rsquo;augmenter manuellement le niveau et la quantit\u00e9 d&rsquo;argent du joueur (Mecagolds) pour remplir les pr\u00e9requis n\u00e9cessaires \u00e0 la r\u00e9alisation des activit\u00e9s s\u00e9lectionn\u00e9es.<\/p>\n\n\n\n<p>Les diff\u00e9rentes \u00e9tudes effectu\u00e9es montrent d&rsquo;ailleurs que les \u00e9tudiants appr\u00e9cient davantage de travailler en mode game qu&rsquo;en mode training.<\/p>\n\n\n\n<h4>3. Qu&rsquo;est-ce que la mallette du professeur ?<\/h4>\n\n\n\n<p>La Mallette du professeur est disponible sur votre plateforme Chamilo. Elle propose de nombreux outils et documents p\u00e9dagogiques destin\u00e9s \u00e0 l&rsquo;enseignant.<\/p>\n\n\n\n<p>Par exemple, un glossaire exhaustif des activit\u00e9s pr\u00e9sentes dans Mecagenius (du niveau d\u00e9butant au niveau expert) avec un syst\u00e8me de tri par sujet, cat\u00e9gorie d&rsquo;exercice et comp\u00e9tences vis\u00e9s. Il est utilis\u00e9 aussi par les enseignants d\u00e9sireux de construire eux-m\u00eames leur parcours p\u00e9dagogique.<\/p>\n\n\n\n<p>La mallette du professeur contient \u00e9galement un Livret du formateur (pdf) et des fiches p\u00e9dagogiques directement utilisables.<\/p>\n\n\n\n<h4>Besoin de renseignements ?<\/h4>\n\n\n\n<p>Pour toute demande relative \u00e0 Chamilo ou \u00e0 des probl\u00e8mes li\u00e9s au jeu Mecagenius, contacter :<\/p>\n\n\n\n<p>Contact Serious Game : Catherine Pons Lelardeux : <a href=\"mailto:catherine.Lelardeux@univ-jfc.fr\">catherine.Lelardeux@univ-jfc.fr<\/a><\/p>\n\n\n\n<p>Contact G\u00e9nie M\u00e9canique : Pierre Lagarrigue : <a href=\"mailto:pierre.lagarrigue@univ-jfc.fr\">pierre.lagarrigue@univ-jfc.fr<\/a><\/p>\n","protected":false},"excerpt":{"rendered":"<p>Plaquette de pr\u00e9sentation La plaquette du jeu est accessible ci-dessous au format pdf. 1. Mecagenius, qu&rsquo;est-ce c&rsquo;est ? Mecagenius est un outil num\u00e9rique de formation qui se pr\u00e9sente sous la forme d&rsquo;un jeu, ce qui caract\u00e9rise sa particularit\u00e9 \u00e0 c\u00f4t\u00e9 &hellip; <a href=\"https:\/\/blogs.univ-jfc.fr\/mecagenius\/infos-pratiques\/\">Lire la suite <span class=\"meta-nav\">&rarr;<\/span><\/a><\/p>\n","protected":false},"author":242,"featured_media":0,"parent":0,"menu_order":0,"comment_status":"closed","ping_status":"closed","template":"","meta":[],"_links":{"self":[{"href":"https:\/\/blogs.univ-jfc.fr\/mecagenius\/wp-json\/wp\/v2\/pages\/31"}],"collection":[{"href":"https:\/\/blogs.univ-jfc.fr\/mecagenius\/wp-json\/wp\/v2\/pages"}],"about":[{"href":"https:\/\/blogs.univ-jfc.fr\/mecagenius\/wp-json\/wp\/v2\/types\/page"}],"author":[{"embeddable":true,"href":"https:\/\/blogs.univ-jfc.fr\/mecagenius\/wp-json\/wp\/v2\/users\/242"}],"replies":[{"embeddable":true,"href":"https:\/\/blogs.univ-jfc.fr\/mecagenius\/wp-json\/wp\/v2\/comments?post=31"}],"version-history":[{"count":3,"href":"https:\/\/blogs.univ-jfc.fr\/mecagenius\/wp-json\/wp\/v2\/pages\/31\/revisions"}],"predecessor-version":[{"id":53,"href":"https:\/\/blogs.univ-jfc.fr\/mecagenius\/wp-json\/wp\/v2\/pages\/31\/revisions\/53"}],"wp:attachment":[{"href":"https:\/\/blogs.univ-jfc.fr\/mecagenius\/wp-json\/wp\/v2\/media?parent=31"}],"curies":[{"name":"wp","href":"https:\/\/api.w.org\/{rel}","templated":true}]}}