{"id":41,"date":"2022-04-15T15:39:10","date_gmt":"2022-04-15T13:39:10","guid":{"rendered":"https:\/\/blogs.univ-jfc.fr\/mecagenius\/?page_id=41"},"modified":"2022-04-15T15:41:49","modified_gmt":"2022-04-15T13:41:49","slug":"leaderboard","status":"publish","type":"page","link":"https:\/\/blogs.univ-jfc.fr\/mecagenius\/leaderboard\/","title":{"rendered":"Leaderboard"},"content":{"rendered":"\n<h2>Leaderboard &#8211; Classement des joueurs de Mecagenius<\/h2>\n\n\n\n<p>Le learder board permet de visualiser le classement de l&rsquo;ensemble des joueurs du jeu Mecagenius. Des crit\u00e8res de tri permettent de s\u00e9lectionner les joueurs d&rsquo;un \u00e9tablissement en particulier.<\/p>\n\n\n\n<div class=\"wp-block-buttons\">\n<div class=\"wp-block-button\"><a class=\"wp-block-button__link\" href=\"http:\/\/mecatools.univ-jfc.fr\/leaderboard_2015_2016\/\" target=\"_blank\" rel=\"noreferrer noopener\">Acc\u00e9der au leaderboard<\/a><\/div>\n<\/div>\n","protected":false},"excerpt":{"rendered":"<p>Leaderboard &#8211; Classement des joueurs de Mecagenius Le learder board permet de visualiser le classement de l&rsquo;ensemble des joueurs du jeu Mecagenius. Des crit\u00e8res de tri permettent de s\u00e9lectionner les joueurs d&rsquo;un \u00e9tablissement en particulier.<\/p>\n","protected":false},"author":242,"featured_media":0,"parent":0,"menu_order":0,"comment_status":"closed","ping_status":"closed","template":"","meta":[],"_links":{"self":[{"href":"https:\/\/blogs.univ-jfc.fr\/mecagenius\/wp-json\/wp\/v2\/pages\/41"}],"collection":[{"href":"https:\/\/blogs.univ-jfc.fr\/mecagenius\/wp-json\/wp\/v2\/pages"}],"about":[{"href":"https:\/\/blogs.univ-jfc.fr\/mecagenius\/wp-json\/wp\/v2\/types\/page"}],"author":[{"embeddable":true,"href":"https:\/\/blogs.univ-jfc.fr\/mecagenius\/wp-json\/wp\/v2\/users\/242"}],"replies":[{"embeddable":true,"href":"https:\/\/blogs.univ-jfc.fr\/mecagenius\/wp-json\/wp\/v2\/comments?post=41"}],"version-history":[{"count":3,"href":"https:\/\/blogs.univ-jfc.fr\/mecagenius\/wp-json\/wp\/v2\/pages\/41\/revisions"}],"predecessor-version":[{"id":46,"href":"https:\/\/blogs.univ-jfc.fr\/mecagenius\/wp-json\/wp\/v2\/pages\/41\/revisions\/46"}],"wp:attachment":[{"href":"https:\/\/blogs.univ-jfc.fr\/mecagenius\/wp-json\/wp\/v2\/media?parent=41"}],"curies":[{"name":"wp","href":"https:\/\/api.w.org\/{rel}","templated":true}]}}