{"id":77,"date":"2022-04-15T16:46:24","date_gmt":"2022-04-15T14:46:24","guid":{"rendered":"https:\/\/blogs.univ-jfc.fr\/mecagenius\/?page_id=77"},"modified":"2022-04-15T16:46:24","modified_gmt":"2022-04-15T14:46:24","slug":"partners","status":"publish","type":"page","link":"https:\/\/blogs.univ-jfc.fr\/mecagenius\/en\/partners\/","title":{"rendered":"Partners"},"content":{"rendered":"\n<h2><strong>Industrial partner<\/strong><\/h2>\n\n\n\n<div class=\"wp-block-columns\">\n<div class=\"wp-block-column\" style=\"flex-basis:66.66%\">\n<p>KTM Advance : a French leader company specialized in e-learning and serious<br>game is the industrial partner of this project <a rel=\"noreferrer noopener\" href=\"http:\/\/www.ktm-advance.com\" target=\"_blank\">http:\/\/www.ktm-advance.com<\/a><\/p>\n<\/div>\n\n\n\n<div class=\"wp-block-column\" style=\"flex-basis:33.33%\">\n<figure class=\"wp-block-image size-large\"><img loading=\"lazy\" width=\"417\" height=\"208\" src=\"http:\/\/blogs.univ-jfc.fr\/mecagenius\/wp-content\/uploads\/sites\/95\/2022\/04\/logo_ktm.png\" alt=\"\" class=\"wp-image-22\" srcset=\"https:\/\/blogs.univ-jfc.fr\/mecagenius\/wp-content\/uploads\/sites\/95\/2022\/04\/logo_ktm.png 417w, https:\/\/blogs.univ-jfc.fr\/mecagenius\/wp-content\/uploads\/sites\/95\/2022\/04\/logo_ktm-300x150.png 300w\" sizes=\"(max-width: 417px) 100vw, 417px\" \/><\/figure>\n<\/div>\n<\/div>\n\n\n\n<h2><strong>Academics partners<\/strong><\/h2>\n\n\n\n<div class=\"wp-block-columns\">\n<div class=\"wp-block-column\" style=\"flex-basis:66.66%\">\n<p>Serious Game research Lab (Champollion University)<br>&#8211; skills in serious game design<br><a rel=\"noreferrer noopener\" href=\"http:\/\/www.univ-jfc.fr\/equipesrecherche\/serious-game-research-lab\" target=\"_blank\">http:\/\/www.univ-jfc.fr\/equipesrecherche\/serious-game-research-lab<\/a><\/p>\n\n\n\n<p>The Serious Game Research Lab is an interdisciplinary research group that was created in 2007. Its&rsquo;s composed of professors, researchers and engineers from different faculties of the university of Toulouse, France. We are supported by French Minist\u00e8re de l&rsquo;Economie, the AerospaceValley cluster, the city of Albi and the Midi Pyrenees region. We collaborate with Ecole de Technologie Sup\u00e9rieure of Montr\u00e9al. <strong>Our topics :<\/strong><\/p>\n\n\n\n<ul><li>Pre design studies of a serious game<\/li><li>Development of tools to help Serious game design<\/li><li>Development of prototypes of Serious Game<\/li><li>Evaluation of the use of a serious game for training<\/li><\/ul>\n<\/div>\n\n\n\n<div class=\"wp-block-column\" style=\"flex-basis:33.33%\"><\/div>\n<\/div>\n\n\n\n<div class=\"wp-block-columns\">\n<div class=\"wp-block-column\" style=\"flex-basis:66.66%\">\n<p>Institut Cl\u00e9ment Ader (<a rel=\"noreferrer noopener\" href=\"https:\/\/ica.cnrs.fr\/\" data-type=\"URL\" data-id=\"https:\/\/ica.cnrs.fr\/\" target=\"_blank\">ICA<\/a>)<\/p>\n\n\n\n<p>skills in mechanical engineering<\/p>\n<\/div>\n\n\n\n<div class=\"wp-block-column\" style=\"flex-basis:33.33%\"><\/div>\n<\/div>\n\n\n\n<div class=\"wp-block-columns\">\n<div class=\"wp-block-column\" style=\"flex-basis:66.66%\">\n<p>Laboratoire de recherche en didactique de Toulouse (<a rel=\"noreferrer noopener\" href=\"http:\/\/www.univ-tlse2.fr\/accueil-utm\/recherche\/equipes\/education-formation-travail-savoirs-efts--5472.kjsp\" target=\"_blank\">UMR EFTS<\/a>)<br>&#8211; skills in didactic \u00a0<\/p>\n<\/div>\n\n\n\n<div class=\"wp-block-column\" style=\"flex-basis:33.33%\"><\/div>\n<\/div>\n\n\n\n<div class=\"wp-block-columns\">\n<div class=\"wp-block-column\" style=\"flex-basis:66.66%\">\n<p>Institut de recherche en informatique de Toulouse (<a rel=\"noreferrer noopener\" href=\"http:\/\/irit.fr\/\" target=\"_blank\">IRIT<\/a>)<br>&#8211; skills in computer sciences and virtual environnement<\/p>\n<\/div>\n\n\n\n<div class=\"wp-block-column\" style=\"flex-basis:33.33%\"><\/div>\n<\/div>\n\n\n\n<div class=\"wp-block-columns\">\n<div class=\"wp-block-column\" style=\"flex-basis:66.66%\">\n<p>\u00c9cole de Technologie Sup\u00e9rieure de Montr\u00e9al (Universit\u00e9 du Qu\u00e9bec) <a rel=\"noreferrer noopener\" href=\"http:\/\/www.etsmtl.ca\" target=\"_blank\">http:\/\/www.etsmtl.ca<\/a><br>&#8211; skills in mechanical engineering<\/p>\n<\/div>\n\n\n\n<div class=\"wp-block-column\" style=\"flex-basis:33.33%\"><\/div>\n<\/div>\n\n\n\n<p><strong>Team in France :<\/strong><\/p>\n\n\n\n<p>Pierre Lagarrigue, Universit\u00e9 de Toulouse, Institut Cl\u00e9ment Ader, Universit\u00e9 Champollion (professor &#8211; section 60)<\/p>\n\n\n\n<p>Catherine Lelardeux, Universit\u00e9 Champollion (engineer in computer science &#8211; project director)<br>Olivier Baptista, Universit\u00e9 Champollion (teacher in mechanical enginering)<\/p>\n\n\n\n<p>Christine Amans Passaga, Laboratoire de recherche en didactique de Toulouse, Universit\u00e9 Champollion (assistant professor &#8211; section 70)<\/p>\n\n\n\n<p>Fabienne Viallet, Laboratoire de recherche en didactique de Toulouse, Toulouse University, (assistant professor &#8211; section 70)<\/p>\n\n\n\n<p>Patrice Torguet, Institut de Recherche en Informatique de Toulouse, Toulouse University (assitant professor )<\/p>\n\n\n\n<p>Thomas Rodsphon, mechanical engineer, Champollion University<\/p>\n\n\n\n<p>Eddy Daguenet and the KTM Advance team (KTM Advance)<\/p>\n\n\n\n<p><strong>Team in Quebec:<\/strong><\/p>\n\n\n\n<p>Roland Maranzana, Laboratoire de G\u00e9nie de la Production Automatis\u00e9e, Ecole de Technologie Superieure, Montr\u00e9al<\/p>\n\n\n\n<p>Tony Wong, Laboratoire de G\u00e9nie de la Production Automatis\u00e9e, Ecole de Technologie Superieure, Montr\u00e9al<\/p>\n\n\n\n<p>Youri Juteau, Laboratoire de G\u00e9nie de la Production Automatis\u00e9e, Ecole de Technologie Superieure, Montr\u00e9al<\/p>\n","protected":false},"excerpt":{"rendered":"<p>Industrial partner KTM Advance : a French leader company specialized in e-learning and seriousgame is the industrial partner of this project http:\/\/www.ktm-advance.com Academics partners Serious Game research Lab (Champollion University)&#8211; skills in serious game designhttp:\/\/www.univ-jfc.fr\/equipesrecherche\/serious-game-research-lab The Serious Game Research Lab &hellip; <a href=\"https:\/\/blogs.univ-jfc.fr\/mecagenius\/en\/partners\/\">Lire la suite <span class=\"meta-nav\">&rarr;<\/span><\/a><\/p>\n","protected":false},"author":242,"featured_media":0,"parent":0,"menu_order":0,"comment_status":"closed","ping_status":"closed","template":"","meta":[],"_links":{"self":[{"href":"https:\/\/blogs.univ-jfc.fr\/mecagenius\/wp-json\/wp\/v2\/pages\/77"}],"collection":[{"href":"https:\/\/blogs.univ-jfc.fr\/mecagenius\/wp-json\/wp\/v2\/pages"}],"about":[{"href":"https:\/\/blogs.univ-jfc.fr\/mecagenius\/wp-json\/wp\/v2\/types\/page"}],"author":[{"embeddable":true,"href":"https:\/\/blogs.univ-jfc.fr\/mecagenius\/wp-json\/wp\/v2\/users\/242"}],"replies":[{"embeddable":true,"href":"https:\/\/blogs.univ-jfc.fr\/mecagenius\/wp-json\/wp\/v2\/comments?post=77"}],"version-history":[{"count":1,"href":"https:\/\/blogs.univ-jfc.fr\/mecagenius\/wp-json\/wp\/v2\/pages\/77\/revisions"}],"predecessor-version":[{"id":78,"href":"https:\/\/blogs.univ-jfc.fr\/mecagenius\/wp-json\/wp\/v2\/pages\/77\/revisions\/78"}],"wp:attachment":[{"href":"https:\/\/blogs.univ-jfc.fr\/mecagenius\/wp-json\/wp\/v2\/media?parent=77"}],"curies":[{"name":"wp","href":"https:\/\/api.w.org\/{rel}","templated":true}]}}