{"id":14,"date":"2022-04-19T15:07:48","date_gmt":"2022-04-19T13:07:48","guid":{"rendered":"https:\/\/blogs.univ-jfc.fr\/mouv\/?page_id=14"},"modified":"2022-04-19T15:07:48","modified_gmt":"2022-04-19T13:07:48","slug":"projet-mouv","status":"publish","type":"page","link":"https:\/\/blogs.univ-jfc.fr\/mouv\/","title":{"rendered":"Projet Mouv"},"content":{"rendered":"\n<p>Le projet Mouv est un projet de&nbsp;conception de simulateur de machine outil virtuelle dans le domaine&nbsp;de l&rsquo;usinage \u00e0 sec en G\u00e9nie M\u00e9canique.<\/p>\n\n\n\n<figure class=\"wp-block-image size-large\"><img loading=\"lazy\" width=\"300\" height=\"240\" src=\"http:\/\/blogs.univ-jfc.fr\/mouv\/wp-content\/uploads\/sites\/96\/2022\/04\/settings2_small.png\" alt=\"\" class=\"wp-image-15\"\/><\/figure>\n\n\n\n<p>Le simulateur MOuV a \u00e9t\u00e9 con\u00e7u pour r\u00e9pondre \u00e0 la demande \u00e0 la fois des industriels et des enseigants-chercheurs en fabrication.<\/p>\n\n\n\n<p>MOuV se situe \u00e0 la fronti\u00e8re&nbsp;entre les recherches scientifiques fondamentales dans les champs de l&rsquo;usinage \u00e0 sec et de la didactique et r\u00e9pond en partie aux&nbsp; probl\u00e9matiques de formation telles quelles peuvent s&rsquo;exprimer dans le monde industriel sur le plan des formations et des recherches.<\/p>\n\n\n\n<p>Le contexte de machine-outil virtuelle\u00a0 repose sur une logique de transversalit\u00e9 disciplinaire : g\u00e9nie m\u00e9canique, didactique.<br>Les th\u00e9matiques principalement explor\u00e9es\u00a0 s&rsquo;inscrivent dans les priorit\u00e9s r\u00e9gionales et nationales : \u00e9co-fabrication, \u00e9co-conception, pr\u00e9vention des risques sanitaires, ing\u00e9nierie citoyenne, formation continue aux professionnels de l&rsquo;industrie et formation initiale.<\/p>\n\n\n\n<p>Le fichier attach\u00e9 ci dessous explique les principales proc\u00e9dures \u00e0 appliquer pour mettre en \u0153uvre la machine r\u00e9elle ou la machine virtuelle.<\/p>\n\n\n\n<div class=\"wp-block-file\"><a href=\"https:\/\/blogs.univ-jfc.fr\/mouv\/wp-content\/uploads\/sites\/96\/2022\/04\/textecu_simu_v5_ang.pdf\">textecu_simu_v5_ang<\/a><a href=\"https:\/\/blogs.univ-jfc.fr\/mouv\/wp-content\/uploads\/sites\/96\/2022\/04\/textecu_simu_v5_ang.pdf\" class=\"wp-block-file__button\" download>T\u00e9l\u00e9charger<\/a><\/div>\n","protected":false},"excerpt":{"rendered":"<p>Le projet Mouv est un projet de&nbsp;conception de simulateur de machine outil virtuelle dans le domaine&nbsp;de l&rsquo;usinage \u00e0 sec en G\u00e9nie M\u00e9canique. Le simulateur MOuV a \u00e9t\u00e9 con\u00e7u pour r\u00e9pondre \u00e0 la demande \u00e0 la fois des industriels et des enseigants-chercheurs en fabrication. MOuV se situe \u00e0 la fronti\u00e8re&nbsp;entre les recherches scientifiques fondamentales dans les&hellip; <a class=\"more-link\" href=\"https:\/\/blogs.univ-jfc.fr\/mouv\/\">Poursuivre la lecture <span class=\"screen-reader-text\">Projet Mouv<\/span><\/a><\/p>\n","protected":false},"author":242,"featured_media":0,"parent":0,"menu_order":0,"comment_status":"closed","ping_status":"closed","template":"","meta":[],"_links":{"self":[{"href":"https:\/\/blogs.univ-jfc.fr\/mouv\/wp-json\/wp\/v2\/pages\/14"}],"collection":[{"href":"https:\/\/blogs.univ-jfc.fr\/mouv\/wp-json\/wp\/v2\/pages"}],"about":[{"href":"https:\/\/blogs.univ-jfc.fr\/mouv\/wp-json\/wp\/v2\/types\/page"}],"author":[{"embeddable":true,"href":"https:\/\/blogs.univ-jfc.fr\/mouv\/wp-json\/wp\/v2\/users\/242"}],"replies":[{"embeddable":true,"href":"https:\/\/blogs.univ-jfc.fr\/mouv\/wp-json\/wp\/v2\/comments?post=14"}],"version-history":[{"count":1,"href":"https:\/\/blogs.univ-jfc.fr\/mouv\/wp-json\/wp\/v2\/pages\/14\/revisions"}],"predecessor-version":[{"id":17,"href":"https:\/\/blogs.univ-jfc.fr\/mouv\/wp-json\/wp\/v2\/pages\/14\/revisions\/17"}],"wp:attachment":[{"href":"https:\/\/blogs.univ-jfc.fr\/mouv\/wp-json\/wp\/v2\/media?parent=14"}],"curies":[{"name":"wp","href":"https:\/\/api.w.org\/{rel}","templated":true}]}}