{"id":19,"date":"2022-04-19T15:11:10","date_gmt":"2022-04-19T13:11:10","guid":{"rendered":"https:\/\/blogs.univ-jfc.fr\/mouv\/?page_id=19"},"modified":"2022-04-19T15:11:10","modified_gmt":"2022-04-19T13:11:10","slug":"partenaires","status":"publish","type":"page","link":"https:\/\/blogs.univ-jfc.fr\/mouv\/partenaires\/","title":{"rendered":"Partenaires"},"content":{"rendered":"\n<h3>Principaux partenaires du projet<\/h3>\n\n\n\n<ul><li><a href=\"https:\/\/www.univ-jfc.fr\" target=\"_blank\" rel=\"noreferrer noopener\">Institut  National Universitaire Champollion<\/a><\/li><li><a rel=\"noreferrer noopener\" href=\"http:\/\/www.ups-tlse.fr\/\" target=\"_blank\">Universit\u00e9 Paul Sabatier<\/a><\/li><li><a rel=\"noreferrer noopener\" href=\"http:\/\/www.insa-toulouse.fr\/\/fr\/index.html\" target=\"_blank\">INSA Toulouse<\/a><\/li><\/ul>\n\n\n\n<h3>Laboratoires de recherche<\/h3>\n\n\n\n<ul><li><a href=\"http:\/\/www.microfluidique.insa-toulouse.fr\/\" target=\"_blank\" rel=\"noreferrer noopener\">LGMT<\/a> : Le laboratoire de G\u00e9nie M\u00e9canique de Toulouse<\/li><li><a href=\"http:\/\/w3.crefi.univ-tlse2.fr\/sommaire\/axes\/axesens.htm\">DIDIST<\/a> : Le laboratoire de Didactique des DIsciplines Scientifiques et Technologiques<\/li><li><a href=\"http:\/\/www.lemme.fr\/\">LEMME<\/a> : Laboratoire des Enseignants de Math\u00e9matiques pour Mutualiser et Exp\u00e9rimenter<\/li><\/ul>\n\n\n\n<h3>Axes de recherche<\/h3>\n\n\n\n<p>L\u2019\u00e9quipe de recherche Fabrication du Laboratoire de G\u00e9nie M\u00e9canique de Toulouse (LGMT) travaille depuis plusieurs ann\u00e9es sur la mod\u00e9lisation des d\u00e9fauts d&rsquo;usinage g\u00e9n\u00e9r\u00e9s par le contexte de travail (condition de coupe, outil, montage, \u2026).<br>Les m\u00e9thodes de correction et\/ou de compensation adopt\u00e9s, les algorithmes utilis\u00e9s, le traitement des interf\u00e9rences entre l&rsquo;outil et la pi\u00e8ce usin\u00e9e ont d\u00e9j\u00e0 \u00e9t\u00e9 d\u00e9velopp\u00e9s dans plusieurs articles.<\/p>\n\n\n\n<p>Le laboratoire de Didactique des DIsciplines Scientifiques et Technologiques (DiDiST) travaille au d\u00e9veloppement d\u2019un outil sous une perspective anthropocentrique de techniques, dans l\u2019objectif de faire \u00e9voluer l\u2019outil en fonction des besoins de l\u2019apprenant.<\/p>\n\n\n\n<h3>Intervenants :<\/h3>\n\n\n\n<ul><li>Coordinateur du projet : Pierre Lagarrigue<\/li><li>Coordinateur technique : Vincent Boucharessas<\/li><li>Aspect didactique : Bernard Fraysse<\/li><li>Aspect g\u00e9nie m\u00e9canique &#8211; usinage :<\/li><li>Jean-Max Redonnet<\/li><\/ul>\n","protected":false},"excerpt":{"rendered":"<p>Principaux partenaires du projet Institut National Universitaire Champollion Universit\u00e9 Paul Sabatier INSA Toulouse Laboratoires de recherche LGMT : Le laboratoire de G\u00e9nie M\u00e9canique de Toulouse DIDIST : Le laboratoire de Didactique des DIsciplines Scientifiques et Technologiques LEMME : Laboratoire des Enseignants de Math\u00e9matiques pour Mutualiser et Exp\u00e9rimenter Axes de recherche L\u2019\u00e9quipe de recherche Fabrication du&hellip; <a class=\"more-link\" href=\"https:\/\/blogs.univ-jfc.fr\/mouv\/partenaires\/\">Poursuivre la lecture <span class=\"screen-reader-text\">Partenaires<\/span><\/a><\/p>\n","protected":false},"author":242,"featured_media":0,"parent":0,"menu_order":0,"comment_status":"closed","ping_status":"closed","template":"","meta":[],"_links":{"self":[{"href":"https:\/\/blogs.univ-jfc.fr\/mouv\/wp-json\/wp\/v2\/pages\/19"}],"collection":[{"href":"https:\/\/blogs.univ-jfc.fr\/mouv\/wp-json\/wp\/v2\/pages"}],"about":[{"href":"https:\/\/blogs.univ-jfc.fr\/mouv\/wp-json\/wp\/v2\/types\/page"}],"author":[{"embeddable":true,"href":"https:\/\/blogs.univ-jfc.fr\/mouv\/wp-json\/wp\/v2\/users\/242"}],"replies":[{"embeddable":true,"href":"https:\/\/blogs.univ-jfc.fr\/mouv\/wp-json\/wp\/v2\/comments?post=19"}],"version-history":[{"count":1,"href":"https:\/\/blogs.univ-jfc.fr\/mouv\/wp-json\/wp\/v2\/pages\/19\/revisions"}],"predecessor-version":[{"id":20,"href":"https:\/\/blogs.univ-jfc.fr\/mouv\/wp-json\/wp\/v2\/pages\/19\/revisions\/20"}],"wp:attachment":[{"href":"https:\/\/blogs.univ-jfc.fr\/mouv\/wp-json\/wp\/v2\/media?parent=19"}],"curies":[{"name":"wp","href":"https:\/\/api.w.org\/{rel}","templated":true}]}}