{"id":10,"date":"2015-01-05T11:05:20","date_gmt":"2015-01-05T10:05:20","guid":{"rendered":"http:\/\/blogs.univ-jfc.fr\/projetcroixrouge\/?page_id=10"},"modified":"2015-03-26T10:23:04","modified_gmt":"2015-03-26T09:23:04","slug":"la-croix-rouge-dans-les-guerres-mondiales","status":"publish","type":"page","link":"https:\/\/blogs.univ-jfc.fr\/projetcroixrouge\/la-croix-rouge-dans-les-guerres-mondiales\/","title":{"rendered":"La Croix-Rouge dans les guerres mondiales"},"content":{"rendered":"<p><span style=\"color: #000000\"><span style=\"font-family: Arial, sans-serif\">\u00a0 \u00a0 \u00a0 Quand la Premi\u00e8re Guerre mondiale \u00e9clate, en 1914, l\u2019organisme de la Croix-Rouge doit faire face \u00e0 des probl\u00e8mes et r\u00e9alit\u00e9s nouvelles. A cette occasion, la Croix-Rouge doit porter secours aux soldats en toutes circonstances, pour cela elle s\u2019appuie sur l\u2019intensification des liens internationaux. Il faut donc voir la Premi\u00e8re Guerre mondiale comme <a title=\"La Croix-Rouge sur le front (1914-1918)\" href=\"http:\/\/blogs.univ-jfc.fr\/projetcroixrouge\/la-croix-rouge-dans-les-guerres-mondiales\/la-croix-rouge-sur-le-front-1914-1918\/\" target=\"_blank\">le d\u00e9but d&rsquo;une mutation fondamentale et une prise d&rsquo;importance de la Croix-Rouge<\/a>, sur tous les points de vue.<\/span><\/span><\/p>\n<p align=\"JUSTIFY\"><span style=\"font-family: Arial,sans-serif\">\u00a0\u00a0\u00a0\u00a0\u00a0 La Premi\u00e8re Guerre mondiale a mobilis\u00e9 plus de soldats, m\u00e9decins, infirmi\u00e8res et b\u00e9n\u00e9voles, provoqu\u00e9 plus de d\u00e9c\u00e8s et caus\u00e9 plus de destruction que toute guerre ant\u00e9rieure. Plus de 60 millions de soldats, infirmi\u00e8res et autres civils y ont pris part. D\u00e8s la d\u00e9claration de guerre, les trois soci\u00e9t\u00e9s d&rsquo;assistance constitutives de la Croix Rouge fran\u00e7aise SSBM (Soci\u00e9t\u00e9 de secours aux Bless\u00e9s Militaires, 1864), ADF (Association des Dames Fran\u00e7aises, 1879), UFF (Union des Femmes de France, 1881), mobilisent leurs forces et apportent l&rsquo;aide aux soldats comme aux civils. La Grande Guerre a engendr\u00e9 de nouveaux enjeux pour la Croix Rouge afin d&rsquo;aider les <a title=\"L\u2019action aupr\u00e8s des populations civiles pendant la Premi\u00e8re Guerre mondiale\" href=\"http:\/\/blogs.univ-jfc.fr\/projetcroixrouge\/la-croix-rouge-dans-les-guerres-mondiales\/laction-aupres-des-populations-civiles-pendant-la-premiere-guerre-mondiale\/\">populations civiles<\/a>.<br \/>\n<\/span><\/p>\n<p>\u00a0\u00a0\u00a0\u00a0\u00a0 <span style=\"font-family: Arial,sans-serif\">La Seconde Guerre mondiale a mobilis\u00e9 elle aussi de nombreux soldats et de nombreux membres de la Croix-Rouge. En 1940, la France est occup\u00e9e et plusieurs millions de civils sont pris en charge par la Croix-Rouge. Du d\u00e9but de la guerre, jusqu&rsquo;\u00e0 la fin, la Croix-Rouge s&rsquo;est montr\u00e9e forte et a su \u00eatre pr\u00e9sente aupr\u00e8s des <a title=\"L\u2019action sanitaire et sociale de la Croix-Rouge pendant la Seconde Guerre mondiale\" href=\"http:\/\/blogs.univ-jfc.fr\/projetcroixrouge\/la-croix-rouge-dans-les-guerres-mondiales\/laction-sanitaire-et-sociale-de-la-croix-rouge-pendant-la-seconde-guerre-mondiale\/\" target=\"_blank\">populations civiles en difficult\u00e9 en menant d&rsquo;importantes actions sanitaires et sociales.<\/a> Et ce, malgr\u00e9 de nombreuses difficult\u00e9s financi\u00e8res et mat\u00e9rielles.<\/span><\/p>\n<p align=\"justify\"><span style=\"font-family: Arial, sans-serif\">\u00a0 \u00a0 \u00a0 Le principe le plus ancien et le plus important de la Croix-Rouge et du CICR est celui de rester compl\u00e8tement neutre en toutes circonstances. Le but \u00e9tant d&rsquo;obtenir et de garder la confiance des gouvernements, des populations civiles et des soldats. Mais ce principe a \u00e9t\u00e9 largement <a title=\"La Croix-Rouge dans la Seconde Guerre Mondiale\" href=\"http:\/\/blogs.univ-jfc.fr\/projetcroixrouge\/la-croix-rouge-dans-les-guerres-mondiales\/la-croix-rouge-dans-loccupation\/\">mis \u00e0 l&rsquo;\u00e9preuve<\/a> face aux atrocit\u00e9s qui ont eu lieu lors de la Seconde Guerre mondiale, entre 1939 et 1945. \u00c0 la fin de cette guerre, cette institution et ses b\u00e9n\u00e9voles ont \u00e9t\u00e9 largement critiqu\u00e9s dans la presse, notamment sur le fait qu&rsquo;elle n&rsquo;a pas stopp\u00e9 la Shoah. Il faut donc essayer de comprendre quels ont \u00e9t\u00e9 les objectifs de la Croix-Rouge durant la Guerre, les motifs qui ont fait qu&rsquo;elle a \u00e9t\u00e9 remise en question et quelles sont ses raisons propres qui expliquent son manque d&rsquo;action.<\/span><\/p>\n<p align=\"JUSTIFY\">\u00a0\u00a0\u00a0\u00a0 <span style=\"font-family: Times New Roman,serif\"><span style=\"font-size: medium\"><span style=\"font-family: Arial,sans-serif\"><br \/>\n<\/span><\/span><\/span><\/p>\n<p align=\"JUSTIFY\">\u00a0\u00a0 <span style=\"font-family: Times New Roman,serif\"><span style=\"font-size: medium\"><span style=\"font-family: Arial,sans-serif\"><br \/>\n<\/span><\/span><\/span><\/p>\n","protected":false},"excerpt":{"rendered":"<p>\u00a0 \u00a0 \u00a0 Quand la Premi\u00e8re Guerre mondiale \u00e9clate, en 1914, l\u2019organisme de la Croix-Rouge doit faire face \u00e0 des probl\u00e8mes et r\u00e9alit\u00e9s nouvelles. A cette occasion, la Croix-Rouge doit porter secours aux soldats en toutes circonstances, pour cela elle s\u2019appuie sur l\u2019intensification des liens internationaux. Il faut donc voir la Premi\u00e8re Guerre mondiale comme &hellip; <a href=\"https:\/\/blogs.univ-jfc.fr\/projetcroixrouge\/la-croix-rouge-dans-les-guerres-mondiales\/\" class=\"more-link\">Continuer la lecture de <span class=\"screen-reader-text\">La Croix-Rouge dans les guerres mondiales<\/span> <span class=\"meta-nav\">&rarr;<\/span><\/a><\/p>\n","protected":false},"author":15,"featured_media":0,"parent":0,"menu_order":0,"comment_status":"open","ping_status":"open","template":"","meta":[],"_links":{"self":[{"href":"https:\/\/blogs.univ-jfc.fr\/projetcroixrouge\/wp-json\/wp\/v2\/pages\/10"}],"collection":[{"href":"https:\/\/blogs.univ-jfc.fr\/projetcroixrouge\/wp-json\/wp\/v2\/pages"}],"about":[{"href":"https:\/\/blogs.univ-jfc.fr\/projetcroixrouge\/wp-json\/wp\/v2\/types\/page"}],"author":[{"embeddable":true,"href":"https:\/\/blogs.univ-jfc.fr\/projetcroixrouge\/wp-json\/wp\/v2\/users\/15"}],"replies":[{"embeddable":true,"href":"https:\/\/blogs.univ-jfc.fr\/projetcroixrouge\/wp-json\/wp\/v2\/comments?post=10"}],"version-history":[{"count":17,"href":"https:\/\/blogs.univ-jfc.fr\/projetcroixrouge\/wp-json\/wp\/v2\/pages\/10\/revisions"}],"predecessor-version":[{"id":3447,"href":"https:\/\/blogs.univ-jfc.fr\/projetcroixrouge\/wp-json\/wp\/v2\/pages\/10\/revisions\/3447"}],"wp:attachment":[{"href":"https:\/\/blogs.univ-jfc.fr\/projetcroixrouge\/wp-json\/wp\/v2\/media?parent=10"}],"curies":[{"name":"wp","href":"https:\/\/api.w.org\/{rel}","templated":true}]}}