{"id":100,"date":"2015-01-05T12:00:09","date_gmt":"2015-01-05T11:00:09","guid":{"rendered":"http:\/\/blogs.univ-jfc.fr\/projetcroixrouge\/?page_id=100"},"modified":"2015-03-29T16:32:52","modified_gmt":"2015-03-29T15:32:52","slug":"la-croix-rouge-et-les-fleaux-sociaux-dans-lentre-deux-guerres","status":"publish","type":"page","link":"https:\/\/blogs.univ-jfc.fr\/projetcroixrouge\/pauvrete-action-sanitaire-et-sociale\/la-croix-rouge-et-les-fleaux-sociaux-dans-lentre-deux-guerres\/","title":{"rendered":"La Croix-Rouge et les fl\u00e9aux sociaux dans l&rsquo;entre-deux-guerres"},"content":{"rendered":"<figure id=\"attachment_3533\" aria-describedby=\"caption-attachment-3533\" style=\"width: 300px\" class=\"wp-caption alignleft\"><a href=\"http:\/\/blogs.univ-jfc.fr\/projetcroixrouge\/wp-content\/uploads\/sites\/40\/2015\/01\/traite_versailles_lloyd_george_clemenceau_orlando_wilson1.jpg\"><img loading=\"lazy\" class=\"size-medium wp-image-3533 \" title=\"Les principaux signataires du trait\u00e9 de Versailles, de gauche \u00e0 droite : D. Lloyd George, V. Orlando, G. Cl\u00e9menceau et T. Wilson. (A. Peyrefitte, l'Aventure du XXe si\u00e8cle, Hachette, 1988, p. 249).\" alt=\"\" src=\"http:\/\/blogs.univ-jfc.fr\/projetcroixrouge\/wp-content\/uploads\/sites\/40\/2015\/01\/traite_versailles_lloyd_george_clemenceau_orlando_wilson1-300x245.jpg\" width=\"300\" height=\"245\" srcset=\"https:\/\/blogs.univ-jfc.fr\/projetcroixrouge\/wp-content\/uploads\/sites\/40\/2015\/01\/traite_versailles_lloyd_george_clemenceau_orlando_wilson1-300x245.jpg 300w, https:\/\/blogs.univ-jfc.fr\/projetcroixrouge\/wp-content\/uploads\/sites\/40\/2015\/01\/traite_versailles_lloyd_george_clemenceau_orlando_wilson1.jpg 634w\" sizes=\"(max-width: 300px) 100vw, 300px\" \/><\/a><figcaption id=\"caption-attachment-3533\" class=\"wp-caption-text\">Trait\u00e9 de paix<\/figcaption><\/figure>\n<p style=\"text-align: justify\"><span style=\"color: #000000\">\u00a0\u00a0\u00a0\u00a0\u00a0\u00a0\u00a0 <span style=\"font-family: Arial,sans-serif\">Au sortir de la Premi\u00e8re Guerre mondiale, la Croix-Rouge fran\u00e7aise ne cesse d\u2019agir aux c\u00f4t\u00e9s de la population civile. C\u2019est ainsi que l\u2019on pouvait lire dans l\u2019article 25 du Pacte de la SDN \u00ab\u00a0<\/span><\/span><span style=\"color: #000000\"><span style=\"font-family: Arial,sans-serif\"><i>Les membres de la Soci\u00e9t\u00e9 des nations s\u2019engagent \u00e0 encourager et \u00e0 favoriser l\u2019\u00e9tablissement et la coop\u00e9ration des organisations volontaires nationales de la Croix-Rouge, d\u00fbment autoris\u00e9es, qui ont pour objet l\u2019am\u00e9lioration de la sant\u00e9, la d\u00e9fense pr\u00e9ventive contre la maladie et l\u2019adoucissement de la souffrance dans le monde.<\/i><\/span><\/span><span style=\"color: #000000\"><span style=\"font-family: Arial,sans-serif\">\u00a0\u00bb <a href=\"#sdfootnote1sym\"><sup>1<\/sup><\/a><\/span><\/span><\/p>\n<figure id=\"attachment_1907\" aria-describedby=\"caption-attachment-1907\" style=\"width: 200px\" class=\"wp-caption alignright\"><a href=\"http:\/\/blogs.univ-jfc.fr\/projetcroixrouge\/wp-content\/uploads\/sites\/40\/2015\/01\/dispensaire.jpg\"><img loading=\"lazy\" class=\"wp-image-1907 \" title=\"Dispensaire de Compi\u00e8gne, Oise. Groupe d\u2019infirmi\u00e8res dans les ann\u00e9es 1920, (photo Croix-Rouge fran\u00e7aise).\" alt=\"Popularisation du m\u00e9tier d'infirmi\u00e8re\" src=\"http:\/\/blogs.univ-jfc.fr\/projetcroixrouge\/wp-content\/uploads\/sites\/40\/2015\/01\/dispensaire-150x150.jpg\" width=\"200\" height=\"200\" srcset=\"https:\/\/blogs.univ-jfc.fr\/projetcroixrouge\/wp-content\/uploads\/sites\/40\/2015\/01\/dispensaire-150x150.jpg 150w, https:\/\/blogs.univ-jfc.fr\/projetcroixrouge\/wp-content\/uploads\/sites\/40\/2015\/01\/dispensaire-300x300.jpg 300w, https:\/\/blogs.univ-jfc.fr\/projetcroixrouge\/wp-content\/uploads\/sites\/40\/2015\/01\/dispensaire.jpg 338w\" sizes=\"(max-width: 200px) 100vw, 200px\" \/><\/a><figcaption id=\"caption-attachment-1907\" class=\"wp-caption-text\">Popularisation du m\u00e9tier d&rsquo;infirmi\u00e8re<\/figcaption><\/figure>\n<p align=\"JUSTIFY\"><span style=\"color: #000000\"><span style=\"font-family: Arial,sans-serif\">\u00a0\u00a0\u00a0\u00a0\u00a0\u00a0\u00a0 Entre 1918 et 1939, la Croix-Rouge s\u2019efforce de rendre ses efforts plus cons\u00e9quents, et c\u2019est ainsi qu\u2019elle se renouvelle \u00e0 partir de l\u2019union de trois organismes <\/span><\/span><span style=\"color: #000000\"><span style=\"font-family: Arial,sans-serif\">reconnus<\/span><\/span><span style=\"color: #000000\"><span style=\"font-family: Arial,sans-serif\"> d&rsquo;utilit\u00e9 publique,<\/span><\/span><span style=\"color: #000000\"><span style=\"font-family: Arial,sans-serif\"> qui autrefois \u00e9taient ind\u00e9pendants. <\/span><\/span><span style=\"color: #000000\"><span style=\"font-family: Arial,sans-serif\">Il s&rsquo;agit<\/span><\/span><span style=\"color: #000000\"><span style=\"font-family: Arial,sans-serif\"> du<\/span><\/span><span style=\"color: #000000\"><span style=\"font-family: Arial,sans-serif\"> comit\u00e9 d\u00e9partemental de la Soci\u00e9t\u00e9 de Secours aux Bless\u00e9s Militaires (SSBM) fond\u00e9 en 1865, <\/span><\/span><span style=\"color: #000000\"><span style=\"font-family: Arial,sans-serif\">de <\/span><\/span><span style=\"color: #000000\"><span style=\"font-family: Arial,sans-serif\">l&rsquo;Association des Dames de France (ADF) cr\u00e9\u00e9e en 1879, <\/span><\/span><span style=\"color: #000000\"><span style=\"font-family: Arial,sans-serif\">et de<\/span><\/span><span style=\"color: #000000\"><span style=\"font-family: Arial,sans-serif\"> l&rsquo;Union des Femmes de France (UFF) cr\u00e9\u00e9e en 1881.<a href=\"#sdfootnote2sym\"><sup>2 <\/sup><\/a>C\u2019est dans cette m\u00eame p\u00e9riode que l\u2019on constate un changement d\u2019orientation de l\u2019organisme puisque son action tend vers le soutien sanitaire et social. Ce soutien est en grande partie dispens\u00e9 par les infirmi\u00e8res de la Croix-Rouge, par le biais de formations qui sont mise<\/span><\/span><span style=\"color: #000000\"><span style=\"font-family: Arial,sans-serif\">s<\/span><\/span><span style=\"color: #000000\"><span style=\"font-family: Arial,sans-serif\"> \u00e0 <\/span><\/span><span style=\"color: #000000\"><span style=\"font-family: Arial,sans-serif\">leur <\/span><\/span><span style=\"color: #000000\"><span style=\"font-family: Arial,sans-serif\">disposition, mais \u00e9galement par la possibilit\u00e9 de soutenir les victimes de ces fl\u00e9aux au quotidien. <\/span><\/span><\/p>\n<p align=\"JUSTIFY\"><span style=\"color: #000000\"><span style=\"font-family: Arial,sans-serif\">\u00a0\u00a0\u00a0\u00a0<\/span><\/span><\/p>\n<figure id=\"attachment_3506\" aria-describedby=\"caption-attachment-3506\" style=\"width: 204px\" class=\"wp-caption alignleft\"><a href=\"http:\/\/blogs.univ-jfc.fr\/projetcroixrouge\/wp-content\/uploads\/sites\/40\/2015\/01\/lutter.jpg\"><img loading=\"lazy\" class=\"size-medium wp-image-3506   \" title=\"Couverture de l'ouvrage, Comment lutter contre les \u00e9pid\u00e9mies, du docteur P.-A. de Forest, 1930, Collection priv\u00e9e. (F. Pineau, La Croix-Rouge fran\u00e7aise : 150 ans d'histoire, Paris, Editions Autrement, 2014, p. 78).\" alt=\"\" src=\"http:\/\/blogs.univ-jfc.fr\/projetcroixrouge\/wp-content\/uploads\/sites\/40\/2015\/01\/lutter-204x300.jpg\" width=\"204\" height=\"300\" srcset=\"https:\/\/blogs.univ-jfc.fr\/projetcroixrouge\/wp-content\/uploads\/sites\/40\/2015\/01\/lutter-204x300.jpg 204w, https:\/\/blogs.univ-jfc.fr\/projetcroixrouge\/wp-content\/uploads\/sites\/40\/2015\/01\/lutter.jpg 291w\" sizes=\"(max-width: 204px) 100vw, 204px\" \/><\/a><figcaption id=\"caption-attachment-3506\" class=\"wp-caption-text\">Propagande en faveur de la lutte contre les \u00e9pid\u00e9mies<\/figcaption><\/figure>\n<p align=\"JUSTIFY\"><span style=\"color: #000000\"><span style=\"font-family: Arial,sans-serif\">\u00a0\u00a0\u00a0<a title=\"L\u2019action sanitaire de la Croix-Rouge pour aider les victimes de grandes maladies\" href=\"http:\/\/blogs.univ-jfc.fr\/projetcroixrouge\/pauvrete-action-sanitaire-et-sociale\/la-croix-rouge-et-les-fleaux-sociaux-dans-lentre-deux-guerres\/laction-sanitaire-de-la-croix-rouge-pour-aider-les-victimes-de-grandes-maladies\/\" target=\"_blank\"> Le cancer et la tuberculose sont les deux grandes maladies de l\u2019\u00e9poque<\/a>, et nombreuses sont les victimes qui se verront soutenu<\/span><\/span><span style=\"color: #000000\"><span style=\"font-family: Arial,sans-serif\">es<\/span><\/span><span style=\"color: #000000\"><span style=\"font-family: Arial,sans-serif\"> et aid\u00e9<\/span><\/span><span style=\"color: #000000\"><span style=\"font-family: Arial,sans-serif\">es<\/span><\/span><span style=\"color: #000000\"><span style=\"font-family: Arial,sans-serif\"> par la Croix-Rouge fran\u00e7aise, par le biais notamment de dispensaires sp\u00e9cialis\u00e9s. De m\u00eame, <a title=\"L\u2019action de la Croix-Rouge face \u00e0 des fl\u00e9aux sociaux d\u2019une nature diff\u00e9rente\u2026\" href=\"http:\/\/blogs.univ-jfc.fr\/projetcroixrouge\/pauvrete-action-sanitaire-et-sociale\/la-croix-rouge-et-les-fleaux-sociaux-dans-lentre-deux-guerres\/laction-de-la-croix-rouge-face-a-des-fleaux-sociaux-dune-nature-differente\/\" target=\"_blank\">d\u2019autres fl\u00e9aux fragilisent la population civile de l\u2019entre-deux-guerres<\/a>. Citons par exemple la mortalit\u00e9 infantile, qui reste malgr\u00e9 tout tr\u00e8s importante et pour laquelle la Croix-Rouge s\u2019engage dans la protection de l\u2019enfance. De m\u00eame, l\u2019alcoolisme touche de plus en plus de personnes \u00e0 compter des ann\u00e9es 20, ph\u00e9nom\u00e8ne d\u2019autant plus amplifi\u00e9 qu\u2019il s\u2019installe en partie dans les foyers o\u00f9 la pr\u00e9carit\u00e9 prend le dessus dans cette m\u00eame p\u00e9riode. <\/span><\/span><span style=\"color: #000000\"><span style=\"font-family: Arial,sans-serif\">Enfin, l<\/span><\/span><span style=\"color: #000000\"><span style=\"font-family: Arial,sans-serif\">a crise des ann\u00e9es trente, va voir augmenter le nombre de ch\u00f4meurs et va \u00eatre l&rsquo;un des facteurs du ph\u00e9nom\u00e8ne des mal-lotis. La population fran\u00e7aise est en effet de plus en plus\u00a0touch\u00e9e par le ch\u00f4mage qui ne cesse de s\u2019accro\u00eetre avec la crise.\u00a0<\/span><\/span><span style=\"color: #000000\"><span style=\"font-family: Arial,sans-serif\">Pour lutter contre ces fl\u00e9aux sociaux, la Croix-Rouge met en place de nouveaux moyens d&rsquo;action pendant l&rsquo;entre-deux-guerres, tels que <a title=\"De nouveaux moyens d\u2019action pour lutter contre les fl\u00e9aux-sociaux\" href=\"http:\/\/blogs.univ-jfc.fr\/projetcroixrouge\/pauvrete-action-sanitaire-et-sociale\/la-croix-rouge-et-les-fleaux-sociaux-dans-lentre-deux-guerres\/de-nouveaux-moyens-daction-pour-lutter-contre-les-fleaux-sociaux\/\" target=\"_blank\">l&rsquo;am\u00e9nagement de nouveaux \u00e9tablissements et la professionnalisation du m\u00e9tier d&rsquo;infirmi\u00e8re.<\/a>\u00a0<\/span><\/span><\/p>\n<p style=\"text-align: justify\"><span style=\"font-family: Arial,sans-serif\">R\u00e9dactrices : ALET Angeline, BARREAU Ninon, FEL Natacha, LAFON Marie-Sophie. <\/span><\/p>\n<p align=\"JUSTIFY\"><span style=\"color: #000000\"><span style=\"font-family: Arial,sans-serif\"><span style=\"font-size: small\"><a href=\"http:\/\/blogs.univ-jfc.fr\/projetcroixrouge\/wp-admin\/post.php?post=100&amp;action=edit&amp;message=1#sdfootnote1anc\">1<\/a> Extrait du pacte de la Soci\u00e9t\u00e9 des Nations que l&rsquo;on trouve dans le trait\u00e9 de Versailles de 1919 qui met fin \u00e0 la guerre, article 25, consultable dans l&rsquo;ouvrage de Peter Lang, <\/span><\/span><\/span><span style=\"color: #000000\"><span style=\"font-family: Arial,sans-serif\"><span style=\"font-size: small\"><i>Documents diplomatiques fran\u00e7ais : 1932 &#8211; 1939. (1936-1939). (19 juillet &#8211; 19 novembre 1936)<\/i><\/span><\/span><\/span><span style=\"color: #000000\"><span style=\"font-family: Arial,sans-serif\"><span style=\"font-size: small\">, Paris, Minist\u00e8re Des Affaires \u00c9trang\u00e8res, 2006, p. 216<\/span><\/span><\/span><\/p>\n<p><span style=\"font-family: Arial,sans-serif\"><span style=\"font-size: small\"><a href=\"http:\/\/blogs.univ-jfc.fr\/projetcroixrouge\/wp-admin\/post.php?post=100&amp;action=edit&amp;message=1#sdfootnote2anc\">2<\/a> Jean Guillermand, <\/span><\/span><span style=\"font-family: Arial,sans-serif\"><span style=\"font-size: small\"><i>la Croix-Rouge fran\u00e7aise<\/i><\/span><\/span><span style=\"font-family: Arial,sans-serif\"><span style=\"font-size: small\">, <\/span><\/span><span style=\"font-family: Arial,sans-serif\"><span style=\"font-size: small\"><i>Histoire des infirmi\u00e8res, tome second de la naissance de la Croix-Rouge \u00e0 l&rsquo;institution de la profession<\/i><\/span><\/span><span style=\"font-family: Arial,sans-serif\"><span style=\"font-size: small\">, Paris, France-S\u00e9lection, 1991, p. 408<\/span><\/span><\/p>\n<p align=\"JUSTIFY\"><span style=\"color: #000000\">\u00a0<\/span><\/p>\n<p>&nbsp;<\/p>\n","protected":false},"excerpt":{"rendered":"<p>\u00a0\u00a0\u00a0\u00a0\u00a0\u00a0\u00a0 Au sortir de la Premi\u00e8re Guerre mondiale, la Croix-Rouge fran\u00e7aise ne cesse d\u2019agir aux c\u00f4t\u00e9s de la population civile. C\u2019est ainsi que l\u2019on pouvait lire dans l\u2019article 25 du Pacte de la SDN \u00ab\u00a0Les membres de la Soci\u00e9t\u00e9 des nations s\u2019engagent \u00e0 encourager et \u00e0 favoriser l\u2019\u00e9tablissement et la coop\u00e9ration des organisations volontaires nationales &hellip; <a href=\"https:\/\/blogs.univ-jfc.fr\/projetcroixrouge\/pauvrete-action-sanitaire-et-sociale\/la-croix-rouge-et-les-fleaux-sociaux-dans-lentre-deux-guerres\/\" class=\"more-link\">Continuer la lecture de <span class=\"screen-reader-text\">La Croix-Rouge et les fl\u00e9aux sociaux dans l&rsquo;entre-deux-guerres<\/span> <span class=\"meta-nav\">&rarr;<\/span><\/a><\/p>\n","protected":false},"author":15,"featured_media":0,"parent":14,"menu_order":3,"comment_status":"closed","ping_status":"open","template":"","meta":[],"_links":{"self":[{"href":"https:\/\/blogs.univ-jfc.fr\/projetcroixrouge\/wp-json\/wp\/v2\/pages\/100"}],"collection":[{"href":"https:\/\/blogs.univ-jfc.fr\/projetcroixrouge\/wp-json\/wp\/v2\/pages"}],"about":[{"href":"https:\/\/blogs.univ-jfc.fr\/projetcroixrouge\/wp-json\/wp\/v2\/types\/page"}],"author":[{"embeddable":true,"href":"https:\/\/blogs.univ-jfc.fr\/projetcroixrouge\/wp-json\/wp\/v2\/users\/15"}],"replies":[{"embeddable":true,"href":"https:\/\/blogs.univ-jfc.fr\/projetcroixrouge\/wp-json\/wp\/v2\/comments?post=100"}],"version-history":[{"count":53,"href":"https:\/\/blogs.univ-jfc.fr\/projetcroixrouge\/wp-json\/wp\/v2\/pages\/100\/revisions"}],"predecessor-version":[{"id":298,"href":"https:\/\/blogs.univ-jfc.fr\/projetcroixrouge\/wp-json\/wp\/v2\/pages\/100\/revisions\/298"}],"up":[{"embeddable":true,"href":"https:\/\/blogs.univ-jfc.fr\/projetcroixrouge\/wp-json\/wp\/v2\/pages\/14"}],"wp:attachment":[{"href":"https:\/\/blogs.univ-jfc.fr\/projetcroixrouge\/wp-json\/wp\/v2\/media?parent=100"}],"curies":[{"name":"wp","href":"https:\/\/api.w.org\/{rel}","templated":true}]}}