{"id":1035,"date":"2015-03-07T10:47:33","date_gmt":"2015-03-07T09:47:33","guid":{"rendered":"http:\/\/blogs.univ-jfc.fr\/projetcroixrouge\/?page_id=1035"},"modified":"2015-03-25T20:00:38","modified_gmt":"2015-03-25T19:00:38","slug":"les-instances-nationales-le-cadre-de-lassociation-2","status":"publish","type":"page","link":"https:\/\/blogs.univ-jfc.fr\/projetcroixrouge\/la-croix-rouge-tarnaise-hommes-et-institutions\/dans-le-reseau-national\/les-instances-nationales-le-cadre-de-lassociation-2\/","title":{"rendered":"Les instances nationales, le cadre de l&rsquo;association"},"content":{"rendered":"<h5>Centre de l\u00e9gislation et de coordination de l&rsquo;action de la Croix-Rouge fran\u00e7aise<\/h5>\n<p align=\"justify\"><span style=\"font-family: 'Times New Roman', serif\"><span><span style=\"color: #000000\">La Croix-Rouge fran\u00e7aise est une grande association, elle a donc besoin d&rsquo;une organisation claire. Les instances nationales d\u00e9finissent sa politique et posent le cadre g\u00e9n\u00e9<\/span>ral <span style=\"color: #000000\">des actions et<\/span> les<span style=\"color: #000000\"> contr\u00f4lent. Pour cela<\/span><span style=\"color: #000000\">,<\/span><span style=\"color: #000000\"> la Croix-Rouge fran\u00e7aise compte de nombreuses instances, qui ont chacune un r\u00f4le et un domaine bien <\/span>d\u00e9fini.<\/span><\/span><\/p>\n<p align=\"justify\"><span style=\"color: #000000\"><span style=\"font-family: 'Times New Roman', serif\"><span>Tout d&rsquo;abord, la Croix-Rouge fran\u00e7aise dispose d&rsquo;une assembl\u00e9e g\u00e9n\u00e9rale (AG), qui est l&rsquo;une des instances les plus importantes. L&rsquo;assembl\u00e9e g\u00e9n\u00e9rale se r\u00e9unit une fois par an pour d\u00e9finir les politiques g\u00e9n\u00e9rales qui sont men\u00e9es par l&rsquo;association. <\/span><\/span><\/span><span style=\"font-family: 'Times New Roman', serif\"><span>Elle<\/span><\/span><span style=\"color: #000000\"><span style=\"font-family: 'Times New Roman', serif\"><span> est constitu\u00e9e des membres du conseil d&rsquo;administration, des pr\u00e9sidents des d\u00e9l\u00e9gations r\u00e9gionales, d\u00e9partementales et territoriales, des d\u00e9l\u00e9gu\u00e9s r\u00e9gionaux et d\u00e9partementaux d\u00e9sign\u00e9s. Les d\u00e9l\u00e9gations r\u00e9gionales, d\u00e9partementales ont le droit de participer, et de voter les diff\u00e9rentes propositions. Les politiques d\u00e9cid\u00e9es lors de l&rsquo;assembl\u00e9e g\u00e9n\u00e9rale sont donc l&rsquo;expression du choix de la majorit<\/span><\/span><\/span><span><span style=\"color: #000000\"><span style=\"font-family: 'Times New Roman', serif\"><span>\u00e9.<\/span><\/span><\/span><\/span><span style=\"color: #000000\"><span style=\"font-family: 'Times New Roman', serif\"><span> C<\/span><\/span><\/span><span style=\"color: #000000\"><span style=\"font-family: 'Times New Roman', serif\"><span>\u2019est donc l\u2019ensemble de la Croix-Rouge fran\u00e7aise qui participe \u00e0 cette assembl\u00e9e. Tous les \u00e9chelons sont repr\u00e9sent\u00e9s et donnent leurs avis. C&rsquo;est \u00e0 ce moment que s&rsquo;illustre v\u00e9ritablement un mode d&rsquo;organisation que met en avant la Croix-Rouge Fran\u00e7aise, un syst\u00e8me de r\u00e9seau.\u00a0<\/span><\/span><\/span><\/p>\n<figure id=\"attachment_1103\" aria-describedby=\"caption-attachment-1103\" style=\"width: 300px\" class=\"wp-caption aligncenter\"><a href=\"http:\/\/blogs.univ-jfc.fr\/projetcroixrouge\/wp-content\/uploads\/sites\/40\/2015\/03\/assembl\u00e9e.jpg\"><img loading=\"lazy\" class=\"size-medium wp-image-1103    \" title=\"Photo prise lors d'une assembl\u00e9e g\u00e9n\u00e9rale Croix-Rouge. Site institutionnel de la Croix Rouge fran\u00e7aise Source : http:\/\/www.croix-rouge.fr\/\" alt=\"Photo prise lors d'une assembl\u00e9e g\u00e9n\u00e9rale Croix-Rouge. Site institutionnel de la Croix Rouge fran\u00e7aise Source : http:\/\/www.croix-rouge.fr\/\" src=\"http:\/\/blogs.univ-jfc.fr\/projetcroixrouge\/wp-content\/uploads\/sites\/40\/2015\/03\/assembl\u00e9e-300x189.jpg\" width=\"300\" height=\"189\" srcset=\"https:\/\/blogs.univ-jfc.fr\/projetcroixrouge\/wp-content\/uploads\/sites\/40\/2015\/03\/assembl\u00e9e-300x189.jpg 300w, https:\/\/blogs.univ-jfc.fr\/projetcroixrouge\/wp-content\/uploads\/sites\/40\/2015\/03\/assembl\u00e9e.jpg 460w\" sizes=\"(max-width: 300px) 100vw, 300px\" \/><\/a><figcaption id=\"caption-attachment-1103\" class=\"wp-caption-text\">Une assembl\u00e9e g\u00e9n\u00e9rale (d\u00e9but XXIe si\u00e8cle)<\/figcaption><\/figure>\n<p align=\"justify\"><span style=\"font-family: 'Times New Roman', serif\"><span>Elle dispose ensuite d\u2019un<\/span><\/span><span style=\"color: #000000\"><span style=\"font-family: 'Times New Roman', serif\"><span> comit\u00e9 des sages <\/span><\/span><\/span><span style=\"font-family: 'Times New Roman', serif\"><span>qui est invit\u00e9<\/span><\/span><span style=\"color: #000000\"><span style=\"font-family: 'Times New Roman', serif\"><span> \u00e0 titre consultatif \u00e0 l&rsquo;assembl\u00e9e <\/span><\/span><\/span><span style=\"font-family: 'Times New Roman', serif\"><span>g\u00e9n\u00e9rale, il a<\/span><\/span><span style=\"color: #000000\"><span style=\"font-family: 'Times New Roman', serif\"><span> un r\u00f4le de conseil. Il d\u00e9tient aussi le droit de faire des propositions au conseil d&rsquo;administration, il est compos\u00e9 de douze membres adh\u00e9rents de la Croix-Rouge fran\u00e7aise \u00e9lus par le conseil d&rsquo;administration sur proposition du pr\u00e9sident. Il a aussi un r\u00f4le consultatif. L&rsquo;existence de cette instance montre que le CA ne dirige pas seul, cependant il reste le seul \u00e0 poss\u00e9der le pouvoir de voter.<\/span><\/span><\/span><\/p>\n<p align=\"justify\"><span style=\"color: #000000\"><span style=\"font-family: 'Times New Roman', serif\"><span>L&rsquo;avis du comit\u00e9 de coordination des d\u00e9l\u00e9gations r\u00e9gionales est port\u00e9 devant l&rsquo;assembl\u00e9e g\u00e9n\u00e9ral<\/span><\/span><\/span><span><span style=\"color: #000000\"><span style=\"font-family: 'Times New Roman', serif\"><span>e\u00a0<\/span><\/span><\/span><\/span><span style=\"color: #000000\"><span style=\"font-family: 'Times New Roman', serif\"><span>ainsi que devant le conseil d&rsquo;administration, <\/span><\/span><\/span><span style=\"color: #000000\"><span style=\"font-family: 'Times New Roman', serif\"><span>les diff\u00e9rents \u00e9chelons sont donc pr\u00e9sents \u00e0 l\u2019assembl\u00e9e g\u00e9n\u00e9rale et devant le conseil d\u2019administration, ce qui montre une dynamique de r\u00e9seau.<\/span><\/span><\/span><span style=\"color: #000000\"><span style=\"font-family: 'Times New Roman', serif\"><span> Ce comit\u00e9 est compos\u00e9 des pr\u00e9sidents r\u00e9gionaux, d&rsquo;un repr\u00e9sentant du comit\u00e9 des sages et d&rsquo;un repr\u00e9sentant de la commission nationale de surveillance. Le pr\u00e9sident et le directeur g\u00e9n\u00e9ral assistent aussi aux r\u00e9unions. Cette instance a \u00e9t\u00e9 cr\u00e9\u00e9e pour aider les d\u00e9l\u00e9gations \u00e0 appliquer les directives nationales. <\/span><\/span><\/span><span style=\"color: #000000\"><span style=\"font-family: 'Times New Roman', serif\"><span>Elle propose un suiv<\/span><\/span><\/span><span style=\"color: #000000\"><span style=\"font-family: 'Times New Roman', serif\"><span>i, <\/span><\/span><\/span><span style=\"color: #000000\"><span style=\"font-family: 'Times New Roman', serif\"><span>ce qui montre que la Croix-Rouge fran\u00e7aise garde le contr\u00f4le des d\u00e9l\u00e9gations afin d\u2019\u00e9viter le risque que celles-ci dictent des r\u00e8gles applicables dans leur d\u00e9partement. Cela rel\u00e8ve d&rsquo;une forme de hi\u00e9rarchie o\u00f9 le choix de la v\u00e9rification permet de guider l&rsquo;ensemble les d\u00e9l\u00e9gations vers une action qui se veut coh\u00e9rente.<\/span><\/span><\/span><\/p>\n<figure id=\"attachment_2581\" aria-describedby=\"caption-attachment-2581\" style=\"width: 300px\" class=\"wp-caption aligncenter\"><a href=\"http:\/\/blogs.univ-jfc.fr\/projetcroixrouge\/wp-content\/uploads\/sites\/40\/2015\/03\/Presidence_large.jpg\"><img loading=\"lazy\" class=\"size-medium wp-image-2581\" title=\"Photographie du pr\u00e9sident Jean-Jacques Eledjam \u00e9lu en 2013.\" alt=\"\" src=\"http:\/\/blogs.univ-jfc.fr\/projetcroixrouge\/wp-content\/uploads\/sites\/40\/2015\/03\/Presidence_large-300x189.jpg\" width=\"300\" height=\"189\" srcset=\"https:\/\/blogs.univ-jfc.fr\/projetcroixrouge\/wp-content\/uploads\/sites\/40\/2015\/03\/Presidence_large-300x189.jpg 300w, https:\/\/blogs.univ-jfc.fr\/projetcroixrouge\/wp-content\/uploads\/sites\/40\/2015\/03\/Presidence_large.jpg 460w\" sizes=\"(max-width: 300px) 100vw, 300px\" \/><\/a><figcaption id=\"caption-attachment-2581\" class=\"wp-caption-text\">Jean-Jacques Eledjam pr\u00e9sident de la Croix-Rouge fran\u00e7aise depuis le 22 juin 2013.<\/figcaption><\/figure>\n<p style=\"text-align: left\" align=\"justify\"><span style=\"color: #000000\"><span style=\"font-family: 'Times New Roman', serif\"><span>Le conseil d&rsquo;administration (CA) est l<\/span><\/span><\/span><span style=\"color: #000000\"><span style=\"font-family: 'Times New Roman', serif\"><span>a deuxi\u00e8me insta<\/span><\/span><\/span><span style=\"font-family: 'Times New Roman', serif\"><span>nc<\/span><\/span><span style=\"text-decoration: line-through\"><span style=\"font-family: 'Times New Roman', serif\"><span>e<\/span><\/span><\/span><span style=\"color: #000000\"><span style=\"font-family: 'Times New Roman', serif\"><span> la plus importante apr\u00e8s l&rsquo;assembl\u00e9e g\u00e9n\u00e9rale<\/span><\/span><\/span><span style=\"font-family: 'Times New Roman', serif\"><span>, puisque c\u2019est elle qui vote les d\u00e9cisions<\/span><\/span><span style=\"color: #000000\"><span style=\"font-family: 'Times New Roman', serif\"><span>. Le conseil d&rsquo;administration est compos\u00e9 de trente et un membres r\u00e9partis en deux coll\u00e8ges. L&rsquo;une de ses missions est de d\u00e9finir la strat\u00e9gie pluriannuelle de la Croix-Rouge fran\u00e7aise, dans le cadre des orientations d\u00e9cid\u00e9es par l&rsquo;assembl\u00e9e g\u00e9n\u00e9rale. C&rsquo;est \u00e0 dire qu&rsquo;il d\u00e9finit les projets sur le long terme et les objectifs \u00e0 atteindre au bout de plusieurs ann\u00e9es. Il d\u00e9lib\u00e8re<\/span><\/span><\/span><span style=\"color: #000000\"><span style=\"font-family: 'Times New Roman', serif\"><span> sur les affaires qui engagent la politique de l&rsquo;association, c&rsquo;est aussi lui qui vote le budget. Il exerce son autorit\u00e9 sur toutes les activit\u00e9s de la Croix-Rouge fran\u00e7aise. Il se r\u00e9unit au moins quatre fois par an. Le conseil d&rsquo;administration est une instance \u00e9galement \u00ab classique \u00bb elle est le prolongement de l&rsquo;assembl\u00e9e g\u00e9n\u00e9rale. C&rsquo;est le c\u0153ur politique de l&rsquo;association tout au long de l&rsquo;ann\u00e9e, et pour ce faire elle a besoin de consulter diff\u00e9rentes parties au sein de l&rsquo;association pour adapter les d\u00e9cisions politiques aux r\u00e9alit\u00e9<\/span><\/span><\/span><span><span style=\"font-family: 'Times New Roman', serif\"><span>s d\u00e9crites sur le terrain<\/span><\/span><\/span><span style=\"color: #000000\"><span style=\"font-family: 'Times New Roman', serif\"><span>.<\/span><\/span><\/span><\/p>\n<p align=\"justify\"><span style=\"font-family: 'Times New Roman', serif\"><span><span style=\"color: #000000\">La commission nationale de surveillance, qui comme son nom l&rsquo;indique est charg\u00e9e de surveiller l&rsquo;ensemble de l&rsquo;association, doit pr\u00e9venir le conseil d&rsquo;administration si elle d\u00e9tecte un quelconque probl\u00e8me. C&rsquo;est pourquoi, elle intervient devant le conseil d&rsquo;administration lorsque elle l&rsquo;estime n\u00e9cessaire ou \u00e0 la demande de celui-ci afin de l&rsquo;informer et de lui pr\u00e9senter ses observations. Elle peut faire des propositions au pr\u00e9sident concernant la vie et la gestion de l&rsquo;association. Elle est \u00e9lue par l&rsquo;assembl\u00e9e g\u00e9n\u00e9rale et est compos\u00e9e de neuf membres. Cette instance est plus sp\u00e9cifique \u00e0 la Croix-Rouge. Le fait que <\/span>l&rsquo;association se soit<span style=\"color: #000000\"> dot\u00e9e d&rsquo;une telle commission montre <\/span>sa<span style=\"color: #000000\"> volont\u00e9 qu&rsquo;il y ai<\/span>t<span style=\"color: #000000\"> aucune divergenc<\/span>e qui puisse \u00e0 terme poser probl\u00e8me<span style=\"color: #000000\">.<\/span><\/span><\/span><\/p>\n<figure id=\"attachment_2515\" aria-describedby=\"caption-attachment-2515\" style=\"width: 270px\" class=\"wp-caption aligncenter\"><a href=\"http:\/\/blogs.univ-jfc.fr\/projetcroixrouge\/wp-content\/uploads\/sites\/40\/2015\/03\/Organigramme-g\u00e9n\u00e9ral.png\"><img loading=\"lazy\" class=\"size-medium wp-image-2515 \" title=\"Organigramme des diff\u00e9rentes instances par Ousseni Nabil, Simon Trystan, Vigreux Benjamin, Vottero Melanie, Xiplotakis Cyril.\" alt=\"\" src=\"http:\/\/blogs.univ-jfc.fr\/projetcroixrouge\/wp-content\/uploads\/sites\/40\/2015\/03\/Organigramme-g\u00e9n\u00e9ral-270x300.png\" width=\"270\" height=\"300\" srcset=\"https:\/\/blogs.univ-jfc.fr\/projetcroixrouge\/wp-content\/uploads\/sites\/40\/2015\/03\/Organigramme-g\u00e9n\u00e9ral-270x300.png 270w, https:\/\/blogs.univ-jfc.fr\/projetcroixrouge\/wp-content\/uploads\/sites\/40\/2015\/03\/Organigramme-g\u00e9n\u00e9ral.png 511w\" sizes=\"(max-width: 270px) 100vw, 270px\" \/><\/a><figcaption id=\"caption-attachment-2515\" class=\"wp-caption-text\">Organigramme des diff\u00e9rentes instances.<\/figcaption><\/figure>\n<p align=\"justify\"><span style=\"font-family: 'Times New Roman', serif\"><span><span style=\"color: #000000\">Il existe d&rsquo;autres instances nationales comme le bureau national qui d\u00e9lib\u00e8re s\u00fbr les questions d\u00e9passant la gestion courante mais qui ne n\u00e9cessitent\u00a0<\/span><span style=\"color: #000000\">pas d&rsquo;\u00eatre port\u00e9es devant le conseil d&rsquo;administration. Il est plac\u00e9 sous le contr\u00f4le du conseil d&rsquo;administration. Il se r\u00e9unit une fois par mois, r\u00e9alise un compte rendu de ces r\u00e9unions au CA. Ses membres sont \u00e9galement \u00e9lus par le conseil d&rsquo;administration. Cette instance traditionnelle des associations aide \u00e9galement le conseil d&rsquo;administration \u00e0 diriger, tout en ayant des pouvoirs de direction.<\/span><\/span><\/span><\/p>\n<p align=\"justify\"><span style=\"font-family: 'Times New Roman', serif\"><span><span style=\"color: #000000\">De surcro\u00eet, les d\u00e9cisions prises par les instances nationales sont ex\u00e9cut\u00e9es par le directeur g\u00e9n\u00e9ral nomm\u00e9 par le pr\u00e9sident national sur avis conforme du conseil d&rsquo;administration, il a autorit\u00e9 sur l&rsquo;ensemble du personnel <\/span>salari\u00e9.<\/span><\/span><\/p>\n<p align=\"justify\"><span style=\"font-family: 'Times New Roman', serif\"><span>Il y a aussi <\/span><\/span><span style=\"font-family: 'Times New Roman', serif\"><span>le si\u00e8<\/span><\/span><span><span style=\"font-family: 'Times New Roman', serif\"><span>ge\u00a0<\/span><\/span><\/span><span style=\"color: #000000\"><span style=\"font-family: 'Times New Roman', serif\"><span>qui agit par d\u00e9l\u00e9gation du pr\u00e9sident, il est plac\u00e9 sous l\u2019autorit\u00e9 de la direction r\u00e9gionale, il met en place les d\u00e9cisions des instances nationales<\/span><\/span><\/span><span style=\"color: #000000\"><span style=\"font-family: 'Times New Roman', serif\"><span>, pilote les activit\u00e9s, et assure la gestion courante de l&rsquo;association c&rsquo;est \u00e0 dire qu&rsquo;il apporte un soutien aux d\u00e9l\u00e9gations, et aux directions r\u00e9gionales.<\/span><\/span><\/span><\/p>\n<p align=\"justify\"><span style=\"font-family: 'Times New Roman', serif\"><span><span style=\"color: #000000\">La Croix-Rouge fran\u00e7aise est une organisation qui tient une place au niveau international notamment \u00e0 travers ses relations avec les organisations internationales de la Croix-Rouge ainsi que les autres Soci\u00e9t\u00e9s nationales de la Croix-Rouge et du Croissant-Rouge. Elle interagit en outre avec les pouvoirs publics. C&rsquo;est pourquoi le pr\u00e9sident national, \u00e9lu par le conseil d&rsquo;administration a pour fonction de repr\u00e9senter le Croix-Rouge fran\u00e7aise dans ses rapports avec les pouvoirs publics et dans ses relations internationales, le pr\u00e9sident national \u00e0 d&rsquo;autres nombreuses fonctions.<\/span><\/span><\/span><\/p>\n<p align=\"justify\"><span style=\"font-family: 'Times New Roman', serif\"><span><span style=\"color: #000000\">La Croix-Rouge poss\u00e8de un comit\u00e9 charg\u00e9 de pr\u00e9voir et de ma\u00eetriser des risques, ce comit\u00e9 assiste le pr\u00e9sident et le conseil d&rsquo;administration sur la ma\u00eetrise de l&rsquo;ensemble des risques. Ce comit\u00e9 est n\u00e9cessaire si l&rsquo;on consid\u00e8re les missions de la Croix-Rouge fran\u00e7aise. En effet l&rsquo;association a besoin d&rsquo;un cadre quand elle est expos\u00e9e \u00e0 des catastrophes ou des\u00a0 risques majeurs, comme par exemple lors de catastrophes naturelles ou de missions humanitaires.<\/span><\/span><\/span><\/p>\n<p align=\"justify\"><span style=\"color: #000000\"><span style=\"font-family: 'Times New Roman', serif\"><span><span style=\"color: #000000\">Comme nous pouvons le voir, la Croix-Rouge fran\u00e7aise dispose donc d&rsquo;une multitude d&rsquo;instances au niveau national, afin de diriger au mieux son action sur le territoire, mais aussi en dehors du territoire. A ce niveau, la Croix-Rouge d\u00e9cide donc de la politique g\u00e9n\u00e9rale \u00e0 mener. Ces diff\u00e9rents acteurs sont charg\u00e9s de r\u00e9fl\u00e9chir \u00e0 la politique \u00e0 r\u00e9aliser, comment suivre cette politique, quelles en sont les objectifs, et quelles en sont les r\u00e9sultats, etc. Les instances sont de plusieurs types, certaines sont l\u00e0 pour diriger, d&rsquo;autres pour conseiller. Il y en a qui sont l\u00e0 pour faire appliquer les directives, certaines sont l\u00e0 pour contr\u00f4ler, etc. Il y a un contr\u00f4le strict du haut de la pyramide sur le bas. Il est important de dire que m\u00eame les instances nationales sont tenues de r\u00e9diger des rapports ; qu&rsquo;elles doivent communiquer \u00e0 l&rsquo;assembl\u00e9e g\u00e9n\u00e9rale et\/ou \u00e0 la commission nationale de surveillance ou encore au conseil d&rsquo;administration. Toutes les institutions, les actions ainsi que les d\u00e9cisions sont surveill\u00e9es et contr\u00f4l\u00e9es.<\/span><\/span><\/span><\/span><\/p>\n<figure id=\"attachment_1572\" aria-describedby=\"caption-attachment-1572\" style=\"width: 787px\" class=\"wp-caption aligncenter\"><a href=\"http:\/\/blogs.univ-jfc.fr\/projetcroixrouge\/wp-content\/uploads\/sites\/40\/2015\/03\/1.png\"><img loading=\"lazy\" class=\"size-full wp-image-1572   \" title=\"Organisation de la Croix-Rouge fran\u00e7aise 2015 Auteurs : Vigreux benjamin,Cyril Xipolitakis, Vottero M\u00e9lanie, Ousseni Nabil, Simon Trystan\" alt=\"Organisation de la Croix-Rouge fran\u00e7aise 2015 Auteurs : Vigreux benjamin,Cyril Xipolitakis, Vottero M\u00e9lanie, Ousseni Nabil, Simon Trystan\" src=\"http:\/\/blogs.univ-jfc.fr\/projetcroixrouge\/wp-content\/uploads\/sites\/40\/2015\/03\/1.png\" width=\"787\" height=\"500\" srcset=\"https:\/\/blogs.univ-jfc.fr\/projetcroixrouge\/wp-content\/uploads\/sites\/40\/2015\/03\/1.png 787w, https:\/\/blogs.univ-jfc.fr\/projetcroixrouge\/wp-content\/uploads\/sites\/40\/2015\/03\/1-300x190.png 300w\" sizes=\"(max-width: 787px) 100vw, 787px\" \/><\/a><figcaption id=\"caption-attachment-1572\" class=\"wp-caption-text\">Organisation de la Croix-Rouge fran\u00e7aise 2015<\/figcaption><\/figure>\n<p>&nbsp;<\/p>\n<h5><\/h5>\n","protected":false},"excerpt":{"rendered":"<p>Centre de l\u00e9gislation et de coordination de l&rsquo;action de la Croix-Rouge fran\u00e7aise La Croix-Rouge fran\u00e7aise est une grande association, elle a donc besoin d&rsquo;une organisation claire. Les instances nationales d\u00e9finissent sa politique et posent le cadre g\u00e9n\u00e9ral des actions et les contr\u00f4lent. Pour cela, la Croix-Rouge fran\u00e7aise compte de nombreuses instances, qui ont chacune un &hellip; <a href=\"https:\/\/blogs.univ-jfc.fr\/projetcroixrouge\/la-croix-rouge-tarnaise-hommes-et-institutions\/dans-le-reseau-national\/les-instances-nationales-le-cadre-de-lassociation-2\/\" class=\"more-link\">Continuer la lecture de <span class=\"screen-reader-text\">Les instances nationales, le cadre de l&rsquo;association<\/span> <span class=\"meta-nav\">&rarr;<\/span><\/a><\/p>\n","protected":false},"author":143,"featured_media":0,"parent":68,"menu_order":5,"comment_status":"closed","ping_status":"open","template":"","meta":[],"_links":{"self":[{"href":"https:\/\/blogs.univ-jfc.fr\/projetcroixrouge\/wp-json\/wp\/v2\/pages\/1035"}],"collection":[{"href":"https:\/\/blogs.univ-jfc.fr\/projetcroixrouge\/wp-json\/wp\/v2\/pages"}],"about":[{"href":"https:\/\/blogs.univ-jfc.fr\/projetcroixrouge\/wp-json\/wp\/v2\/types\/page"}],"author":[{"embeddable":true,"href":"https:\/\/blogs.univ-jfc.fr\/projetcroixrouge\/wp-json\/wp\/v2\/users\/143"}],"replies":[{"embeddable":true,"href":"https:\/\/blogs.univ-jfc.fr\/projetcroixrouge\/wp-json\/wp\/v2\/comments?post=1035"}],"version-history":[{"count":20,"href":"https:\/\/blogs.univ-jfc.fr\/projetcroixrouge\/wp-json\/wp\/v2\/pages\/1035\/revisions"}],"predecessor-version":[{"id":2989,"href":"https:\/\/blogs.univ-jfc.fr\/projetcroixrouge\/wp-json\/wp\/v2\/pages\/1035\/revisions\/2989"}],"up":[{"embeddable":true,"href":"https:\/\/blogs.univ-jfc.fr\/projetcroixrouge\/wp-json\/wp\/v2\/pages\/68"}],"wp:attachment":[{"href":"https:\/\/blogs.univ-jfc.fr\/projetcroixrouge\/wp-json\/wp\/v2\/media?parent=1035"}],"curies":[{"name":"wp","href":"https:\/\/api.w.org\/{rel}","templated":true}]}}