{"id":1045,"date":"2015-03-08T05:45:55","date_gmt":"2015-03-08T04:45:55","guid":{"rendered":"http:\/\/blogs.univ-jfc.fr\/projetcroixrouge\/?page_id=1045"},"modified":"2015-03-26T09:18:18","modified_gmt":"2015-03-26T08:18:18","slug":"la-croix-rouge-tarnaise-des-hommes-et-des-femmes","status":"publish","type":"page","link":"https:\/\/blogs.univ-jfc.fr\/projetcroixrouge\/la-croix-rouge-tarnaise-des-hommes-et-des-femmes\/","title":{"rendered":"La Croix-Rouge tarnaise : des hommes et des femmes"},"content":{"rendered":"<p align=\"JUSTIFY\"><span style=\"font-family: Arial, sans-serif\">\u00abSi c&rsquo;est un homme (\u2026) qui a cr\u00e9\u00e9 la Croix-Rouge, ce sont des <a title=\"Les femmes de la Croix-Rouge\" href=\"http:\/\/blogs.univ-jfc.fr\/projetcroixrouge\/la-croix-rouge-tarnaise-des-hommes-et-des-femmes\/les-femmes-de-la-croix-rouge\/\">femmes <\/a>qui l&rsquo;on construite\u00bb. En effet, celles-ci ont \u00e9t\u00e9 fondamentales dans la cr\u00e9ation de la Croix-Rouge. Au fil des ann\u00e9es elles ont men\u00e9 des actions dans diff\u00e9rents domaines comme en assistant les bless\u00e9s, en aidant \u00e9conomiquement avec la qu\u00eate et en s&rsquo;engageant lors des conflits mondiaux. La Croix-Rouge leur a ainsi permit l&rsquo;acc\u00e8s \u00e0 la formation d&rsquo;infirmi\u00e8re, \u00e0 des postes \u00e0 responsabilit\u00e9s au sein de l&rsquo;association t\u00e9moignant ainsi de l&rsquo;\u00e9volution du statut de la femme de la soci\u00e9t\u00e9.\u00a0<\/span><\/p>\n<p align=\"JUSTIFY\"><span style=\"font-family: Arial, sans-serif\"><span style=\"font-size: medium\"><span style=\"color: #000000\">Les <a title=\"Les figures de la Croix-Rouge tarnaise\" href=\"http:\/\/blogs.univ-jfc.fr\/projetcroixrouge\/la-croix-rouge-tarnaise-des-hommes-et-des-femmes\/figures-tarn\/\">figures<\/a> de la Croix-Rouge Tarnaise peuvent \u00eatre connues par le\u00a0biais des t\u00e9moignages qu&rsquo;elles nous ont confi\u00e9s. Comment les acteurs de la Croix-Rouge, par leur investissement durable au sein de l&rsquo;association, sont-ils devenus des figures reconnues au sein de celle-ci\u00a0?<\/span> <\/span><\/span><\/p>\n<p align=\"JUSTIFY\"><span style=\"font-family: Arial,sans-serif\">La Croix-Rouge existe gr\u00e2ce \u00e0 ses b\u00e9n\u00e9voles. Il est donc int\u00e9ressant d&rsquo;\u00e9tudier <a title=\"Les b\u00e9n\u00e9voles de la Croix-Rouge tarnaise\" href=\"http:\/\/blogs.univ-jfc.fr\/projetcroixrouge\/la-croix-rouge-tarnaise-des-hommes-et-des-femmes\/les-benevoles-de-la-croix-rouge-tarnaise-2\/\" target=\"_blank\">les b\u00e9n\u00e9voles de la Croix-Rouge tarnaise<\/a>\u00a0: qui sont-ils\u00a0? Quels sont leurs r\u00f4les\u00a0? Le b\u00e9n\u00e9volat se renouvelle par les d\u00e9parts et les arriv\u00e9es des b\u00e9n\u00e9voles, la Croix-Rouge \u00e9volue donc continuellement. On peut voir comment la Croix-Rouge a chang\u00e9 depuis sa cr\u00e9ation et vers quoi se tournera la Croix-Rouge demain.<\/span><\/p>\n","protected":false},"excerpt":{"rendered":"<p>\u00abSi c&rsquo;est un homme (\u2026) qui a cr\u00e9\u00e9 la Croix-Rouge, ce sont des femmes qui l&rsquo;on construite\u00bb. En effet, celles-ci ont \u00e9t\u00e9 fondamentales dans la cr\u00e9ation de la Croix-Rouge. Au fil des ann\u00e9es elles ont men\u00e9 des actions dans diff\u00e9rents domaines comme en assistant les bless\u00e9s, en aidant \u00e9conomiquement avec la qu\u00eate et en s&rsquo;engageant &hellip; <a href=\"https:\/\/blogs.univ-jfc.fr\/projetcroixrouge\/la-croix-rouge-tarnaise-des-hommes-et-des-femmes\/\" class=\"more-link\">Continuer la lecture de <span class=\"screen-reader-text\">La Croix-Rouge tarnaise : des hommes et des femmes<\/span> <span class=\"meta-nav\">&rarr;<\/span><\/a><\/p>\n","protected":false},"author":19,"featured_media":0,"parent":0,"menu_order":0,"comment_status":"closed","ping_status":"open","template":"","meta":[],"_links":{"self":[{"href":"https:\/\/blogs.univ-jfc.fr\/projetcroixrouge\/wp-json\/wp\/v2\/pages\/1045"}],"collection":[{"href":"https:\/\/blogs.univ-jfc.fr\/projetcroixrouge\/wp-json\/wp\/v2\/pages"}],"about":[{"href":"https:\/\/blogs.univ-jfc.fr\/projetcroixrouge\/wp-json\/wp\/v2\/types\/page"}],"author":[{"embeddable":true,"href":"https:\/\/blogs.univ-jfc.fr\/projetcroixrouge\/wp-json\/wp\/v2\/users\/19"}],"replies":[{"embeddable":true,"href":"https:\/\/blogs.univ-jfc.fr\/projetcroixrouge\/wp-json\/wp\/v2\/comments?post=1045"}],"version-history":[{"count":8,"href":"https:\/\/blogs.univ-jfc.fr\/projetcroixrouge\/wp-json\/wp\/v2\/pages\/1045\/revisions"}],"predecessor-version":[{"id":3227,"href":"https:\/\/blogs.univ-jfc.fr\/projetcroixrouge\/wp-json\/wp\/v2\/pages\/1045\/revisions\/3227"}],"wp:attachment":[{"href":"https:\/\/blogs.univ-jfc.fr\/projetcroixrouge\/wp-json\/wp\/v2\/media?parent=1045"}],"curies":[{"name":"wp","href":"https:\/\/api.w.org\/{rel}","templated":true}]}}