{"id":108,"date":"2015-01-05T12:08:47","date_gmt":"2015-01-05T11:08:47","guid":{"rendered":"http:\/\/blogs.univ-jfc.fr\/projetcroixrouge\/?page_id=108"},"modified":"2015-03-26T10:13:03","modified_gmt":"2015-03-26T09:13:03","slug":"une-pionniere-de-laction-humanitaire","status":"publish","type":"page","link":"https:\/\/blogs.univ-jfc.fr\/projetcroixrouge\/la-croix-rouge-et-le-monde\/une-pionniere-de-laction-humanitaire\/","title":{"rendered":"Une pionni\u00e8re de l&rsquo;action humanitaire"},"content":{"rendered":"<p align=\"justify\"><span style=\"font-family: Arial,serif\"><span style=\"font-size: medium\">La bataille de Solferino est l\u2019\u00e9l\u00e9ment <\/span><\/span><a href=\"http:\/\/blogs.univ-jfc.fr\/projetcroixrouge\/wp-content\/uploads\/sites\/40\/2015\/03\/Bataille-Solferino.jpg\"><img loading=\"lazy\" class=\" wp-image-708 alignleft\" title=\"Prise de Solferino, 24 juin 1859, par Carlo Bossoli\" alt=\"\" src=\"http:\/\/blogs.univ-jfc.fr\/projetcroixrouge\/wp-content\/uploads\/sites\/40\/2015\/03\/Bataille-Solferino-300x193.jpg\" width=\"238\" height=\"153\" srcset=\"https:\/\/blogs.univ-jfc.fr\/projetcroixrouge\/wp-content\/uploads\/sites\/40\/2015\/03\/Bataille-Solferino-300x193.jpg 300w, https:\/\/blogs.univ-jfc.fr\/projetcroixrouge\/wp-content\/uploads\/sites\/40\/2015\/03\/Bataille-Solferino-1024x662.jpg 1024w, https:\/\/blogs.univ-jfc.fr\/projetcroixrouge\/wp-content\/uploads\/sites\/40\/2015\/03\/Bataille-Solferino.jpg 2048w\" sizes=\"(max-width: 238px) 100vw, 238px\" \/><\/a><span style=\"font-family: Arial,serif\"><span style=\"font-size: medium\">d\u00e9clencheur qui permet la naissance de <\/span><\/span><a title=\"Les pr\u00e9mices d\u2019une action humanitaire organis\u00e9e\" href=\"http:\/\/blogs.univ-jfc.fr\/projetcroixrouge\/la-croix-rouge-et-le-monde\/une-pionniere-de-laction-humanitaire\/les-premices-dune-action-humanitaire-organisee\/\"><span style=\"font-family: Arial,serif;color: #ff0000\"><span style=\"font-size: medium\">l\u2019action humanitaire organis\u00e9e<\/span><\/span><\/a><span style=\"font-family: Arial,serif\"><span style=\"font-size: medium\">. Avec la multiplication des guerres de grande envergure sur terre mais aussi sur mer, et la modernisation de l\u2019armement, de nouveaux besoins apparaissent. La Croix-Rouge s\u2019institutionnalise, mettant ainsi en place un mouvement \u00e0 port\u00e9e universelle.<\/span><\/span><\/p>\n<p align=\"justify\"><span style=\"color: #ffffff\">0<\/span><\/p>\n<p align=\"justify\"><span style=\"font-family: Arial,serif\"><span style=\"font-size: medium\"><a href=\"http:\/\/blogs.univ-jfc.fr\/projetcroixrouge\/wp-content\/uploads\/sites\/40\/2015\/03\/Aide-humanitaire.jpg\"><img loading=\"lazy\" class=\" wp-image-738 alignright\" title=\"La Croix-Rouge luxembourgeoise aux Philippines, 2012\" alt=\"\" src=\"http:\/\/blogs.univ-jfc.fr\/projetcroixrouge\/wp-content\/uploads\/sites\/40\/2015\/03\/Aide-humanitaire-300x200.jpg\" width=\"240\" height=\"160\" srcset=\"https:\/\/blogs.univ-jfc.fr\/projetcroixrouge\/wp-content\/uploads\/sites\/40\/2015\/03\/Aide-humanitaire-300x200.jpg 300w, https:\/\/blogs.univ-jfc.fr\/projetcroixrouge\/wp-content\/uploads\/sites\/40\/2015\/03\/Aide-humanitaire-1024x682.jpg 1024w\" sizes=\"(max-width: 240px) 100vw, 240px\" \/><\/a><\/span><\/span><\/p>\n<p align=\"justify\"><span style=\"font-family: Arial,serif\"><span style=\"font-size: medium\">Dans <\/span><\/span><a title=\"La Croix-Rouge dans un monde humanitaire globalis\u00e9\" href=\"http:\/\/blogs.univ-jfc.fr\/projetcroixrouge\/la-croix-rouge-et-le-monde\/une-pionniere-de-laction-humanitaire\/la-croix-rouge-dans-un-monde-humanitaire-globalise\/\"><span style=\"font-family: Arial,serif;color: #ff0000\"><span style=\"font-size: medium\">un monde humanitaire aujourd\u2019hui globalis\u00e9<\/span><\/span><\/a><span style=\"font-family: Arial,serif\"><span style=\"font-size: medium\">, <\/span><\/span><span style=\"font-family: Arial,serif\"><span style=\"font-size: medium\">dans lequel le nombre d\u2019ONG est <\/span><\/span><span style=\"font-family: Arial,serif\"><span style=\"font-size: medium\">en <\/span><\/span><span style=\"font-family: Arial,serif\"><span style=\"font-size: medium\">constante <\/span><\/span><span style=\"font-family: Arial,serif\"><span style=\"font-size: medium\">augmentation, la Croix-Rouge se remet en question. Elle intensifie alors ses actions locales tout en \u00e9largissant ses champs d\u2019actions \u00e0 l\u2019international.<\/span><\/span><\/p>\n<p align=\"justify\"><span style=\"color: #ffffff\">0<\/span><\/p>\n<p align=\"justify\"><span style=\"color: #ffffff\">0<\/span><\/p>\n<p style=\"text-align: center\" align=\"justify\"><span style=\"font-family: Arial,serif\"><span style=\"font-size: medium\"><strong>R\u00e9dacteurs :<\/strong> Lola Lavit, Quentin Boudinot, Baptiste Gladin<\/span><\/span><\/p>\n","protected":false},"excerpt":{"rendered":"<p>La bataille de Solferino est l\u2019\u00e9l\u00e9ment d\u00e9clencheur qui permet la naissance de l\u2019action humanitaire organis\u00e9e. Avec la multiplication des guerres de grande envergure sur terre mais aussi sur mer, et la modernisation de l\u2019armement, de nouveaux besoins apparaissent. La Croix-Rouge s\u2019institutionnalise, mettant ainsi en place un mouvement \u00e0 port\u00e9e universelle. 0 Dans un monde humanitaire &hellip; <a href=\"https:\/\/blogs.univ-jfc.fr\/projetcroixrouge\/la-croix-rouge-et-le-monde\/une-pionniere-de-laction-humanitaire\/\" class=\"more-link\">Continuer la lecture de <span class=\"screen-reader-text\">Une pionni\u00e8re de l&rsquo;action humanitaire<\/span> <span class=\"meta-nav\">&rarr;<\/span><\/a><\/p>\n","protected":false},"author":15,"featured_media":0,"parent":12,"menu_order":1,"comment_status":"closed","ping_status":"open","template":"","meta":[],"_links":{"self":[{"href":"https:\/\/blogs.univ-jfc.fr\/projetcroixrouge\/wp-json\/wp\/v2\/pages\/108"}],"collection":[{"href":"https:\/\/blogs.univ-jfc.fr\/projetcroixrouge\/wp-json\/wp\/v2\/pages"}],"about":[{"href":"https:\/\/blogs.univ-jfc.fr\/projetcroixrouge\/wp-json\/wp\/v2\/types\/page"}],"author":[{"embeddable":true,"href":"https:\/\/blogs.univ-jfc.fr\/projetcroixrouge\/wp-json\/wp\/v2\/users\/15"}],"replies":[{"embeddable":true,"href":"https:\/\/blogs.univ-jfc.fr\/projetcroixrouge\/wp-json\/wp\/v2\/comments?post=108"}],"version-history":[{"count":14,"href":"https:\/\/blogs.univ-jfc.fr\/projetcroixrouge\/wp-json\/wp\/v2\/pages\/108\/revisions"}],"predecessor-version":[{"id":3416,"href":"https:\/\/blogs.univ-jfc.fr\/projetcroixrouge\/wp-json\/wp\/v2\/pages\/108\/revisions\/3416"}],"up":[{"embeddable":true,"href":"https:\/\/blogs.univ-jfc.fr\/projetcroixrouge\/wp-json\/wp\/v2\/pages\/12"}],"wp:attachment":[{"href":"https:\/\/blogs.univ-jfc.fr\/projetcroixrouge\/wp-json\/wp\/v2\/media?parent=108"}],"curies":[{"name":"wp","href":"https:\/\/api.w.org\/{rel}","templated":true}]}}