{"id":110,"date":"2015-01-05T12:09:25","date_gmt":"2015-01-05T11:09:25","guid":{"rendered":"http:\/\/blogs.univ-jfc.fr\/projetcroixrouge\/?page_id=110"},"modified":"2015-04-12T10:16:58","modified_gmt":"2015-04-12T09:16:58","slug":"lhumanitaire-en-actions","status":"publish","type":"page","link":"https:\/\/blogs.univ-jfc.fr\/projetcroixrouge\/la-croix-rouge-et-le-monde\/lhumanitaire-en-actions\/","title":{"rendered":"L&rsquo;humanitaire en action(s) : l&rsquo;action internationale de la Croix-Rouge fran\u00e7aise depuis 1945"},"content":{"rendered":"<p>&nbsp;<\/p>\n<p>&nbsp;<\/p>\n<p style=\"text-align: justify\" align=\"JUSTIFY\"><span style=\"font-family: Arial, sans-serif\"><span style=\"font-size: medium\">Depuis 1945, le monde est travers\u00e9 par de nombreuse crises, qu&rsquo;elles soient nationales ou internationales, et qui se rattachent \u00e0 diff\u00e9rents domaines\u00a0: conflits, catastrophes naturelles \u00e0 \u00e9chelle nationale ou internationale, \u00e9pid\u00e9mies et famines. Le monde a en effet connu de nombreuses crises humanitaires, durant lesquelles les populations expos\u00e9es ont pu compter sur l&rsquo;aide de la Croix-Rouge fran\u00e7aise. Nous pouvons noter de fa\u00e7on non exhaustive ces exemples r\u00e9cents : les conflits en Asie du Sud-Est, les \u00e9v\u00e8nements du Kosovo, le conflit en Irak, diff\u00e9rents s\u00e9ismes en Afrique du Nord et en Iran, ainsi que les inondations en Ha\u00efti. Plus r\u00e9cemment encore la Croix-Rouge fran\u00e7aise a d\u00fb intervenir dans d&rsquo;autres lieux eux aussi touch\u00e9s par des crises humanitaires diverses.<\/span><\/span><\/p>\n<p style=\"text-align: justify\" align=\"JUSTIFY\"><span style=\"font-family: Arial, sans-serif\"><span style=\"font-size: medium\">L&rsquo;action humanitaire a pour but de soutenir les populations en cas de conflit, \u00e9pid\u00e9mie et catastrophes naturelles. Elle consiste en l&rsquo;envoi de ressources (nourriture, mat\u00e9riel, personnels, m\u00e9dicaments,&#8230;) qui font d\u00e9faut dans une zone touch\u00e9e par une crise. Cependant nous allons pouvoir observer que les modes d&rsquo;actions de la Croix-Rouge fran\u00e7aise ont beaucoup \u00e9volu\u00e9 de la reconstruction de 1945 \u00e0 l&rsquo;action humanitaire actuelle en passant par les conflit de d\u00e9colonisation au coeur de la guerre froide.<\/span><\/span><\/p>\n<figure id=\"attachment_3178\" aria-describedby=\"caption-attachment-3178\" style=\"width: 300px\" class=\"wp-caption alignleft\"><a href=\"http:\/\/blogs.univ-jfc.fr\/projetcroixrouge\/wp-content\/uploads\/sites\/40\/2015\/01\/Consultation-au-Pakistan_slideshow.jpg\"><img loading=\"lazy\" class=\"size-medium wp-image-3178   \" title=\"Action de pr\u00e9vention dans le cadre d'une action humanitaire de la Croix-Rouge fran\u00e7aise (croix-rouge.fr)\" alt=\"\" src=\"http:\/\/blogs.univ-jfc.fr\/projetcroixrouge\/wp-content\/uploads\/sites\/40\/2015\/01\/Consultation-au-Pakistan_slideshow-300x189.jpg\" width=\"300\" height=\"189\" srcset=\"https:\/\/blogs.univ-jfc.fr\/projetcroixrouge\/wp-content\/uploads\/sites\/40\/2015\/01\/Consultation-au-Pakistan_slideshow-300x189.jpg 300w, https:\/\/blogs.univ-jfc.fr\/projetcroixrouge\/wp-content\/uploads\/sites\/40\/2015\/01\/Consultation-au-Pakistan_slideshow.jpg 782w\" sizes=\"(max-width: 300px) 100vw, 300px\" \/><\/a><figcaption id=\"caption-attachment-3178\" class=\"wp-caption-text\">Consultation au Pakistan<\/figcaption><\/figure>\n<p style=\"text-align: justify\" align=\"JUSTIFY\"><span style=\"font-family: Arial, sans-serif\"><span style=\"font-size: medium\">Il existe cependant des principes qui resteront inchang\u00e9s, ind\u00e9pendance, serviabilit\u00e9, appel \u00e0 la g\u00e9n\u00e9rosit\u00e9, particuli\u00e8rement dans un pays riche comme la France qui poss\u00e8de ainsi un certain potentiel pour soutenir les actions \u00e0 but humanitaire \u00e0 l&rsquo;\u00e9tranger. <\/span><\/span><\/p>\n<p style=\"text-align: justify\" align=\"JUSTIFY\"><span style=\"font-family: Arial, sans-serif\"><span style=\"font-size: medium\">L&rsquo;\u00e9tude des actions internationales de la Croix-Rouge fran\u00e7aise peut faire apparaitre certaines questions : nous allons pour notre part nous demander quelles ont \u00e9t\u00e9 ces actions, leur d\u00e9roulement et leur int\u00e9r\u00eat quant \u00e0 l&rsquo;\u00e9volution de cette organisation. Nous tenterons d&rsquo;exposer cela tout d&rsquo;abord en observant <\/span><\/span><span style=\"font-family: Arial, sans-serif\"><span style=\"font-size: medium\"><a title=\"La Croix-Rouge fran\u00e7aise durant la d\u00e9colonisation\" href=\"http:\/\/blogs.univ-jfc.fr\/projetcroixrouge\/la-croix-rouge-et-le-monde\/lhumanitaire-en-actions\/la-croix-rouge-francaise-durant-la-decolonisation\/\">les actions durant la p\u00e9riode de d\u00e9colonisatio<\/a>n<\/span><\/span><span style=\"font-family: Arial, sans-serif;font-size: medium;line-height: 1.5\">, puis nous analyserons <\/span><a style=\"font-family: Arial, sans-serif;font-size: medium;line-height: 1.5\" title=\"La Croix-Rouge fran\u00e7aise apr\u00e8s la d\u00e9colonisation\" href=\"http:\/\/blogs.univ-jfc.fr\/projetcroixrouge\/la-croix-rouge-et-le-monde\/lhumanitaire-en-actions\/la-croix-rouge-francaise-apres-la-decolonisation\/\">certaines interventions qui ont eu lieu dans un contexte de post-d\u00e9colonisation<\/a><span style=\"font-family: Arial, sans-serif;font-size: medium;line-height: 1.5\">. Enfin nous expliquerons <a title=\"Le fonctionnement actuel des actions internationales de la Croix-Rouge fran\u00e7aise\" href=\"http:\/\/blogs.univ-jfc.fr\/projetcroixrouge\/la-croix-rouge-et-le-monde\/lhumanitaire-en-actions\/le-fonctionnement-actuel-des-actions-internationales-de-la-croix-rouge-francaise\/\">le fonctionnement et les actions actuelles de la Croix-Rouge fran\u00e7aise.<\/a><\/span><\/p>\n","protected":false},"excerpt":{"rendered":"<p>&nbsp; &nbsp; Depuis 1945, le monde est travers\u00e9 par de nombreuse crises, qu&rsquo;elles soient nationales ou internationales, et qui se rattachent \u00e0 diff\u00e9rents domaines\u00a0: conflits, catastrophes naturelles \u00e0 \u00e9chelle nationale ou internationale, \u00e9pid\u00e9mies et famines. Le monde a en effet connu de nombreuses crises humanitaires, durant lesquelles les populations expos\u00e9es ont pu compter sur l&rsquo;aide &hellip; <a href=\"https:\/\/blogs.univ-jfc.fr\/projetcroixrouge\/la-croix-rouge-et-le-monde\/lhumanitaire-en-actions\/\" class=\"more-link\">Continuer la lecture de <span class=\"screen-reader-text\">L&rsquo;humanitaire en action(s) : l&rsquo;action internationale de la Croix-Rouge fran\u00e7aise depuis 1945<\/span> <span class=\"meta-nav\">&rarr;<\/span><\/a><\/p>\n","protected":false},"author":15,"featured_media":0,"parent":12,"menu_order":2,"comment_status":"closed","ping_status":"open","template":"","meta":[],"_links":{"self":[{"href":"https:\/\/blogs.univ-jfc.fr\/projetcroixrouge\/wp-json\/wp\/v2\/pages\/110"}],"collection":[{"href":"https:\/\/blogs.univ-jfc.fr\/projetcroixrouge\/wp-json\/wp\/v2\/pages"}],"about":[{"href":"https:\/\/blogs.univ-jfc.fr\/projetcroixrouge\/wp-json\/wp\/v2\/types\/page"}],"author":[{"embeddable":true,"href":"https:\/\/blogs.univ-jfc.fr\/projetcroixrouge\/wp-json\/wp\/v2\/users\/15"}],"replies":[{"embeddable":true,"href":"https:\/\/blogs.univ-jfc.fr\/projetcroixrouge\/wp-json\/wp\/v2\/comments?post=110"}],"version-history":[{"count":13,"href":"https:\/\/blogs.univ-jfc.fr\/projetcroixrouge\/wp-json\/wp\/v2\/pages\/110\/revisions"}],"predecessor-version":[{"id":3927,"href":"https:\/\/blogs.univ-jfc.fr\/projetcroixrouge\/wp-json\/wp\/v2\/pages\/110\/revisions\/3927"}],"up":[{"embeddable":true,"href":"https:\/\/blogs.univ-jfc.fr\/projetcroixrouge\/wp-json\/wp\/v2\/pages\/12"}],"wp:attachment":[{"href":"https:\/\/blogs.univ-jfc.fr\/projetcroixrouge\/wp-json\/wp\/v2\/media?parent=110"}],"curies":[{"name":"wp","href":"https:\/\/api.w.org\/{rel}","templated":true}]}}