{"id":1108,"date":"2015-03-09T11:38:33","date_gmt":"2015-03-09T10:38:33","guid":{"rendered":"http:\/\/blogs.univ-jfc.fr\/projetcroixrouge\/?page_id=1108"},"modified":"2015-04-04T08:48:27","modified_gmt":"2015-04-04T07:48:27","slug":"henry-dunant-introduction","status":"publish","type":"page","link":"https:\/\/blogs.univ-jfc.fr\/projetcroixrouge\/risque-urgence-guerre\/henry-dunant-introduction\/","title":{"rendered":"Henry Dunant"},"content":{"rendered":"<figure id=\"attachment_1110\" aria-describedby=\"caption-attachment-1110\" style=\"width: 119px\" class=\"wp-caption alignleft\"><a href=\"http:\/\/blogs.univ-jfc.fr\/projetcroixrouge\/wp-content\/uploads\/sites\/40\/2015\/03\/portrait-Henry-Dunant.jpg\"><img loading=\"lazy\" class=\" wp-image-1110 \" title=\" Henry Dunant , vers 1860\" alt=\"\" src=\"http:\/\/blogs.univ-jfc.fr\/projetcroixrouge\/wp-content\/uploads\/sites\/40\/2015\/03\/portrait-Henry-Dunant-214x300.jpg\" width=\"119\" height=\"166\" srcset=\"https:\/\/blogs.univ-jfc.fr\/projetcroixrouge\/wp-content\/uploads\/sites\/40\/2015\/03\/portrait-Henry-Dunant-214x300.jpg 214w, https:\/\/blogs.univ-jfc.fr\/projetcroixrouge\/wp-content\/uploads\/sites\/40\/2015\/03\/portrait-Henry-Dunant.jpg 220w\" sizes=\"(max-width: 119px) 100vw, 119px\" \/><\/a><figcaption id=\"caption-attachment-1110\" class=\"wp-caption-text\">Henry Dunant\u00a0 vers 1860<\/figcaption><\/figure>\n<p align=\"LEFT\"><span style=\"font-family: Arial, sans-serif\"><span><span style=\"font-size: large\">\u00a0 \u00a0 \u00a0 \u00a0<\/span><\/span><\/span><\/p>\n<p style=\"text-align: justify\">\u00a0 <span style=\"font-family: Arial,sans-serif\"><span style=\"font-size: medium\">C&rsquo;est en 1901, alors sur la fin de sa vie, qu&rsquo;Henry Dunant obtient le premier<a href=\"http:\/\/blogs.univ-jfc.fr\/projetcroixrouge\/risque-urgence-guerre\/henri-dunant\/henry-dunant-introduction\/henry-dunantpremier-prix-nobel-de-la-paix\/\" target=\"_blank\"><span style=\"text-decoration: underline\"> Prix Nobel de la Paix<\/span><\/a>. Et pourtant, qui aurait pu le pr\u00e9dire apr\u00e8s la terrible ann\u00e9e 1867, synonyme de faillite et de d\u00e9ch\u00e9ance pour Dunant ?<br \/>\n<\/span><\/span><\/p>\n<p style=\"text-align: justify\" align=\"LEFT\"><span style=\"font-family: Arial, sans-serif\"><span><span style=\"font-size: large\">\u00a0 \u00a0\u00a0 <\/span><span style=\"font-size: large\"><br \/>\n<\/span><\/span><\/span><\/p>\n<figure id=\"attachment_1109\" aria-describedby=\"caption-attachment-1109\" style=\"width: 87px\" class=\"wp-caption alignright\"><a href=\"http:\/\/blogs.univ-jfc.fr\/projetcroixrouge\/wp-content\/uploads\/sites\/40\/2015\/03\/Croix_Rouge_1188.jpg\"><img loading=\"lazy\" class=\"wp-image-1109  \" alt=\"Timbre d\u00e9di\u00e9 au souvenir de Henry Dunant ( 1828-1910)\" src=\"http:\/\/blogs.univ-jfc.fr\/projetcroixrouge\/wp-content\/uploads\/sites\/40\/2015\/03\/Croix_Rouge_1188.jpg\" width=\"87\" height=\"130\" \/><\/a><figcaption id=\"caption-attachment-1109\" class=\"wp-caption-text\">Henry Dunant sur timbre <span style=\"font-family: Arial, sans-serif\"><span style=\"font-size: large\">\u00a0\u00a0<\/span><\/span><\/figcaption><\/figure>\n<p align=\"LEFT\"><span style=\"font-family: Arial, sans-serif\"><span style=\"font-size: large\">\u00a0<\/span><\/span><\/p>\n<p style=\"text-align: justify\" align=\"LEFT\">\u00a0 \u00a0 \u00a0<span style=\"font-family: Arial,sans-serif\"><span style=\"font-size: medium\">Henry Dunant fut le t\u00e9moin de la bataille de Solf\u00e9rino en 1859; \u00e9v\u00e9nement \u00e0 l&rsquo;origine de <\/span><\/span><a href=\"http:\/\/blogs.univ-jfc.fr\/projetcroixrouge\/risque-urgence-guerre\/henri-dunant\/henry-dunant-introduction\/dunantcombattant-pour-la-paix\/\" target=\"_blank\"><span style=\"font-family: Arial,sans-serif\"><span style=\"font-size: medium\"><span style=\"text-decoration: underline\">son combat pour la Paix<\/span><\/span><\/span><\/a><span style=\"font-family: Arial,sans-serif\"><span style=\"font-size: medium\">. Le livre de Dunant <\/span><\/span><span style=\"font-family: Arial,sans-serif\"><span style=\"font-size: medium\"><i>Un Souvenir de Solf\u00e9rino<\/i><\/span><\/span><span style=\"font-family: Arial,sans-serif\"><span style=\"font-size: medium\"> servit de premi\u00e8re base \u00e0 <\/span><\/span><a href=\"http:\/\/blogs.univ-jfc.fr\/projetcroixrouge\/risque-urgence-guerre\/henri-dunant\/henry-dunant-introduction\/fondation-de-la-croix-rouge\/\" target=\"_blank\"><span style=\"font-family: Arial,sans-serif\"><span style=\"font-size: medium\"><span style=\"text-decoration: underline\">la fondation de la Croix-Rouge<\/span><\/span><\/span><\/a><span style=\"font-family: Arial,sans-serif\"><span style=\"font-size: medium\"> jusqu&rsquo;\u00e0 la signature de la convention de Gen\u00e8ve en 1864 .<\/span><\/span><\/p>\n<p align=\"LEFT\"><span style=\"color: #220e10;font-family: Arial, sans-serif;font-size: large;font-style: italic;line-height: 27px\">\u00a0 \u00a0 \u00a0 \u00a0\u00a0<\/span><\/p>\n<figure id=\"attachment_1111\" aria-describedby=\"caption-attachment-1111\" style=\"width: 147px\" class=\"wp-caption alignleft\"><a href=\"http:\/\/blogs.univ-jfc.fr\/projetcroixrouge\/wp-content\/uploads\/sites\/40\/2015\/03\/buste-de-Henry-Dunant.jpg\"><img loading=\"lazy\" class=\" wp-image-1111  \" alt=\"Buste de Henry Dunant au mus\u00e9e d'Heiden , Suisse .\" src=\"http:\/\/blogs.univ-jfc.fr\/projetcroixrouge\/wp-content\/uploads\/sites\/40\/2015\/03\/buste-de-Henry-Dunant-300x199.jpg\" width=\"147\" height=\"97\" srcset=\"https:\/\/blogs.univ-jfc.fr\/projetcroixrouge\/wp-content\/uploads\/sites\/40\/2015\/03\/buste-de-Henry-Dunant-300x199.jpg 300w, https:\/\/blogs.univ-jfc.fr\/projetcroixrouge\/wp-content\/uploads\/sites\/40\/2015\/03\/buste-de-Henry-Dunant.jpg 800w\" sizes=\"(max-width: 147px) 100vw, 147px\" \/><\/a><figcaption id=\"caption-attachment-1111\" class=\"wp-caption-text\">Buste de Henry Dunant au mus\u00e9e d&rsquo;Heiden, Suisse .<\/figcaption><\/figure>\n<p style=\"text-align: justify\" align=\"LEFT\"><span style=\"font-family: Arial, sans-serif\"><span style=\"font-size: large\">\u00a0<\/span><\/span>\u00a0 \u00a0\u00a0 <span style=\"font-family: Arial,sans-serif\"><span style=\"font-size: medium\">Que reste-t-il de <\/span><\/span><a href=\"http:\/\/blogs.univ-jfc.fr\/projetcroixrouge\/risque-urgence-guerre\/henry-dunant-introduction\/dunant-apres-dunant-2\/\" target=\"_blank\"><span style=\"font-family: Arial,sans-serif\"><span style=\"font-size: medium\"><span style=\"text-decoration: underline\">Dunant apr\u00e8s Dunant <\/span><\/span><\/span><\/a><span style=\"font-family: Arial,sans-serif\"><span style=\"font-size: medium\">? Toutes les valeurs et id\u00e9es d&rsquo;Henry Dunant se retrouvent dans l&rsquo;organisation internationale de la Croix-Rouge : Humanit\u00e9, Impartialit\u00e9 et Neutralit\u00e9 .<\/span><\/span><\/p>\n<p style=\"text-align: justify\" align=\"LEFT\"><span style=\"font-family: Arial, sans-serif\"><span style=\"font-size: large\">\u00a0 <\/span><\/span><span style=\"font-family: Arial, sans-serif\"><span style=\"font-size: large\"><br \/>\n<\/span><\/span><\/p>\n<p style=\"text-align: justify\" align=\"LEFT\">R\u00e9dacteurs: Lapeyre Florian et Domingos Mathieu<\/p>\n","protected":false},"excerpt":{"rendered":"<p>\u00a0 \u00a0 \u00a0 \u00a0 \u00a0 C&rsquo;est en 1901, alors sur la fin de sa vie, qu&rsquo;Henry Dunant obtient le premier Prix Nobel de la Paix. Et pourtant, qui aurait pu le pr\u00e9dire apr\u00e8s la terrible ann\u00e9e 1867, synonyme de faillite et de d\u00e9ch\u00e9ance pour Dunant ? \u00a0 \u00a0\u00a0 \u00a0 \u00a0 \u00a0 \u00a0Henry Dunant fut le &hellip; <a href=\"https:\/\/blogs.univ-jfc.fr\/projetcroixrouge\/risque-urgence-guerre\/henry-dunant-introduction\/\" class=\"more-link\">Continuer la lecture de <span class=\"screen-reader-text\">Henry Dunant<\/span> <span class=\"meta-nav\">&rarr;<\/span><\/a><\/p>\n","protected":false},"author":130,"featured_media":0,"parent":16,"menu_order":0,"comment_status":"closed","ping_status":"open","template":"","meta":[],"_links":{"self":[{"href":"https:\/\/blogs.univ-jfc.fr\/projetcroixrouge\/wp-json\/wp\/v2\/pages\/1108"}],"collection":[{"href":"https:\/\/blogs.univ-jfc.fr\/projetcroixrouge\/wp-json\/wp\/v2\/pages"}],"about":[{"href":"https:\/\/blogs.univ-jfc.fr\/projetcroixrouge\/wp-json\/wp\/v2\/types\/page"}],"author":[{"embeddable":true,"href":"https:\/\/blogs.univ-jfc.fr\/projetcroixrouge\/wp-json\/wp\/v2\/users\/130"}],"replies":[{"embeddable":true,"href":"https:\/\/blogs.univ-jfc.fr\/projetcroixrouge\/wp-json\/wp\/v2\/comments?post=1108"}],"version-history":[{"count":16,"href":"https:\/\/blogs.univ-jfc.fr\/projetcroixrouge\/wp-json\/wp\/v2\/pages\/1108\/revisions"}],"predecessor-version":[{"id":3833,"href":"https:\/\/blogs.univ-jfc.fr\/projetcroixrouge\/wp-json\/wp\/v2\/pages\/1108\/revisions\/3833"}],"up":[{"embeddable":true,"href":"https:\/\/blogs.univ-jfc.fr\/projetcroixrouge\/wp-json\/wp\/v2\/pages\/16"}],"wp:attachment":[{"href":"https:\/\/blogs.univ-jfc.fr\/projetcroixrouge\/wp-json\/wp\/v2\/media?parent=1108"}],"curies":[{"name":"wp","href":"https:\/\/api.w.org\/{rel}","templated":true}]}}