{"id":1130,"date":"2015-03-09T14:35:57","date_gmt":"2015-03-09T13:35:57","guid":{"rendered":"http:\/\/blogs.univ-jfc.fr\/projetcroixrouge\/?page_id=1130"},"modified":"2015-04-04T08:50:42","modified_gmt":"2015-04-04T07:50:42","slug":"henry-dunantpremier-prix-nobel-de-la-paix","status":"publish","type":"page","link":"https:\/\/blogs.univ-jfc.fr\/projetcroixrouge\/risque-urgence-guerre\/henry-dunant-introduction\/henry-dunantpremier-prix-nobel-de-la-paix\/","title":{"rendered":"Henry Dunant,premier Prix Nobel de la Paix"},"content":{"rendered":"<h2 style=\"text-align: center\"><span style=\"font-size: large\">La situation d&rsquo;Henry Dunant <\/span><\/h2>\n<figure id=\"attachment_1132\" aria-describedby=\"caption-attachment-1132\" style=\"width: 212px\" class=\"wp-caption alignright\"><a href=\"http:\/\/blogs.univ-jfc.fr\/projetcroixrouge\/wp-content\/uploads\/sites\/40\/2015\/03\/Henry-Dunant-\u00e0-la-fin-de-sa-vie-..jpg\"><img loading=\"lazy\" class=\"size-medium wp-image-1132  \" alt=\"Henry Dunant \u00e0 la fin de sa vie .\" src=\"http:\/\/blogs.univ-jfc.fr\/projetcroixrouge\/wp-content\/uploads\/sites\/40\/2015\/03\/Henry-Dunant-\u00e0-la-fin-de-sa-vie-.-212x300.jpg\" width=\"212\" height=\"300\" srcset=\"https:\/\/blogs.univ-jfc.fr\/projetcroixrouge\/wp-content\/uploads\/sites\/40\/2015\/03\/Henry-Dunant-\u00e0-la-fin-de-sa-vie-.-212x300.jpg 212w, https:\/\/blogs.univ-jfc.fr\/projetcroixrouge\/wp-content\/uploads\/sites\/40\/2015\/03\/Henry-Dunant-\u00e0-la-fin-de-sa-vie-..jpg 280w\" sizes=\"(max-width: 212px) 100vw, 212px\" \/><\/a><figcaption id=\"caption-attachment-1132\" class=\"wp-caption-text\">Henry Dunant \u00e0 la fin de sa vie<\/figcaption><\/figure>\n<p style=\"text-align: justify\" align=\"JUSTIFY\"><span style=\"font-family: 'Times New Roman', serif\"><span><span style=\"font-family: Arial, sans-serif\"><span style=\"font-size: medium\">\u00a0 \u00a0\u00a0<\/span><\/span><\/span><\/span><span style=\"font-family: 'Times New Roman', serif\"><span style=\"font-family: Arial, sans-serif\"><span style=\"font-size: medium\">Le 25 f\u00e9vrier 1867, le Cr\u00e9dit Genevois, qui avait en grande partie financ\u00e9 son entreprise alg\u00e9rienne est mis en liquidation judiciaire. Cette faillite signifie la fin des activit\u00e9s coloniale de Dunant. Henry Dunant est oblig\u00e9 de rembourser la soci\u00e9t\u00e9, mais, n&rsquo;ayant aucune source financi\u00e8re suffisante, il doit d\u00e8s lors annoncer la faillite de son entreprise. Ce qui va entra\u00eener des demandes de d\u00e9mission du Comit\u00e9 International de la Croix-Rouge \u00e0 partir de l&rsquo;\u00e9t\u00e9 1867, par les membres fondateurs, dont <a title=\"Annexes\" href=\"http:\/\/blogs.univ-jfc.fr\/projetcroixrouge\/risque-urgence-guerre\/henry-dunant-introduction\/annexes\/\" target=\"_blank\">Gustave Moynier<\/a>\u00a0et <a title=\"Annexes\" href=\"http:\/\/blogs.univ-jfc.fr\/projetcroixrouge\/risque-urgence-guerre\/henry-dunant-introduction\/annexes\/\" target=\"_blank\">Th\u00e9odore Maunoir<\/a>. Le 8 septembre 1867, Dunant donne sa d\u00e9mission en tant que secr\u00e9taire et membre du Comit\u00e9.<\/span><\/span><\/span><\/p>\n<p align=\"JUSTIFY\"><span style=\"font-family: 'Times New Roman', serif\"><span><span style=\"font-family: Arial, sans-serif\"><span style=\"font-size: medium\">\u00a0 \u00a0Par la suite, ayant quitt\u00e9 Gen\u00e8ve depuis mai 1867, Henry Dunant se r\u00e9fugie \u00e0 Paris, o\u00f9 il va participer, au nom de la Suisse, \u00e0 la premi\u00e8re Conf\u00e9rence internationale des soci\u00e9t\u00e9s de secours aux bless\u00e9s militaires, en obtenant l&rsquo;appui de l&rsquo;imp\u00e9ratrice Eug\u00e9nie sur la question de la neutralit\u00e9 des marins bless\u00e9s, des navires h\u00f4pitaux et des personnels de secours en mer\u00a0. <\/span><\/span><\/span><\/span><\/p>\n<p align=\"JUSTIFY\"><span style=\"font-family: 'Times New Roman', serif\"><span><span style=\"font-family: Arial, sans-serif\"><span style=\"font-size: medium\">\u00a0 \u00a0Pendant la Guerre franco-allemande de 1870-1871, Dunant intervient aupr\u00e8s du<\/span><\/span><span style=\"font-family: Arial, sans-serif\"> gouvernement fran\u00e7ais pour la prise en charge des bless\u00e9s. <\/span><span style=\"font-family: Arial, sans-serif\"><span style=\"font-size: medium\">Apr\u00e8s ce conflit, Henry Dunant voyage \u00e0 travers l&rsquo;Europe pour promouvoir ses id\u00e9es et valeurs. Il rencontre\u00a0<\/span><\/span><span style=\"font-family: Arial, sans-serif\"><span style=\"font-size: medium\">L\u00e9onie Katsner, qui lui vient en aide financi\u00e8rement, pour alimenter ses projets . <\/span><\/span><\/span><\/span><\/p>\n<p align=\"JUSTIFY\"><span style=\"font-family: Arial, sans-serif\"><span style=\"font-size: medium\">\u00a0 \u00a0 \u00a0En 1872, il est invit\u00e9 par la \u00ab\u00a0Peace Society\u00a0\u00bb, \u00e0 la Conf\u00e9rence de Plymouth, pour parler de son nouveau combat, l&rsquo;arbitrage politique au service de la paix, son combat contre l&rsquo;esclavage, et imaginer une association de femmes au service de la souffrance humaine, qu&rsquo;il souhaite appeler \u00ab\u00a0Croix-Verte\u00a0\u00bb. <\/span><\/span><\/p>\n<p align=\"JUSTIFY\"><span style=\"font-family: Arial, sans-serif\"><span style=\"font-size: medium\">\u00a0 \u00a0 En 1895, le journaliste suisse Georg Baumberger rencontre Henry Dunant et publie l&rsquo;entretien qu&rsquo;il a eu avec lui. Cet article permet au monde de red\u00e9couvrir le cr\u00e9ateur de la Croix-Rouge. En 1901, il re\u00e7oit le premier Prix Nobel de la Paix. Le laur\u00e9at doit \u00eatre une personne ou une organisation qui, selon Alfred Nobel, a \u00ab\u00a0le plus ou le mieux contribu\u00e9 au rapprochement des peuples, \u00e0 la suppression ou \u00e0 la r\u00e9duction des arm\u00e9es permanentes, \u00e0 la r\u00e9union et la propagation des progr\u00e8s pour la paix\u00a0\u00bb. Puis, en 1903, il est fait docteur Honoris Causa de l&rsquo;Universit\u00e9 Heidelberg conjointement avec Gustave Moynier. Henry Dunant s&rsquo;\u00e9teint \u00e0 l&rsquo;h\u00f4pital d&rsquo;Heiden, le 30 octobre 1910, \u00e0 l&rsquo;\u00e2ge de 82 ans.<\/span><\/span><\/p>\n<div>\n<p><a title=\"Bibliographie\" href=\"http:\/\/blogs.univ-jfc.fr\/projetcroixrouge\/bibliographie-2\/\" target=\"_blank\">Pour en savoir plus .<\/a><\/p>\n<\/div>\n","protected":false},"excerpt":{"rendered":"<p>La situation d&rsquo;Henry Dunant \u00a0 \u00a0\u00a0Le 25 f\u00e9vrier 1867, le Cr\u00e9dit Genevois, qui avait en grande partie financ\u00e9 son entreprise alg\u00e9rienne est mis en liquidation judiciaire. Cette faillite signifie la fin des activit\u00e9s coloniale de Dunant. Henry Dunant est oblig\u00e9 de rembourser la soci\u00e9t\u00e9, mais, n&rsquo;ayant aucune source financi\u00e8re suffisante, il doit d\u00e8s lors annoncer &hellip; <a href=\"https:\/\/blogs.univ-jfc.fr\/projetcroixrouge\/risque-urgence-guerre\/henry-dunant-introduction\/henry-dunantpremier-prix-nobel-de-la-paix\/\" class=\"more-link\">Continuer la lecture de <span class=\"screen-reader-text\">Henry Dunant,premier Prix Nobel de la Paix<\/span> <span class=\"meta-nav\">&rarr;<\/span><\/a><\/p>\n","protected":false},"author":130,"featured_media":0,"parent":1108,"menu_order":0,"comment_status":"closed","ping_status":"open","template":"","meta":[],"_links":{"self":[{"href":"https:\/\/blogs.univ-jfc.fr\/projetcroixrouge\/wp-json\/wp\/v2\/pages\/1130"}],"collection":[{"href":"https:\/\/blogs.univ-jfc.fr\/projetcroixrouge\/wp-json\/wp\/v2\/pages"}],"about":[{"href":"https:\/\/blogs.univ-jfc.fr\/projetcroixrouge\/wp-json\/wp\/v2\/types\/page"}],"author":[{"embeddable":true,"href":"https:\/\/blogs.univ-jfc.fr\/projetcroixrouge\/wp-json\/wp\/v2\/users\/130"}],"replies":[{"embeddable":true,"href":"https:\/\/blogs.univ-jfc.fr\/projetcroixrouge\/wp-json\/wp\/v2\/comments?post=1130"}],"version-history":[{"count":12,"href":"https:\/\/blogs.univ-jfc.fr\/projetcroixrouge\/wp-json\/wp\/v2\/pages\/1130\/revisions"}],"predecessor-version":[{"id":3835,"href":"https:\/\/blogs.univ-jfc.fr\/projetcroixrouge\/wp-json\/wp\/v2\/pages\/1130\/revisions\/3835"}],"up":[{"embeddable":true,"href":"https:\/\/blogs.univ-jfc.fr\/projetcroixrouge\/wp-json\/wp\/v2\/pages\/1108"}],"wp:attachment":[{"href":"https:\/\/blogs.univ-jfc.fr\/projetcroixrouge\/wp-json\/wp\/v2\/media?parent=1130"}],"curies":[{"name":"wp","href":"https:\/\/api.w.org\/{rel}","templated":true}]}}