{"id":1143,"date":"2015-03-09T15:05:54","date_gmt":"2015-03-09T14:05:54","guid":{"rendered":"http:\/\/blogs.univ-jfc.fr\/projetcroixrouge\/?page_id=1143"},"modified":"2015-04-04T08:53:05","modified_gmt":"2015-04-04T07:53:05","slug":"dunantcombattant-pour-la-paix","status":"publish","type":"page","link":"https:\/\/blogs.univ-jfc.fr\/projetcroixrouge\/risque-urgence-guerre\/henry-dunant-introduction\/dunantcombattant-pour-la-paix\/","title":{"rendered":"Dunant,combattant pour la paix"},"content":{"rendered":"<h3><span style=\"font-family: 'Times New Roman', serif\"><span style=\"font-size: medium\">\u00a0Aux origines de la Croix-Rouge\u00a0: Solf\u00e9rino .<\/span><\/span><\/h3>\n<p style=\"text-align: justify\" align=\"JUSTIFY\"><span style=\"font-family: 'Times New Roman', serif\"><span><span style=\"font-size: medium\">\u00a0 \u00a0\u00ab\u00a0<\/span><span style=\"font-size: medium\"><i>Le sentiment qu&rsquo;on \u00e9prouve de sa grande insuffisance dans des circonstances si extraordinaires et si solennelles, est une indicible souffrance<\/i><\/span><span style=\"font-size: medium\">\u00a0\u00bb.<\/span><span style=\"font-family: Arial, sans-serif\"><span style=\"font-size: medium\"> Ainsi s&rsquo;est exprim\u00e9 Henry Dunant apr\u00e8s la bataille de Solf\u00e9rino du 24 juin 1859. Dunant est venu \u00e0 Solf\u00e9rino pour y rencontrer l&rsquo;Empereur Napol\u00e9on III, afin de solliciter son aide pour ses affaires alg\u00e9riennes\u00a0: Dunant a besoin d&rsquo;une autorisation pour exploiter une chute d&rsquo;eau .<\/span><\/span><\/span><\/span><\/p>\n<p style=\"text-align: justify\" align=\"JUSTIFY\"><span style=\"font-family: Arial, sans-serif\"><span style=\"font-size: medium\">\u00a0 \u00a0 \u00a0Henry Dunant sera malencontreusement le t\u00e9moin d&rsquo;un atroce spectacle. Dunant vit 320 000 hommes s\u2019entretuer, Fran\u00e7ais et Italiens contre les Autrichiens, dans un affrontement infernal. Au soir de la bataille, 40 000 hommes sont hors de combat. Le lendemain, ce sont des soldats abandonn\u00e9s, baignant dans le sang et la boue, dont l&rsquo;agonie se fait entendre. Les pansements, les m\u00e9dicaments, la nourriture et l&rsquo;eau manquent. L&rsquo;organisation des transports sanitaires est minable .<\/span><\/span><\/p>\n<figure id=\"attachment_1144\" aria-describedby=\"caption-attachment-1144\" style=\"width: 300px\" class=\"wp-caption aligncenter\"><img loading=\"lazy\" class=\"size-medium wp-image-1144 \" title=\" Napol\u00e9on III \u00e0 la bataile de Solf\u00e9rino par Jean-Louis-Ernest Meissonier.Huile sur toile,1864.\" alt=\"\" src=\"http:\/\/blogs.univ-jfc.fr\/projetcroixrouge\/wp-content\/uploads\/sites\/40\/2015\/03\/Napol\u00e9on_III_\u00e0_la_bataille_de_Solf\u00e9rino.-300x175.jpg\" width=\"300\" height=\"175\" srcset=\"https:\/\/blogs.univ-jfc.fr\/projetcroixrouge\/wp-content\/uploads\/sites\/40\/2015\/03\/Napol\u00e9on_III_\u00e0_la_bataille_de_Solf\u00e9rino.-300x175.jpg 300w, https:\/\/blogs.univ-jfc.fr\/projetcroixrouge\/wp-content\/uploads\/sites\/40\/2015\/03\/Napol\u00e9on_III_\u00e0_la_bataille_de_Solf\u00e9rino.-1024x599.jpg 1024w, https:\/\/blogs.univ-jfc.fr\/projetcroixrouge\/wp-content\/uploads\/sites\/40\/2015\/03\/Napol\u00e9on_III_\u00e0_la_bataille_de_Solf\u00e9rino..jpg 1359w\" sizes=\"(max-width: 300px) 100vw, 300px\" \/><figcaption id=\"caption-attachment-1144\" class=\"wp-caption-text\">Napol\u00e9on III \u00e0 la bataille de Solf\u00e9rino par Jean-Louis-Ernest Meissonier. Huile sur toile, 1864.<\/figcaption><\/figure>\n<p align=\"JUSTIFY\"><span style=\"font-family: 'Times New Roman', serif\"><span><span style=\"font-family: Arial, sans-serif\"><span style=\"font-size: medium\">\u00a0 \u00a0Tous les lieux autour de Solf\u00e9rino sont r\u00e9quisitionn\u00e9s : \u00e9glises, couvents et maisons de particuliers sont convertis en Ambulances provisoires. Dunant va \u00e0 Castiglione, o\u00f9 quinze milles lits ont \u00e9t\u00e9 improvis\u00e9s. Les bless\u00e9s arrivent par vagues successives. Le personnel m\u00e9dical est en totale inf\u00e9riorit\u00e9 num\u00e9rique. Dunant r\u00e9unit un certain nombre de femmes du cru pour seconder le personnel soignant , elles donn\u00e8rent \u00e0 manger et \u00e0 boire, pans\u00e8rent les plaies et lav\u00e8rent les corps des bless\u00e9s sans distinction de nationalit\u00e9. Le mot d&rsquo;ordre \u00e9tait alors : \u00ab\u00a0Tutti Fratelli\u00a0\u00bb (tous fr\u00e8res).<\/span><\/span><\/span><\/span><\/p>\n<p align=\"JUSTIFY\"><span style=\"font-family: 'Times New Roman', serif\"><span style=\"font-size: medium\"><span style=\"font-family: Arial, sans-serif\">\u00a0 \u00a0 C&rsquo;est en octobre 1862 que para\u00eet<\/span><a title=\"Annexes\" href=\"http:\/\/blogs.univ-jfc.fr\/projetcroixrouge\/risque-urgence-guerre\/henry-dunant-introduction\/annexes\/\" target=\"_blank\"><i> Un Souvenir de Solf\u00e9rino<\/i><\/a>, <span style=\"font-family: Arial, sans-serif\">le livre de Dunant dont le but est de d\u00e9noncer les horreurs de la guerre et de trouver des solutions durables \u00e0 la prise en charge et au soin des bless\u00e9s. Dunant commence \u00e0 parler de la cr\u00e9ation de \u00ab\u00a0soci\u00e9t\u00e9s de secours\u00a0\u00bb.<\/span><\/span><\/span><\/p>\n<p align=\"JUSTIFY\"><span style=\"font-family: 'Times New Roman', serif\"><span style=\"font-size: medium\"><span style=\"font-family: Arial, sans-serif\">\u00a0 \u00a0 Dunant sait que le respect de l&rsquo;action du\u00a0\u00ab\u00a0Comit\u00e9 international et permanent de secours aux militaires bless\u00e9s en temps de guerre\u00a0\u00bb, doit passer par un accord international et conventionnel<\/span>.<\/span><\/span><\/p>\n<p align=\"JUSTIFY\"><a title=\"Bibliographie\" href=\"http:\/\/blogs.univ-jfc.fr\/projetcroixrouge\/bibliographie-2\/\" target=\"_blank\">Pour en savoir plus .<\/a><\/p>\n","protected":false},"excerpt":{"rendered":"<p>\u00a0Aux origines de la Croix-Rouge\u00a0: Solf\u00e9rino . \u00a0 \u00a0\u00ab\u00a0Le sentiment qu&rsquo;on \u00e9prouve de sa grande insuffisance dans des circonstances si extraordinaires et si solennelles, est une indicible souffrance\u00a0\u00bb. Ainsi s&rsquo;est exprim\u00e9 Henry Dunant apr\u00e8s la bataille de Solf\u00e9rino du 24 juin 1859. Dunant est venu \u00e0 Solf\u00e9rino pour y rencontrer l&rsquo;Empereur Napol\u00e9on III, afin de &hellip; <a href=\"https:\/\/blogs.univ-jfc.fr\/projetcroixrouge\/risque-urgence-guerre\/henry-dunant-introduction\/dunantcombattant-pour-la-paix\/\" class=\"more-link\">Continuer la lecture de <span class=\"screen-reader-text\">Dunant,combattant pour la paix<\/span> <span class=\"meta-nav\">&rarr;<\/span><\/a><\/p>\n","protected":false},"author":130,"featured_media":0,"parent":1108,"menu_order":0,"comment_status":"closed","ping_status":"open","template":"","meta":[],"_links":{"self":[{"href":"https:\/\/blogs.univ-jfc.fr\/projetcroixrouge\/wp-json\/wp\/v2\/pages\/1143"}],"collection":[{"href":"https:\/\/blogs.univ-jfc.fr\/projetcroixrouge\/wp-json\/wp\/v2\/pages"}],"about":[{"href":"https:\/\/blogs.univ-jfc.fr\/projetcroixrouge\/wp-json\/wp\/v2\/types\/page"}],"author":[{"embeddable":true,"href":"https:\/\/blogs.univ-jfc.fr\/projetcroixrouge\/wp-json\/wp\/v2\/users\/130"}],"replies":[{"embeddable":true,"href":"https:\/\/blogs.univ-jfc.fr\/projetcroixrouge\/wp-json\/wp\/v2\/comments?post=1143"}],"version-history":[{"count":13,"href":"https:\/\/blogs.univ-jfc.fr\/projetcroixrouge\/wp-json\/wp\/v2\/pages\/1143\/revisions"}],"predecessor-version":[{"id":3837,"href":"https:\/\/blogs.univ-jfc.fr\/projetcroixrouge\/wp-json\/wp\/v2\/pages\/1143\/revisions\/3837"}],"up":[{"embeddable":true,"href":"https:\/\/blogs.univ-jfc.fr\/projetcroixrouge\/wp-json\/wp\/v2\/pages\/1108"}],"wp:attachment":[{"href":"https:\/\/blogs.univ-jfc.fr\/projetcroixrouge\/wp-json\/wp\/v2\/media?parent=1143"}],"curies":[{"name":"wp","href":"https:\/\/api.w.org\/{rel}","templated":true}]}}