{"id":1154,"date":"2015-03-09T15:47:46","date_gmt":"2015-03-09T14:47:46","guid":{"rendered":"http:\/\/blogs.univ-jfc.fr\/projetcroixrouge\/?page_id=1154"},"modified":"2015-04-04T08:54:34","modified_gmt":"2015-04-04T07:54:34","slug":"fondation-de-la-croix-rouge","status":"publish","type":"page","link":"https:\/\/blogs.univ-jfc.fr\/projetcroixrouge\/risque-urgence-guerre\/henry-dunant-introduction\/fondation-de-la-croix-rouge\/","title":{"rendered":"Fondation de la Croix-Rouge"},"content":{"rendered":"<p style=\"text-align: justify\"><span style=\"font-family: 'Times New Roman', serif\"><span><span style=\"font-family: Arial, sans-serif\"><span style=\"font-size: medium\">\u00a0 \u00a0 \u00a0Le 26 octobre 1863, c&rsquo;est la conf\u00e9rence \u00ab\u00a0pr\u00e9paratoire\u00a0\u00bb internationale de Gen\u00e8ve au palais de l&rsquo;Ath\u00e9n\u00e9e, o\u00f9 quatorze nations sont repr\u00e9sent\u00e9es. Apr\u00e8s trois jours de d\u00e9lib\u00e9ration, sont adopt\u00e9s les points suivants : la cr\u00e9ation d&rsquo;un comit\u00e9 ou d&rsquo;une soci\u00e9t\u00e9 de secours dans chaque pays ; l&rsquo;attribution aux infirmiers volontaires d&rsquo;un signe distinctif identique dans tous les pays &#8211; brassard blanc marqu\u00e9 d&rsquo;une croix-rouge (l&#8217;embl\u00e8me helv\u00e9tique invers\u00e9e en hommage \u00e0 la suisse) ; et la mission pour le comit\u00e9 de Gen\u00e8ve d&rsquo;\u00e9tablir les contacts entre les divers comit\u00e9s nationaux.<\/span><\/span><\/span><\/span><\/p>\n<p style=\"text-align: justify\" align=\"JUSTIFY\"><span style=\"font-family: Arial, sans-serif\"><span style=\"font-size: medium\">\u00a0 \u00a0 \u00a0 Deux autres souhaits sont d\u00e9crits : chaque gouvernement prot\u00e9gera son comit\u00e9 national et les infirmiers volontaires b\u00e9n\u00e9ficieront de la neutralit\u00e9\u00a0: ils ne pourront pas \u00eatre captur\u00e9s comme prisonniers de guerre. Le g\u00e9n\u00e9ral Dufour, grand membre du comit\u00e9, appuie le projet aupr\u00e8s du gouvernement suisse et de l&#8217;empereur Napol\u00e9on III, dont il obtient l&rsquo;accord d&rsquo;une conf\u00e9rence diplomatique \u00e0 Gen\u00e8ve. Cette conf\u00e9rence se d\u00e9roule du 8 au 22 ao\u00fbt 1864, dans le salon de l&rsquo;h\u00f4tel de ville de la R\u00e9publique de Gen\u00e8ve ; seize nations repr\u00e9sent\u00e9es r\u00e9digent <i>la convention de Gen\u00e8ve,<\/i> qui valide les souhaits de la conf\u00e9rence de Gen\u00e8ve, dont le but est d&rsquo;am\u00e9liorer le sort des militaires bless\u00e9s dans les arm\u00e9es en campagne.<\/span><\/span><\/p>\n<figure id=\"attachment_1155\" aria-describedby=\"caption-attachment-1155\" style=\"width: 300px\" class=\"wp-caption aligncenter\"><a href=\"http:\/\/blogs.univ-jfc.fr\/projetcroixrouge\/wp-content\/uploads\/sites\/40\/2015\/03\/signature-de-la-convention-de-geneve.jpg\"><img loading=\"lazy\" class=\"size-medium wp-image-1155 \" alt=\"Signature de la convention de Gen\u00e8ve par Armand Dumaresq, peinture \u00e0 l'huile,1864\" src=\"http:\/\/blogs.univ-jfc.fr\/projetcroixrouge\/wp-content\/uploads\/sites\/40\/2015\/03\/signature-de-la-convention-de-geneve-300x199.jpg\" width=\"300\" height=\"199\" srcset=\"https:\/\/blogs.univ-jfc.fr\/projetcroixrouge\/wp-content\/uploads\/sites\/40\/2015\/03\/signature-de-la-convention-de-geneve-300x199.jpg 300w, https:\/\/blogs.univ-jfc.fr\/projetcroixrouge\/wp-content\/uploads\/sites\/40\/2015\/03\/signature-de-la-convention-de-geneve.jpg 500w\" sizes=\"(max-width: 300px) 100vw, 300px\" \/><\/a><figcaption id=\"caption-attachment-1155\" class=\"wp-caption-text\">Signature de la convention de Gen\u00e8ve par Armand Dumaresq, peinture \u00e0 l&rsquo;huile, 1864.<\/figcaption><\/figure>\n<p align=\"JUSTIFY\"><span style=\"font-family: 'Times New Roman', serif\"><span style=\"font-family: Arial, sans-serif\"><span style=\"font-size: medium\">\u00a0 \u00a0 \u00a0 \u00a0 La convention de Gen\u00e8ve est la garantie d&rsquo;une base l\u00e9gale et solide respect\u00e9e des puissances europ\u00e9ennes : la totale neutralit\u00e9 des lieux sanitaires, du mat\u00e9riel m\u00e9dical et du personnel soignant\u00a0<\/span><\/span><\/span><span style=\"font-family: 'Times New Roman', serif\"><span style=\"font-family: Arial, sans-serif\"><span style=\"font-size: medium\">y est assur\u00e9e. Comme s&rsquo;exprima Dunant<\/span><\/span><span style=\"font-size: medium\"> :\u00a0\u00ab\u00a0<\/span><span style=\"font-size: medium\"><i>Elle ouvre la carri\u00e8re de tout le droit conventionnel de la guerre et aussi de tout le droit humanitaire<\/i><\/span><span style=\"font-size: medium\">\u00a0\u00bb. <\/span><span style=\"font-family: Arial, sans-serif\"><span style=\"font-size: medium\">Ainsi, l&rsquo;Humanit\u00e9, l&rsquo;Impartialit\u00e9 et la Neutralit\u00e9 sont \u00e9galement reconnus par les soignants dans leur d\u00e9vouement \u00e0 l&rsquo;\u00e9gard des bellig\u00e9rants.<\/span><\/span><\/span><\/p>\n<p align=\"JUSTIFY\"><span style=\"font-family: Arial, sans-serif\"><span style=\"font-size: medium\">\u00a0 \u00a0 \u00a0 \u00a0 Toute l&rsquo;utilit\u00e9 de la convention aura l&rsquo;occasion d\u2019\u00eatre illustr\u00e9e d\u00e8s 1866, pendant<a title=\"Annexes\" href=\"http:\/\/blogs.univ-jfc.fr\/projetcroixrouge\/risque-urgence-guerre\/henry-dunant-introduction\/annexes\/\" target=\"_blank\"><span style=\"text-decoration: underline\"> la guerre des Duch\u00e9s<\/span><\/a>, conflit entre la Prusse, l&rsquo;Autriche et l&rsquo;Italie. C&rsquo;est \u00e0 partir de 1875 que le \u00ab\u00a0Comit\u00e9 de secours aux militaires bless\u00e9s en temps de guerre\u00a0\u00bb prendra le nom de \u00ab\u00a0Comit\u00e9 International de la Croix-Rouge\u00a0\u00bb, tel que nous le connaissons aujourd&rsquo;hui.<\/span><\/span><\/p>\n<p align=\"JUSTIFY\"><a title=\"Bibliographie\" href=\"http:\/\/blogs.univ-jfc.fr\/projetcroixrouge\/bibliographie-2\/\" target=\"_blank\">Pour en savoir plus<\/a>.<\/p>\n","protected":false},"excerpt":{"rendered":"<p>\u00a0 \u00a0 \u00a0Le 26 octobre 1863, c&rsquo;est la conf\u00e9rence \u00ab\u00a0pr\u00e9paratoire\u00a0\u00bb internationale de Gen\u00e8ve au palais de l&rsquo;Ath\u00e9n\u00e9e, o\u00f9 quatorze nations sont repr\u00e9sent\u00e9es. Apr\u00e8s trois jours de d\u00e9lib\u00e9ration, sont adopt\u00e9s les points suivants : la cr\u00e9ation d&rsquo;un comit\u00e9 ou d&rsquo;une soci\u00e9t\u00e9 de secours dans chaque pays ; l&rsquo;attribution aux infirmiers volontaires d&rsquo;un signe distinctif identique dans &hellip; <a href=\"https:\/\/blogs.univ-jfc.fr\/projetcroixrouge\/risque-urgence-guerre\/henry-dunant-introduction\/fondation-de-la-croix-rouge\/\" class=\"more-link\">Continuer la lecture de <span class=\"screen-reader-text\">Fondation de la Croix-Rouge<\/span> <span class=\"meta-nav\">&rarr;<\/span><\/a><\/p>\n","protected":false},"author":130,"featured_media":0,"parent":1108,"menu_order":0,"comment_status":"closed","ping_status":"open","template":"","meta":[],"_links":{"self":[{"href":"https:\/\/blogs.univ-jfc.fr\/projetcroixrouge\/wp-json\/wp\/v2\/pages\/1154"}],"collection":[{"href":"https:\/\/blogs.univ-jfc.fr\/projetcroixrouge\/wp-json\/wp\/v2\/pages"}],"about":[{"href":"https:\/\/blogs.univ-jfc.fr\/projetcroixrouge\/wp-json\/wp\/v2\/types\/page"}],"author":[{"embeddable":true,"href":"https:\/\/blogs.univ-jfc.fr\/projetcroixrouge\/wp-json\/wp\/v2\/users\/130"}],"replies":[{"embeddable":true,"href":"https:\/\/blogs.univ-jfc.fr\/projetcroixrouge\/wp-json\/wp\/v2\/comments?post=1154"}],"version-history":[{"count":10,"href":"https:\/\/blogs.univ-jfc.fr\/projetcroixrouge\/wp-json\/wp\/v2\/pages\/1154\/revisions"}],"predecessor-version":[{"id":3838,"href":"https:\/\/blogs.univ-jfc.fr\/projetcroixrouge\/wp-json\/wp\/v2\/pages\/1154\/revisions\/3838"}],"up":[{"embeddable":true,"href":"https:\/\/blogs.univ-jfc.fr\/projetcroixrouge\/wp-json\/wp\/v2\/pages\/1108"}],"wp:attachment":[{"href":"https:\/\/blogs.univ-jfc.fr\/projetcroixrouge\/wp-json\/wp\/v2\/media?parent=1154"}],"curies":[{"name":"wp","href":"https:\/\/api.w.org\/{rel}","templated":true}]}}